{"id":82765,"date":"2026-05-13T18:17:19","date_gmt":"2026-05-13T16:17:19","guid":{"rendered":"https:\/\/www.aflyon.org\/?post_type=product&#038;p=82765"},"modified":"2026-05-13T19:45:22","modified_gmt":"2026-05-13T17:45:22","slug":"la-escapada-paris-lyon","status":"publish","type":"product","link":"https:\/\/www.aflyon.org\/es\/produit\/la-escapada-paris-lyon\/","title":{"rendered":"La escapada Par\u00eds\u2013Lyon"},"content":{"rendered":"<p data-start=\"652\" data-end=\"978\">Descubre una inmersi\u00f3n ling\u00fc\u00edstica \u00fanica entre Par\u00eds y Lyon, que combina el aprendizaje del franc\u00e9s con experiencias culturales aut\u00e9nticas. De Montmartre al Castillo de Versalles, de los talleres de vino y queso a los sabores lyonenses firmados por la Maison Bocuse, vive el idioma en el coraz\u00f3n del patrimonio, la gastronom\u00eda y el arte de vivir franc\u00e9s. Un programa dise\u00f1ado para progresar de forma natural en la expresi\u00f3n oral gracias a situaciones reales y variadas, entre el dinamismo parisino y la elegante calidez de Lyon.<\/p>\n<p><strong>Alojamiento en familia de acojida<\/strong><\/p>\n<p>Doble estancia propuesta por la <a href=\"https:\/\/www.aflyon.org\/es\/\">Alliance Fran\u00e7aise de Lyon<\/a> y por la <a href=\"https:\/\/www.alliancefr.org\/\">Alliance Fran\u00e7aise de Paris<\/a><\/p>\n<p data-start=\"980\" data-end=\"1208\"><strong>Del 17 al 28 de agosto de 2026.<\/strong><\/p>\n","protected":false},"excerpt":{"rendered":"<p>Descubre una inmersi\u00f3n ling\u00fc\u00edstica \u00fanica entre Par\u00eds y Lyon.<\/p>\n","protected":false},"featured_media":82781,"template":"","meta":{"_acf_changed":false},"product_brand":[],"product_cat":[510,577,302,206],"product_tag":[],"class_list":{"0":"post-82765","1":"product","2":"type-product","3":"status-publish","4":"has-post-thumbnail","6":"product_cat-cursos-de-frances-matutinos","7":"product_cat-la-escapada-paris-lyon","8":"product_cat-ensenar-el-frances-como-lengua-extranjera","9":"product_cat-cursos","11":"first","12":"instock","13":"sold-individually","14":"shipping-taxable","15":"purchasable","16":"product-type-variable"},"acf":[],"yoast_head":"<!-- This site is optimized with the Yoast SEO plugin v26.9 - https:\/\/yoast.com\/product\/yoast-seo-wordpress\/ -->\n<title>La escapada Par\u00eds\u2013Lyon: doble estancia en Francia<\/title>\n<meta name=\"description\" content=\"Vive una experiencia ling\u00fc\u00edstica inolvidable entre Par\u00eds y Lyon, que combina clases de franc\u00e9s con una inmersi\u00f3n en la cultura francesa, de Montmartre a la gastronom\u00eda.\" \/>\n<meta name=\"robots\" content=\"index, follow, max-snippet:-1, max-image-preview:large, max-video-preview:-1\" \/>\n<link rel=\"canonical\" href=\"https:\/\/www.aflyon.org\/es\/produit\/la-escapada-paris-lyon\/\" \/>\n<meta property=\"og:locale\" content=\"es_ES\" \/>\n<meta property=\"og:type\" content=\"article\" \/>\n<meta property=\"og:title\" content=\"La escapada Par\u00eds\u2013Lyon: doble estancia en Francia\" \/>\n<meta property=\"og:description\" content=\"Vive una experiencia ling\u00fc\u00edstica inolvidable entre Par\u00eds y Lyon, que combina clases de franc\u00e9s con una inmersi\u00f3n en la cultura francesa, de Montmartre a la gastronom\u00eda.\" \/>\n<meta property=\"og:url\" content=\"https:\/\/www.aflyon.org\/es\/produit\/la-escapada-paris-lyon\/\" \/>\n<meta property=\"og:site_name\" content=\"Alliance Fran\u00e7aise de Lyon\" \/>\n<meta property=\"article:modified_time\" content=\"2026-05-13T17:45:22+00:00\" \/>\n<meta property=\"og:image\" content=\"https:\/\/www.aflyon.org\/app\/uploads\/2026\/05\/Destinations-signature-1-1024x576.png\" \/>\n\t<meta property=\"og:image:width\" content=\"1024\" \/>\n\t<meta property=\"og:image:height\" content=\"576\" \/>\n\t<meta property=\"og:image:type\" content=\"image\/png\" \/>\n<meta name=\"twitter:card\" content=\"summary_large_image\" \/>\n<meta name=\"twitter:label1\" content=\"Est. reading time\" \/>\n\t<meta name=\"twitter:data1\" content=\"5 minutes\" \/>\n<script type=\"application\/ld+json\" class=\"yoast-schema-graph\">{\"@context\":\"https:\/\/schema.org\",\"@graph\":[{\"@type\":\"WebPage\",\"@id\":\"https:\/\/www.aflyon.org\/es\/produit\/la-escapada-paris-lyon\/\",\"url\":\"https:\/\/www.aflyon.org\/es\/produit\/la-escapada-paris-lyon\/\",\"name\":\"La escapada Par\u00eds\u2013Lyon: doble estancia en Francia\",\"isPartOf\":{\"@id\":\"https:\/\/www.aflyon.org\/es\/#website\"},\"primaryImageOfPage\":{\"@id\":\"https:\/\/www.aflyon.org\/es\/produit\/la-escapada-paris-lyon\/#primaryimage\"},\"image\":{\"@id\":\"https:\/\/www.aflyon.org\/es\/produit\/la-escapada-paris-lyon\/#primaryimage\"},\"thumbnailUrl\":\"https:\/\/www.aflyon.org\/app\/uploads\/2026\/05\/Destinations-signature-1.png\",\"datePublished\":\"2026-05-13T16:17:19+00:00\",\"dateModified\":\"2026-05-13T17:45:22+00:00\",\"description\":\"Vive una experiencia ling\u00fc\u00edstica inolvidable entre Par\u00eds y Lyon, que combina clases de franc\u00e9s con una inmersi\u00f3n en la cultura francesa, de Montmartre a la gastronom\u00eda.\",\"breadcrumb\":{\"@id\":\"https:\/\/www.aflyon.org\/es\/produit\/la-escapada-paris-lyon\/#breadcrumb\"},\"inLanguage\":\"es-ES\",\"potentialAction\":[{\"@type\":\"ReadAction\",\"target\":[\"https:\/\/www.aflyon.org\/es\/produit\/la-escapada-paris-lyon\/\"]}]},{\"@type\":\"ImageObject\",\"inLanguage\":\"es-ES\",\"@id\":\"https:\/\/www.aflyon.org\/es\/produit\/la-escapada-paris-lyon\/#primaryimage\",\"url\":\"https:\/\/www.aflyon.org\/app\/uploads\/2026\/05\/Destinations-signature-1.png\",\"contentUrl\":\"https:\/\/www.aflyon.org\/app\/uploads\/2026\/05\/Destinations-signature-1.png\",\"width\":1920,\"height\":1080,\"caption\":\"La escapada Par\u00eds\u2013Lyon: doble estancia en Francia\"},{\"@type\":\"BreadcrumbList\",\"@id\":\"https:\/\/www.aflyon.org\/es\/produit\/la-escapada-paris-lyon\/#breadcrumb\",\"itemListElement\":[{\"@type\":\"ListItem\",\"position\":1,\"name\":\"Inicio\",\"item\":\"https:\/\/www.aflyon.org\/es\/\"},{\"@type\":\"ListItem\",\"position\":2,\"name\":\"Boutique\",\"item\":\"https:\/\/www.aflyon.org\/boutique\/\"},{\"@type\":\"ListItem\",\"position\":3,\"name\":\"La escapada Par\u00eds\u2013Lyon\"}]},{\"@type\":\"WebSite\",\"@id\":\"https:\/\/www.aflyon.org\/es\/#website\",\"url\":\"https:\/\/www.aflyon.org\/es\/\",\"name\":\"Alliance Fran\u00e7aise de Lyon\",\"description\":\"\",\"publisher\":{\"@id\":\"https:\/\/www.aflyon.org\/es\/#organization\"},\"potentialAction\":[{\"@type\":\"SearchAction\",\"target\":{\"@type\":\"EntryPoint\",\"urlTemplate\":\"https:\/\/www.aflyon.org\/es\/?s={search_term_string}\"},\"query-input\":{\"@type\":\"PropertyValueSpecification\",\"valueRequired\":true,\"valueName\":\"search_term_string\"}}],\"inLanguage\":\"es-ES\"},{\"@type\":\"Organization\",\"@id\":\"https:\/\/www.aflyon.org\/es\/#organization\",\"name\":\"Alliance Fran\u00e7aise de Lyon\",\"url\":\"https:\/\/www.aflyon.org\/es\/\",\"logo\":{\"@type\":\"ImageObject\",\"inLanguage\":\"es-ES\",\"@id\":\"https:\/\/www.aflyon.org\/es\/#\/schema\/logo\/image\/\",\"url\":\"https:\/\/www.aflyon.org\/app\/uploads\/2026\/01\/cropped-image001.png\",\"contentUrl\":\"https:\/\/www.aflyon.org\/app\/uploads\/2026\/01\/cropped-image001.png\",\"width\":759,\"height\":513,\"caption\":\"Alliance Fran\u00e7aise de Lyon\"},\"image\":{\"@id\":\"https:\/\/www.aflyon.org\/es\/#\/schema\/logo\/image\/\"}}]}<\/script>\n<!-- \/ Yoast SEO plugin. -->","yoast_head_json":{"title":"La escapada Par\u00eds\u2013Lyon: doble estancia en Francia","description":"Vive una experiencia ling\u00fc\u00edstica inolvidable entre Par\u00eds y Lyon, que combina clases de franc\u00e9s con una inmersi\u00f3n en la cultura francesa, de Montmartre a la gastronom\u00eda.","robots":{"index":"index","follow":"follow","max-snippet":"max-snippet:-1","max-image-preview":"max-image-preview:large","max-video-preview":"max-video-preview:-1"},"canonical":"https:\/\/www.aflyon.org\/es\/produit\/la-escapada-paris-lyon\/","og_locale":"es_ES","og_type":"article","og_title":"La escapada Par\u00eds\u2013Lyon: doble estancia en Francia","og_description":"Vive una experiencia ling\u00fc\u00edstica inolvidable entre Par\u00eds y Lyon, que combina clases de franc\u00e9s con una inmersi\u00f3n en la cultura francesa, de Montmartre a la gastronom\u00eda.","og_url":"https:\/\/www.aflyon.org\/es\/produit\/la-escapada-paris-lyon\/","og_site_name":"Alliance Fran\u00e7aise de Lyon","article_modified_time":"2026-05-13T17:45:22+00:00","og_image":[{"width":1024,"height":576,"url":"https:\/\/www.aflyon.org\/app\/uploads\/2026\/05\/Destinations-signature-1-1024x576.png","type":"image\/png"}],"twitter_card":"summary_large_image","twitter_misc":{"Est. reading time":"5 minutes"},"schema":{"@context":"https:\/\/schema.org","@graph":[{"@type":"WebPage","@id":"https:\/\/www.aflyon.org\/es\/produit\/la-escapada-paris-lyon\/","url":"https:\/\/www.aflyon.org\/es\/produit\/la-escapada-paris-lyon\/","name":"La escapada Par\u00eds\u2013Lyon: doble estancia en Francia","isPartOf":{"@id":"https:\/\/www.aflyon.org\/es\/#website"},"primaryImageOfPage":{"@id":"https:\/\/www.aflyon.org\/es\/produit\/la-escapada-paris-lyon\/#primaryimage"},"image":{"@id":"https:\/\/www.aflyon.org\/es\/produit\/la-escapada-paris-lyon\/#primaryimage"},"thumbnailUrl":"https:\/\/www.aflyon.org\/app\/uploads\/2026\/05\/Destinations-signature-1.png","datePublished":"2026-05-13T16:17:19+00:00","dateModified":"2026-05-13T17:45:22+00:00","description":"Vive una experiencia ling\u00fc\u00edstica inolvidable entre Par\u00eds y Lyon, que combina clases de franc\u00e9s con una inmersi\u00f3n en la cultura francesa, de Montmartre a la gastronom\u00eda.","breadcrumb":{"@id":"https:\/\/www.aflyon.org\/es\/produit\/la-escapada-paris-lyon\/#breadcrumb"},"inLanguage":"es-ES","potentialAction":[{"@type":"ReadAction","target":["https:\/\/www.aflyon.org\/es\/produit\/la-escapada-paris-lyon\/"]}]},{"@type":"ImageObject","inLanguage":"es-ES","@id":"https:\/\/www.aflyon.org\/es\/produit\/la-escapada-paris-lyon\/#primaryimage","url":"https:\/\/www.aflyon.org\/app\/uploads\/2026\/05\/Destinations-signature-1.png","contentUrl":"https:\/\/www.aflyon.org\/app\/uploads\/2026\/05\/Destinations-signature-1.png","width":1920,"height":1080,"caption":"La escapada Par\u00eds\u2013Lyon: doble estancia en Francia"},{"@type":"BreadcrumbList","@id":"https:\/\/www.aflyon.org\/es\/produit\/la-escapada-paris-lyon\/#breadcrumb","itemListElement":[{"@type":"ListItem","position":1,"name":"Inicio","item":"https:\/\/www.aflyon.org\/es\/"},{"@type":"ListItem","position":2,"name":"Boutique","item":"https:\/\/www.aflyon.org\/boutique\/"},{"@type":"ListItem","position":3,"name":"La escapada Par\u00eds\u2013Lyon"}]},{"@type":"WebSite","@id":"https:\/\/www.aflyon.org\/es\/#website","url":"https:\/\/www.aflyon.org\/es\/","name":"Alliance Fran\u00e7aise de Lyon","description":"","publisher":{"@id":"https:\/\/www.aflyon.org\/es\/#organization"},"potentialAction":[{"@type":"SearchAction","target":{"@type":"EntryPoint","urlTemplate":"https:\/\/www.aflyon.org\/es\/?s={search_term_string}"},"query-input":{"@type":"PropertyValueSpecification","valueRequired":true,"valueName":"search_term_string"}}],"inLanguage":"es-ES"},{"@type":"Organization","@id":"https:\/\/www.aflyon.org\/es\/#organization","name":"Alliance Fran\u00e7aise de Lyon","url":"https:\/\/www.aflyon.org\/es\/","logo":{"@type":"ImageObject","inLanguage":"es-ES","@id":"https:\/\/www.aflyon.org\/es\/#\/schema\/logo\/image\/","url":"https:\/\/www.aflyon.org\/app\/uploads\/2026\/01\/cropped-image001.png","contentUrl":"https:\/\/www.aflyon.org\/app\/uploads\/2026\/01\/cropped-image001.png","width":759,"height":513,"caption":"Alliance Fran\u00e7aise de Lyon"},"image":{"@id":"https:\/\/www.aflyon.org\/es\/#\/schema\/logo\/image\/"}}]}},"_links":{"self":[{"href":"https:\/\/www.aflyon.org\/es\/wp-json\/wp\/v2\/product\/82765","targetHints":{"allow":["GET"]}}],"collection":[{"href":"https:\/\/www.aflyon.org\/es\/wp-json\/wp\/v2\/product"}],"about":[{"href":"https:\/\/www.aflyon.org\/es\/wp-json\/wp\/v2\/types\/product"}],"wp:featuredmedia":[{"embeddable":true,"href":"https:\/\/www.aflyon.org\/es\/wp-json\/wp\/v2\/media\/82781"}],"wp:attachment":[{"href":"https:\/\/www.aflyon.org\/es\/wp-json\/wp\/v2\/media?parent=82765"}],"wp:term":[{"taxonomy":"product_brand","embeddable":true,"href":"https:\/\/www.aflyon.org\/es\/wp-json\/wp\/v2\/product_brand?post=82765"},{"taxonomy":"product_cat","embeddable":true,"href":"https:\/\/www.aflyon.org\/es\/wp-json\/wp\/v2\/product_cat?post=82765"},{"taxonomy":"product_tag","embeddable":true,"href":"https:\/\/www.aflyon.org\/es\/wp-json\/wp\/v2\/product_tag?post=82765"}],"curies":[{"name":"wp","href":"https:\/\/api.w.org\/{rel}","templated":true}]}}