{"id":60800,"date":"2026-03-20T15:14:31","date_gmt":"2026-03-20T14:14:31","guid":{"rendered":"https:\/\/www.aflyon.org\/?post_type=product&#038;p=60800"},"modified":"2026-03-31T13:00:32","modified_gmt":"2026-03-31T11:00:32","slug":"clase-particular","status":"publish","type":"product","link":"https:\/\/www.aflyon.org\/es\/produit\/clase-particular\/","title":{"rendered":"Clase particular"},"content":{"rendered":"<p>El curso intensivo de un mes en la Alliance Fran\u00e7aise es la soluci\u00f3n ideal para descubrir el franc\u00e9s en un entorno estimulante, combinando aprendizaje y vida profesional.<\/p>\n<p>Este curso de franc\u00e9s est\u00e1 dirigido a empleados, estudiantes internacionales o profesionales que deseen aprender franc\u00e9s de manera r\u00e1pida y eficaz, siguiendo un ritmo compatible con su trabajo o estudios. El curso intensivo permite una adquisici\u00f3n eficaz de las competencias ling\u00fc\u00edsticas \u00fatiles para la vida cotidiana en Francia.<\/p>\n<p>Durante 32 horas de clase, refuerce sus competencias ling\u00fc\u00edsticas en el coraz\u00f3n de una ciudad cultural e internacional, acompa\u00f1ado por un equipo de profesores franceses, titulados y con experiencia en FLE (franc\u00e9s como lengua extranjera).<\/p>\n","protected":false},"excerpt":{"rendered":"<p>Aprenda franc\u00e9s por la tarde en un curso intensivo<\/p>\n","protected":false},"featured_media":60795,"template":"","meta":{"_acf_changed":false},"product_brand":[],"product_cat":[201,202,203,204,205,215,206,210,214],"product_tag":[],"class_list":{"0":"post-60800","1":"product","2":"type-product","3":"status-publish","4":"has-post-thumbnail","6":"product_cat-frances-nivel-a1","7":"product_cat-frances-nivel-a2","8":"product_cat-frances-nivel-b1","9":"product_cat-frances-nivel-b2","10":"product_cat-frances-nivel-c1","11":"product_cat-niveau-a1","12":"product_cat-cursos","13":"product_cat-curso-de-frances-intensivo","14":"product_cat-cursos-presenciales-de-frances","16":"first","17":"instock","18":"sold-individually","19":"shipping-taxable","20":"purchasable","21":"product-type-variable"},"acf":[],"yoast_head":"<!-- This site is optimized with the Yoast SEO plugin v26.7 - https:\/\/yoast.com\/wordpress\/plugins\/seo\/ -->\n<title>Clase particular - Alliance Fran\u00e7aise de Lyon<\/title>\n<meta name=\"description\" content=\"\u00a1Descubra el franc\u00e9s en un mes en la Alliance Fran\u00e7aise! Curso intensivo por la tarde, adaptado a profesionales y estudiantes, que combina aprendizaje y vida cotidiana.\" \/>\n<meta name=\"robots\" content=\"index, follow, max-snippet:-1, max-image-preview:large, max-video-preview:-1\" \/>\n<link rel=\"canonical\" href=\"https:\/\/www.aflyon.org\/es\/produit\/clase-particular\/\" \/>\n<meta property=\"og:locale\" content=\"es_ES\" \/>\n<meta property=\"og:type\" content=\"article\" \/>\n<meta property=\"og:title\" content=\"Clase particular - Alliance Fran\u00e7aise de Lyon\" \/>\n<meta property=\"og:description\" content=\"\u00a1Descubra el franc\u00e9s en un mes en la Alliance Fran\u00e7aise! Curso intensivo por la tarde, adaptado a profesionales y estudiantes, que combina aprendizaje y vida cotidiana.\" \/>\n<meta property=\"og:url\" content=\"https:\/\/www.aflyon.org\/es\/produit\/clase-particular\/\" \/>\n<meta property=\"og:site_name\" content=\"Alliance Fran\u00e7aise de Lyon\" \/>\n<meta property=\"article:modified_time\" content=\"2026-03-31T11:00:32+00:00\" \/>\n<meta property=\"og:image\" content=\"https:\/\/www.aflyon.org\/app\/uploads\/2026\/01\/ptof_Etienne_5_aflyon.jpg\" \/>\n\t<meta property=\"og:image:width\" content=\"2048\" \/>\n\t<meta property=\"og:image:height\" content=\"1356\" \/>\n\t<meta property=\"og:image:type\" content=\"image\/jpeg\" \/>\n<meta name=\"twitter:card\" content=\"summary_large_image\" \/>\n<meta name=\"twitter:label1\" content=\"Est. reading time\" \/>\n\t<meta name=\"twitter:data1\" content=\"5 minutes\" \/>\n<script type=\"application\/ld+json\" class=\"yoast-schema-graph\">{\"@context\":\"https:\/\/schema.org\",\"@graph\":[{\"@type\":\"WebPage\",\"@id\":\"https:\/\/www.aflyon.org\/es\/produit\/clase-particular\/\",\"url\":\"https:\/\/www.aflyon.org\/es\/produit\/clase-particular\/\",\"name\":\"Clase particular - Alliance Fran\u00e7aise de Lyon\",\"isPartOf\":{\"@id\":\"https:\/\/www.aflyon.org\/es\/#website\"},\"primaryImageOfPage\":{\"@id\":\"https:\/\/www.aflyon.org\/es\/produit\/clase-particular\/#primaryimage\"},\"image\":{\"@id\":\"https:\/\/www.aflyon.org\/es\/produit\/clase-particular\/#primaryimage\"},\"thumbnailUrl\":\"https:\/\/www.aflyon.org\/app\/uploads\/2026\/01\/ptof_Etienne_5_aflyon.jpg\",\"datePublished\":\"2026-03-20T14:14:31+00:00\",\"dateModified\":\"2026-03-31T11:00:32+00:00\",\"description\":\"\u00a1Descubra el franc\u00e9s en un mes en la Alliance Fran\u00e7aise! Curso intensivo por la tarde, adaptado a profesionales y estudiantes, que combina aprendizaje y vida cotidiana.\",\"breadcrumb\":{\"@id\":\"https:\/\/www.aflyon.org\/es\/produit\/clase-particular\/#breadcrumb\"},\"inLanguage\":\"es-ES\",\"potentialAction\":[{\"@type\":\"ReadAction\",\"target\":[\"https:\/\/www.aflyon.org\/es\/produit\/clase-particular\/\"]}]},{\"@type\":\"ImageObject\",\"inLanguage\":\"es-ES\",\"@id\":\"https:\/\/www.aflyon.org\/es\/produit\/clase-particular\/#primaryimage\",\"url\":\"https:\/\/www.aflyon.org\/app\/uploads\/2026\/01\/ptof_Etienne_5_aflyon.jpg\",\"contentUrl\":\"https:\/\/www.aflyon.org\/app\/uploads\/2026\/01\/ptof_Etienne_5_aflyon.jpg\",\"width\":2048,\"height\":1356},{\"@type\":\"BreadcrumbList\",\"@id\":\"https:\/\/www.aflyon.org\/es\/produit\/clase-particular\/#breadcrumb\",\"itemListElement\":[{\"@type\":\"ListItem\",\"position\":1,\"name\":\"Inicio\",\"item\":\"https:\/\/www.aflyon.org\/es\/\"},{\"@type\":\"ListItem\",\"position\":2,\"name\":\"Boutique\",\"item\":\"https:\/\/www.aflyon.org\/boutique\/\"},{\"@type\":\"ListItem\",\"position\":3,\"name\":\"Clase particular\"}]},{\"@type\":\"WebSite\",\"@id\":\"https:\/\/www.aflyon.org\/es\/#website\",\"url\":\"https:\/\/www.aflyon.org\/es\/\",\"name\":\"Alliance Fran\u00e7aise de Lyon\",\"description\":\"\",\"potentialAction\":[{\"@type\":\"SearchAction\",\"target\":{\"@type\":\"EntryPoint\",\"urlTemplate\":\"https:\/\/www.aflyon.org\/es\/?s={search_term_string}\"},\"query-input\":{\"@type\":\"PropertyValueSpecification\",\"valueRequired\":true,\"valueName\":\"search_term_string\"}}],\"inLanguage\":\"es-ES\"}]}<\/script>\n<!-- \/ Yoast SEO plugin. -->","yoast_head_json":{"title":"Clase particular - Alliance Fran\u00e7aise de Lyon","description":"\u00a1Descubra el franc\u00e9s en un mes en la Alliance Fran\u00e7aise! Curso intensivo por la tarde, adaptado a profesionales y estudiantes, que combina aprendizaje y vida cotidiana.","robots":{"index":"index","follow":"follow","max-snippet":"max-snippet:-1","max-image-preview":"max-image-preview:large","max-video-preview":"max-video-preview:-1"},"canonical":"https:\/\/www.aflyon.org\/es\/produit\/clase-particular\/","og_locale":"es_ES","og_type":"article","og_title":"Clase particular - Alliance Fran\u00e7aise de Lyon","og_description":"\u00a1Descubra el franc\u00e9s en un mes en la Alliance Fran\u00e7aise! Curso intensivo por la tarde, adaptado a profesionales y estudiantes, que combina aprendizaje y vida cotidiana.","og_url":"https:\/\/www.aflyon.org\/es\/produit\/clase-particular\/","og_site_name":"Alliance Fran\u00e7aise de Lyon","article_modified_time":"2026-03-31T11:00:32+00:00","og_image":[{"width":2048,"height":1356,"url":"https:\/\/www.aflyon.org\/app\/uploads\/2026\/01\/ptof_Etienne_5_aflyon.jpg","type":"image\/jpeg"}],"twitter_card":"summary_large_image","twitter_misc":{"Est. reading time":"5 minutes"},"schema":{"@context":"https:\/\/schema.org","@graph":[{"@type":"WebPage","@id":"https:\/\/www.aflyon.org\/es\/produit\/clase-particular\/","url":"https:\/\/www.aflyon.org\/es\/produit\/clase-particular\/","name":"Clase particular - Alliance Fran\u00e7aise de Lyon","isPartOf":{"@id":"https:\/\/www.aflyon.org\/es\/#website"},"primaryImageOfPage":{"@id":"https:\/\/www.aflyon.org\/es\/produit\/clase-particular\/#primaryimage"},"image":{"@id":"https:\/\/www.aflyon.org\/es\/produit\/clase-particular\/#primaryimage"},"thumbnailUrl":"https:\/\/www.aflyon.org\/app\/uploads\/2026\/01\/ptof_Etienne_5_aflyon.jpg","datePublished":"2026-03-20T14:14:31+00:00","dateModified":"2026-03-31T11:00:32+00:00","description":"\u00a1Descubra el franc\u00e9s en un mes en la Alliance Fran\u00e7aise! Curso intensivo por la tarde, adaptado a profesionales y estudiantes, que combina aprendizaje y vida cotidiana.","breadcrumb":{"@id":"https:\/\/www.aflyon.org\/es\/produit\/clase-particular\/#breadcrumb"},"inLanguage":"es-ES","potentialAction":[{"@type":"ReadAction","target":["https:\/\/www.aflyon.org\/es\/produit\/clase-particular\/"]}]},{"@type":"ImageObject","inLanguage":"es-ES","@id":"https:\/\/www.aflyon.org\/es\/produit\/clase-particular\/#primaryimage","url":"https:\/\/www.aflyon.org\/app\/uploads\/2026\/01\/ptof_Etienne_5_aflyon.jpg","contentUrl":"https:\/\/www.aflyon.org\/app\/uploads\/2026\/01\/ptof_Etienne_5_aflyon.jpg","width":2048,"height":1356},{"@type":"BreadcrumbList","@id":"https:\/\/www.aflyon.org\/es\/produit\/clase-particular\/#breadcrumb","itemListElement":[{"@type":"ListItem","position":1,"name":"Inicio","item":"https:\/\/www.aflyon.org\/es\/"},{"@type":"ListItem","position":2,"name":"Boutique","item":"https:\/\/www.aflyon.org\/boutique\/"},{"@type":"ListItem","position":3,"name":"Clase particular"}]},{"@type":"WebSite","@id":"https:\/\/www.aflyon.org\/es\/#website","url":"https:\/\/www.aflyon.org\/es\/","name":"Alliance Fran\u00e7aise de Lyon","description":"","potentialAction":[{"@type":"SearchAction","target":{"@type":"EntryPoint","urlTemplate":"https:\/\/www.aflyon.org\/es\/?s={search_term_string}"},"query-input":{"@type":"PropertyValueSpecification","valueRequired":true,"valueName":"search_term_string"}}],"inLanguage":"es-ES"}]}},"_links":{"self":[{"href":"https:\/\/www.aflyon.org\/es\/wp-json\/wp\/v2\/product\/60800","targetHints":{"allow":["GET"]}}],"collection":[{"href":"https:\/\/www.aflyon.org\/es\/wp-json\/wp\/v2\/product"}],"about":[{"href":"https:\/\/www.aflyon.org\/es\/wp-json\/wp\/v2\/types\/product"}],"wp:featuredmedia":[{"embeddable":true,"href":"https:\/\/www.aflyon.org\/es\/wp-json\/wp\/v2\/media\/60795"}],"wp:attachment":[{"href":"https:\/\/www.aflyon.org\/es\/wp-json\/wp\/v2\/media?parent=60800"}],"wp:term":[{"taxonomy":"product_brand","embeddable":true,"href":"https:\/\/www.aflyon.org\/es\/wp-json\/wp\/v2\/product_brand?post=60800"},{"taxonomy":"product_cat","embeddable":true,"href":"https:\/\/www.aflyon.org\/es\/wp-json\/wp\/v2\/product_cat?post=60800"},{"taxonomy":"product_tag","embeddable":true,"href":"https:\/\/www.aflyon.org\/es\/wp-json\/wp\/v2\/product_tag?post=60800"}],"curies":[{"name":"wp","href":"https:\/\/api.w.org\/{rel}","templated":true}]}}