{"id":59678,"date":"2026-03-12T10:04:55","date_gmt":"2026-03-12T09:04:55","guid":{"rendered":"https:\/\/www.aflyon.org\/?post_type=product&#038;p=59678"},"modified":"2026-03-19T14:41:11","modified_gmt":"2026-03-19T13:41:11","slug":"lyon-summer-estudio-en-residencia-hotelera","status":"publish","type":"product","link":"https:\/\/www.aflyon.org\/es\/produit\/lyon-summer-estudio-en-residencia-hotelera\/","title":{"rendered":"Lyon summer &#8211; estudio en residencia hotelera"},"content":{"rendered":"<p>La Alliance Fran\u00e7aise de Lyon ofrece una estancia con un curso en inmersi\u00f3n de dos semanas, ideal para descubrir el franc\u00e9s en un entorno de inmersi\u00f3n total dentro de un marco cultural enriquecedor.<br \/>\nEste curso de franc\u00e9s est\u00e1 dirigido a estudiantes, expatriados, empleados o visitantes que deseen aprender franc\u00e9s de manera r\u00e1pida y eficaz, mientras descubren la cultura de Lyon y franc\u00f3fona.<br \/>\nDurante 40 horas de clase, vivir\u00e1s una aut\u00e9ntica estancia ling\u00fc\u00edstica en Francia, en el coraz\u00f3n de una ciudad cultural e internacional, acompa\u00f1ado por profesores de franc\u00e9s lengua extranjera (FLE) experimentados.<\/p>\n","protected":false},"excerpt":{"rendered":"<p>\u00a1Descubra el franc\u00e9s en inmersi\u00f3n total durante el verano!<\/p>\n","protected":false},"featured_media":59561,"template":"","meta":{"_acf_changed":false},"product_brand":[],"product_cat":[201,202,203,204,205,215,206,418,214],"product_tag":[],"class_list":{"0":"post-59678","1":"product","2":"type-product","3":"status-publish","4":"has-post-thumbnail","6":"product_cat-frances-nivel-a1","7":"product_cat-frances-nivel-a2","8":"product_cat-frances-nivel-b1","9":"product_cat-frances-nivel-b2","10":"product_cat-frances-nivel-c1","11":"product_cat-niveau-a1","12":"product_cat-cursos","13":"product_cat-lyon-summer","14":"product_cat-cursos-presenciales-de-frances","16":"first","17":"instock","18":"sold-individually","19":"shipping-taxable","20":"purchasable","21":"product-type-variable"},"acf":[],"yoast_head":"<!-- This site is optimized with the Yoast SEO plugin v26.7 - https:\/\/yoast.com\/wordpress\/plugins\/seo\/ -->\n<title>Lyon summer - estudio en residencia hotelera - Alliance Fran\u00e7aise de Lyon<\/title>\n<meta name=\"description\" content=\"\u00a1Descubra el franc\u00e9s en inmersi\u00f3n ling\u00fc\u00edstica en la Alliance Fran\u00e7aise de Lyon! \u00a1Un mes de clases para progresar r\u00e1pidamente mientras explora la cultura francesa!\" \/>\n<meta name=\"robots\" content=\"index, follow, max-snippet:-1, max-image-preview:large, max-video-preview:-1\" \/>\n<link rel=\"canonical\" href=\"https:\/\/www.aflyon.org\/es\/produit\/lyon-summer-estudio-en-residencia-hotelera\/\" \/>\n<meta property=\"og:locale\" content=\"es_ES\" \/>\n<meta property=\"og:type\" content=\"article\" \/>\n<meta property=\"og:title\" content=\"Lyon summer - estudio en residencia hotelera - Alliance Fran\u00e7aise de Lyon\" \/>\n<meta property=\"og:description\" content=\"\u00a1Descubra el franc\u00e9s en inmersi\u00f3n ling\u00fc\u00edstica en la Alliance Fran\u00e7aise de Lyon! \u00a1Un mes de clases para progresar r\u00e1pidamente mientras explora la cultura francesa!\" \/>\n<meta property=\"og:url\" content=\"https:\/\/www.aflyon.org\/es\/produit\/lyon-summer-estudio-en-residencia-hotelera\/\" \/>\n<meta property=\"og:site_name\" content=\"Alliance Fran\u00e7aise de Lyon\" \/>\n<meta property=\"article:modified_time\" content=\"2026-03-19T13:41:11+00:00\" \/>\n<meta property=\"og:image\" content=\"https:\/\/www.aflyon.org\/app\/uploads\/2026\/03\/Lyon_summer_fiche_produit.png\" \/>\n\t<meta property=\"og:image:width\" content=\"515\" \/>\n\t<meta property=\"og:image:height\" content=\"466\" \/>\n\t<meta property=\"og:image:type\" content=\"image\/png\" \/>\n<meta name=\"twitter:card\" content=\"summary_large_image\" \/>\n<meta name=\"twitter:label1\" content=\"Est. reading time\" \/>\n\t<meta name=\"twitter:data1\" content=\"5 minutes\" \/>\n<script type=\"application\/ld+json\" class=\"yoast-schema-graph\">{\"@context\":\"https:\/\/schema.org\",\"@graph\":[{\"@type\":\"WebPage\",\"@id\":\"https:\/\/www.aflyon.org\/es\/produit\/lyon-summer-estudio-en-residencia-hotelera\/\",\"url\":\"https:\/\/www.aflyon.org\/es\/produit\/lyon-summer-estudio-en-residencia-hotelera\/\",\"name\":\"Lyon summer - estudio en residencia hotelera - Alliance Fran\u00e7aise de Lyon\",\"isPartOf\":{\"@id\":\"https:\/\/www.aflyon.org\/es\/#website\"},\"primaryImageOfPage\":{\"@id\":\"https:\/\/www.aflyon.org\/es\/produit\/lyon-summer-estudio-en-residencia-hotelera\/#primaryimage\"},\"image\":{\"@id\":\"https:\/\/www.aflyon.org\/es\/produit\/lyon-summer-estudio-en-residencia-hotelera\/#primaryimage\"},\"thumbnailUrl\":\"https:\/\/www.aflyon.org\/app\/uploads\/2026\/03\/Lyon_summer_fiche_produit.png\",\"datePublished\":\"2026-03-12T09:04:55+00:00\",\"dateModified\":\"2026-03-19T13:41:11+00:00\",\"description\":\"\u00a1Descubra el franc\u00e9s en inmersi\u00f3n ling\u00fc\u00edstica en la Alliance Fran\u00e7aise de Lyon! \u00a1Un mes de clases para progresar r\u00e1pidamente mientras explora la cultura francesa!\",\"breadcrumb\":{\"@id\":\"https:\/\/www.aflyon.org\/es\/produit\/lyon-summer-estudio-en-residencia-hotelera\/#breadcrumb\"},\"inLanguage\":\"es-ES\",\"potentialAction\":[{\"@type\":\"ReadAction\",\"target\":[\"https:\/\/www.aflyon.org\/es\/produit\/lyon-summer-estudio-en-residencia-hotelera\/\"]}]},{\"@type\":\"ImageObject\",\"inLanguage\":\"es-ES\",\"@id\":\"https:\/\/www.aflyon.org\/es\/produit\/lyon-summer-estudio-en-residencia-hotelera\/#primaryimage\",\"url\":\"https:\/\/www.aflyon.org\/app\/uploads\/2026\/03\/Lyon_summer_fiche_produit.png\",\"contentUrl\":\"https:\/\/www.aflyon.org\/app\/uploads\/2026\/03\/Lyon_summer_fiche_produit.png\",\"width\":515,\"height\":466},{\"@type\":\"BreadcrumbList\",\"@id\":\"https:\/\/www.aflyon.org\/es\/produit\/lyon-summer-estudio-en-residencia-hotelera\/#breadcrumb\",\"itemListElement\":[{\"@type\":\"ListItem\",\"position\":1,\"name\":\"Inicio\",\"item\":\"https:\/\/www.aflyon.org\/es\/\"},{\"@type\":\"ListItem\",\"position\":2,\"name\":\"Boutique\",\"item\":\"https:\/\/www.aflyon.org\/boutique\/\"},{\"@type\":\"ListItem\",\"position\":3,\"name\":\"Lyon summer &#8211; estudio en residencia hotelera\"}]},{\"@type\":\"WebSite\",\"@id\":\"https:\/\/www.aflyon.org\/es\/#website\",\"url\":\"https:\/\/www.aflyon.org\/es\/\",\"name\":\"Alliance Fran\u00e7aise de Lyon\",\"description\":\"\",\"potentialAction\":[{\"@type\":\"SearchAction\",\"target\":{\"@type\":\"EntryPoint\",\"urlTemplate\":\"https:\/\/www.aflyon.org\/es\/?s={search_term_string}\"},\"query-input\":{\"@type\":\"PropertyValueSpecification\",\"valueRequired\":true,\"valueName\":\"search_term_string\"}}],\"inLanguage\":\"es-ES\"}]}<\/script>\n<!-- \/ Yoast SEO plugin. -->","yoast_head_json":{"title":"Lyon summer - estudio en residencia hotelera - Alliance Fran\u00e7aise de Lyon","description":"\u00a1Descubra el franc\u00e9s en inmersi\u00f3n ling\u00fc\u00edstica en la Alliance Fran\u00e7aise de Lyon! \u00a1Un mes de clases para progresar r\u00e1pidamente mientras explora la cultura francesa!","robots":{"index":"index","follow":"follow","max-snippet":"max-snippet:-1","max-image-preview":"max-image-preview:large","max-video-preview":"max-video-preview:-1"},"canonical":"https:\/\/www.aflyon.org\/es\/produit\/lyon-summer-estudio-en-residencia-hotelera\/","og_locale":"es_ES","og_type":"article","og_title":"Lyon summer - estudio en residencia hotelera - Alliance Fran\u00e7aise de Lyon","og_description":"\u00a1Descubra el franc\u00e9s en inmersi\u00f3n ling\u00fc\u00edstica en la Alliance Fran\u00e7aise de Lyon! \u00a1Un mes de clases para progresar r\u00e1pidamente mientras explora la cultura francesa!","og_url":"https:\/\/www.aflyon.org\/es\/produit\/lyon-summer-estudio-en-residencia-hotelera\/","og_site_name":"Alliance Fran\u00e7aise de Lyon","article_modified_time":"2026-03-19T13:41:11+00:00","og_image":[{"width":515,"height":466,"url":"https:\/\/www.aflyon.org\/app\/uploads\/2026\/03\/Lyon_summer_fiche_produit.png","type":"image\/png"}],"twitter_card":"summary_large_image","twitter_misc":{"Est. reading time":"5 minutes"},"schema":{"@context":"https:\/\/schema.org","@graph":[{"@type":"WebPage","@id":"https:\/\/www.aflyon.org\/es\/produit\/lyon-summer-estudio-en-residencia-hotelera\/","url":"https:\/\/www.aflyon.org\/es\/produit\/lyon-summer-estudio-en-residencia-hotelera\/","name":"Lyon summer - estudio en residencia hotelera - Alliance Fran\u00e7aise de Lyon","isPartOf":{"@id":"https:\/\/www.aflyon.org\/es\/#website"},"primaryImageOfPage":{"@id":"https:\/\/www.aflyon.org\/es\/produit\/lyon-summer-estudio-en-residencia-hotelera\/#primaryimage"},"image":{"@id":"https:\/\/www.aflyon.org\/es\/produit\/lyon-summer-estudio-en-residencia-hotelera\/#primaryimage"},"thumbnailUrl":"https:\/\/www.aflyon.org\/app\/uploads\/2026\/03\/Lyon_summer_fiche_produit.png","datePublished":"2026-03-12T09:04:55+00:00","dateModified":"2026-03-19T13:41:11+00:00","description":"\u00a1Descubra el franc\u00e9s en inmersi\u00f3n ling\u00fc\u00edstica en la Alliance Fran\u00e7aise de Lyon! \u00a1Un mes de clases para progresar r\u00e1pidamente mientras explora la cultura francesa!","breadcrumb":{"@id":"https:\/\/www.aflyon.org\/es\/produit\/lyon-summer-estudio-en-residencia-hotelera\/#breadcrumb"},"inLanguage":"es-ES","potentialAction":[{"@type":"ReadAction","target":["https:\/\/www.aflyon.org\/es\/produit\/lyon-summer-estudio-en-residencia-hotelera\/"]}]},{"@type":"ImageObject","inLanguage":"es-ES","@id":"https:\/\/www.aflyon.org\/es\/produit\/lyon-summer-estudio-en-residencia-hotelera\/#primaryimage","url":"https:\/\/www.aflyon.org\/app\/uploads\/2026\/03\/Lyon_summer_fiche_produit.png","contentUrl":"https:\/\/www.aflyon.org\/app\/uploads\/2026\/03\/Lyon_summer_fiche_produit.png","width":515,"height":466},{"@type":"BreadcrumbList","@id":"https:\/\/www.aflyon.org\/es\/produit\/lyon-summer-estudio-en-residencia-hotelera\/#breadcrumb","itemListElement":[{"@type":"ListItem","position":1,"name":"Inicio","item":"https:\/\/www.aflyon.org\/es\/"},{"@type":"ListItem","position":2,"name":"Boutique","item":"https:\/\/www.aflyon.org\/boutique\/"},{"@type":"ListItem","position":3,"name":"Lyon summer &#8211; estudio en residencia hotelera"}]},{"@type":"WebSite","@id":"https:\/\/www.aflyon.org\/es\/#website","url":"https:\/\/www.aflyon.org\/es\/","name":"Alliance Fran\u00e7aise de Lyon","description":"","potentialAction":[{"@type":"SearchAction","target":{"@type":"EntryPoint","urlTemplate":"https:\/\/www.aflyon.org\/es\/?s={search_term_string}"},"query-input":{"@type":"PropertyValueSpecification","valueRequired":true,"valueName":"search_term_string"}}],"inLanguage":"es-ES"}]}},"_links":{"self":[{"href":"https:\/\/www.aflyon.org\/es\/wp-json\/wp\/v2\/product\/59678","targetHints":{"allow":["GET"]}}],"collection":[{"href":"https:\/\/www.aflyon.org\/es\/wp-json\/wp\/v2\/product"}],"about":[{"href":"https:\/\/www.aflyon.org\/es\/wp-json\/wp\/v2\/types\/product"}],"wp:featuredmedia":[{"embeddable":true,"href":"https:\/\/www.aflyon.org\/es\/wp-json\/wp\/v2\/media\/59561"}],"wp:attachment":[{"href":"https:\/\/www.aflyon.org\/es\/wp-json\/wp\/v2\/media?parent=59678"}],"wp:term":[{"taxonomy":"product_brand","embeddable":true,"href":"https:\/\/www.aflyon.org\/es\/wp-json\/wp\/v2\/product_brand?post=59678"},{"taxonomy":"product_cat","embeddable":true,"href":"https:\/\/www.aflyon.org\/es\/wp-json\/wp\/v2\/product_cat?post=59678"},{"taxonomy":"product_tag","embeddable":true,"href":"https:\/\/www.aflyon.org\/es\/wp-json\/wp\/v2\/product_tag?post=59678"}],"curies":[{"name":"wp","href":"https:\/\/api.w.org\/{rel}","templated":true}]}}