{"id":4105,"date":"2026-02-24T10:18:46","date_gmt":"2026-02-24T09:18:46","guid":{"rendered":"https:\/\/www.aflyon.org\/?post_type=product&#038;p=4105"},"modified":"2026-04-13T17:18:24","modified_gmt":"2026-04-13T15:18:24","slug":"examen-civico","status":"publish","type":"product","link":"https:\/\/www.aflyon.org\/es\/produit\/examen-civico\/","title":{"rendered":"Examen c\u00edvico"},"content":{"rendered":"<p>El examen c\u00edvico es un examen obligatorio para determinados tr\u00e1mites administrativos en Francia, en particular en el marco de una solicitud de naturalizaci\u00f3n, de una tarjeta de residente o de una tarjeta de estancia plurianual. Permite evaluar sus conocimientos sobre los valores de la Rep\u00fablica Francesa, el funcionamiento de las instituciones y los principios fundamentales de la vida en sociedad.<\/p>\n<p>El examen se realiza en ordenador y, gracias a la correcci\u00f3n automatizada, obtendr\u00e1 sus resultados r\u00e1pidamente.<\/p>\n<p>Se le expedir\u00e1 un <strong>certificado oficial<\/strong> en un plazo de <strong>24 a 48 horas<\/strong> tras la realizaci\u00f3n de la prueba, que tendr\u00e1 <strong>validez de por vida<\/strong>.<\/p>\n<p><strong>Importante<\/strong>: Es imprescindible realizar una <strong>preinscripci\u00f3n oficial<\/strong> antes de realizar la prueba en nuestro centro. <strong><a href=\"https:\/\/test-civique.fr\/inscription\/115C95FD7C0274DEE0A126632275647BB33B\">Inscr\u00edbase aqu\u00ed<\/a><\/strong>.<\/p>\n<p>&nbsp;<\/p>\n","protected":false},"excerpt":{"rendered":"<p>Inscribirse en el examen c\u00edvico<\/p>\n","protected":false},"featured_media":4113,"template":"","meta":{"_acf_changed":false},"product_brand":[],"product_cat":[195,325],"product_tag":[],"class_list":{"0":"post-4105","1":"product","2":"type-product","3":"status-publish","4":"has-post-thumbnail","6":"product_cat-centro-de-examenes","7":"product_cat-examen-civico","8":"pa_date-de-debut-21-04-2026-0000","9":"pa_date-de-fin-21-04-2026-0000","11":"first","12":"instock","13":"sold-individually","14":"shipping-taxable","15":"purchasable","16":"product-type-variable"},"acf":[],"yoast_head":"<!-- This site is optimized with the Yoast SEO plugin v26.7 - https:\/\/yoast.com\/wordpress\/plugins\/seo\/ -->\n<title>Examen c\u00edvico - Alliance Fran\u00e7aise de Lyon<\/title>\n<meta name=\"description\" content=\"Realice el examen de ciudadan\u00eda, obligatorio para determinados tr\u00e1mites en Francia. \u00a1Eval\u00fae sus conocimientos y obtenga un certificado oficial tras aprobarlo!\" \/>\n<meta name=\"robots\" content=\"index, follow, max-snippet:-1, max-image-preview:large, max-video-preview:-1\" \/>\n<link rel=\"canonical\" href=\"https:\/\/www.aflyon.org\/es\/produit\/examen-civico\/\" \/>\n<meta property=\"og:locale\" content=\"es_ES\" \/>\n<meta property=\"og:type\" content=\"article\" \/>\n<meta property=\"og:title\" content=\"Examen c\u00edvico - Alliance Fran\u00e7aise de Lyon\" \/>\n<meta property=\"og:description\" content=\"Realice el examen de ciudadan\u00eda, obligatorio para determinados tr\u00e1mites en Francia. \u00a1Eval\u00fae sus conocimientos y obtenga un certificado oficial tras aprobarlo!\" \/>\n<meta property=\"og:url\" content=\"https:\/\/www.aflyon.org\/es\/produit\/examen-civico\/\" \/>\n<meta property=\"og:site_name\" content=\"Alliance Fran\u00e7aise de Lyon\" \/>\n<meta property=\"article:modified_time\" content=\"2026-04-13T15:18:24+00:00\" \/>\n<meta property=\"og:image\" content=\"https:\/\/www.aflyon.org\/app\/uploads\/2026\/02\/test-civique_site_aflyon.png\" \/>\n\t<meta property=\"og:image:width\" content=\"515\" \/>\n\t<meta property=\"og:image:height\" content=\"466\" \/>\n\t<meta property=\"og:image:type\" content=\"image\/png\" \/>\n<meta name=\"twitter:card\" content=\"summary_large_image\" \/>\n<meta name=\"twitter:label1\" content=\"Est. reading time\" \/>\n\t<meta name=\"twitter:data1\" content=\"3 minutes\" \/>\n<script type=\"application\/ld+json\" class=\"yoast-schema-graph\">{\"@context\":\"https:\/\/schema.org\",\"@graph\":[{\"@type\":\"WebPage\",\"@id\":\"https:\/\/www.aflyon.org\/es\/produit\/examen-civico\/\",\"url\":\"https:\/\/www.aflyon.org\/es\/produit\/examen-civico\/\",\"name\":\"Examen c\u00edvico - Alliance Fran\u00e7aise de Lyon\",\"isPartOf\":{\"@id\":\"https:\/\/www.aflyon.org\/es\/#website\"},\"primaryImageOfPage\":{\"@id\":\"https:\/\/www.aflyon.org\/es\/produit\/examen-civico\/#primaryimage\"},\"image\":{\"@id\":\"https:\/\/www.aflyon.org\/es\/produit\/examen-civico\/#primaryimage\"},\"thumbnailUrl\":\"https:\/\/www.aflyon.org\/app\/uploads\/2026\/02\/test-civique_site_aflyon.png\",\"datePublished\":\"2026-02-24T09:18:46+00:00\",\"dateModified\":\"2026-04-13T15:18:24+00:00\",\"description\":\"Realice el examen de ciudadan\u00eda, obligatorio para determinados tr\u00e1mites en Francia. \u00a1Eval\u00fae sus conocimientos y obtenga un certificado oficial tras aprobarlo!\",\"breadcrumb\":{\"@id\":\"https:\/\/www.aflyon.org\/es\/produit\/examen-civico\/#breadcrumb\"},\"inLanguage\":\"es-ES\",\"potentialAction\":[{\"@type\":\"ReadAction\",\"target\":[\"https:\/\/www.aflyon.org\/es\/produit\/examen-civico\/\"]}]},{\"@type\":\"ImageObject\",\"inLanguage\":\"es-ES\",\"@id\":\"https:\/\/www.aflyon.org\/es\/produit\/examen-civico\/#primaryimage\",\"url\":\"https:\/\/www.aflyon.org\/app\/uploads\/2026\/02\/test-civique_site_aflyon.png\",\"contentUrl\":\"https:\/\/www.aflyon.org\/app\/uploads\/2026\/02\/test-civique_site_aflyon.png\",\"width\":515,\"height\":466},{\"@type\":\"BreadcrumbList\",\"@id\":\"https:\/\/www.aflyon.org\/es\/produit\/examen-civico\/#breadcrumb\",\"itemListElement\":[{\"@type\":\"ListItem\",\"position\":1,\"name\":\"Inicio\",\"item\":\"https:\/\/www.aflyon.org\/es\/\"},{\"@type\":\"ListItem\",\"position\":2,\"name\":\"Boutique\",\"item\":\"https:\/\/www.aflyon.org\/boutique\/\"},{\"@type\":\"ListItem\",\"position\":3,\"name\":\"Examen c\u00edvico\"}]},{\"@type\":\"WebSite\",\"@id\":\"https:\/\/www.aflyon.org\/es\/#website\",\"url\":\"https:\/\/www.aflyon.org\/es\/\",\"name\":\"Alliance Fran\u00e7aise de Lyon\",\"description\":\"\",\"potentialAction\":[{\"@type\":\"SearchAction\",\"target\":{\"@type\":\"EntryPoint\",\"urlTemplate\":\"https:\/\/www.aflyon.org\/es\/?s={search_term_string}\"},\"query-input\":{\"@type\":\"PropertyValueSpecification\",\"valueRequired\":true,\"valueName\":\"search_term_string\"}}],\"inLanguage\":\"es-ES\"}]}<\/script>\n<!-- \/ Yoast SEO plugin. -->","yoast_head_json":{"title":"Examen c\u00edvico - Alliance Fran\u00e7aise de Lyon","description":"Realice el examen de ciudadan\u00eda, obligatorio para determinados tr\u00e1mites en Francia. \u00a1Eval\u00fae sus conocimientos y obtenga un certificado oficial tras aprobarlo!","robots":{"index":"index","follow":"follow","max-snippet":"max-snippet:-1","max-image-preview":"max-image-preview:large","max-video-preview":"max-video-preview:-1"},"canonical":"https:\/\/www.aflyon.org\/es\/produit\/examen-civico\/","og_locale":"es_ES","og_type":"article","og_title":"Examen c\u00edvico - Alliance Fran\u00e7aise de Lyon","og_description":"Realice el examen de ciudadan\u00eda, obligatorio para determinados tr\u00e1mites en Francia. \u00a1Eval\u00fae sus conocimientos y obtenga un certificado oficial tras aprobarlo!","og_url":"https:\/\/www.aflyon.org\/es\/produit\/examen-civico\/","og_site_name":"Alliance Fran\u00e7aise de Lyon","article_modified_time":"2026-04-13T15:18:24+00:00","og_image":[{"width":515,"height":466,"url":"https:\/\/www.aflyon.org\/app\/uploads\/2026\/02\/test-civique_site_aflyon.png","type":"image\/png"}],"twitter_card":"summary_large_image","twitter_misc":{"Est. reading time":"3 minutes"},"schema":{"@context":"https:\/\/schema.org","@graph":[{"@type":"WebPage","@id":"https:\/\/www.aflyon.org\/es\/produit\/examen-civico\/","url":"https:\/\/www.aflyon.org\/es\/produit\/examen-civico\/","name":"Examen c\u00edvico - Alliance Fran\u00e7aise de Lyon","isPartOf":{"@id":"https:\/\/www.aflyon.org\/es\/#website"},"primaryImageOfPage":{"@id":"https:\/\/www.aflyon.org\/es\/produit\/examen-civico\/#primaryimage"},"image":{"@id":"https:\/\/www.aflyon.org\/es\/produit\/examen-civico\/#primaryimage"},"thumbnailUrl":"https:\/\/www.aflyon.org\/app\/uploads\/2026\/02\/test-civique_site_aflyon.png","datePublished":"2026-02-24T09:18:46+00:00","dateModified":"2026-04-13T15:18:24+00:00","description":"Realice el examen de ciudadan\u00eda, obligatorio para determinados tr\u00e1mites en Francia. \u00a1Eval\u00fae sus conocimientos y obtenga un certificado oficial tras aprobarlo!","breadcrumb":{"@id":"https:\/\/www.aflyon.org\/es\/produit\/examen-civico\/#breadcrumb"},"inLanguage":"es-ES","potentialAction":[{"@type":"ReadAction","target":["https:\/\/www.aflyon.org\/es\/produit\/examen-civico\/"]}]},{"@type":"ImageObject","inLanguage":"es-ES","@id":"https:\/\/www.aflyon.org\/es\/produit\/examen-civico\/#primaryimage","url":"https:\/\/www.aflyon.org\/app\/uploads\/2026\/02\/test-civique_site_aflyon.png","contentUrl":"https:\/\/www.aflyon.org\/app\/uploads\/2026\/02\/test-civique_site_aflyon.png","width":515,"height":466},{"@type":"BreadcrumbList","@id":"https:\/\/www.aflyon.org\/es\/produit\/examen-civico\/#breadcrumb","itemListElement":[{"@type":"ListItem","position":1,"name":"Inicio","item":"https:\/\/www.aflyon.org\/es\/"},{"@type":"ListItem","position":2,"name":"Boutique","item":"https:\/\/www.aflyon.org\/boutique\/"},{"@type":"ListItem","position":3,"name":"Examen c\u00edvico"}]},{"@type":"WebSite","@id":"https:\/\/www.aflyon.org\/es\/#website","url":"https:\/\/www.aflyon.org\/es\/","name":"Alliance Fran\u00e7aise de Lyon","description":"","potentialAction":[{"@type":"SearchAction","target":{"@type":"EntryPoint","urlTemplate":"https:\/\/www.aflyon.org\/es\/?s={search_term_string}"},"query-input":{"@type":"PropertyValueSpecification","valueRequired":true,"valueName":"search_term_string"}}],"inLanguage":"es-ES"}]}},"_links":{"self":[{"href":"https:\/\/www.aflyon.org\/es\/wp-json\/wp\/v2\/product\/4105","targetHints":{"allow":["GET"]}}],"collection":[{"href":"https:\/\/www.aflyon.org\/es\/wp-json\/wp\/v2\/product"}],"about":[{"href":"https:\/\/www.aflyon.org\/es\/wp-json\/wp\/v2\/types\/product"}],"wp:featuredmedia":[{"embeddable":true,"href":"https:\/\/www.aflyon.org\/es\/wp-json\/wp\/v2\/media\/4113"}],"wp:attachment":[{"href":"https:\/\/www.aflyon.org\/es\/wp-json\/wp\/v2\/media?parent=4105"}],"wp:term":[{"taxonomy":"product_brand","embeddable":true,"href":"https:\/\/www.aflyon.org\/es\/wp-json\/wp\/v2\/product_brand?post=4105"},{"taxonomy":"product_cat","embeddable":true,"href":"https:\/\/www.aflyon.org\/es\/wp-json\/wp\/v2\/product_cat?post=4105"},{"taxonomy":"product_tag","embeddable":true,"href":"https:\/\/www.aflyon.org\/es\/wp-json\/wp\/v2\/product_tag?post=4105"}],"curies":[{"name":"wp","href":"https:\/\/api.w.org\/{rel}","templated":true}]}}