{"id":3708,"date":"2026-01-27T16:00:05","date_gmt":"2026-01-27T15:00:05","guid":{"rendered":"https:\/\/www.aflyon.org\/produit\/rendez-vous-conseil\/"},"modified":"2026-03-24T17:17:19","modified_gmt":"2026-03-24T16:17:19","slug":"cita-de-asesoramiento","status":"publish","type":"product","link":"https:\/\/www.aflyon.org\/es\/produit\/cita-de-asesoramiento\/","title":{"rendered":"Cita de asesoramiento"},"content":{"rendered":"<p>La cita de asesoramiento es una entrevista individual de 30 minutos con nuestro coordinador pedag\u00f3gico.<\/p>\n<p>El objetivo de esta sesi\u00f3n es comprender tus expectativas, necesidades y proyecto para proponerte el curso m\u00e1s adecuado. Al finalizar la entrevista, recibir\u00e1s un certificado que incluye la evaluaci\u00f3n de tu nivel y la recomendaci\u00f3n de un itinerario de aprendizaje.<\/p>\n<p><strong>Reservar una sesi\u00f3n por 45 euros<\/strong><\/p>\n\n<script>\n  if (typeof hasAmeliaEntitiesApiCall === 'undefined' && ('' === '' && '' !== '1')) {\n    var hasAmeliaEntitiesApiCall = true;\n  }\n  var ameliaShortcodeData = (typeof ameliaShortcodeData === 'undefined') ? [] : ameliaShortcodeData;\n  ameliaShortcodeData.push(\n    {\n      'hasApiCall': (typeof hasAmeliaEntitiesApiCall !== 'undefined') && hasAmeliaEntitiesApiCall,\n      'trigger': '',\n      'trigger_type': '',\n      'triggered_form': 'sbsNew',\n      'in_dialog': '',\n      'show': '',\n      'counter': '1000',\n      'category': '',\n      'service': '1',\n      'employee': '',\n      'location': '',\n      'package': '',\n      'layout': '',\n    }\n  );\n\n  var ameliaShortcodeDataTriggered = (typeof ameliaShortcodeDataTriggered === 'undefined') ? [] : ameliaShortcodeDataTriggered;\n  if (ameliaShortcodeData[ameliaShortcodeData.length - 1].trigger !== '') {\n    if (ameliaShortcodeDataTriggered.filter(a => a.counter === ameliaShortcodeData[ameliaShortcodeData.length - 1].counter).length === 0) {\n      ameliaShortcodeDataTriggered.push(ameliaShortcodeData.pop());\n    } else {\n      ameliaShortcodeData.pop()\n    }\n  }\n  if (typeof hasAmeliaEntitiesApiCall !== 'undefined' && hasAmeliaEntitiesApiCall) {\n    hasAmeliaEntitiesApiCall = false;\n  }\n<\/script>\n\n<div\n  id=\"amelia-v2-booking-1000\"\n  class=\"amelia-v2-booking\"\n >\n    <step-form-wrapper><\/step-form-wrapper><\/div>\n\n","protected":false},"excerpt":{"rendered":"<p>Aprovecha una cita de asesoramiento de 30 minutos<\/p>\n","protected":false},"featured_media":3707,"template":"","meta":{"_acf_changed":false},"product_brand":[],"product_cat":[508,201,202,203,204,205,216,208,209,210,211,322,269,214],"product_tag":[],"class_list":{"0":"post-3708","1":"product","2":"type-product","3":"status-publish","4":"has-post-thumbnail","6":"product_cat-cours-de-francais-du-matin","7":"product_cat-frances-nivel-a1","8":"product_cat-frances-nivel-a2","9":"product_cat-frances-nivel-b1","10":"product_cat-frances-nivel-b2","11":"product_cat-frances-nivel-c1","12":"product_cat-aprender-frances","13":"product_cat-cursos-de-frances-vespertinos","14":"product_cat-curso-de-frances-extensivo-1-mes","15":"product_cat-curso-de-frances-intensivo","16":"product_cat-curso-en-linea","17":"product_cat-clases-particulares-de-frances","18":"product_cat-cursos-de-preparacion-para-examenes-de-frances","19":"product_cat-cursos-presenciales-de-frances","21":"first","22":"instock","23":"virtual","24":"sold-individually","25":"purchasable","26":"product-type-simple"},"acf":[],"yoast_head":"<!-- This site is optimized with the Yoast SEO plugin v26.7 - https:\/\/yoast.com\/wordpress\/plugins\/seo\/ -->\n<title>Cita de asesoramiento - Alliance Fran\u00e7aise de Lyon<\/title>\n<meta name=\"description\" content=\"Aprovecha una cita de asesoramiento de 30 minutos para definir tus necesidades y recibir recomendaciones personalizadas para tu recorrido de aprendizaje.\" \/>\n<meta name=\"robots\" content=\"index, follow, max-snippet:-1, max-image-preview:large, max-video-preview:-1\" \/>\n<link rel=\"canonical\" href=\"https:\/\/www.aflyon.org\/es\/produit\/cita-de-asesoramiento\/\" \/>\n<meta property=\"og:locale\" content=\"es_ES\" \/>\n<meta property=\"og:type\" content=\"article\" \/>\n<meta property=\"og:title\" content=\"Cita de asesoramiento - Alliance Fran\u00e7aise de Lyon\" \/>\n<meta property=\"og:description\" content=\"Aprovecha una cita de asesoramiento de 30 minutos para definir tus necesidades y recibir recomendaciones personalizadas para tu recorrido de aprendizaje.\" \/>\n<meta property=\"og:url\" content=\"https:\/\/www.aflyon.org\/es\/produit\/cita-de-asesoramiento\/\" \/>\n<meta property=\"og:site_name\" content=\"Alliance Fran\u00e7aise de Lyon\" \/>\n<meta property=\"article:modified_time\" content=\"2026-03-24T16:17:19+00:00\" \/>\n<meta property=\"og:image\" content=\"https:\/\/www.aflyon.org\/app\/uploads\/2026\/01\/rendez-vous_conseil_aflyon.png\" \/>\n\t<meta property=\"og:image:width\" content=\"1200\" \/>\n\t<meta property=\"og:image:height\" content=\"800\" \/>\n\t<meta property=\"og:image:type\" content=\"image\/png\" \/>\n<meta name=\"twitter:card\" content=\"summary_large_image\" \/>\n<meta name=\"twitter:label1\" content=\"Est. reading time\" \/>\n\t<meta name=\"twitter:data1\" content=\"4 minutes\" \/>\n<script type=\"application\/ld+json\" class=\"yoast-schema-graph\">{\"@context\":\"https:\/\/schema.org\",\"@graph\":[{\"@type\":\"WebPage\",\"@id\":\"https:\/\/www.aflyon.org\/es\/produit\/cita-de-asesoramiento\/\",\"url\":\"https:\/\/www.aflyon.org\/es\/produit\/cita-de-asesoramiento\/\",\"name\":\"Cita de asesoramiento - Alliance Fran\u00e7aise de Lyon\",\"isPartOf\":{\"@id\":\"https:\/\/www.aflyon.org\/es\/#website\"},\"primaryImageOfPage\":{\"@id\":\"https:\/\/www.aflyon.org\/es\/produit\/cita-de-asesoramiento\/#primaryimage\"},\"image\":{\"@id\":\"https:\/\/www.aflyon.org\/es\/produit\/cita-de-asesoramiento\/#primaryimage\"},\"thumbnailUrl\":\"https:\/\/www.aflyon.org\/app\/uploads\/2026\/01\/rendez-vous_conseil_aflyon.png\",\"datePublished\":\"2026-01-27T15:00:05+00:00\",\"dateModified\":\"2026-03-24T16:17:19+00:00\",\"description\":\"Aprovecha una cita de asesoramiento de 30 minutos para definir tus necesidades y recibir recomendaciones personalizadas para tu recorrido de aprendizaje.\",\"breadcrumb\":{\"@id\":\"https:\/\/www.aflyon.org\/es\/produit\/cita-de-asesoramiento\/#breadcrumb\"},\"inLanguage\":\"es-ES\",\"potentialAction\":[{\"@type\":\"ReadAction\",\"target\":[\"https:\/\/www.aflyon.org\/es\/produit\/cita-de-asesoramiento\/\"]}]},{\"@type\":\"ImageObject\",\"inLanguage\":\"es-ES\",\"@id\":\"https:\/\/www.aflyon.org\/es\/produit\/cita-de-asesoramiento\/#primaryimage\",\"url\":\"https:\/\/www.aflyon.org\/app\/uploads\/2026\/01\/rendez-vous_conseil_aflyon.png\",\"contentUrl\":\"https:\/\/www.aflyon.org\/app\/uploads\/2026\/01\/rendez-vous_conseil_aflyon.png\",\"width\":1200,\"height\":800},{\"@type\":\"BreadcrumbList\",\"@id\":\"https:\/\/www.aflyon.org\/es\/produit\/cita-de-asesoramiento\/#breadcrumb\",\"itemListElement\":[{\"@type\":\"ListItem\",\"position\":1,\"name\":\"Inicio\",\"item\":\"https:\/\/www.aflyon.org\/es\/\"},{\"@type\":\"ListItem\",\"position\":2,\"name\":\"Boutique\",\"item\":\"https:\/\/www.aflyon.org\/boutique\/\"},{\"@type\":\"ListItem\",\"position\":3,\"name\":\"Cita de asesoramiento\"}]},{\"@type\":\"WebSite\",\"@id\":\"https:\/\/www.aflyon.org\/es\/#website\",\"url\":\"https:\/\/www.aflyon.org\/es\/\",\"name\":\"Alliance Fran\u00e7aise de Lyon\",\"description\":\"\",\"potentialAction\":[{\"@type\":\"SearchAction\",\"target\":{\"@type\":\"EntryPoint\",\"urlTemplate\":\"https:\/\/www.aflyon.org\/es\/?s={search_term_string}\"},\"query-input\":{\"@type\":\"PropertyValueSpecification\",\"valueRequired\":true,\"valueName\":\"search_term_string\"}}],\"inLanguage\":\"es-ES\"}]}<\/script>\n<!-- \/ Yoast SEO plugin. -->","yoast_head_json":{"title":"Cita de asesoramiento - Alliance Fran\u00e7aise de Lyon","description":"Aprovecha una cita de asesoramiento de 30 minutos para definir tus necesidades y recibir recomendaciones personalizadas para tu recorrido de aprendizaje.","robots":{"index":"index","follow":"follow","max-snippet":"max-snippet:-1","max-image-preview":"max-image-preview:large","max-video-preview":"max-video-preview:-1"},"canonical":"https:\/\/www.aflyon.org\/es\/produit\/cita-de-asesoramiento\/","og_locale":"es_ES","og_type":"article","og_title":"Cita de asesoramiento - Alliance Fran\u00e7aise de Lyon","og_description":"Aprovecha una cita de asesoramiento de 30 minutos para definir tus necesidades y recibir recomendaciones personalizadas para tu recorrido de aprendizaje.","og_url":"https:\/\/www.aflyon.org\/es\/produit\/cita-de-asesoramiento\/","og_site_name":"Alliance Fran\u00e7aise de Lyon","article_modified_time":"2026-03-24T16:17:19+00:00","og_image":[{"width":1200,"height":800,"url":"https:\/\/www.aflyon.org\/app\/uploads\/2026\/01\/rendez-vous_conseil_aflyon.png","type":"image\/png"}],"twitter_card":"summary_large_image","twitter_misc":{"Est. reading time":"4 minutes"},"schema":{"@context":"https:\/\/schema.org","@graph":[{"@type":"WebPage","@id":"https:\/\/www.aflyon.org\/es\/produit\/cita-de-asesoramiento\/","url":"https:\/\/www.aflyon.org\/es\/produit\/cita-de-asesoramiento\/","name":"Cita de asesoramiento - Alliance Fran\u00e7aise de Lyon","isPartOf":{"@id":"https:\/\/www.aflyon.org\/es\/#website"},"primaryImageOfPage":{"@id":"https:\/\/www.aflyon.org\/es\/produit\/cita-de-asesoramiento\/#primaryimage"},"image":{"@id":"https:\/\/www.aflyon.org\/es\/produit\/cita-de-asesoramiento\/#primaryimage"},"thumbnailUrl":"https:\/\/www.aflyon.org\/app\/uploads\/2026\/01\/rendez-vous_conseil_aflyon.png","datePublished":"2026-01-27T15:00:05+00:00","dateModified":"2026-03-24T16:17:19+00:00","description":"Aprovecha una cita de asesoramiento de 30 minutos para definir tus necesidades y recibir recomendaciones personalizadas para tu recorrido de aprendizaje.","breadcrumb":{"@id":"https:\/\/www.aflyon.org\/es\/produit\/cita-de-asesoramiento\/#breadcrumb"},"inLanguage":"es-ES","potentialAction":[{"@type":"ReadAction","target":["https:\/\/www.aflyon.org\/es\/produit\/cita-de-asesoramiento\/"]}]},{"@type":"ImageObject","inLanguage":"es-ES","@id":"https:\/\/www.aflyon.org\/es\/produit\/cita-de-asesoramiento\/#primaryimage","url":"https:\/\/www.aflyon.org\/app\/uploads\/2026\/01\/rendez-vous_conseil_aflyon.png","contentUrl":"https:\/\/www.aflyon.org\/app\/uploads\/2026\/01\/rendez-vous_conseil_aflyon.png","width":1200,"height":800},{"@type":"BreadcrumbList","@id":"https:\/\/www.aflyon.org\/es\/produit\/cita-de-asesoramiento\/#breadcrumb","itemListElement":[{"@type":"ListItem","position":1,"name":"Inicio","item":"https:\/\/www.aflyon.org\/es\/"},{"@type":"ListItem","position":2,"name":"Boutique","item":"https:\/\/www.aflyon.org\/boutique\/"},{"@type":"ListItem","position":3,"name":"Cita de asesoramiento"}]},{"@type":"WebSite","@id":"https:\/\/www.aflyon.org\/es\/#website","url":"https:\/\/www.aflyon.org\/es\/","name":"Alliance Fran\u00e7aise de Lyon","description":"","potentialAction":[{"@type":"SearchAction","target":{"@type":"EntryPoint","urlTemplate":"https:\/\/www.aflyon.org\/es\/?s={search_term_string}"},"query-input":{"@type":"PropertyValueSpecification","valueRequired":true,"valueName":"search_term_string"}}],"inLanguage":"es-ES"}]}},"_links":{"self":[{"href":"https:\/\/www.aflyon.org\/es\/wp-json\/wp\/v2\/product\/3708","targetHints":{"allow":["GET"]}}],"collection":[{"href":"https:\/\/www.aflyon.org\/es\/wp-json\/wp\/v2\/product"}],"about":[{"href":"https:\/\/www.aflyon.org\/es\/wp-json\/wp\/v2\/types\/product"}],"wp:featuredmedia":[{"embeddable":true,"href":"https:\/\/www.aflyon.org\/es\/wp-json\/wp\/v2\/media\/3707"}],"wp:attachment":[{"href":"https:\/\/www.aflyon.org\/es\/wp-json\/wp\/v2\/media?parent=3708"}],"wp:term":[{"taxonomy":"product_brand","embeddable":true,"href":"https:\/\/www.aflyon.org\/es\/wp-json\/wp\/v2\/product_brand?post=3708"},{"taxonomy":"product_cat","embeddable":true,"href":"https:\/\/www.aflyon.org\/es\/wp-json\/wp\/v2\/product_cat?post=3708"},{"taxonomy":"product_tag","embeddable":true,"href":"https:\/\/www.aflyon.org\/es\/wp-json\/wp\/v2\/product_tag?post=3708"}],"curies":[{"name":"wp","href":"https:\/\/api.w.org\/{rel}","templated":true}]}}