{"id":3698,"date":"2026-01-19T16:51:55","date_gmt":"2026-01-19T15:51:55","guid":{"rendered":"https:\/\/www.aflyon.org\/produit\/stage-dobservation-de-classe-en-presentiel\/"},"modified":"2026-03-19T14:21:11","modified_gmt":"2026-03-19T13:21:11","slug":"practicas-de-observacion-de-clase-presenciales","status":"publish","type":"product","link":"https:\/\/www.aflyon.org\/es\/produit\/practicas-de-observacion-de-clase-presenciales\/","title":{"rendered":"Pr\u00e1cticas de observaci\u00f3n de clase presenciales"},"content":{"rendered":"<p>Las pr\u00e1cticas de observaci\u00f3n de clase presenciales est\u00e1n dirigidas a docentes y futuros docentes que deseen ense\u00f1ar franc\u00e9s como lengua extranjera (FLE) apoy\u00e1ndose en pr\u00e1cticas de clase concretas y contextualizadas.<\/p>\n<p>Este curso forma parte de la formaci\u00f3n FLE para docentes ofrecida por la Alliance Fran\u00e7aise de Lyon y permite observar clases impartidas por tutores-formadores experimentados en franc\u00e9s lengua extranjera.<\/p>\n<p>Al asistir a sesiones aut\u00e9nticas, especialmente aquellas que integran los expedientes FASP (Fran\u00e7ais au sens propre), los participantes desarrollan una comprensi\u00f3n profunda de las pr\u00e1cticas pedag\u00f3gicas actuales y fortalecen sus competencias profesionales mediante la observaci\u00f3n directa.<\/p>\n","protected":false},"excerpt":{"rendered":"<p>Participa en unas pr\u00e1cticas de observaci\u00f3n de clase de FLE<\/p>\n","protected":false},"featured_media":3697,"template":"","meta":{"_acf_changed":false},"product_brand":[],"product_cat":[206,302],"product_tag":[],"class_list":{"0":"post-3698","1":"product","2":"type-product","3":"status-publish","4":"has-post-thumbnail","6":"product_cat-cursos","7":"product_cat-ensenar-el-frances-como-lengua-extranjera","9":"first","10":"instock","11":"sold-individually","12":"shipping-taxable","13":"purchasable","14":"product-type-variable"},"acf":[],"yoast_head":"<!-- This site is optimized with the Yoast SEO plugin v26.7 - https:\/\/yoast.com\/wordpress\/plugins\/seo\/ -->\n<title>Pr\u00e1cticas de observaci\u00f3n de clase presenciales - Alliance Fran\u00e7aise de Lyon<\/title>\n<meta name=\"description\" content=\"Participa en unas pr\u00e1cticas de observaci\u00f3n presenciales para docentes de FLE en la Alliance Fran\u00e7aise de Lyon. Desarrolla tus competencias pedag\u00f3gicas observando clases aut\u00e9nticas.\" \/>\n<meta name=\"robots\" content=\"index, follow, max-snippet:-1, max-image-preview:large, max-video-preview:-1\" \/>\n<link rel=\"canonical\" href=\"https:\/\/www.aflyon.org\/es\/produit\/practicas-de-observacion-de-clase-presenciales\/\" \/>\n<meta property=\"og:locale\" content=\"es_ES\" \/>\n<meta property=\"og:type\" content=\"article\" \/>\n<meta property=\"og:title\" content=\"Pr\u00e1cticas de observaci\u00f3n de clase presenciales - Alliance Fran\u00e7aise de Lyon\" \/>\n<meta property=\"og:description\" content=\"Participa en unas pr\u00e1cticas de observaci\u00f3n presenciales para docentes de FLE en la Alliance Fran\u00e7aise de Lyon. Desarrolla tus competencias pedag\u00f3gicas observando clases aut\u00e9nticas.\" \/>\n<meta property=\"og:url\" content=\"https:\/\/www.aflyon.org\/es\/produit\/practicas-de-observacion-de-clase-presenciales\/\" \/>\n<meta property=\"og:site_name\" content=\"Alliance Fran\u00e7aise de Lyon\" \/>\n<meta property=\"article:modified_time\" content=\"2026-03-19T13:21:11+00:00\" \/>\n<meta property=\"og:image\" content=\"https:\/\/www.aflyon.org\/app\/uploads\/2026\/01\/stage_professeurs_fle_aflyon-e1768838297906.jpg\" \/>\n\t<meta property=\"og:image:width\" content=\"1360\" \/>\n\t<meta property=\"og:image:height\" content=\"1246\" \/>\n\t<meta property=\"og:image:type\" content=\"image\/jpeg\" \/>\n<meta name=\"twitter:card\" content=\"summary_large_image\" \/>\n<meta name=\"twitter:label1\" content=\"Est. reading time\" \/>\n\t<meta name=\"twitter:data1\" content=\"4 minutes\" \/>\n<script type=\"application\/ld+json\" class=\"yoast-schema-graph\">{\"@context\":\"https:\/\/schema.org\",\"@graph\":[{\"@type\":\"WebPage\",\"@id\":\"https:\/\/www.aflyon.org\/es\/produit\/practicas-de-observacion-de-clase-presenciales\/\",\"url\":\"https:\/\/www.aflyon.org\/es\/produit\/practicas-de-observacion-de-clase-presenciales\/\",\"name\":\"Pr\u00e1cticas de observaci\u00f3n de clase presenciales - Alliance Fran\u00e7aise de Lyon\",\"isPartOf\":{\"@id\":\"https:\/\/www.aflyon.org\/es\/#website\"},\"primaryImageOfPage\":{\"@id\":\"https:\/\/www.aflyon.org\/es\/produit\/practicas-de-observacion-de-clase-presenciales\/#primaryimage\"},\"image\":{\"@id\":\"https:\/\/www.aflyon.org\/es\/produit\/practicas-de-observacion-de-clase-presenciales\/#primaryimage\"},\"thumbnailUrl\":\"https:\/\/www.aflyon.org\/app\/uploads\/2026\/01\/stage_professeurs_fle_aflyon-e1768838297906.jpg\",\"datePublished\":\"2026-01-19T15:51:55+00:00\",\"dateModified\":\"2026-03-19T13:21:11+00:00\",\"description\":\"Participa en unas pr\u00e1cticas de observaci\u00f3n presenciales para docentes de FLE en la Alliance Fran\u00e7aise de Lyon. Desarrolla tus competencias pedag\u00f3gicas observando clases aut\u00e9nticas.\",\"breadcrumb\":{\"@id\":\"https:\/\/www.aflyon.org\/es\/produit\/practicas-de-observacion-de-clase-presenciales\/#breadcrumb\"},\"inLanguage\":\"es-ES\",\"potentialAction\":[{\"@type\":\"ReadAction\",\"target\":[\"https:\/\/www.aflyon.org\/es\/produit\/practicas-de-observacion-de-clase-presenciales\/\"]}]},{\"@type\":\"ImageObject\",\"inLanguage\":\"es-ES\",\"@id\":\"https:\/\/www.aflyon.org\/es\/produit\/practicas-de-observacion-de-clase-presenciales\/#primaryimage\",\"url\":\"https:\/\/www.aflyon.org\/app\/uploads\/2026\/01\/stage_professeurs_fle_aflyon-e1768838297906.jpg\",\"contentUrl\":\"https:\/\/www.aflyon.org\/app\/uploads\/2026\/01\/stage_professeurs_fle_aflyon-e1768838297906.jpg\",\"width\":1360,\"height\":1246},{\"@type\":\"BreadcrumbList\",\"@id\":\"https:\/\/www.aflyon.org\/es\/produit\/practicas-de-observacion-de-clase-presenciales\/#breadcrumb\",\"itemListElement\":[{\"@type\":\"ListItem\",\"position\":1,\"name\":\"Inicio\",\"item\":\"https:\/\/www.aflyon.org\/es\/\"},{\"@type\":\"ListItem\",\"position\":2,\"name\":\"Boutique\",\"item\":\"https:\/\/www.aflyon.org\/boutique\/\"},{\"@type\":\"ListItem\",\"position\":3,\"name\":\"Pr\u00e1cticas de observaci\u00f3n de clase presenciales\"}]},{\"@type\":\"WebSite\",\"@id\":\"https:\/\/www.aflyon.org\/es\/#website\",\"url\":\"https:\/\/www.aflyon.org\/es\/\",\"name\":\"Alliance Fran\u00e7aise de Lyon\",\"description\":\"\",\"potentialAction\":[{\"@type\":\"SearchAction\",\"target\":{\"@type\":\"EntryPoint\",\"urlTemplate\":\"https:\/\/www.aflyon.org\/es\/?s={search_term_string}\"},\"query-input\":{\"@type\":\"PropertyValueSpecification\",\"valueRequired\":true,\"valueName\":\"search_term_string\"}}],\"inLanguage\":\"es-ES\"}]}<\/script>\n<!-- \/ Yoast SEO plugin. -->","yoast_head_json":{"title":"Pr\u00e1cticas de observaci\u00f3n de clase presenciales - Alliance Fran\u00e7aise de Lyon","description":"Participa en unas pr\u00e1cticas de observaci\u00f3n presenciales para docentes de FLE en la Alliance Fran\u00e7aise de Lyon. Desarrolla tus competencias pedag\u00f3gicas observando clases aut\u00e9nticas.","robots":{"index":"index","follow":"follow","max-snippet":"max-snippet:-1","max-image-preview":"max-image-preview:large","max-video-preview":"max-video-preview:-1"},"canonical":"https:\/\/www.aflyon.org\/es\/produit\/practicas-de-observacion-de-clase-presenciales\/","og_locale":"es_ES","og_type":"article","og_title":"Pr\u00e1cticas de observaci\u00f3n de clase presenciales - Alliance Fran\u00e7aise de Lyon","og_description":"Participa en unas pr\u00e1cticas de observaci\u00f3n presenciales para docentes de FLE en la Alliance Fran\u00e7aise de Lyon. Desarrolla tus competencias pedag\u00f3gicas observando clases aut\u00e9nticas.","og_url":"https:\/\/www.aflyon.org\/es\/produit\/practicas-de-observacion-de-clase-presenciales\/","og_site_name":"Alliance Fran\u00e7aise de Lyon","article_modified_time":"2026-03-19T13:21:11+00:00","og_image":[{"width":1360,"height":1246,"url":"https:\/\/www.aflyon.org\/app\/uploads\/2026\/01\/stage_professeurs_fle_aflyon-e1768838297906.jpg","type":"image\/jpeg"}],"twitter_card":"summary_large_image","twitter_misc":{"Est. reading time":"4 minutes"},"schema":{"@context":"https:\/\/schema.org","@graph":[{"@type":"WebPage","@id":"https:\/\/www.aflyon.org\/es\/produit\/practicas-de-observacion-de-clase-presenciales\/","url":"https:\/\/www.aflyon.org\/es\/produit\/practicas-de-observacion-de-clase-presenciales\/","name":"Pr\u00e1cticas de observaci\u00f3n de clase presenciales - Alliance Fran\u00e7aise de Lyon","isPartOf":{"@id":"https:\/\/www.aflyon.org\/es\/#website"},"primaryImageOfPage":{"@id":"https:\/\/www.aflyon.org\/es\/produit\/practicas-de-observacion-de-clase-presenciales\/#primaryimage"},"image":{"@id":"https:\/\/www.aflyon.org\/es\/produit\/practicas-de-observacion-de-clase-presenciales\/#primaryimage"},"thumbnailUrl":"https:\/\/www.aflyon.org\/app\/uploads\/2026\/01\/stage_professeurs_fle_aflyon-e1768838297906.jpg","datePublished":"2026-01-19T15:51:55+00:00","dateModified":"2026-03-19T13:21:11+00:00","description":"Participa en unas pr\u00e1cticas de observaci\u00f3n presenciales para docentes de FLE en la Alliance Fran\u00e7aise de Lyon. Desarrolla tus competencias pedag\u00f3gicas observando clases aut\u00e9nticas.","breadcrumb":{"@id":"https:\/\/www.aflyon.org\/es\/produit\/practicas-de-observacion-de-clase-presenciales\/#breadcrumb"},"inLanguage":"es-ES","potentialAction":[{"@type":"ReadAction","target":["https:\/\/www.aflyon.org\/es\/produit\/practicas-de-observacion-de-clase-presenciales\/"]}]},{"@type":"ImageObject","inLanguage":"es-ES","@id":"https:\/\/www.aflyon.org\/es\/produit\/practicas-de-observacion-de-clase-presenciales\/#primaryimage","url":"https:\/\/www.aflyon.org\/app\/uploads\/2026\/01\/stage_professeurs_fle_aflyon-e1768838297906.jpg","contentUrl":"https:\/\/www.aflyon.org\/app\/uploads\/2026\/01\/stage_professeurs_fle_aflyon-e1768838297906.jpg","width":1360,"height":1246},{"@type":"BreadcrumbList","@id":"https:\/\/www.aflyon.org\/es\/produit\/practicas-de-observacion-de-clase-presenciales\/#breadcrumb","itemListElement":[{"@type":"ListItem","position":1,"name":"Inicio","item":"https:\/\/www.aflyon.org\/es\/"},{"@type":"ListItem","position":2,"name":"Boutique","item":"https:\/\/www.aflyon.org\/boutique\/"},{"@type":"ListItem","position":3,"name":"Pr\u00e1cticas de observaci\u00f3n de clase presenciales"}]},{"@type":"WebSite","@id":"https:\/\/www.aflyon.org\/es\/#website","url":"https:\/\/www.aflyon.org\/es\/","name":"Alliance Fran\u00e7aise de Lyon","description":"","potentialAction":[{"@type":"SearchAction","target":{"@type":"EntryPoint","urlTemplate":"https:\/\/www.aflyon.org\/es\/?s={search_term_string}"},"query-input":{"@type":"PropertyValueSpecification","valueRequired":true,"valueName":"search_term_string"}}],"inLanguage":"es-ES"}]}},"_links":{"self":[{"href":"https:\/\/www.aflyon.org\/es\/wp-json\/wp\/v2\/product\/3698","targetHints":{"allow":["GET"]}}],"collection":[{"href":"https:\/\/www.aflyon.org\/es\/wp-json\/wp\/v2\/product"}],"about":[{"href":"https:\/\/www.aflyon.org\/es\/wp-json\/wp\/v2\/types\/product"}],"wp:featuredmedia":[{"embeddable":true,"href":"https:\/\/www.aflyon.org\/es\/wp-json\/wp\/v2\/media\/3697"}],"wp:attachment":[{"href":"https:\/\/www.aflyon.org\/es\/wp-json\/wp\/v2\/media?parent=3698"}],"wp:term":[{"taxonomy":"product_brand","embeddable":true,"href":"https:\/\/www.aflyon.org\/es\/wp-json\/wp\/v2\/product_brand?post=3698"},{"taxonomy":"product_cat","embeddable":true,"href":"https:\/\/www.aflyon.org\/es\/wp-json\/wp\/v2\/product_cat?post=3698"},{"taxonomy":"product_tag","embeddable":true,"href":"https:\/\/www.aflyon.org\/es\/wp-json\/wp\/v2\/product_tag?post=3698"}],"curies":[{"name":"wp","href":"https:\/\/api.w.org\/{rel}","templated":true}]}}