{"id":3693,"date":"2026-01-16T17:49:58","date_gmt":"2026-01-16T16:49:58","guid":{"rendered":"https:\/\/www.aflyon.org\/produit\/le-fasp-pour-enseignants-de-fle\/"},"modified":"2026-02-17T16:29:56","modified_gmt":"2026-02-17T15:29:56","slug":"le-fasp-pour-enseignants-de-fle","status":"publish","type":"product","link":"https:\/\/www.aflyon.org\/es\/produit\/le-fasp-pour-enseignants-de-fle\/","title":{"rendered":"El FASP para docentes de FLE"},"content":{"rendered":"<p>La formaci\u00f3n \u201cLe fran\u00e7ais au sens propre\u201d est\u00e1 dirigida a docentes que desean ense\u00f1ar franc\u00e9s como lengua extranjera de manera innovadora, vinculada al territorio y en relaci\u00f3n con los retos contempor\u00e1neos.<\/p>\n<p>Desarrollada por la Alliance Fran\u00e7aise de Lyon, esta formaci\u00f3n forma parte de los programas de FLE para docentes, centrados en la pedagog\u00eda activa, el uso de documentos aut\u00e9nticos y la integraci\u00f3n de herramientas digitales en la clase de franc\u00e9s como lengua extranjera.<\/p>\n<p>Se pone a disposici\u00f3n de los docentes un dispositivo pedag\u00f3gico listo para usar, que permite dise\u00f1ar secuencias did\u00e1cticas atractivas mientras se sensibiliza a los alumnos sobre la ecolog\u00eda y la responsabilidad ambiental en la ense\u00f1anza del franc\u00e9s.<\/p>\n","protected":false},"excerpt":{"rendered":"<p>Nuestras formaciones FLE para docentes<\/p>\n","protected":false},"featured_media":3692,"template":"","meta":{"_acf_changed":false},"product_brand":[],"product_cat":[206,302],"product_tag":[],"class_list":{"0":"post-3693","1":"product","2":"type-product","3":"status-publish","4":"has-post-thumbnail","6":"product_cat-cursos","7":"product_cat-ensenar-el-frances-como-lengua-extranjera","9":"first","10":"instock","11":"sold-individually","12":"shipping-taxable","13":"purchasable","14":"product-type-variable"},"acf":[],"yoast_head":"<!-- This site is optimized with the Yoast SEO plugin v26.7 - https:\/\/yoast.com\/wordpress\/plugins\/seo\/ -->\n<title>El FASP para docentes de FLE - Alliance Fran\u00e7aise de Lyon<\/title>\n<meta name=\"description\" content=\"A plataforma pedag\u00f3gica Apolearn re\u00fane materiais, exerc\u00edcios e v\u00eddeos para uma experi\u00eancia interativa e enriquecedora.\" \/>\n<meta name=\"robots\" content=\"index, follow, max-snippet:-1, max-image-preview:large, max-video-preview:-1\" \/>\n<link rel=\"canonical\" href=\"https:\/\/www.aflyon.org\/es\/produit\/le-fasp-pour-enseignants-de-fle\/\" \/>\n<meta property=\"og:locale\" content=\"es_ES\" \/>\n<meta property=\"og:type\" content=\"article\" \/>\n<meta property=\"og:title\" content=\"El FASP para docentes de FLE - Alliance Fran\u00e7aise de Lyon\" \/>\n<meta property=\"og:description\" content=\"A plataforma pedag\u00f3gica Apolearn re\u00fane materiais, exerc\u00edcios e v\u00eddeos para uma experi\u00eancia interativa e enriquecedora.\" \/>\n<meta property=\"og:url\" content=\"https:\/\/www.aflyon.org\/es\/produit\/le-fasp-pour-enseignants-de-fle\/\" \/>\n<meta property=\"og:site_name\" content=\"Alliance Fran\u00e7aise de Lyon\" \/>\n<meta property=\"article:modified_time\" content=\"2026-02-17T15:29:56+00:00\" \/>\n<meta property=\"og:image\" content=\"https:\/\/www.aflyon.org\/app\/uploads\/2026\/01\/francais_au_sens_propre_aflyon.jpg\" \/>\n\t<meta property=\"og:image:width\" content=\"1200\" \/>\n\t<meta property=\"og:image:height\" content=\"800\" \/>\n\t<meta property=\"og:image:type\" content=\"image\/jpeg\" \/>\n<meta name=\"twitter:card\" content=\"summary_large_image\" \/>\n<meta name=\"twitter:label1\" content=\"Est. reading time\" \/>\n\t<meta name=\"twitter:data1\" content=\"3 minutes\" \/>\n<script type=\"application\/ld+json\" class=\"yoast-schema-graph\">{\"@context\":\"https:\/\/schema.org\",\"@graph\":[{\"@type\":\"WebPage\",\"@id\":\"https:\/\/www.aflyon.org\/es\/produit\/le-fasp-pour-enseignants-de-fle\/\",\"url\":\"https:\/\/www.aflyon.org\/es\/produit\/le-fasp-pour-enseignants-de-fle\/\",\"name\":\"El FASP para docentes de FLE - Alliance Fran\u00e7aise de Lyon\",\"isPartOf\":{\"@id\":\"https:\/\/www.aflyon.org\/es\/#website\"},\"primaryImageOfPage\":{\"@id\":\"https:\/\/www.aflyon.org\/es\/produit\/le-fasp-pour-enseignants-de-fle\/#primaryimage\"},\"image\":{\"@id\":\"https:\/\/www.aflyon.org\/es\/produit\/le-fasp-pour-enseignants-de-fle\/#primaryimage\"},\"thumbnailUrl\":\"https:\/\/www.aflyon.org\/app\/uploads\/2026\/01\/francais_au_sens_propre_aflyon.jpg\",\"datePublished\":\"2026-01-16T16:49:58+00:00\",\"dateModified\":\"2026-02-17T15:29:56+00:00\",\"description\":\"A plataforma pedag\u00f3gica Apolearn re\u00fane materiais, exerc\u00edcios e v\u00eddeos para uma experi\u00eancia interativa e enriquecedora.\",\"breadcrumb\":{\"@id\":\"https:\/\/www.aflyon.org\/es\/produit\/le-fasp-pour-enseignants-de-fle\/#breadcrumb\"},\"inLanguage\":\"es-ES\",\"potentialAction\":[{\"@type\":\"ReadAction\",\"target\":[\"https:\/\/www.aflyon.org\/es\/produit\/le-fasp-pour-enseignants-de-fle\/\"]}]},{\"@type\":\"ImageObject\",\"inLanguage\":\"es-ES\",\"@id\":\"https:\/\/www.aflyon.org\/es\/produit\/le-fasp-pour-enseignants-de-fle\/#primaryimage\",\"url\":\"https:\/\/www.aflyon.org\/app\/uploads\/2026\/01\/francais_au_sens_propre_aflyon.jpg\",\"contentUrl\":\"https:\/\/www.aflyon.org\/app\/uploads\/2026\/01\/francais_au_sens_propre_aflyon.jpg\",\"width\":1200,\"height\":800},{\"@type\":\"BreadcrumbList\",\"@id\":\"https:\/\/www.aflyon.org\/es\/produit\/le-fasp-pour-enseignants-de-fle\/#breadcrumb\",\"itemListElement\":[{\"@type\":\"ListItem\",\"position\":1,\"name\":\"Inicio\",\"item\":\"https:\/\/www.aflyon.org\/es\/\"},{\"@type\":\"ListItem\",\"position\":2,\"name\":\"Boutique\",\"item\":\"https:\/\/www.aflyon.org\/boutique\/\"},{\"@type\":\"ListItem\",\"position\":3,\"name\":\"El FASP para docentes de FLE\"}]},{\"@type\":\"WebSite\",\"@id\":\"https:\/\/www.aflyon.org\/es\/#website\",\"url\":\"https:\/\/www.aflyon.org\/es\/\",\"name\":\"Alliance Fran\u00e7aise de Lyon\",\"description\":\"\",\"potentialAction\":[{\"@type\":\"SearchAction\",\"target\":{\"@type\":\"EntryPoint\",\"urlTemplate\":\"https:\/\/www.aflyon.org\/es\/?s={search_term_string}\"},\"query-input\":{\"@type\":\"PropertyValueSpecification\",\"valueRequired\":true,\"valueName\":\"search_term_string\"}}],\"inLanguage\":\"es-ES\"}]}<\/script>\n<!-- \/ Yoast SEO plugin. -->","yoast_head_json":{"title":"El FASP para docentes de FLE - Alliance Fran\u00e7aise de Lyon","description":"A plataforma pedag\u00f3gica Apolearn re\u00fane materiais, exerc\u00edcios e v\u00eddeos para uma experi\u00eancia interativa e enriquecedora.","robots":{"index":"index","follow":"follow","max-snippet":"max-snippet:-1","max-image-preview":"max-image-preview:large","max-video-preview":"max-video-preview:-1"},"canonical":"https:\/\/www.aflyon.org\/es\/produit\/le-fasp-pour-enseignants-de-fle\/","og_locale":"es_ES","og_type":"article","og_title":"El FASP para docentes de FLE - Alliance Fran\u00e7aise de Lyon","og_description":"A plataforma pedag\u00f3gica Apolearn re\u00fane materiais, exerc\u00edcios e v\u00eddeos para uma experi\u00eancia interativa e enriquecedora.","og_url":"https:\/\/www.aflyon.org\/es\/produit\/le-fasp-pour-enseignants-de-fle\/","og_site_name":"Alliance Fran\u00e7aise de Lyon","article_modified_time":"2026-02-17T15:29:56+00:00","og_image":[{"width":1200,"height":800,"url":"https:\/\/www.aflyon.org\/app\/uploads\/2026\/01\/francais_au_sens_propre_aflyon.jpg","type":"image\/jpeg"}],"twitter_card":"summary_large_image","twitter_misc":{"Est. reading time":"3 minutes"},"schema":{"@context":"https:\/\/schema.org","@graph":[{"@type":"WebPage","@id":"https:\/\/www.aflyon.org\/es\/produit\/le-fasp-pour-enseignants-de-fle\/","url":"https:\/\/www.aflyon.org\/es\/produit\/le-fasp-pour-enseignants-de-fle\/","name":"El FASP para docentes de FLE - Alliance Fran\u00e7aise de Lyon","isPartOf":{"@id":"https:\/\/www.aflyon.org\/es\/#website"},"primaryImageOfPage":{"@id":"https:\/\/www.aflyon.org\/es\/produit\/le-fasp-pour-enseignants-de-fle\/#primaryimage"},"image":{"@id":"https:\/\/www.aflyon.org\/es\/produit\/le-fasp-pour-enseignants-de-fle\/#primaryimage"},"thumbnailUrl":"https:\/\/www.aflyon.org\/app\/uploads\/2026\/01\/francais_au_sens_propre_aflyon.jpg","datePublished":"2026-01-16T16:49:58+00:00","dateModified":"2026-02-17T15:29:56+00:00","description":"A plataforma pedag\u00f3gica Apolearn re\u00fane materiais, exerc\u00edcios e v\u00eddeos para uma experi\u00eancia interativa e enriquecedora.","breadcrumb":{"@id":"https:\/\/www.aflyon.org\/es\/produit\/le-fasp-pour-enseignants-de-fle\/#breadcrumb"},"inLanguage":"es-ES","potentialAction":[{"@type":"ReadAction","target":["https:\/\/www.aflyon.org\/es\/produit\/le-fasp-pour-enseignants-de-fle\/"]}]},{"@type":"ImageObject","inLanguage":"es-ES","@id":"https:\/\/www.aflyon.org\/es\/produit\/le-fasp-pour-enseignants-de-fle\/#primaryimage","url":"https:\/\/www.aflyon.org\/app\/uploads\/2026\/01\/francais_au_sens_propre_aflyon.jpg","contentUrl":"https:\/\/www.aflyon.org\/app\/uploads\/2026\/01\/francais_au_sens_propre_aflyon.jpg","width":1200,"height":800},{"@type":"BreadcrumbList","@id":"https:\/\/www.aflyon.org\/es\/produit\/le-fasp-pour-enseignants-de-fle\/#breadcrumb","itemListElement":[{"@type":"ListItem","position":1,"name":"Inicio","item":"https:\/\/www.aflyon.org\/es\/"},{"@type":"ListItem","position":2,"name":"Boutique","item":"https:\/\/www.aflyon.org\/boutique\/"},{"@type":"ListItem","position":3,"name":"El FASP para docentes de FLE"}]},{"@type":"WebSite","@id":"https:\/\/www.aflyon.org\/es\/#website","url":"https:\/\/www.aflyon.org\/es\/","name":"Alliance Fran\u00e7aise de Lyon","description":"","potentialAction":[{"@type":"SearchAction","target":{"@type":"EntryPoint","urlTemplate":"https:\/\/www.aflyon.org\/es\/?s={search_term_string}"},"query-input":{"@type":"PropertyValueSpecification","valueRequired":true,"valueName":"search_term_string"}}],"inLanguage":"es-ES"}]}},"_links":{"self":[{"href":"https:\/\/www.aflyon.org\/es\/wp-json\/wp\/v2\/product\/3693","targetHints":{"allow":["GET"]}}],"collection":[{"href":"https:\/\/www.aflyon.org\/es\/wp-json\/wp\/v2\/product"}],"about":[{"href":"https:\/\/www.aflyon.org\/es\/wp-json\/wp\/v2\/types\/product"}],"wp:featuredmedia":[{"embeddable":true,"href":"https:\/\/www.aflyon.org\/es\/wp-json\/wp\/v2\/media\/3692"}],"wp:attachment":[{"href":"https:\/\/www.aflyon.org\/es\/wp-json\/wp\/v2\/media?parent=3693"}],"wp:term":[{"taxonomy":"product_brand","embeddable":true,"href":"https:\/\/www.aflyon.org\/es\/wp-json\/wp\/v2\/product_brand?post=3693"},{"taxonomy":"product_cat","embeddable":true,"href":"https:\/\/www.aflyon.org\/es\/wp-json\/wp\/v2\/product_cat?post=3693"},{"taxonomy":"product_tag","embeddable":true,"href":"https:\/\/www.aflyon.org\/es\/wp-json\/wp\/v2\/product_tag?post=3693"}],"curies":[{"name":"wp","href":"https:\/\/api.w.org\/{rel}","templated":true}]}}