{"id":3689,"date":"2026-01-16T14:17:09","date_gmt":"2026-01-16T13:17:09","guid":{"rendered":"https:\/\/www.aflyon.org\/produit\/epreuve-du-daefle-specialisation-fle-enf-fos-apps\/"},"modified":"2026-04-07T08:36:39","modified_gmt":"2026-04-07T06:36:39","slug":"epreuve-du-daefle-specialisation-fle-enf-fos-apps","status":"publish","type":"product","link":"https:\/\/www.aflyon.org\/es\/produit\/epreuve-du-daefle-specialisation-fle-enf-fos-apps\/","title":{"rendered":"Prueba del DAEFLE \u2013 Sp\u00e9cialisation FLE: ENF\/FOS\/APPS"},"content":{"rendered":"<p>El D<strong>AEFLE<\/strong> (Dipl\u00f4me d\u2019Aptitude \u00e0 l\u2019Enseignement du Fran\u00e7ais Langue \u00c9trang\u00e8re) es una certificaci\u00f3n profesional propuesta por la <strong>Alliance Fran\u00e7aise de Paris<\/strong> y el <strong>CNED<\/strong>.<\/p>\n<p>La prueba \u201c<strong>Sp\u00e9cialisation FLE: ENF\/FOS\/APPS<\/strong>\u201d permite al candidato formarse en tres \u00e1reas complementarias:<\/p>\n<ul>\n<li><strong>FLE aux enfants (ENF)<\/strong>: adaptar las pr\u00e1cticas pedag\u00f3gicas a las necesidades y ritmos de los ni\u00f1os que aprenden franc\u00e9s.<\/li>\n<li><strong>Enseigner le F<\/strong><strong>ran\u00e7ais sur Objectifs Sp\u00e9cifiques <\/strong><strong>(FOS)<\/strong>: dise\u00f1ar y dirigir clases de franc\u00e9s adaptadas a un \u00e1mbito profesional o t\u00e9cnico concreto.<\/li>\n<li><strong>Enseigner le fran\u00e7ais aux Adultes Peu ou Pas Scolaris\u00e9s (APPS)<\/strong>: acompa\u00f1ar a adultos con escasa o nula formaci\u00f3n escolar, teniendo en cuenta su nivel de alfabetizaci\u00f3n y sus necesidades particulares.<\/li>\n<\/ul>\n<p>Esta prueba est\u00e1 dirigida a personas que hayan validado los requisitos previos de la formaci\u00f3n DAEFLE:<\/p>\n<ul>\n<li>Haber aprobado la <strong>prueba de acceso a la formaci\u00f3n DAEFLE<\/strong><\/li>\n<li>Haber seguido la formaci\u00f3n del CNED y haber obtenido como m\u00ednimo 20 puntos sobre 55 en la evaluaci\u00f3n continua<\/li>\n<\/ul>\n","protected":false},"excerpt":{"rendered":"<p>Inscribirse al DAEFLE \u2013 Especializaci\u00f3n FLE<\/p>\n","protected":false},"featured_media":3674,"template":"","meta":{"_acf_changed":false},"product_brand":[],"product_cat":[195,196],"product_tag":[],"class_list":{"0":"post-3689","1":"product","2":"type-product","3":"status-publish","4":"has-post-thumbnail","6":"product_cat-centro-de-examenes","7":"product_cat-ensenar-frances","9":"first","10":"instock","11":"sold-individually","12":"shipping-taxable","13":"purchasable","14":"product-type-variable"},"acf":[],"yoast_head":"<!-- This site is optimized with the Yoast SEO plugin v26.7 - https:\/\/yoast.com\/wordpress\/plugins\/seo\/ -->\n<title>Prueba del DAEFLE \u2013 Sp\u00e9cialisation FLE: ENF\/FOS\/APPS - Alliance Fran\u00e7aise de Lyon<\/title>\n<meta name=\"description\" content=\"Obtenga el DAEFLE con la Alliance Fran\u00e7aise. Especial\u00edcese en FLE para ni\u00f1os, FOS o APPS y adapte sus clases a las diversas necesidades de sus estudiantes.\" \/>\n<meta name=\"robots\" content=\"index, follow, max-snippet:-1, max-image-preview:large, max-video-preview:-1\" \/>\n<link rel=\"canonical\" href=\"https:\/\/www.aflyon.org\/es\/produit\/epreuve-du-daefle-specialisation-fle-enf-fos-apps\/\" \/>\n<meta property=\"og:locale\" content=\"es_ES\" \/>\n<meta property=\"og:type\" content=\"article\" \/>\n<meta property=\"og:title\" content=\"Prueba del DAEFLE \u2013 Sp\u00e9cialisation FLE: ENF\/FOS\/APPS - Alliance Fran\u00e7aise de Lyon\" \/>\n<meta property=\"og:description\" content=\"Obtenga el DAEFLE con la Alliance Fran\u00e7aise. Especial\u00edcese en FLE para ni\u00f1os, FOS o APPS y adapte sus clases a las diversas necesidades de sus estudiantes.\" \/>\n<meta property=\"og:url\" content=\"https:\/\/www.aflyon.org\/es\/produit\/epreuve-du-daefle-specialisation-fle-enf-fos-apps\/\" \/>\n<meta property=\"og:site_name\" content=\"Alliance Fran\u00e7aise de Lyon\" \/>\n<meta property=\"article:modified_time\" content=\"2026-04-07T06:36:39+00:00\" \/>\n<meta property=\"og:image\" content=\"https:\/\/www.aflyon.org\/app\/uploads\/2026\/01\/daefle_1.png\" \/>\n\t<meta property=\"og:image:width\" content=\"515\" \/>\n\t<meta property=\"og:image:height\" content=\"466\" \/>\n\t<meta property=\"og:image:type\" content=\"image\/png\" \/>\n<meta name=\"twitter:card\" content=\"summary_large_image\" \/>\n<meta name=\"twitter:label1\" content=\"Est. reading time\" \/>\n\t<meta name=\"twitter:data1\" content=\"3 minutes\" \/>\n<script type=\"application\/ld+json\" class=\"yoast-schema-graph\">{\"@context\":\"https:\/\/schema.org\",\"@graph\":[{\"@type\":\"WebPage\",\"@id\":\"https:\/\/www.aflyon.org\/es\/produit\/epreuve-du-daefle-specialisation-fle-enf-fos-apps\/\",\"url\":\"https:\/\/www.aflyon.org\/es\/produit\/epreuve-du-daefle-specialisation-fle-enf-fos-apps\/\",\"name\":\"Prueba del DAEFLE \u2013 Sp\u00e9cialisation FLE: ENF\/FOS\/APPS - Alliance Fran\u00e7aise de Lyon\",\"isPartOf\":{\"@id\":\"https:\/\/www.aflyon.org\/es\/#website\"},\"primaryImageOfPage\":{\"@id\":\"https:\/\/www.aflyon.org\/es\/produit\/epreuve-du-daefle-specialisation-fle-enf-fos-apps\/#primaryimage\"},\"image\":{\"@id\":\"https:\/\/www.aflyon.org\/es\/produit\/epreuve-du-daefle-specialisation-fle-enf-fos-apps\/#primaryimage\"},\"thumbnailUrl\":\"https:\/\/www.aflyon.org\/app\/uploads\/2026\/01\/daefle_1.png\",\"datePublished\":\"2026-01-16T13:17:09+00:00\",\"dateModified\":\"2026-04-07T06:36:39+00:00\",\"description\":\"Obtenga el DAEFLE con la Alliance Fran\u00e7aise. Especial\u00edcese en FLE para ni\u00f1os, FOS o APPS y adapte sus clases a las diversas necesidades de sus estudiantes.\",\"breadcrumb\":{\"@id\":\"https:\/\/www.aflyon.org\/es\/produit\/epreuve-du-daefle-specialisation-fle-enf-fos-apps\/#breadcrumb\"},\"inLanguage\":\"es-ES\",\"potentialAction\":[{\"@type\":\"ReadAction\",\"target\":[\"https:\/\/www.aflyon.org\/es\/produit\/epreuve-du-daefle-specialisation-fle-enf-fos-apps\/\"]}]},{\"@type\":\"ImageObject\",\"inLanguage\":\"es-ES\",\"@id\":\"https:\/\/www.aflyon.org\/es\/produit\/epreuve-du-daefle-specialisation-fle-enf-fos-apps\/#primaryimage\",\"url\":\"https:\/\/www.aflyon.org\/app\/uploads\/2026\/01\/daefle_1.png\",\"contentUrl\":\"https:\/\/www.aflyon.org\/app\/uploads\/2026\/01\/daefle_1.png\",\"width\":515,\"height\":466},{\"@type\":\"BreadcrumbList\",\"@id\":\"https:\/\/www.aflyon.org\/es\/produit\/epreuve-du-daefle-specialisation-fle-enf-fos-apps\/#breadcrumb\",\"itemListElement\":[{\"@type\":\"ListItem\",\"position\":1,\"name\":\"Inicio\",\"item\":\"https:\/\/www.aflyon.org\/es\/\"},{\"@type\":\"ListItem\",\"position\":2,\"name\":\"Boutique\",\"item\":\"https:\/\/www.aflyon.org\/boutique\/\"},{\"@type\":\"ListItem\",\"position\":3,\"name\":\"Prueba del DAEFLE \u2013 Sp\u00e9cialisation FLE: ENF\/FOS\/APPS\"}]},{\"@type\":\"WebSite\",\"@id\":\"https:\/\/www.aflyon.org\/es\/#website\",\"url\":\"https:\/\/www.aflyon.org\/es\/\",\"name\":\"Alliance Fran\u00e7aise de Lyon\",\"description\":\"\",\"potentialAction\":[{\"@type\":\"SearchAction\",\"target\":{\"@type\":\"EntryPoint\",\"urlTemplate\":\"https:\/\/www.aflyon.org\/es\/?s={search_term_string}\"},\"query-input\":{\"@type\":\"PropertyValueSpecification\",\"valueRequired\":true,\"valueName\":\"search_term_string\"}}],\"inLanguage\":\"es-ES\"}]}<\/script>\n<!-- \/ Yoast SEO plugin. -->","yoast_head_json":{"title":"Prueba del DAEFLE \u2013 Sp\u00e9cialisation FLE: ENF\/FOS\/APPS - Alliance Fran\u00e7aise de Lyon","description":"Obtenga el DAEFLE con la Alliance Fran\u00e7aise. Especial\u00edcese en FLE para ni\u00f1os, FOS o APPS y adapte sus clases a las diversas necesidades de sus estudiantes.","robots":{"index":"index","follow":"follow","max-snippet":"max-snippet:-1","max-image-preview":"max-image-preview:large","max-video-preview":"max-video-preview:-1"},"canonical":"https:\/\/www.aflyon.org\/es\/produit\/epreuve-du-daefle-specialisation-fle-enf-fos-apps\/","og_locale":"es_ES","og_type":"article","og_title":"Prueba del DAEFLE \u2013 Sp\u00e9cialisation FLE: ENF\/FOS\/APPS - Alliance Fran\u00e7aise de Lyon","og_description":"Obtenga el DAEFLE con la Alliance Fran\u00e7aise. Especial\u00edcese en FLE para ni\u00f1os, FOS o APPS y adapte sus clases a las diversas necesidades de sus estudiantes.","og_url":"https:\/\/www.aflyon.org\/es\/produit\/epreuve-du-daefle-specialisation-fle-enf-fos-apps\/","og_site_name":"Alliance Fran\u00e7aise de Lyon","article_modified_time":"2026-04-07T06:36:39+00:00","og_image":[{"width":515,"height":466,"url":"https:\/\/www.aflyon.org\/app\/uploads\/2026\/01\/daefle_1.png","type":"image\/png"}],"twitter_card":"summary_large_image","twitter_misc":{"Est. reading time":"3 minutes"},"schema":{"@context":"https:\/\/schema.org","@graph":[{"@type":"WebPage","@id":"https:\/\/www.aflyon.org\/es\/produit\/epreuve-du-daefle-specialisation-fle-enf-fos-apps\/","url":"https:\/\/www.aflyon.org\/es\/produit\/epreuve-du-daefle-specialisation-fle-enf-fos-apps\/","name":"Prueba del DAEFLE \u2013 Sp\u00e9cialisation FLE: ENF\/FOS\/APPS - Alliance Fran\u00e7aise de Lyon","isPartOf":{"@id":"https:\/\/www.aflyon.org\/es\/#website"},"primaryImageOfPage":{"@id":"https:\/\/www.aflyon.org\/es\/produit\/epreuve-du-daefle-specialisation-fle-enf-fos-apps\/#primaryimage"},"image":{"@id":"https:\/\/www.aflyon.org\/es\/produit\/epreuve-du-daefle-specialisation-fle-enf-fos-apps\/#primaryimage"},"thumbnailUrl":"https:\/\/www.aflyon.org\/app\/uploads\/2026\/01\/daefle_1.png","datePublished":"2026-01-16T13:17:09+00:00","dateModified":"2026-04-07T06:36:39+00:00","description":"Obtenga el DAEFLE con la Alliance Fran\u00e7aise. Especial\u00edcese en FLE para ni\u00f1os, FOS o APPS y adapte sus clases a las diversas necesidades de sus estudiantes.","breadcrumb":{"@id":"https:\/\/www.aflyon.org\/es\/produit\/epreuve-du-daefle-specialisation-fle-enf-fos-apps\/#breadcrumb"},"inLanguage":"es-ES","potentialAction":[{"@type":"ReadAction","target":["https:\/\/www.aflyon.org\/es\/produit\/epreuve-du-daefle-specialisation-fle-enf-fos-apps\/"]}]},{"@type":"ImageObject","inLanguage":"es-ES","@id":"https:\/\/www.aflyon.org\/es\/produit\/epreuve-du-daefle-specialisation-fle-enf-fos-apps\/#primaryimage","url":"https:\/\/www.aflyon.org\/app\/uploads\/2026\/01\/daefle_1.png","contentUrl":"https:\/\/www.aflyon.org\/app\/uploads\/2026\/01\/daefle_1.png","width":515,"height":466},{"@type":"BreadcrumbList","@id":"https:\/\/www.aflyon.org\/es\/produit\/epreuve-du-daefle-specialisation-fle-enf-fos-apps\/#breadcrumb","itemListElement":[{"@type":"ListItem","position":1,"name":"Inicio","item":"https:\/\/www.aflyon.org\/es\/"},{"@type":"ListItem","position":2,"name":"Boutique","item":"https:\/\/www.aflyon.org\/boutique\/"},{"@type":"ListItem","position":3,"name":"Prueba del DAEFLE \u2013 Sp\u00e9cialisation FLE: ENF\/FOS\/APPS"}]},{"@type":"WebSite","@id":"https:\/\/www.aflyon.org\/es\/#website","url":"https:\/\/www.aflyon.org\/es\/","name":"Alliance Fran\u00e7aise de Lyon","description":"","potentialAction":[{"@type":"SearchAction","target":{"@type":"EntryPoint","urlTemplate":"https:\/\/www.aflyon.org\/es\/?s={search_term_string}"},"query-input":{"@type":"PropertyValueSpecification","valueRequired":true,"valueName":"search_term_string"}}],"inLanguage":"es-ES"}]}},"_links":{"self":[{"href":"https:\/\/www.aflyon.org\/es\/wp-json\/wp\/v2\/product\/3689","targetHints":{"allow":["GET"]}}],"collection":[{"href":"https:\/\/www.aflyon.org\/es\/wp-json\/wp\/v2\/product"}],"about":[{"href":"https:\/\/www.aflyon.org\/es\/wp-json\/wp\/v2\/types\/product"}],"wp:featuredmedia":[{"embeddable":true,"href":"https:\/\/www.aflyon.org\/es\/wp-json\/wp\/v2\/media\/3674"}],"wp:attachment":[{"href":"https:\/\/www.aflyon.org\/es\/wp-json\/wp\/v2\/media?parent=3689"}],"wp:term":[{"taxonomy":"product_brand","embeddable":true,"href":"https:\/\/www.aflyon.org\/es\/wp-json\/wp\/v2\/product_brand?post=3689"},{"taxonomy":"product_cat","embeddable":true,"href":"https:\/\/www.aflyon.org\/es\/wp-json\/wp\/v2\/product_cat?post=3689"},{"taxonomy":"product_tag","embeddable":true,"href":"https:\/\/www.aflyon.org\/es\/wp-json\/wp\/v2\/product_tag?post=3689"}],"curies":[{"name":"wp","href":"https:\/\/api.w.org\/{rel}","templated":true}]}}