{"id":3681,"date":"2026-01-16T12:55:40","date_gmt":"2026-01-16T11:55:40","guid":{"rendered":"https:\/\/www.aflyon.org\/produit\/epreuve-du-daefle-examen-final\/"},"modified":"2026-04-07T08:36:22","modified_gmt":"2026-04-07T06:36:22","slug":"epreuve-du-daefle-examen-final","status":"publish","type":"product","link":"https:\/\/www.aflyon.org\/es\/produit\/epreuve-du-daefle-examen-final\/","title":{"rendered":"Prueba del DAEFLE \u2013 Examen final"},"content":{"rendered":"<p>El D<strong>AEFLE<\/strong> (Dipl\u00f4me d\u2019Aptitude \u00e0 l\u2019Enseignement du Fran\u00e7ais Langue \u00c9trang\u00e8re) es una certificaci\u00f3n profesional propuesta por la <strong>Alliance Fran\u00e7aise de Paris<\/strong> y el <strong>CNED<\/strong>.<\/p>\n<p>El diploma se compone de <strong>cinco bloques de competencias fundamentales<\/strong>:<\/p>\n<ul>\n<li><strong>A<\/strong><strong>ccompagner les apprenants par l\u2019\u00e9valuatio<\/strong><strong>n<\/strong>: utilizar la evaluaci\u00f3n como herramienta pedag\u00f3gica<\/li>\n<li><strong>Animer une cours<\/strong>: conducir una sesi\u00f3n de ense\u00f1anza del franc\u00e9s como lengua extranjera<\/li>\n<li><strong>\u00c9voluer dans son milieu professionnel<\/strong>: adaptarse y progresar en su ambiente laboral<\/li>\n<li><strong>Favoriser l\u2019acquisition de la prononciation<\/strong>: ayudar a los aprendientes a mejorar su pronunciaci\u00f3n y fluidez oral<\/li>\n<li><strong>Pr\u00e9parer un cours<\/strong>: dise\u00f1ar y organizar una sesi\u00f3n de franc\u00e9s como lengua extranjera<\/li>\n<\/ul>\n<p>Y un bloque de especializaci\u00f3n de entre los siguientes:<\/p>\n<ul>\n<li><strong>Enseigner le FLE aux enfants<\/strong> (FLE ENF): adaptar las pr\u00e1cticas docentes a las necesidades y al ritmo de aprendizaje de los ni\u00f1os que aprenden franc\u00e9s<\/li>\n<li><strong>Enseigner le F<\/strong><strong>ran\u00e7ais sur Objectifs Sp\u00e9cifiques<\/strong> (FOS): dise\u00f1ar e impartir cursos de franc\u00e9s adaptados a un \u00e1mbito profesional o t\u00e9cnico espec\u00edfico<\/li>\n<li><strong>Enseigner le fran\u00e7ais aux Adultes Peu ou Pas Scolaris\u00e9s<\/strong> (APPS): apoyar a los adultos con poca o ninguna educaci\u00f3n formal, teniendo en cuenta su nivel de alfabetizaci\u00f3n y sus necesidades espec\u00edficas<\/li>\n<\/ul>\n","protected":false},"excerpt":{"rendered":"<p>Inscribirse al DAEFLE \u2013 Examen final<\/p>\n","protected":false},"featured_media":3674,"template":"","meta":{"_acf_changed":false},"product_brand":[],"product_cat":[195,196],"product_tag":[],"class_list":{"0":"post-3681","1":"product","2":"type-product","3":"status-publish","4":"has-post-thumbnail","6":"product_cat-centro-de-examenes","7":"product_cat-ensenar-frances","9":"first","10":"instock","11":"sold-individually","12":"shipping-taxable","13":"purchasable","14":"product-type-variable"},"acf":[],"yoast_head":"<!-- This site is optimized with the Yoast SEO plugin v26.7 - https:\/\/yoast.com\/wordpress\/plugins\/seo\/ -->\n<title>Prueba del DAEFLE \u2013 Examen final - Alliance Fran\u00e7aise de Lyon<\/title>\n<meta name=\"description\" content=\"El DAEFLE, propuesto por la Alliance Fran\u00e7aise, le prepara para ense\u00f1ar franc\u00e9s como lengua extranjera. \u00a1Desarrolle sus competencias y elija su especializaci\u00f3n!\" \/>\n<meta name=\"robots\" content=\"index, follow, max-snippet:-1, max-image-preview:large, max-video-preview:-1\" \/>\n<link rel=\"canonical\" href=\"https:\/\/www.aflyon.org\/es\/produit\/epreuve-du-daefle-examen-final\/\" \/>\n<meta property=\"og:locale\" content=\"es_ES\" \/>\n<meta property=\"og:type\" content=\"article\" \/>\n<meta property=\"og:title\" content=\"Prueba del DAEFLE \u2013 Examen final - Alliance Fran\u00e7aise de Lyon\" \/>\n<meta property=\"og:description\" content=\"El DAEFLE, propuesto por la Alliance Fran\u00e7aise, le prepara para ense\u00f1ar franc\u00e9s como lengua extranjera. \u00a1Desarrolle sus competencias y elija su especializaci\u00f3n!\" \/>\n<meta property=\"og:url\" content=\"https:\/\/www.aflyon.org\/es\/produit\/epreuve-du-daefle-examen-final\/\" \/>\n<meta property=\"og:site_name\" content=\"Alliance Fran\u00e7aise de Lyon\" \/>\n<meta property=\"article:modified_time\" content=\"2026-04-07T06:36:22+00:00\" \/>\n<meta property=\"og:image\" content=\"https:\/\/www.aflyon.org\/app\/uploads\/2026\/01\/daefle_1.png\" \/>\n\t<meta property=\"og:image:width\" content=\"515\" \/>\n\t<meta property=\"og:image:height\" content=\"466\" \/>\n\t<meta property=\"og:image:type\" content=\"image\/png\" \/>\n<meta name=\"twitter:card\" content=\"summary_large_image\" \/>\n<meta name=\"twitter:label1\" content=\"Est. reading time\" \/>\n\t<meta name=\"twitter:data1\" content=\"4 minutes\" \/>\n<script type=\"application\/ld+json\" class=\"yoast-schema-graph\">{\"@context\":\"https:\/\/schema.org\",\"@graph\":[{\"@type\":\"WebPage\",\"@id\":\"https:\/\/www.aflyon.org\/es\/produit\/epreuve-du-daefle-examen-final\/\",\"url\":\"https:\/\/www.aflyon.org\/es\/produit\/epreuve-du-daefle-examen-final\/\",\"name\":\"Prueba del DAEFLE \u2013 Examen final - Alliance Fran\u00e7aise de Lyon\",\"isPartOf\":{\"@id\":\"https:\/\/www.aflyon.org\/es\/#website\"},\"primaryImageOfPage\":{\"@id\":\"https:\/\/www.aflyon.org\/es\/produit\/epreuve-du-daefle-examen-final\/#primaryimage\"},\"image\":{\"@id\":\"https:\/\/www.aflyon.org\/es\/produit\/epreuve-du-daefle-examen-final\/#primaryimage\"},\"thumbnailUrl\":\"https:\/\/www.aflyon.org\/app\/uploads\/2026\/01\/daefle_1.png\",\"datePublished\":\"2026-01-16T11:55:40+00:00\",\"dateModified\":\"2026-04-07T06:36:22+00:00\",\"description\":\"El DAEFLE, propuesto por la Alliance Fran\u00e7aise, le prepara para ense\u00f1ar franc\u00e9s como lengua extranjera. \u00a1Desarrolle sus competencias y elija su especializaci\u00f3n!\",\"breadcrumb\":{\"@id\":\"https:\/\/www.aflyon.org\/es\/produit\/epreuve-du-daefle-examen-final\/#breadcrumb\"},\"inLanguage\":\"es-ES\",\"potentialAction\":[{\"@type\":\"ReadAction\",\"target\":[\"https:\/\/www.aflyon.org\/es\/produit\/epreuve-du-daefle-examen-final\/\"]}]},{\"@type\":\"ImageObject\",\"inLanguage\":\"es-ES\",\"@id\":\"https:\/\/www.aflyon.org\/es\/produit\/epreuve-du-daefle-examen-final\/#primaryimage\",\"url\":\"https:\/\/www.aflyon.org\/app\/uploads\/2026\/01\/daefle_1.png\",\"contentUrl\":\"https:\/\/www.aflyon.org\/app\/uploads\/2026\/01\/daefle_1.png\",\"width\":515,\"height\":466},{\"@type\":\"BreadcrumbList\",\"@id\":\"https:\/\/www.aflyon.org\/es\/produit\/epreuve-du-daefle-examen-final\/#breadcrumb\",\"itemListElement\":[{\"@type\":\"ListItem\",\"position\":1,\"name\":\"Inicio\",\"item\":\"https:\/\/www.aflyon.org\/es\/\"},{\"@type\":\"ListItem\",\"position\":2,\"name\":\"Boutique\",\"item\":\"https:\/\/www.aflyon.org\/boutique\/\"},{\"@type\":\"ListItem\",\"position\":3,\"name\":\"Prueba del DAEFLE \u2013 Examen final\"}]},{\"@type\":\"WebSite\",\"@id\":\"https:\/\/www.aflyon.org\/es\/#website\",\"url\":\"https:\/\/www.aflyon.org\/es\/\",\"name\":\"Alliance Fran\u00e7aise de Lyon\",\"description\":\"\",\"potentialAction\":[{\"@type\":\"SearchAction\",\"target\":{\"@type\":\"EntryPoint\",\"urlTemplate\":\"https:\/\/www.aflyon.org\/es\/?s={search_term_string}\"},\"query-input\":{\"@type\":\"PropertyValueSpecification\",\"valueRequired\":true,\"valueName\":\"search_term_string\"}}],\"inLanguage\":\"es-ES\"}]}<\/script>\n<!-- \/ Yoast SEO plugin. -->","yoast_head_json":{"title":"Prueba del DAEFLE \u2013 Examen final - Alliance Fran\u00e7aise de Lyon","description":"El DAEFLE, propuesto por la Alliance Fran\u00e7aise, le prepara para ense\u00f1ar franc\u00e9s como lengua extranjera. \u00a1Desarrolle sus competencias y elija su especializaci\u00f3n!","robots":{"index":"index","follow":"follow","max-snippet":"max-snippet:-1","max-image-preview":"max-image-preview:large","max-video-preview":"max-video-preview:-1"},"canonical":"https:\/\/www.aflyon.org\/es\/produit\/epreuve-du-daefle-examen-final\/","og_locale":"es_ES","og_type":"article","og_title":"Prueba del DAEFLE \u2013 Examen final - Alliance Fran\u00e7aise de Lyon","og_description":"El DAEFLE, propuesto por la Alliance Fran\u00e7aise, le prepara para ense\u00f1ar franc\u00e9s como lengua extranjera. \u00a1Desarrolle sus competencias y elija su especializaci\u00f3n!","og_url":"https:\/\/www.aflyon.org\/es\/produit\/epreuve-du-daefle-examen-final\/","og_site_name":"Alliance Fran\u00e7aise de Lyon","article_modified_time":"2026-04-07T06:36:22+00:00","og_image":[{"width":515,"height":466,"url":"https:\/\/www.aflyon.org\/app\/uploads\/2026\/01\/daefle_1.png","type":"image\/png"}],"twitter_card":"summary_large_image","twitter_misc":{"Est. reading time":"4 minutes"},"schema":{"@context":"https:\/\/schema.org","@graph":[{"@type":"WebPage","@id":"https:\/\/www.aflyon.org\/es\/produit\/epreuve-du-daefle-examen-final\/","url":"https:\/\/www.aflyon.org\/es\/produit\/epreuve-du-daefle-examen-final\/","name":"Prueba del DAEFLE \u2013 Examen final - Alliance Fran\u00e7aise de Lyon","isPartOf":{"@id":"https:\/\/www.aflyon.org\/es\/#website"},"primaryImageOfPage":{"@id":"https:\/\/www.aflyon.org\/es\/produit\/epreuve-du-daefle-examen-final\/#primaryimage"},"image":{"@id":"https:\/\/www.aflyon.org\/es\/produit\/epreuve-du-daefle-examen-final\/#primaryimage"},"thumbnailUrl":"https:\/\/www.aflyon.org\/app\/uploads\/2026\/01\/daefle_1.png","datePublished":"2026-01-16T11:55:40+00:00","dateModified":"2026-04-07T06:36:22+00:00","description":"El DAEFLE, propuesto por la Alliance Fran\u00e7aise, le prepara para ense\u00f1ar franc\u00e9s como lengua extranjera. \u00a1Desarrolle sus competencias y elija su especializaci\u00f3n!","breadcrumb":{"@id":"https:\/\/www.aflyon.org\/es\/produit\/epreuve-du-daefle-examen-final\/#breadcrumb"},"inLanguage":"es-ES","potentialAction":[{"@type":"ReadAction","target":["https:\/\/www.aflyon.org\/es\/produit\/epreuve-du-daefle-examen-final\/"]}]},{"@type":"ImageObject","inLanguage":"es-ES","@id":"https:\/\/www.aflyon.org\/es\/produit\/epreuve-du-daefle-examen-final\/#primaryimage","url":"https:\/\/www.aflyon.org\/app\/uploads\/2026\/01\/daefle_1.png","contentUrl":"https:\/\/www.aflyon.org\/app\/uploads\/2026\/01\/daefle_1.png","width":515,"height":466},{"@type":"BreadcrumbList","@id":"https:\/\/www.aflyon.org\/es\/produit\/epreuve-du-daefle-examen-final\/#breadcrumb","itemListElement":[{"@type":"ListItem","position":1,"name":"Inicio","item":"https:\/\/www.aflyon.org\/es\/"},{"@type":"ListItem","position":2,"name":"Boutique","item":"https:\/\/www.aflyon.org\/boutique\/"},{"@type":"ListItem","position":3,"name":"Prueba del DAEFLE \u2013 Examen final"}]},{"@type":"WebSite","@id":"https:\/\/www.aflyon.org\/es\/#website","url":"https:\/\/www.aflyon.org\/es\/","name":"Alliance Fran\u00e7aise de Lyon","description":"","potentialAction":[{"@type":"SearchAction","target":{"@type":"EntryPoint","urlTemplate":"https:\/\/www.aflyon.org\/es\/?s={search_term_string}"},"query-input":{"@type":"PropertyValueSpecification","valueRequired":true,"valueName":"search_term_string"}}],"inLanguage":"es-ES"}]}},"_links":{"self":[{"href":"https:\/\/www.aflyon.org\/es\/wp-json\/wp\/v2\/product\/3681","targetHints":{"allow":["GET"]}}],"collection":[{"href":"https:\/\/www.aflyon.org\/es\/wp-json\/wp\/v2\/product"}],"about":[{"href":"https:\/\/www.aflyon.org\/es\/wp-json\/wp\/v2\/types\/product"}],"wp:featuredmedia":[{"embeddable":true,"href":"https:\/\/www.aflyon.org\/es\/wp-json\/wp\/v2\/media\/3674"}],"wp:attachment":[{"href":"https:\/\/www.aflyon.org\/es\/wp-json\/wp\/v2\/media?parent=3681"}],"wp:term":[{"taxonomy":"product_brand","embeddable":true,"href":"https:\/\/www.aflyon.org\/es\/wp-json\/wp\/v2\/product_brand?post=3681"},{"taxonomy":"product_cat","embeddable":true,"href":"https:\/\/www.aflyon.org\/es\/wp-json\/wp\/v2\/product_cat?post=3681"},{"taxonomy":"product_tag","embeddable":true,"href":"https:\/\/www.aflyon.org\/es\/wp-json\/wp\/v2\/product_tag?post=3681"}],"curies":[{"name":"wp","href":"https:\/\/api.w.org\/{rel}","templated":true}]}}