{"id":3675,"date":"2026-01-16T12:41:04","date_gmt":"2026-01-16T11:41:04","guid":{"rendered":"https:\/\/www.aflyon.org\/produit\/prueba-del-daefle-acompanar-a-los-aprendientes-mediante-la-evaluacion\/"},"modified":"2026-04-07T08:35:33","modified_gmt":"2026-04-07T06:35:33","slug":"prueba-del-daefle-acompanar-a-los-aprendientes-mediante-la-evaluacion","status":"publish","type":"product","link":"https:\/\/www.aflyon.org\/es\/produit\/prueba-del-daefle-acompanar-a-los-aprendientes-mediante-la-evaluacion\/","title":{"rendered":"Prueba del DAEFLE \u2013 Accompagner les apprenants par l&#8217;\u00e9valuation"},"content":{"rendered":"<p>El D<strong>AEFLE <\/strong>(Dipl\u00f4me d\u2019Aptitude \u00e0 l\u2019Enseignement du Fran\u00e7ais Langue \u00c9trang\u00e8re) es una certificaci\u00f3n profesional propuesta por la <strong>Alliance Fran\u00e7aise de Paris<\/strong> y el <strong>CNED<\/strong>.<\/p>\n<p>La prueba \u00ab<strong>Accompagner les apprenants par l&#8217;\u00e9valuation<\/strong>\u00bb permite evaluar la capacidad del candidato para <strong>utilizar la evaluaci\u00f3n como herramienta pedag\u00f3gica<\/strong>, poniendo en pr\u00e1ctica las competencias adquiridas en el marco del DAEFLE.<\/p>\n<p>Esta prueba est\u00e1 dirigida a personas que hayan validado los requisitos previos de la formaci\u00f3n DAEFLE:<\/p>\n<ul>\n<li>Haber aprobado la <strong>prueba de acceso a la formaci\u00f3n DAEFLE<\/strong><\/li>\n<li>Haber seguido la formaci\u00f3n del CNED y haber obtenido como m\u00ednimo 20 puntos sobre 55 en la evaluaci\u00f3n continua<\/li>\n<\/ul>\n","protected":false},"excerpt":{"rendered":"<p>Inscribirse al DAEFLE \u2013 Acompa\u00f1ar a los aprendientes<\/p>\n","protected":false},"featured_media":3674,"template":"","meta":{"_acf_changed":false},"product_brand":[],"product_cat":[195,196],"product_tag":[],"class_list":{"0":"post-3675","1":"product","2":"type-product","3":"status-publish","4":"has-post-thumbnail","6":"product_cat-centro-de-examenes","7":"product_cat-ensenar-frances","9":"first","10":"instock","11":"sold-individually","12":"shipping-taxable","13":"purchasable","14":"product-type-variable"},"acf":[],"yoast_head":"<!-- This site is optimized with the Yoast SEO plugin v26.7 - https:\/\/yoast.com\/wordpress\/plugins\/seo\/ -->\n<title>Prueba del DAEFLE \u2013 Accompagner les apprenants par l&#039;\u00e9valuation - Alliance Fran\u00e7aise de Lyon<\/title>\n<meta name=\"description\" content=\"Descubra el DAEFLE, una certificaci\u00f3n de la Alliance Fran\u00e7aise. Eval\u00fae sus competencias pedag\u00f3gicas con la prueba sobre la evaluaci\u00f3n de los aprendientes.\" \/>\n<meta name=\"robots\" content=\"index, follow, max-snippet:-1, max-image-preview:large, max-video-preview:-1\" \/>\n<link rel=\"canonical\" href=\"https:\/\/www.aflyon.org\/es\/produit\/prueba-del-daefle-acompanar-a-los-aprendientes-mediante-la-evaluacion\/\" \/>\n<meta property=\"og:locale\" content=\"es_ES\" \/>\n<meta property=\"og:type\" content=\"article\" \/>\n<meta property=\"og:title\" content=\"Prueba del DAEFLE \u2013 Accompagner les apprenants par l&#039;\u00e9valuation - Alliance Fran\u00e7aise de Lyon\" \/>\n<meta property=\"og:description\" content=\"Descubra el DAEFLE, una certificaci\u00f3n de la Alliance Fran\u00e7aise. Eval\u00fae sus competencias pedag\u00f3gicas con la prueba sobre la evaluaci\u00f3n de los aprendientes.\" \/>\n<meta property=\"og:url\" content=\"https:\/\/www.aflyon.org\/es\/produit\/prueba-del-daefle-acompanar-a-los-aprendientes-mediante-la-evaluacion\/\" \/>\n<meta property=\"og:site_name\" content=\"Alliance Fran\u00e7aise de Lyon\" \/>\n<meta property=\"article:modified_time\" content=\"2026-04-07T06:35:33+00:00\" \/>\n<meta property=\"og:image\" content=\"https:\/\/www.aflyon.org\/app\/uploads\/2026\/01\/daefle_1.png\" \/>\n\t<meta property=\"og:image:width\" content=\"515\" \/>\n\t<meta property=\"og:image:height\" content=\"466\" \/>\n\t<meta property=\"og:image:type\" content=\"image\/png\" \/>\n<meta name=\"twitter:card\" content=\"summary_large_image\" \/>\n<meta name=\"twitter:label1\" content=\"Est. reading time\" \/>\n\t<meta name=\"twitter:data1\" content=\"3 minutes\" \/>\n<script type=\"application\/ld+json\" class=\"yoast-schema-graph\">{\"@context\":\"https:\/\/schema.org\",\"@graph\":[{\"@type\":\"WebPage\",\"@id\":\"https:\/\/www.aflyon.org\/es\/produit\/prueba-del-daefle-acompanar-a-los-aprendientes-mediante-la-evaluacion\/\",\"url\":\"https:\/\/www.aflyon.org\/es\/produit\/prueba-del-daefle-acompanar-a-los-aprendientes-mediante-la-evaluacion\/\",\"name\":\"Prueba del DAEFLE \u2013 Accompagner les apprenants par l'\u00e9valuation - Alliance Fran\u00e7aise de Lyon\",\"isPartOf\":{\"@id\":\"https:\/\/www.aflyon.org\/es\/#website\"},\"primaryImageOfPage\":{\"@id\":\"https:\/\/www.aflyon.org\/es\/produit\/prueba-del-daefle-acompanar-a-los-aprendientes-mediante-la-evaluacion\/#primaryimage\"},\"image\":{\"@id\":\"https:\/\/www.aflyon.org\/es\/produit\/prueba-del-daefle-acompanar-a-los-aprendientes-mediante-la-evaluacion\/#primaryimage\"},\"thumbnailUrl\":\"https:\/\/www.aflyon.org\/app\/uploads\/2026\/01\/daefle_1.png\",\"datePublished\":\"2026-01-16T11:41:04+00:00\",\"dateModified\":\"2026-04-07T06:35:33+00:00\",\"description\":\"Descubra el DAEFLE, una certificaci\u00f3n de la Alliance Fran\u00e7aise. Eval\u00fae sus competencias pedag\u00f3gicas con la prueba sobre la evaluaci\u00f3n de los aprendientes.\",\"breadcrumb\":{\"@id\":\"https:\/\/www.aflyon.org\/es\/produit\/prueba-del-daefle-acompanar-a-los-aprendientes-mediante-la-evaluacion\/#breadcrumb\"},\"inLanguage\":\"es-ES\",\"potentialAction\":[{\"@type\":\"ReadAction\",\"target\":[\"https:\/\/www.aflyon.org\/es\/produit\/prueba-del-daefle-acompanar-a-los-aprendientes-mediante-la-evaluacion\/\"]}]},{\"@type\":\"ImageObject\",\"inLanguage\":\"es-ES\",\"@id\":\"https:\/\/www.aflyon.org\/es\/produit\/prueba-del-daefle-acompanar-a-los-aprendientes-mediante-la-evaluacion\/#primaryimage\",\"url\":\"https:\/\/www.aflyon.org\/app\/uploads\/2026\/01\/daefle_1.png\",\"contentUrl\":\"https:\/\/www.aflyon.org\/app\/uploads\/2026\/01\/daefle_1.png\",\"width\":515,\"height\":466},{\"@type\":\"BreadcrumbList\",\"@id\":\"https:\/\/www.aflyon.org\/es\/produit\/prueba-del-daefle-acompanar-a-los-aprendientes-mediante-la-evaluacion\/#breadcrumb\",\"itemListElement\":[{\"@type\":\"ListItem\",\"position\":1,\"name\":\"Inicio\",\"item\":\"https:\/\/www.aflyon.org\/es\/\"},{\"@type\":\"ListItem\",\"position\":2,\"name\":\"Boutique\",\"item\":\"https:\/\/www.aflyon.org\/boutique\/\"},{\"@type\":\"ListItem\",\"position\":3,\"name\":\"Prueba del DAEFLE \u2013 Accompagner les apprenants par l&rsquo;\u00e9valuation\"}]},{\"@type\":\"WebSite\",\"@id\":\"https:\/\/www.aflyon.org\/es\/#website\",\"url\":\"https:\/\/www.aflyon.org\/es\/\",\"name\":\"Alliance Fran\u00e7aise de Lyon\",\"description\":\"\",\"potentialAction\":[{\"@type\":\"SearchAction\",\"target\":{\"@type\":\"EntryPoint\",\"urlTemplate\":\"https:\/\/www.aflyon.org\/es\/?s={search_term_string}\"},\"query-input\":{\"@type\":\"PropertyValueSpecification\",\"valueRequired\":true,\"valueName\":\"search_term_string\"}}],\"inLanguage\":\"es-ES\"}]}<\/script>\n<!-- \/ Yoast SEO plugin. -->","yoast_head_json":{"title":"Prueba del DAEFLE \u2013 Accompagner les apprenants par l'\u00e9valuation - Alliance Fran\u00e7aise de Lyon","description":"Descubra el DAEFLE, una certificaci\u00f3n de la Alliance Fran\u00e7aise. Eval\u00fae sus competencias pedag\u00f3gicas con la prueba sobre la evaluaci\u00f3n de los aprendientes.","robots":{"index":"index","follow":"follow","max-snippet":"max-snippet:-1","max-image-preview":"max-image-preview:large","max-video-preview":"max-video-preview:-1"},"canonical":"https:\/\/www.aflyon.org\/es\/produit\/prueba-del-daefle-acompanar-a-los-aprendientes-mediante-la-evaluacion\/","og_locale":"es_ES","og_type":"article","og_title":"Prueba del DAEFLE \u2013 Accompagner les apprenants par l'\u00e9valuation - Alliance Fran\u00e7aise de Lyon","og_description":"Descubra el DAEFLE, una certificaci\u00f3n de la Alliance Fran\u00e7aise. Eval\u00fae sus competencias pedag\u00f3gicas con la prueba sobre la evaluaci\u00f3n de los aprendientes.","og_url":"https:\/\/www.aflyon.org\/es\/produit\/prueba-del-daefle-acompanar-a-los-aprendientes-mediante-la-evaluacion\/","og_site_name":"Alliance Fran\u00e7aise de Lyon","article_modified_time":"2026-04-07T06:35:33+00:00","og_image":[{"width":515,"height":466,"url":"https:\/\/www.aflyon.org\/app\/uploads\/2026\/01\/daefle_1.png","type":"image\/png"}],"twitter_card":"summary_large_image","twitter_misc":{"Est. reading time":"3 minutes"},"schema":{"@context":"https:\/\/schema.org","@graph":[{"@type":"WebPage","@id":"https:\/\/www.aflyon.org\/es\/produit\/prueba-del-daefle-acompanar-a-los-aprendientes-mediante-la-evaluacion\/","url":"https:\/\/www.aflyon.org\/es\/produit\/prueba-del-daefle-acompanar-a-los-aprendientes-mediante-la-evaluacion\/","name":"Prueba del DAEFLE \u2013 Accompagner les apprenants par l'\u00e9valuation - Alliance Fran\u00e7aise de Lyon","isPartOf":{"@id":"https:\/\/www.aflyon.org\/es\/#website"},"primaryImageOfPage":{"@id":"https:\/\/www.aflyon.org\/es\/produit\/prueba-del-daefle-acompanar-a-los-aprendientes-mediante-la-evaluacion\/#primaryimage"},"image":{"@id":"https:\/\/www.aflyon.org\/es\/produit\/prueba-del-daefle-acompanar-a-los-aprendientes-mediante-la-evaluacion\/#primaryimage"},"thumbnailUrl":"https:\/\/www.aflyon.org\/app\/uploads\/2026\/01\/daefle_1.png","datePublished":"2026-01-16T11:41:04+00:00","dateModified":"2026-04-07T06:35:33+00:00","description":"Descubra el DAEFLE, una certificaci\u00f3n de la Alliance Fran\u00e7aise. Eval\u00fae sus competencias pedag\u00f3gicas con la prueba sobre la evaluaci\u00f3n de los aprendientes.","breadcrumb":{"@id":"https:\/\/www.aflyon.org\/es\/produit\/prueba-del-daefle-acompanar-a-los-aprendientes-mediante-la-evaluacion\/#breadcrumb"},"inLanguage":"es-ES","potentialAction":[{"@type":"ReadAction","target":["https:\/\/www.aflyon.org\/es\/produit\/prueba-del-daefle-acompanar-a-los-aprendientes-mediante-la-evaluacion\/"]}]},{"@type":"ImageObject","inLanguage":"es-ES","@id":"https:\/\/www.aflyon.org\/es\/produit\/prueba-del-daefle-acompanar-a-los-aprendientes-mediante-la-evaluacion\/#primaryimage","url":"https:\/\/www.aflyon.org\/app\/uploads\/2026\/01\/daefle_1.png","contentUrl":"https:\/\/www.aflyon.org\/app\/uploads\/2026\/01\/daefle_1.png","width":515,"height":466},{"@type":"BreadcrumbList","@id":"https:\/\/www.aflyon.org\/es\/produit\/prueba-del-daefle-acompanar-a-los-aprendientes-mediante-la-evaluacion\/#breadcrumb","itemListElement":[{"@type":"ListItem","position":1,"name":"Inicio","item":"https:\/\/www.aflyon.org\/es\/"},{"@type":"ListItem","position":2,"name":"Boutique","item":"https:\/\/www.aflyon.org\/boutique\/"},{"@type":"ListItem","position":3,"name":"Prueba del DAEFLE \u2013 Accompagner les apprenants par l&rsquo;\u00e9valuation"}]},{"@type":"WebSite","@id":"https:\/\/www.aflyon.org\/es\/#website","url":"https:\/\/www.aflyon.org\/es\/","name":"Alliance Fran\u00e7aise de Lyon","description":"","potentialAction":[{"@type":"SearchAction","target":{"@type":"EntryPoint","urlTemplate":"https:\/\/www.aflyon.org\/es\/?s={search_term_string}"},"query-input":{"@type":"PropertyValueSpecification","valueRequired":true,"valueName":"search_term_string"}}],"inLanguage":"es-ES"}]}},"_links":{"self":[{"href":"https:\/\/www.aflyon.org\/es\/wp-json\/wp\/v2\/product\/3675","targetHints":{"allow":["GET"]}}],"collection":[{"href":"https:\/\/www.aflyon.org\/es\/wp-json\/wp\/v2\/product"}],"about":[{"href":"https:\/\/www.aflyon.org\/es\/wp-json\/wp\/v2\/types\/product"}],"wp:featuredmedia":[{"embeddable":true,"href":"https:\/\/www.aflyon.org\/es\/wp-json\/wp\/v2\/media\/3674"}],"wp:attachment":[{"href":"https:\/\/www.aflyon.org\/es\/wp-json\/wp\/v2\/media?parent=3675"}],"wp:term":[{"taxonomy":"product_brand","embeddable":true,"href":"https:\/\/www.aflyon.org\/es\/wp-json\/wp\/v2\/product_brand?post=3675"},{"taxonomy":"product_cat","embeddable":true,"href":"https:\/\/www.aflyon.org\/es\/wp-json\/wp\/v2\/product_cat?post=3675"},{"taxonomy":"product_tag","embeddable":true,"href":"https:\/\/www.aflyon.org\/es\/wp-json\/wp\/v2\/product_tag?post=3675"}],"curies":[{"name":"wp","href":"https:\/\/api.w.org\/{rel}","templated":true}]}}