{"id":3671,"date":"2026-01-16T12:26:58","date_gmt":"2026-01-16T11:26:58","guid":{"rendered":"https:\/\/www.aflyon.org\/produit\/examen-tcf-canada\/"},"modified":"2026-04-14T12:34:49","modified_gmt":"2026-04-14T10:34:49","slug":"examen-tcf-canada","status":"publish","type":"product","link":"https:\/\/www.aflyon.org\/es\/produit\/examen-tcf-canada\/","title":{"rendered":"Examen TCF Canada"},"content":{"rendered":"<p>El <strong>Test de Connaissance du Fran\u00e7ais pour le Canada<\/strong> <strong>(TCF Canada)<\/strong> es un examen oficial de <strong>France \u00c9ducation International<\/strong>. Eval\u00faa las competencias de <strong>comprensi\u00f3n<\/strong> y <strong>expresi\u00f3n, oral y escrita,<\/strong> desde el nivel A1 hasta el C2 del MCER.<\/p>\n<p>El TCF Canada est\u00e1 dirigido a toda persona de 16 a\u00f1os o m\u00e1s que desee certificar su nivel de franc\u00e9s en los siguientes casos:<\/p>\n<ul>\n<li><strong>Solicitud de inmigraci\u00f3n econ\u00f3mica<\/strong> a Canad\u00e1<\/li>\n<li><strong>Solicitud de ciudadan\u00eda canadiense<\/strong><\/li>\n<li><strong>Inmigraci\u00f3n a Quebec <\/strong>(reconocido por el MIFI; Ministerio de Inclusi\u00f3n, Francizaci\u00f3n e Inmigraci\u00f3n)<\/li>\n<\/ul>\n<p>Este examen tiene una <strong>validez de 2 a\u00f1os<\/strong> y est\u00e1 reconocido por <strong>Inmigraci\u00f3n, Refugiados y Ciudadan\u00eda de Canad\u00e1 (IRCC)<\/strong> y el <strong>MIFI<\/strong>.<\/p>\n<p><strong>Requisito previo<\/strong>: debe transcurrir un plazo m\u00ednimo de <strong>20 d\u00edas<\/strong> entre dos sesiones del TCF.<\/p>\n","protected":false},"excerpt":{"rendered":"<p>Inscribirse en el TCF Canada<\/p>\n","protected":false},"featured_media":59306,"template":"","meta":{"_acf_changed":false},"product_brand":[],"product_cat":[195,199],"product_tag":[],"class_list":{"0":"post-3671","1":"product","2":"type-product","3":"status-publish","4":"has-post-thumbnail","6":"product_cat-centro-de-examenes","7":"product_cat-para-justificar-su-nivel-de-frances","9":"first","10":"instock","11":"sold-individually","12":"shipping-taxable","13":"purchasable","14":"product-type-variable"},"acf":[],"yoast_head":"<!-- This site is optimized with the Yoast SEO plugin v26.7 - https:\/\/yoast.com\/wordpress\/plugins\/seo\/ -->\n<title>Examen TCF Canada - Alliance Fran\u00e7aise de Lyon<\/title>\n<meta name=\"description\" content=\"El TCF Canada, examen oficial de France \u00c9ducation International, certifica su nivel de franc\u00e9s para la inmigraci\u00f3n y la ciudadan\u00eda. Reconocido por el MIFI y el IRCC.\" \/>\n<meta name=\"robots\" content=\"index, follow, max-snippet:-1, max-image-preview:large, max-video-preview:-1\" \/>\n<link rel=\"canonical\" href=\"https:\/\/www.aflyon.org\/es\/produit\/examen-tcf-canada\/\" \/>\n<meta property=\"og:locale\" content=\"es_ES\" \/>\n<meta property=\"og:type\" content=\"article\" \/>\n<meta property=\"og:title\" content=\"Examen TCF Canada - Alliance Fran\u00e7aise de Lyon\" \/>\n<meta property=\"og:description\" content=\"El TCF Canada, examen oficial de France \u00c9ducation International, certifica su nivel de franc\u00e9s para la inmigraci\u00f3n y la ciudadan\u00eda. Reconocido por el MIFI y el IRCC.\" \/>\n<meta property=\"og:url\" content=\"https:\/\/www.aflyon.org\/es\/produit\/examen-tcf-canada\/\" \/>\n<meta property=\"og:site_name\" content=\"Alliance Fran\u00e7aise de Lyon\" \/>\n<meta property=\"article:modified_time\" content=\"2026-04-14T10:34:49+00:00\" \/>\n<meta property=\"og:image\" content=\"https:\/\/www.aflyon.org\/app\/uploads\/2026\/01\/tcf_canada_1-1.png\" \/>\n\t<meta property=\"og:image:width\" content=\"515\" \/>\n\t<meta property=\"og:image:height\" content=\"466\" \/>\n\t<meta property=\"og:image:type\" content=\"image\/png\" \/>\n<meta name=\"twitter:card\" content=\"summary_large_image\" \/>\n<meta name=\"twitter:label1\" content=\"Est. reading time\" \/>\n\t<meta name=\"twitter:data1\" content=\"3 minutes\" \/>\n<script type=\"application\/ld+json\" class=\"yoast-schema-graph\">{\"@context\":\"https:\/\/schema.org\",\"@graph\":[{\"@type\":\"WebPage\",\"@id\":\"https:\/\/www.aflyon.org\/es\/produit\/examen-tcf-canada\/\",\"url\":\"https:\/\/www.aflyon.org\/es\/produit\/examen-tcf-canada\/\",\"name\":\"Examen TCF Canada - Alliance Fran\u00e7aise de Lyon\",\"isPartOf\":{\"@id\":\"https:\/\/www.aflyon.org\/es\/#website\"},\"primaryImageOfPage\":{\"@id\":\"https:\/\/www.aflyon.org\/es\/produit\/examen-tcf-canada\/#primaryimage\"},\"image\":{\"@id\":\"https:\/\/www.aflyon.org\/es\/produit\/examen-tcf-canada\/#primaryimage\"},\"thumbnailUrl\":\"https:\/\/www.aflyon.org\/app\/uploads\/2026\/01\/tcf_canada_1-1.png\",\"datePublished\":\"2026-01-16T11:26:58+00:00\",\"dateModified\":\"2026-04-14T10:34:49+00:00\",\"description\":\"El TCF Canada, examen oficial de France \u00c9ducation International, certifica su nivel de franc\u00e9s para la inmigraci\u00f3n y la ciudadan\u00eda. Reconocido por el MIFI y el IRCC.\",\"breadcrumb\":{\"@id\":\"https:\/\/www.aflyon.org\/es\/produit\/examen-tcf-canada\/#breadcrumb\"},\"inLanguage\":\"es-ES\",\"potentialAction\":[{\"@type\":\"ReadAction\",\"target\":[\"https:\/\/www.aflyon.org\/es\/produit\/examen-tcf-canada\/\"]}]},{\"@type\":\"ImageObject\",\"inLanguage\":\"es-ES\",\"@id\":\"https:\/\/www.aflyon.org\/es\/produit\/examen-tcf-canada\/#primaryimage\",\"url\":\"https:\/\/www.aflyon.org\/app\/uploads\/2026\/01\/tcf_canada_1-1.png\",\"contentUrl\":\"https:\/\/www.aflyon.org\/app\/uploads\/2026\/01\/tcf_canada_1-1.png\",\"width\":515,\"height\":466},{\"@type\":\"BreadcrumbList\",\"@id\":\"https:\/\/www.aflyon.org\/es\/produit\/examen-tcf-canada\/#breadcrumb\",\"itemListElement\":[{\"@type\":\"ListItem\",\"position\":1,\"name\":\"Inicio\",\"item\":\"https:\/\/www.aflyon.org\/es\/\"},{\"@type\":\"ListItem\",\"position\":2,\"name\":\"Boutique\",\"item\":\"https:\/\/www.aflyon.org\/boutique\/\"},{\"@type\":\"ListItem\",\"position\":3,\"name\":\"Examen TCF Canada\"}]},{\"@type\":\"WebSite\",\"@id\":\"https:\/\/www.aflyon.org\/es\/#website\",\"url\":\"https:\/\/www.aflyon.org\/es\/\",\"name\":\"Alliance Fran\u00e7aise de Lyon\",\"description\":\"\",\"potentialAction\":[{\"@type\":\"SearchAction\",\"target\":{\"@type\":\"EntryPoint\",\"urlTemplate\":\"https:\/\/www.aflyon.org\/es\/?s={search_term_string}\"},\"query-input\":{\"@type\":\"PropertyValueSpecification\",\"valueRequired\":true,\"valueName\":\"search_term_string\"}}],\"inLanguage\":\"es-ES\"}]}<\/script>\n<!-- \/ Yoast SEO plugin. -->","yoast_head_json":{"title":"Examen TCF Canada - Alliance Fran\u00e7aise de Lyon","description":"El TCF Canada, examen oficial de France \u00c9ducation International, certifica su nivel de franc\u00e9s para la inmigraci\u00f3n y la ciudadan\u00eda. Reconocido por el MIFI y el IRCC.","robots":{"index":"index","follow":"follow","max-snippet":"max-snippet:-1","max-image-preview":"max-image-preview:large","max-video-preview":"max-video-preview:-1"},"canonical":"https:\/\/www.aflyon.org\/es\/produit\/examen-tcf-canada\/","og_locale":"es_ES","og_type":"article","og_title":"Examen TCF Canada - Alliance Fran\u00e7aise de Lyon","og_description":"El TCF Canada, examen oficial de France \u00c9ducation International, certifica su nivel de franc\u00e9s para la inmigraci\u00f3n y la ciudadan\u00eda. Reconocido por el MIFI y el IRCC.","og_url":"https:\/\/www.aflyon.org\/es\/produit\/examen-tcf-canada\/","og_site_name":"Alliance Fran\u00e7aise de Lyon","article_modified_time":"2026-04-14T10:34:49+00:00","og_image":[{"width":515,"height":466,"url":"https:\/\/www.aflyon.org\/app\/uploads\/2026\/01\/tcf_canada_1-1.png","type":"image\/png"}],"twitter_card":"summary_large_image","twitter_misc":{"Est. reading time":"3 minutes"},"schema":{"@context":"https:\/\/schema.org","@graph":[{"@type":"WebPage","@id":"https:\/\/www.aflyon.org\/es\/produit\/examen-tcf-canada\/","url":"https:\/\/www.aflyon.org\/es\/produit\/examen-tcf-canada\/","name":"Examen TCF Canada - Alliance Fran\u00e7aise de Lyon","isPartOf":{"@id":"https:\/\/www.aflyon.org\/es\/#website"},"primaryImageOfPage":{"@id":"https:\/\/www.aflyon.org\/es\/produit\/examen-tcf-canada\/#primaryimage"},"image":{"@id":"https:\/\/www.aflyon.org\/es\/produit\/examen-tcf-canada\/#primaryimage"},"thumbnailUrl":"https:\/\/www.aflyon.org\/app\/uploads\/2026\/01\/tcf_canada_1-1.png","datePublished":"2026-01-16T11:26:58+00:00","dateModified":"2026-04-14T10:34:49+00:00","description":"El TCF Canada, examen oficial de France \u00c9ducation International, certifica su nivel de franc\u00e9s para la inmigraci\u00f3n y la ciudadan\u00eda. Reconocido por el MIFI y el IRCC.","breadcrumb":{"@id":"https:\/\/www.aflyon.org\/es\/produit\/examen-tcf-canada\/#breadcrumb"},"inLanguage":"es-ES","potentialAction":[{"@type":"ReadAction","target":["https:\/\/www.aflyon.org\/es\/produit\/examen-tcf-canada\/"]}]},{"@type":"ImageObject","inLanguage":"es-ES","@id":"https:\/\/www.aflyon.org\/es\/produit\/examen-tcf-canada\/#primaryimage","url":"https:\/\/www.aflyon.org\/app\/uploads\/2026\/01\/tcf_canada_1-1.png","contentUrl":"https:\/\/www.aflyon.org\/app\/uploads\/2026\/01\/tcf_canada_1-1.png","width":515,"height":466},{"@type":"BreadcrumbList","@id":"https:\/\/www.aflyon.org\/es\/produit\/examen-tcf-canada\/#breadcrumb","itemListElement":[{"@type":"ListItem","position":1,"name":"Inicio","item":"https:\/\/www.aflyon.org\/es\/"},{"@type":"ListItem","position":2,"name":"Boutique","item":"https:\/\/www.aflyon.org\/boutique\/"},{"@type":"ListItem","position":3,"name":"Examen TCF Canada"}]},{"@type":"WebSite","@id":"https:\/\/www.aflyon.org\/es\/#website","url":"https:\/\/www.aflyon.org\/es\/","name":"Alliance Fran\u00e7aise de Lyon","description":"","potentialAction":[{"@type":"SearchAction","target":{"@type":"EntryPoint","urlTemplate":"https:\/\/www.aflyon.org\/es\/?s={search_term_string}"},"query-input":{"@type":"PropertyValueSpecification","valueRequired":true,"valueName":"search_term_string"}}],"inLanguage":"es-ES"}]}},"_links":{"self":[{"href":"https:\/\/www.aflyon.org\/es\/wp-json\/wp\/v2\/product\/3671","targetHints":{"allow":["GET"]}}],"collection":[{"href":"https:\/\/www.aflyon.org\/es\/wp-json\/wp\/v2\/product"}],"about":[{"href":"https:\/\/www.aflyon.org\/es\/wp-json\/wp\/v2\/types\/product"}],"wp:featuredmedia":[{"embeddable":true,"href":"https:\/\/www.aflyon.org\/es\/wp-json\/wp\/v2\/media\/59306"}],"wp:attachment":[{"href":"https:\/\/www.aflyon.org\/es\/wp-json\/wp\/v2\/media?parent=3671"}],"wp:term":[{"taxonomy":"product_brand","embeddable":true,"href":"https:\/\/www.aflyon.org\/es\/wp-json\/wp\/v2\/product_brand?post=3671"},{"taxonomy":"product_cat","embeddable":true,"href":"https:\/\/www.aflyon.org\/es\/wp-json\/wp\/v2\/product_cat?post=3671"},{"taxonomy":"product_tag","embeddable":true,"href":"https:\/\/www.aflyon.org\/es\/wp-json\/wp\/v2\/product_tag?post=3671"}],"curies":[{"name":"wp","href":"https:\/\/api.w.org\/{rel}","templated":true}]}}