{"id":3667,"date":"2026-01-16T12:01:03","date_gmt":"2026-01-16T11:01:03","guid":{"rendered":"https:\/\/www.aflyon.org\/produit\/examen-tcf-tp-tout-public\/"},"modified":"2026-03-25T10:32:43","modified_gmt":"2026-03-25T09:32:43","slug":"examen-tcf-tp-tout-public","status":"publish","type":"product","link":"https:\/\/www.aflyon.org\/es\/produit\/examen-tcf-tp-tout-public\/","title":{"rendered":"Examen TCF TP &#8211; Tout Public"},"content":{"rendered":"<p>El <strong>TCF Tout Public (TCF TP)<\/strong> es una <strong>prueba oficial de France \u00c9ducation International<\/strong>.<br \/>\nPermite evaluar y<strong> certificar su nivel de franc\u00e9s<\/strong> por motivos <strong>acad\u00e9micos, profesionales<\/strong> o <strong>personales<\/strong>.<\/p>\n<p>El <strong>TCF Tout Public<\/strong> est\u00e1 dirigido a cualquier persona <strong>mayor de 16 a\u00f1os<\/strong>, independientemente de su nivel inicial de franc\u00e9s.<\/p>\n<p>Este examen tiene una <strong>validez de 2 a\u00f1os<\/strong> y est\u00e1 reconocido por numerosas instituciones francesas e internacionales.<\/p>\n<p>El <strong>TCF Tout Public<\/strong> en ordenador se realiza <strong>en las instalaciones de la Alliance Fran\u00e7aise de Lyon<\/strong>, en salas equipadas y conformes a las normas oficiales.<\/p>\n<p><strong>Requisito previo<\/strong>: debe transcurrir un plazo m\u00ednimo de <strong>20 d\u00edas<\/strong> entre dos sesiones del TCF.<\/p>\n","protected":false},"excerpt":{"rendered":"<p>Inscribirse en el TCF todo p\u00fablico<\/p>\n","protected":false},"featured_media":59310,"template":"","meta":{"_acf_changed":false},"product_brand":[],"product_cat":[195,199],"product_tag":[],"class_list":{"0":"post-3667","1":"product","2":"type-product","3":"status-publish","4":"has-post-thumbnail","6":"product_cat-centro-de-examenes","7":"product_cat-para-justificar-su-nivel-de-frances","9":"first","10":"instock","11":"sold-individually","12":"shipping-taxable","13":"purchasable","14":"product-type-variable"},"acf":[],"yoast_head":"<!-- This site is optimized with the Yoast SEO plugin v26.7 - https:\/\/yoast.com\/wordpress\/plugins\/seo\/ -->\n<title>Examen TCF TP - Tout Public - Alliance Fran\u00e7aise de Lyon<\/title>\n<meta name=\"description\" content=\"Eval\u00fae su nivel de franc\u00e9s con el TCF todo p\u00fablico, un examen reconocido por numerosas instituciones. \u00a1Inscr\u00edbase en la Alliance Fran\u00e7aise de Lyon!\" \/>\n<meta name=\"robots\" content=\"index, follow, max-snippet:-1, max-image-preview:large, max-video-preview:-1\" \/>\n<link rel=\"canonical\" href=\"https:\/\/www.aflyon.org\/es\/produit\/examen-tcf-tp-tout-public\/\" \/>\n<meta property=\"og:locale\" content=\"es_ES\" \/>\n<meta property=\"og:type\" content=\"article\" \/>\n<meta property=\"og:title\" content=\"Examen TCF TP - Tout Public - Alliance Fran\u00e7aise de Lyon\" \/>\n<meta property=\"og:description\" content=\"Eval\u00fae su nivel de franc\u00e9s con el TCF todo p\u00fablico, un examen reconocido por numerosas instituciones. \u00a1Inscr\u00edbase en la Alliance Fran\u00e7aise de Lyon!\" \/>\n<meta property=\"og:url\" content=\"https:\/\/www.aflyon.org\/es\/produit\/examen-tcf-tp-tout-public\/\" \/>\n<meta property=\"og:site_name\" content=\"Alliance Fran\u00e7aise de Lyon\" \/>\n<meta property=\"article:modified_time\" content=\"2026-03-25T09:32:43+00:00\" \/>\n<meta property=\"og:image\" content=\"https:\/\/www.aflyon.org\/app\/uploads\/2026\/01\/tcf_tout_public_2-1-1.png\" \/>\n\t<meta property=\"og:image:width\" content=\"515\" \/>\n\t<meta property=\"og:image:height\" content=\"466\" \/>\n\t<meta property=\"og:image:type\" content=\"image\/png\" \/>\n<meta name=\"twitter:card\" content=\"summary_large_image\" \/>\n<meta name=\"twitter:label1\" content=\"Est. reading time\" \/>\n\t<meta name=\"twitter:data1\" content=\"3 minutes\" \/>\n<script type=\"application\/ld+json\" class=\"yoast-schema-graph\">{\"@context\":\"https:\/\/schema.org\",\"@graph\":[{\"@type\":\"WebPage\",\"@id\":\"https:\/\/www.aflyon.org\/es\/produit\/examen-tcf-tp-tout-public\/\",\"url\":\"https:\/\/www.aflyon.org\/es\/produit\/examen-tcf-tp-tout-public\/\",\"name\":\"Examen TCF TP - Tout Public - Alliance Fran\u00e7aise de Lyon\",\"isPartOf\":{\"@id\":\"https:\/\/www.aflyon.org\/es\/#website\"},\"primaryImageOfPage\":{\"@id\":\"https:\/\/www.aflyon.org\/es\/produit\/examen-tcf-tp-tout-public\/#primaryimage\"},\"image\":{\"@id\":\"https:\/\/www.aflyon.org\/es\/produit\/examen-tcf-tp-tout-public\/#primaryimage\"},\"thumbnailUrl\":\"https:\/\/www.aflyon.org\/app\/uploads\/2026\/01\/tcf_tout_public_2-1-1.png\",\"datePublished\":\"2026-01-16T11:01:03+00:00\",\"dateModified\":\"2026-03-25T09:32:43+00:00\",\"description\":\"Eval\u00fae su nivel de franc\u00e9s con el TCF todo p\u00fablico, un examen reconocido por numerosas instituciones. \u00a1Inscr\u00edbase en la Alliance Fran\u00e7aise de Lyon!\",\"breadcrumb\":{\"@id\":\"https:\/\/www.aflyon.org\/es\/produit\/examen-tcf-tp-tout-public\/#breadcrumb\"},\"inLanguage\":\"es-ES\",\"potentialAction\":[{\"@type\":\"ReadAction\",\"target\":[\"https:\/\/www.aflyon.org\/es\/produit\/examen-tcf-tp-tout-public\/\"]}]},{\"@type\":\"ImageObject\",\"inLanguage\":\"es-ES\",\"@id\":\"https:\/\/www.aflyon.org\/es\/produit\/examen-tcf-tp-tout-public\/#primaryimage\",\"url\":\"https:\/\/www.aflyon.org\/app\/uploads\/2026\/01\/tcf_tout_public_2-1-1.png\",\"contentUrl\":\"https:\/\/www.aflyon.org\/app\/uploads\/2026\/01\/tcf_tout_public_2-1-1.png\",\"width\":515,\"height\":466},{\"@type\":\"BreadcrumbList\",\"@id\":\"https:\/\/www.aflyon.org\/es\/produit\/examen-tcf-tp-tout-public\/#breadcrumb\",\"itemListElement\":[{\"@type\":\"ListItem\",\"position\":1,\"name\":\"Inicio\",\"item\":\"https:\/\/www.aflyon.org\/es\/\"},{\"@type\":\"ListItem\",\"position\":2,\"name\":\"Boutique\",\"item\":\"https:\/\/www.aflyon.org\/boutique\/\"},{\"@type\":\"ListItem\",\"position\":3,\"name\":\"Examen TCF TP &#8211; Tout Public\"}]},{\"@type\":\"WebSite\",\"@id\":\"https:\/\/www.aflyon.org\/es\/#website\",\"url\":\"https:\/\/www.aflyon.org\/es\/\",\"name\":\"Alliance Fran\u00e7aise de Lyon\",\"description\":\"\",\"potentialAction\":[{\"@type\":\"SearchAction\",\"target\":{\"@type\":\"EntryPoint\",\"urlTemplate\":\"https:\/\/www.aflyon.org\/es\/?s={search_term_string}\"},\"query-input\":{\"@type\":\"PropertyValueSpecification\",\"valueRequired\":true,\"valueName\":\"search_term_string\"}}],\"inLanguage\":\"es-ES\"}]}<\/script>\n<!-- \/ Yoast SEO plugin. -->","yoast_head_json":{"title":"Examen TCF TP - Tout Public - Alliance Fran\u00e7aise de Lyon","description":"Eval\u00fae su nivel de franc\u00e9s con el TCF todo p\u00fablico, un examen reconocido por numerosas instituciones. \u00a1Inscr\u00edbase en la Alliance Fran\u00e7aise de Lyon!","robots":{"index":"index","follow":"follow","max-snippet":"max-snippet:-1","max-image-preview":"max-image-preview:large","max-video-preview":"max-video-preview:-1"},"canonical":"https:\/\/www.aflyon.org\/es\/produit\/examen-tcf-tp-tout-public\/","og_locale":"es_ES","og_type":"article","og_title":"Examen TCF TP - Tout Public - Alliance Fran\u00e7aise de Lyon","og_description":"Eval\u00fae su nivel de franc\u00e9s con el TCF todo p\u00fablico, un examen reconocido por numerosas instituciones. \u00a1Inscr\u00edbase en la Alliance Fran\u00e7aise de Lyon!","og_url":"https:\/\/www.aflyon.org\/es\/produit\/examen-tcf-tp-tout-public\/","og_site_name":"Alliance Fran\u00e7aise de Lyon","article_modified_time":"2026-03-25T09:32:43+00:00","og_image":[{"width":515,"height":466,"url":"https:\/\/www.aflyon.org\/app\/uploads\/2026\/01\/tcf_tout_public_2-1-1.png","type":"image\/png"}],"twitter_card":"summary_large_image","twitter_misc":{"Est. reading time":"3 minutes"},"schema":{"@context":"https:\/\/schema.org","@graph":[{"@type":"WebPage","@id":"https:\/\/www.aflyon.org\/es\/produit\/examen-tcf-tp-tout-public\/","url":"https:\/\/www.aflyon.org\/es\/produit\/examen-tcf-tp-tout-public\/","name":"Examen TCF TP - Tout Public - Alliance Fran\u00e7aise de Lyon","isPartOf":{"@id":"https:\/\/www.aflyon.org\/es\/#website"},"primaryImageOfPage":{"@id":"https:\/\/www.aflyon.org\/es\/produit\/examen-tcf-tp-tout-public\/#primaryimage"},"image":{"@id":"https:\/\/www.aflyon.org\/es\/produit\/examen-tcf-tp-tout-public\/#primaryimage"},"thumbnailUrl":"https:\/\/www.aflyon.org\/app\/uploads\/2026\/01\/tcf_tout_public_2-1-1.png","datePublished":"2026-01-16T11:01:03+00:00","dateModified":"2026-03-25T09:32:43+00:00","description":"Eval\u00fae su nivel de franc\u00e9s con el TCF todo p\u00fablico, un examen reconocido por numerosas instituciones. \u00a1Inscr\u00edbase en la Alliance Fran\u00e7aise de Lyon!","breadcrumb":{"@id":"https:\/\/www.aflyon.org\/es\/produit\/examen-tcf-tp-tout-public\/#breadcrumb"},"inLanguage":"es-ES","potentialAction":[{"@type":"ReadAction","target":["https:\/\/www.aflyon.org\/es\/produit\/examen-tcf-tp-tout-public\/"]}]},{"@type":"ImageObject","inLanguage":"es-ES","@id":"https:\/\/www.aflyon.org\/es\/produit\/examen-tcf-tp-tout-public\/#primaryimage","url":"https:\/\/www.aflyon.org\/app\/uploads\/2026\/01\/tcf_tout_public_2-1-1.png","contentUrl":"https:\/\/www.aflyon.org\/app\/uploads\/2026\/01\/tcf_tout_public_2-1-1.png","width":515,"height":466},{"@type":"BreadcrumbList","@id":"https:\/\/www.aflyon.org\/es\/produit\/examen-tcf-tp-tout-public\/#breadcrumb","itemListElement":[{"@type":"ListItem","position":1,"name":"Inicio","item":"https:\/\/www.aflyon.org\/es\/"},{"@type":"ListItem","position":2,"name":"Boutique","item":"https:\/\/www.aflyon.org\/boutique\/"},{"@type":"ListItem","position":3,"name":"Examen TCF TP &#8211; Tout Public"}]},{"@type":"WebSite","@id":"https:\/\/www.aflyon.org\/es\/#website","url":"https:\/\/www.aflyon.org\/es\/","name":"Alliance Fran\u00e7aise de Lyon","description":"","potentialAction":[{"@type":"SearchAction","target":{"@type":"EntryPoint","urlTemplate":"https:\/\/www.aflyon.org\/es\/?s={search_term_string}"},"query-input":{"@type":"PropertyValueSpecification","valueRequired":true,"valueName":"search_term_string"}}],"inLanguage":"es-ES"}]}},"_links":{"self":[{"href":"https:\/\/www.aflyon.org\/es\/wp-json\/wp\/v2\/product\/3667","targetHints":{"allow":["GET"]}}],"collection":[{"href":"https:\/\/www.aflyon.org\/es\/wp-json\/wp\/v2\/product"}],"about":[{"href":"https:\/\/www.aflyon.org\/es\/wp-json\/wp\/v2\/types\/product"}],"wp:featuredmedia":[{"embeddable":true,"href":"https:\/\/www.aflyon.org\/es\/wp-json\/wp\/v2\/media\/59310"}],"wp:attachment":[{"href":"https:\/\/www.aflyon.org\/es\/wp-json\/wp\/v2\/media?parent=3667"}],"wp:term":[{"taxonomy":"product_brand","embeddable":true,"href":"https:\/\/www.aflyon.org\/es\/wp-json\/wp\/v2\/product_brand?post=3667"},{"taxonomy":"product_cat","embeddable":true,"href":"https:\/\/www.aflyon.org\/es\/wp-json\/wp\/v2\/product_cat?post=3667"},{"taxonomy":"product_tag","embeddable":true,"href":"https:\/\/www.aflyon.org\/es\/wp-json\/wp\/v2\/product_tag?post=3667"}],"curies":[{"name":"wp","href":"https:\/\/api.w.org\/{rel}","templated":true}]}}