{"id":3663,"date":"2026-01-16T11:49:10","date_gmt":"2026-01-16T10:49:10","guid":{"rendered":"https:\/\/www.aflyon.org\/produit\/examen-tcf-irn-integracion-residencia-nacionalidad\/"},"modified":"2026-03-25T10:43:40","modified_gmt":"2026-03-25T09:43:40","slug":"examen-tcf-irn-integracion-residencia-nacionalidad","status":"publish","type":"product","link":"https:\/\/www.aflyon.org\/es\/produit\/examen-tcf-irn-integracion-residencia-nacionalidad\/","title":{"rendered":"Examen TCF IRN &#8211; Integraci\u00f3n Residencia Nacionalidad"},"content":{"rendered":"<p>La prueba de conocimiento del franc\u00e9s para la integraci\u00f3n, la residencia y la nacionalidad (TCF IRN) es una prueba oficial de France \u00c9ducation International. Eval\u00faa las competencias ling\u00fc\u00edsticas necesarias para vivir, trabajar e integrarse en Francia.<\/p>\n<p>El <strong>TCF IRN<\/strong> permite <strong>certificar el nivel de franc\u00e9s<\/strong> en los siguientes casos:<\/p>\n<ul>\n<li><strong>Recorrido ciudadano<\/strong> (OFII)<\/li>\n<li><strong>Solicitud de tarjeta de residencia<\/strong><\/li>\n<li><strong>Solicitud de nacionalidad francesa<\/strong><\/li>\n<\/ul>\n<p>Este examen tiene una <strong>validez de 2 a\u00f1os<\/strong> y est\u00e1 reconocido por el <strong>Ministerio del Interior franc\u00e9s<\/strong>.<\/p>\n<table>\n<tbody>\n<tr>\n<td width=\"227\">\n<p style=\"text-align: center;\"><strong>Objetivo<\/strong><\/p>\n<\/td>\n<td style=\"text-align: center;\" width=\"180\"><strong>Nivel requerido<\/strong><\/td>\n<\/tr>\n<tr>\n<td width=\"227\">\n<p style=\"text-align: center;\">Recorrido ciudadano OFII<\/p>\n<\/td>\n<td width=\"180\">\n<p style=\"text-align: center;\">A1<\/p>\n<\/td>\n<\/tr>\n<tr>\n<td style=\"text-align: center;\" width=\"227\">Tarjeta de residencia<\/td>\n<td width=\"180\">\n<p style=\"text-align: center;\">B1<\/p>\n<\/td>\n<\/tr>\n<tr>\n<td style=\"text-align: center;\" width=\"227\">Nacionalidad francesa<\/td>\n<td width=\"180\">\n<p style=\"text-align: center;\">B2<\/p>\n<\/td>\n<\/tr>\n<\/tbody>\n<\/table>\n<p>Requisito previo: debe transcurrir un plazo m\u00ednimo de 20 d\u00edas entre dos sesiones del TCF.<\/p>\n","protected":false},"excerpt":{"rendered":"<p>Inscribirse en el TCF IRN<\/p>\n","protected":false},"featured_media":59362,"template":"","meta":{"_acf_changed":false},"product_brand":[],"product_cat":[195,199],"product_tag":[],"class_list":{"0":"post-3663","1":"product","2":"type-product","3":"status-publish","4":"has-post-thumbnail","6":"product_cat-centro-de-examenes","7":"product_cat-para-justificar-su-nivel-de-frances","9":"first","10":"outofstock","11":"sold-individually","12":"shipping-taxable","13":"purchasable","14":"product-type-variable"},"acf":[],"yoast_head":"<!-- This site is optimized with the Yoast SEO plugin v26.7 - https:\/\/yoast.com\/wordpress\/plugins\/seo\/ -->\n<title>Examen TCF IRN - Integraci\u00f3n Residencia Nacionalidad - Alliance Fran\u00e7aise de Lyon<\/title>\n<meta name=\"description\" content=\"Eval\u00fae sus competencias en franc\u00e9s con el TCF IRN, examen oficial para la integraci\u00f3n, la residencia y la nacionalidad en Francia. \u00a1Certifique su nivel!\" \/>\n<meta name=\"robots\" content=\"index, follow, max-snippet:-1, max-image-preview:large, max-video-preview:-1\" \/>\n<link rel=\"canonical\" href=\"https:\/\/www.aflyon.org\/es\/produit\/examen-tcf-irn-integracion-residencia-nacionalidad\/\" \/>\n<meta property=\"og:locale\" content=\"es_ES\" \/>\n<meta property=\"og:type\" content=\"article\" \/>\n<meta property=\"og:title\" content=\"Examen TCF IRN - Integraci\u00f3n Residencia Nacionalidad - Alliance Fran\u00e7aise de Lyon\" \/>\n<meta property=\"og:description\" content=\"Eval\u00fae sus competencias en franc\u00e9s con el TCF IRN, examen oficial para la integraci\u00f3n, la residencia y la nacionalidad en Francia. \u00a1Certifique su nivel!\" \/>\n<meta property=\"og:url\" content=\"https:\/\/www.aflyon.org\/es\/produit\/examen-tcf-irn-integracion-residencia-nacionalidad\/\" \/>\n<meta property=\"og:site_name\" content=\"Alliance Fran\u00e7aise de Lyon\" \/>\n<meta property=\"article:modified_time\" content=\"2026-03-25T09:43:40+00:00\" \/>\n<meta property=\"og:image\" content=\"https:\/\/www.aflyon.org\/app\/uploads\/2026\/01\/tcf_irn_papier.png\" \/>\n\t<meta property=\"og:image:width\" content=\"515\" \/>\n\t<meta property=\"og:image:height\" content=\"466\" \/>\n\t<meta property=\"og:image:type\" content=\"image\/png\" \/>\n<meta name=\"twitter:card\" content=\"summary_large_image\" \/>\n<meta name=\"twitter:label1\" content=\"Est. reading time\" \/>\n\t<meta name=\"twitter:data1\" content=\"3 minutes\" \/>\n<script type=\"application\/ld+json\" class=\"yoast-schema-graph\">{\"@context\":\"https:\/\/schema.org\",\"@graph\":[{\"@type\":\"WebPage\",\"@id\":\"https:\/\/www.aflyon.org\/es\/produit\/examen-tcf-irn-integracion-residencia-nacionalidad\/\",\"url\":\"https:\/\/www.aflyon.org\/es\/produit\/examen-tcf-irn-integracion-residencia-nacionalidad\/\",\"name\":\"Examen TCF IRN - Integraci\u00f3n Residencia Nacionalidad - Alliance Fran\u00e7aise de Lyon\",\"isPartOf\":{\"@id\":\"https:\/\/www.aflyon.org\/es\/#website\"},\"primaryImageOfPage\":{\"@id\":\"https:\/\/www.aflyon.org\/es\/produit\/examen-tcf-irn-integracion-residencia-nacionalidad\/#primaryimage\"},\"image\":{\"@id\":\"https:\/\/www.aflyon.org\/es\/produit\/examen-tcf-irn-integracion-residencia-nacionalidad\/#primaryimage\"},\"thumbnailUrl\":\"https:\/\/www.aflyon.org\/app\/uploads\/2026\/01\/tcf_irn_papier.png\",\"datePublished\":\"2026-01-16T10:49:10+00:00\",\"dateModified\":\"2026-03-25T09:43:40+00:00\",\"description\":\"Eval\u00fae sus competencias en franc\u00e9s con el TCF IRN, examen oficial para la integraci\u00f3n, la residencia y la nacionalidad en Francia. \u00a1Certifique su nivel!\",\"breadcrumb\":{\"@id\":\"https:\/\/www.aflyon.org\/es\/produit\/examen-tcf-irn-integracion-residencia-nacionalidad\/#breadcrumb\"},\"inLanguage\":\"es-ES\",\"potentialAction\":[{\"@type\":\"ReadAction\",\"target\":[\"https:\/\/www.aflyon.org\/es\/produit\/examen-tcf-irn-integracion-residencia-nacionalidad\/\"]}]},{\"@type\":\"ImageObject\",\"inLanguage\":\"es-ES\",\"@id\":\"https:\/\/www.aflyon.org\/es\/produit\/examen-tcf-irn-integracion-residencia-nacionalidad\/#primaryimage\",\"url\":\"https:\/\/www.aflyon.org\/app\/uploads\/2026\/01\/tcf_irn_papier.png\",\"contentUrl\":\"https:\/\/www.aflyon.org\/app\/uploads\/2026\/01\/tcf_irn_papier.png\",\"width\":515,\"height\":466},{\"@type\":\"BreadcrumbList\",\"@id\":\"https:\/\/www.aflyon.org\/es\/produit\/examen-tcf-irn-integracion-residencia-nacionalidad\/#breadcrumb\",\"itemListElement\":[{\"@type\":\"ListItem\",\"position\":1,\"name\":\"Inicio\",\"item\":\"https:\/\/www.aflyon.org\/es\/\"},{\"@type\":\"ListItem\",\"position\":2,\"name\":\"Boutique\",\"item\":\"https:\/\/www.aflyon.org\/boutique\/\"},{\"@type\":\"ListItem\",\"position\":3,\"name\":\"Examen TCF IRN &#8211; Integraci\u00f3n Residencia Nacionalidad\"}]},{\"@type\":\"WebSite\",\"@id\":\"https:\/\/www.aflyon.org\/es\/#website\",\"url\":\"https:\/\/www.aflyon.org\/es\/\",\"name\":\"Alliance Fran\u00e7aise de Lyon\",\"description\":\"\",\"potentialAction\":[{\"@type\":\"SearchAction\",\"target\":{\"@type\":\"EntryPoint\",\"urlTemplate\":\"https:\/\/www.aflyon.org\/es\/?s={search_term_string}\"},\"query-input\":{\"@type\":\"PropertyValueSpecification\",\"valueRequired\":true,\"valueName\":\"search_term_string\"}}],\"inLanguage\":\"es-ES\"}]}<\/script>\n<!-- \/ Yoast SEO plugin. -->","yoast_head_json":{"title":"Examen TCF IRN - Integraci\u00f3n Residencia Nacionalidad - Alliance Fran\u00e7aise de Lyon","description":"Eval\u00fae sus competencias en franc\u00e9s con el TCF IRN, examen oficial para la integraci\u00f3n, la residencia y la nacionalidad en Francia. \u00a1Certifique su nivel!","robots":{"index":"index","follow":"follow","max-snippet":"max-snippet:-1","max-image-preview":"max-image-preview:large","max-video-preview":"max-video-preview:-1"},"canonical":"https:\/\/www.aflyon.org\/es\/produit\/examen-tcf-irn-integracion-residencia-nacionalidad\/","og_locale":"es_ES","og_type":"article","og_title":"Examen TCF IRN - Integraci\u00f3n Residencia Nacionalidad - Alliance Fran\u00e7aise de Lyon","og_description":"Eval\u00fae sus competencias en franc\u00e9s con el TCF IRN, examen oficial para la integraci\u00f3n, la residencia y la nacionalidad en Francia. \u00a1Certifique su nivel!","og_url":"https:\/\/www.aflyon.org\/es\/produit\/examen-tcf-irn-integracion-residencia-nacionalidad\/","og_site_name":"Alliance Fran\u00e7aise de Lyon","article_modified_time":"2026-03-25T09:43:40+00:00","og_image":[{"width":515,"height":466,"url":"https:\/\/www.aflyon.org\/app\/uploads\/2026\/01\/tcf_irn_papier.png","type":"image\/png"}],"twitter_card":"summary_large_image","twitter_misc":{"Est. reading time":"3 minutes"},"schema":{"@context":"https:\/\/schema.org","@graph":[{"@type":"WebPage","@id":"https:\/\/www.aflyon.org\/es\/produit\/examen-tcf-irn-integracion-residencia-nacionalidad\/","url":"https:\/\/www.aflyon.org\/es\/produit\/examen-tcf-irn-integracion-residencia-nacionalidad\/","name":"Examen TCF IRN - Integraci\u00f3n Residencia Nacionalidad - Alliance Fran\u00e7aise de Lyon","isPartOf":{"@id":"https:\/\/www.aflyon.org\/es\/#website"},"primaryImageOfPage":{"@id":"https:\/\/www.aflyon.org\/es\/produit\/examen-tcf-irn-integracion-residencia-nacionalidad\/#primaryimage"},"image":{"@id":"https:\/\/www.aflyon.org\/es\/produit\/examen-tcf-irn-integracion-residencia-nacionalidad\/#primaryimage"},"thumbnailUrl":"https:\/\/www.aflyon.org\/app\/uploads\/2026\/01\/tcf_irn_papier.png","datePublished":"2026-01-16T10:49:10+00:00","dateModified":"2026-03-25T09:43:40+00:00","description":"Eval\u00fae sus competencias en franc\u00e9s con el TCF IRN, examen oficial para la integraci\u00f3n, la residencia y la nacionalidad en Francia. \u00a1Certifique su nivel!","breadcrumb":{"@id":"https:\/\/www.aflyon.org\/es\/produit\/examen-tcf-irn-integracion-residencia-nacionalidad\/#breadcrumb"},"inLanguage":"es-ES","potentialAction":[{"@type":"ReadAction","target":["https:\/\/www.aflyon.org\/es\/produit\/examen-tcf-irn-integracion-residencia-nacionalidad\/"]}]},{"@type":"ImageObject","inLanguage":"es-ES","@id":"https:\/\/www.aflyon.org\/es\/produit\/examen-tcf-irn-integracion-residencia-nacionalidad\/#primaryimage","url":"https:\/\/www.aflyon.org\/app\/uploads\/2026\/01\/tcf_irn_papier.png","contentUrl":"https:\/\/www.aflyon.org\/app\/uploads\/2026\/01\/tcf_irn_papier.png","width":515,"height":466},{"@type":"BreadcrumbList","@id":"https:\/\/www.aflyon.org\/es\/produit\/examen-tcf-irn-integracion-residencia-nacionalidad\/#breadcrumb","itemListElement":[{"@type":"ListItem","position":1,"name":"Inicio","item":"https:\/\/www.aflyon.org\/es\/"},{"@type":"ListItem","position":2,"name":"Boutique","item":"https:\/\/www.aflyon.org\/boutique\/"},{"@type":"ListItem","position":3,"name":"Examen TCF IRN &#8211; Integraci\u00f3n Residencia Nacionalidad"}]},{"@type":"WebSite","@id":"https:\/\/www.aflyon.org\/es\/#website","url":"https:\/\/www.aflyon.org\/es\/","name":"Alliance Fran\u00e7aise de Lyon","description":"","potentialAction":[{"@type":"SearchAction","target":{"@type":"EntryPoint","urlTemplate":"https:\/\/www.aflyon.org\/es\/?s={search_term_string}"},"query-input":{"@type":"PropertyValueSpecification","valueRequired":true,"valueName":"search_term_string"}}],"inLanguage":"es-ES"}]}},"_links":{"self":[{"href":"https:\/\/www.aflyon.org\/es\/wp-json\/wp\/v2\/product\/3663","targetHints":{"allow":["GET"]}}],"collection":[{"href":"https:\/\/www.aflyon.org\/es\/wp-json\/wp\/v2\/product"}],"about":[{"href":"https:\/\/www.aflyon.org\/es\/wp-json\/wp\/v2\/types\/product"}],"wp:featuredmedia":[{"embeddable":true,"href":"https:\/\/www.aflyon.org\/es\/wp-json\/wp\/v2\/media\/59362"}],"wp:attachment":[{"href":"https:\/\/www.aflyon.org\/es\/wp-json\/wp\/v2\/media?parent=3663"}],"wp:term":[{"taxonomy":"product_brand","embeddable":true,"href":"https:\/\/www.aflyon.org\/es\/wp-json\/wp\/v2\/product_brand?post=3663"},{"taxonomy":"product_cat","embeddable":true,"href":"https:\/\/www.aflyon.org\/es\/wp-json\/wp\/v2\/product_cat?post=3663"},{"taxonomy":"product_tag","embeddable":true,"href":"https:\/\/www.aflyon.org\/es\/wp-json\/wp\/v2\/product_tag?post=3663"}],"curies":[{"name":"wp","href":"https:\/\/api.w.org\/{rel}","templated":true}]}}