{"id":3647,"date":"2026-01-16T10:54:23","date_gmt":"2026-01-16T09:54:23","guid":{"rendered":"https:\/\/www.aflyon.org\/produit\/examen-delf-b1\/"},"modified":"2026-03-25T09:53:16","modified_gmt":"2026-03-25T08:53:16","slug":"examen-delf-b1-lyon","status":"publish","type":"product","link":"https:\/\/www.aflyon.org\/es\/produit\/examen-delf-b1-lyon\/","title":{"rendered":"Examen DELF B1"},"content":{"rendered":"<p>El<strong> DELF B1<\/strong> (Dipl\u00f4me d\u2019\u00c9tudes en Langue Fran\u00e7aise) es una <strong>certificaci\u00f3n internacional<\/strong> expedida\u00a0por <strong>France \u00c9ducation International<\/strong> en nombre del <strong>Ministerio franc\u00e9s de Educaci\u00f3n Nacional<\/strong>.<\/p>\n<p>Constituye la <strong>tercera etapa <\/strong>del recorrido de certificaci\u00f3n, del nivel <strong>A1 al C2<\/strong>.<\/p>\n<p>Este diploma, reconocido internacionalmente y v\u00e1lido de por vida, eval\u00faa la capacidad del candidato para comunicarse de manera aut\u00f3noma en la vida cotidiana, profesional y acad\u00e9mica. Tambi\u00e9n mide la capacidad de expresar su opini\u00f3n, relatar acontecimientos y gestionar interacciones sencillas.<br \/>\n<strong><span style=\"text-decoration: line-through;\"><br \/>\n<\/span><\/strong>El <strong>DELF B1<\/strong> certifica que el usuario es aut\u00f3nomo y capaz de expresarse en diversos contextos sociales, como la escuela, el trabajo o los viajes. Asimismo, permite presentar una solicitud de tarjeta de residencia de larga duraci\u00f3n en Francia.<\/p>\n","protected":false},"excerpt":{"rendered":"<p>Inscribirse al DELF B1<\/p>\n","protected":false},"featured_media":3646,"template":"","meta":{"_acf_changed":false},"product_brand":[],"product_cat":[195,198],"product_tag":[],"class_list":{"0":"post-3647","1":"product","2":"type-product","3":"status-publish","4":"has-post-thumbnail","6":"product_cat-centro-de-examenes","7":"product_cat-delf","9":"first","10":"instock","11":"sold-individually","12":"shipping-taxable","13":"purchasable","14":"product-type-variable"},"acf":[],"yoast_head":"<!-- This site is optimized with the Yoast SEO plugin v26.7 - https:\/\/yoast.com\/wordpress\/plugins\/seo\/ -->\n<title>Examen DELF B1 - Alliance Fran\u00e7aise de Lyon<\/title>\n<meta name=\"description\" content=\"Obtenga el DELF B1, una certificaci\u00f3n que acredita su autonom\u00eda en franc\u00e9s y le da acceso a un permiso de residencia en Francia.\" \/>\n<meta name=\"robots\" content=\"index, follow, max-snippet:-1, max-image-preview:large, max-video-preview:-1\" \/>\n<link rel=\"canonical\" href=\"https:\/\/www.aflyon.org\/es\/produit\/examen-delf-b1-lyon\/\" \/>\n<meta property=\"og:locale\" content=\"es_ES\" \/>\n<meta property=\"og:type\" content=\"article\" \/>\n<meta property=\"og:title\" content=\"Examen DELF B1 - Alliance Fran\u00e7aise de Lyon\" \/>\n<meta property=\"og:description\" content=\"Obtenga el DELF B1, una certificaci\u00f3n que acredita su autonom\u00eda en franc\u00e9s y le da acceso a un permiso de residencia en Francia.\" \/>\n<meta property=\"og:url\" content=\"https:\/\/www.aflyon.org\/es\/produit\/examen-delf-b1-lyon\/\" \/>\n<meta property=\"og:site_name\" content=\"Alliance Fran\u00e7aise de Lyon\" \/>\n<meta property=\"article:modified_time\" content=\"2026-03-25T08:53:16+00:00\" \/>\n<meta property=\"og:image\" content=\"https:\/\/www.aflyon.org\/app\/uploads\/2026\/01\/delf_b1_1.png\" \/>\n\t<meta property=\"og:image:width\" content=\"515\" \/>\n\t<meta property=\"og:image:height\" content=\"466\" \/>\n\t<meta property=\"og:image:type\" content=\"image\/png\" \/>\n<meta name=\"twitter:card\" content=\"summary_large_image\" \/>\n<meta name=\"twitter:label1\" content=\"Est. reading time\" \/>\n\t<meta name=\"twitter:data1\" content=\"4 minutes\" \/>\n<script type=\"application\/ld+json\" class=\"yoast-schema-graph\">{\"@context\":\"https:\/\/schema.org\",\"@graph\":[{\"@type\":\"WebPage\",\"@id\":\"https:\/\/www.aflyon.org\/es\/produit\/examen-delf-b1-lyon\/\",\"url\":\"https:\/\/www.aflyon.org\/es\/produit\/examen-delf-b1-lyon\/\",\"name\":\"Examen DELF B1 - Alliance Fran\u00e7aise de Lyon\",\"isPartOf\":{\"@id\":\"https:\/\/www.aflyon.org\/es\/#website\"},\"primaryImageOfPage\":{\"@id\":\"https:\/\/www.aflyon.org\/es\/produit\/examen-delf-b1-lyon\/#primaryimage\"},\"image\":{\"@id\":\"https:\/\/www.aflyon.org\/es\/produit\/examen-delf-b1-lyon\/#primaryimage\"},\"thumbnailUrl\":\"https:\/\/www.aflyon.org\/app\/uploads\/2026\/01\/delf_b1_1.png\",\"datePublished\":\"2026-01-16T09:54:23+00:00\",\"dateModified\":\"2026-03-25T08:53:16+00:00\",\"description\":\"Obtenga el DELF B1, una certificaci\u00f3n que acredita su autonom\u00eda en franc\u00e9s y le da acceso a un permiso de residencia en Francia.\",\"breadcrumb\":{\"@id\":\"https:\/\/www.aflyon.org\/es\/produit\/examen-delf-b1-lyon\/#breadcrumb\"},\"inLanguage\":\"es-ES\",\"potentialAction\":[{\"@type\":\"ReadAction\",\"target\":[\"https:\/\/www.aflyon.org\/es\/produit\/examen-delf-b1-lyon\/\"]}]},{\"@type\":\"ImageObject\",\"inLanguage\":\"es-ES\",\"@id\":\"https:\/\/www.aflyon.org\/es\/produit\/examen-delf-b1-lyon\/#primaryimage\",\"url\":\"https:\/\/www.aflyon.org\/app\/uploads\/2026\/01\/delf_b1_1.png\",\"contentUrl\":\"https:\/\/www.aflyon.org\/app\/uploads\/2026\/01\/delf_b1_1.png\",\"width\":515,\"height\":466},{\"@type\":\"BreadcrumbList\",\"@id\":\"https:\/\/www.aflyon.org\/es\/produit\/examen-delf-b1-lyon\/#breadcrumb\",\"itemListElement\":[{\"@type\":\"ListItem\",\"position\":1,\"name\":\"Inicio\",\"item\":\"https:\/\/www.aflyon.org\/es\/\"},{\"@type\":\"ListItem\",\"position\":2,\"name\":\"Boutique\",\"item\":\"https:\/\/www.aflyon.org\/boutique\/\"},{\"@type\":\"ListItem\",\"position\":3,\"name\":\"Examen DELF B1\"}]},{\"@type\":\"WebSite\",\"@id\":\"https:\/\/www.aflyon.org\/es\/#website\",\"url\":\"https:\/\/www.aflyon.org\/es\/\",\"name\":\"Alliance Fran\u00e7aise de Lyon\",\"description\":\"\",\"potentialAction\":[{\"@type\":\"SearchAction\",\"target\":{\"@type\":\"EntryPoint\",\"urlTemplate\":\"https:\/\/www.aflyon.org\/es\/?s={search_term_string}\"},\"query-input\":{\"@type\":\"PropertyValueSpecification\",\"valueRequired\":true,\"valueName\":\"search_term_string\"}}],\"inLanguage\":\"es-ES\"}]}<\/script>\n<!-- \/ Yoast SEO plugin. -->","yoast_head_json":{"title":"Examen DELF B1 - Alliance Fran\u00e7aise de Lyon","description":"Obtenga el DELF B1, una certificaci\u00f3n que acredita su autonom\u00eda en franc\u00e9s y le da acceso a un permiso de residencia en Francia.","robots":{"index":"index","follow":"follow","max-snippet":"max-snippet:-1","max-image-preview":"max-image-preview:large","max-video-preview":"max-video-preview:-1"},"canonical":"https:\/\/www.aflyon.org\/es\/produit\/examen-delf-b1-lyon\/","og_locale":"es_ES","og_type":"article","og_title":"Examen DELF B1 - Alliance Fran\u00e7aise de Lyon","og_description":"Obtenga el DELF B1, una certificaci\u00f3n que acredita su autonom\u00eda en franc\u00e9s y le da acceso a un permiso de residencia en Francia.","og_url":"https:\/\/www.aflyon.org\/es\/produit\/examen-delf-b1-lyon\/","og_site_name":"Alliance Fran\u00e7aise de Lyon","article_modified_time":"2026-03-25T08:53:16+00:00","og_image":[{"width":515,"height":466,"url":"https:\/\/www.aflyon.org\/app\/uploads\/2026\/01\/delf_b1_1.png","type":"image\/png"}],"twitter_card":"summary_large_image","twitter_misc":{"Est. reading time":"4 minutes"},"schema":{"@context":"https:\/\/schema.org","@graph":[{"@type":"WebPage","@id":"https:\/\/www.aflyon.org\/es\/produit\/examen-delf-b1-lyon\/","url":"https:\/\/www.aflyon.org\/es\/produit\/examen-delf-b1-lyon\/","name":"Examen DELF B1 - Alliance Fran\u00e7aise de Lyon","isPartOf":{"@id":"https:\/\/www.aflyon.org\/es\/#website"},"primaryImageOfPage":{"@id":"https:\/\/www.aflyon.org\/es\/produit\/examen-delf-b1-lyon\/#primaryimage"},"image":{"@id":"https:\/\/www.aflyon.org\/es\/produit\/examen-delf-b1-lyon\/#primaryimage"},"thumbnailUrl":"https:\/\/www.aflyon.org\/app\/uploads\/2026\/01\/delf_b1_1.png","datePublished":"2026-01-16T09:54:23+00:00","dateModified":"2026-03-25T08:53:16+00:00","description":"Obtenga el DELF B1, una certificaci\u00f3n que acredita su autonom\u00eda en franc\u00e9s y le da acceso a un permiso de residencia en Francia.","breadcrumb":{"@id":"https:\/\/www.aflyon.org\/es\/produit\/examen-delf-b1-lyon\/#breadcrumb"},"inLanguage":"es-ES","potentialAction":[{"@type":"ReadAction","target":["https:\/\/www.aflyon.org\/es\/produit\/examen-delf-b1-lyon\/"]}]},{"@type":"ImageObject","inLanguage":"es-ES","@id":"https:\/\/www.aflyon.org\/es\/produit\/examen-delf-b1-lyon\/#primaryimage","url":"https:\/\/www.aflyon.org\/app\/uploads\/2026\/01\/delf_b1_1.png","contentUrl":"https:\/\/www.aflyon.org\/app\/uploads\/2026\/01\/delf_b1_1.png","width":515,"height":466},{"@type":"BreadcrumbList","@id":"https:\/\/www.aflyon.org\/es\/produit\/examen-delf-b1-lyon\/#breadcrumb","itemListElement":[{"@type":"ListItem","position":1,"name":"Inicio","item":"https:\/\/www.aflyon.org\/es\/"},{"@type":"ListItem","position":2,"name":"Boutique","item":"https:\/\/www.aflyon.org\/boutique\/"},{"@type":"ListItem","position":3,"name":"Examen DELF B1"}]},{"@type":"WebSite","@id":"https:\/\/www.aflyon.org\/es\/#website","url":"https:\/\/www.aflyon.org\/es\/","name":"Alliance Fran\u00e7aise de Lyon","description":"","potentialAction":[{"@type":"SearchAction","target":{"@type":"EntryPoint","urlTemplate":"https:\/\/www.aflyon.org\/es\/?s={search_term_string}"},"query-input":{"@type":"PropertyValueSpecification","valueRequired":true,"valueName":"search_term_string"}}],"inLanguage":"es-ES"}]}},"_links":{"self":[{"href":"https:\/\/www.aflyon.org\/es\/wp-json\/wp\/v2\/product\/3647","targetHints":{"allow":["GET"]}}],"collection":[{"href":"https:\/\/www.aflyon.org\/es\/wp-json\/wp\/v2\/product"}],"about":[{"href":"https:\/\/www.aflyon.org\/es\/wp-json\/wp\/v2\/types\/product"}],"wp:featuredmedia":[{"embeddable":true,"href":"https:\/\/www.aflyon.org\/es\/wp-json\/wp\/v2\/media\/3646"}],"wp:attachment":[{"href":"https:\/\/www.aflyon.org\/es\/wp-json\/wp\/v2\/media?parent=3647"}],"wp:term":[{"taxonomy":"product_brand","embeddable":true,"href":"https:\/\/www.aflyon.org\/es\/wp-json\/wp\/v2\/product_brand?post=3647"},{"taxonomy":"product_cat","embeddable":true,"href":"https:\/\/www.aflyon.org\/es\/wp-json\/wp\/v2\/product_cat?post=3647"},{"taxonomy":"product_tag","embeddable":true,"href":"https:\/\/www.aflyon.org\/es\/wp-json\/wp\/v2\/product_tag?post=3647"}],"curies":[{"name":"wp","href":"https:\/\/api.w.org\/{rel}","templated":true}]}}