{"id":3488,"date":"2026-01-12T17:15:38","date_gmt":"2026-01-12T16:15:38","guid":{"rendered":"https:\/\/www.aflyon.org\/produit\/pasaporte-niveles-b-c-oral\/"},"modified":"2026-02-13T11:18:20","modified_gmt":"2026-02-13T10:18:20","slug":"pasaporte-niveles-b-c-oral","status":"publish","type":"product","link":"https:\/\/www.aflyon.org\/es\/produit\/pasaporte-niveles-b-c-oral\/","title":{"rendered":"Pasaporte niveles B\/C oral"},"content":{"rendered":"<p>\u00bfDesea mejorar su <strong>expresi\u00f3n<\/strong> <strong>oral<\/strong> en franc\u00e9s y ganar soltura en sus <strong>interacciones<\/strong> <strong>cotidianas<\/strong>, universitarias o <strong>profesionales<\/strong>?<\/p>\n<p>El taller <strong>Passeport Oral<\/strong> de la Alliance Fran\u00e7aise de Lyon est\u00e1 dise\u00f1ado para reforzar su confianza al hablar gracias a una pr\u00e1ctica <strong>intensiva<\/strong> e <strong>interactiva<\/strong> del franc\u00e9s. Dirigido por un profesor experto en FLE, este taller es ideal para estudiantes de <strong>nivel B1 a C1<\/strong> que deseen consolidar su expresi\u00f3n oral como complemento de un curso principal o de una pr\u00e1ctica personal.<\/p>\n","protected":false},"excerpt":{"rendered":"<p>Desarrolle su confianza al hablar<\/p>\n","protected":false},"featured_media":3486,"template":"","meta":{"_acf_changed":false},"product_brand":[],"product_cat":[203,204,205,215,206,207,214],"product_tag":[],"class_list":{"0":"post-3488","1":"product","2":"type-product","3":"status-publish","4":"has-post-thumbnail","6":"product_cat-frances-nivel-b1","7":"product_cat-frances-nivel-b2","8":"product_cat-frances-nivel-c1","9":"product_cat-niveau-a1","10":"product_cat-cursos","11":"product_cat-perfeccionamiento-frances","12":"product_cat-cursos-presenciales-de-frances","14":"first","15":"instock","16":"sold-individually","17":"shipping-taxable","18":"purchasable","19":"product-type-variable"},"acf":[],"yoast_head":"<!-- This site is optimized with the Yoast SEO plugin v26.7 - https:\/\/yoast.com\/wordpress\/plugins\/seo\/ -->\n<title>Pasaporte niveles B\/C oral - Alliance Fran\u00e7aise de Lyon<\/title>\n<meta name=\"description\" content=\"Desarrolle su confianza al hablar con el taller Passeport Oral de la Alliance Fran\u00e7aise de Lyon. Ideal para los niveles B1 a C1, \u00a1practique franc\u00e9s de forma intensiva!\" \/>\n<meta name=\"robots\" content=\"index, follow, max-snippet:-1, max-image-preview:large, max-video-preview:-1\" \/>\n<link rel=\"canonical\" href=\"https:\/\/www.aflyon.org\/es\/produit\/pasaporte-niveles-b-c-oral\/\" \/>\n<meta property=\"og:locale\" content=\"es_ES\" \/>\n<meta property=\"og:type\" content=\"article\" \/>\n<meta property=\"og:title\" content=\"Pasaporte niveles B\/C oral - Alliance Fran\u00e7aise de Lyon\" \/>\n<meta property=\"og:description\" content=\"Desarrolle su confianza al hablar con el taller Passeport Oral de la Alliance Fran\u00e7aise de Lyon. Ideal para los niveles B1 a C1, \u00a1practique franc\u00e9s de forma intensiva!\" \/>\n<meta property=\"og:url\" content=\"https:\/\/www.aflyon.org\/es\/produit\/pasaporte-niveles-b-c-oral\/\" \/>\n<meta property=\"og:site_name\" content=\"Alliance Fran\u00e7aise de Lyon\" \/>\n<meta property=\"article:modified_time\" content=\"2026-02-13T10:18:20+00:00\" \/>\n<meta property=\"og:image\" content=\"https:\/\/www.aflyon.org\/app\/uploads\/2026\/01\/atelier_passeport_bc_oral_aflyon.jpg\" \/>\n\t<meta property=\"og:image:width\" content=\"1200\" \/>\n\t<meta property=\"og:image:height\" content=\"800\" \/>\n\t<meta property=\"og:image:type\" content=\"image\/jpeg\" \/>\n<meta name=\"twitter:card\" content=\"summary_large_image\" \/>\n<meta name=\"twitter:label1\" content=\"Est. reading time\" \/>\n\t<meta name=\"twitter:data1\" content=\"4 minutes\" \/>\n<script type=\"application\/ld+json\" class=\"yoast-schema-graph\">{\"@context\":\"https:\/\/schema.org\",\"@graph\":[{\"@type\":\"WebPage\",\"@id\":\"https:\/\/www.aflyon.org\/es\/produit\/pasaporte-niveles-b-c-oral\/\",\"url\":\"https:\/\/www.aflyon.org\/es\/produit\/pasaporte-niveles-b-c-oral\/\",\"name\":\"Pasaporte niveles B\/C oral - Alliance Fran\u00e7aise de Lyon\",\"isPartOf\":{\"@id\":\"https:\/\/www.aflyon.org\/es\/#website\"},\"primaryImageOfPage\":{\"@id\":\"https:\/\/www.aflyon.org\/es\/produit\/pasaporte-niveles-b-c-oral\/#primaryimage\"},\"image\":{\"@id\":\"https:\/\/www.aflyon.org\/es\/produit\/pasaporte-niveles-b-c-oral\/#primaryimage\"},\"thumbnailUrl\":\"https:\/\/www.aflyon.org\/app\/uploads\/2026\/01\/atelier_passeport_bc_oral_aflyon.jpg\",\"datePublished\":\"2026-01-12T16:15:38+00:00\",\"dateModified\":\"2026-02-13T10:18:20+00:00\",\"description\":\"Desarrolle su confianza al hablar con el taller Passeport Oral de la Alliance Fran\u00e7aise de Lyon. Ideal para los niveles B1 a C1, \u00a1practique franc\u00e9s de forma intensiva!\",\"breadcrumb\":{\"@id\":\"https:\/\/www.aflyon.org\/es\/produit\/pasaporte-niveles-b-c-oral\/#breadcrumb\"},\"inLanguage\":\"es-ES\",\"potentialAction\":[{\"@type\":\"ReadAction\",\"target\":[\"https:\/\/www.aflyon.org\/es\/produit\/pasaporte-niveles-b-c-oral\/\"]}]},{\"@type\":\"ImageObject\",\"inLanguage\":\"es-ES\",\"@id\":\"https:\/\/www.aflyon.org\/es\/produit\/pasaporte-niveles-b-c-oral\/#primaryimage\",\"url\":\"https:\/\/www.aflyon.org\/app\/uploads\/2026\/01\/atelier_passeport_bc_oral_aflyon.jpg\",\"contentUrl\":\"https:\/\/www.aflyon.org\/app\/uploads\/2026\/01\/atelier_passeport_bc_oral_aflyon.jpg\",\"width\":1200,\"height\":800},{\"@type\":\"BreadcrumbList\",\"@id\":\"https:\/\/www.aflyon.org\/es\/produit\/pasaporte-niveles-b-c-oral\/#breadcrumb\",\"itemListElement\":[{\"@type\":\"ListItem\",\"position\":1,\"name\":\"Inicio\",\"item\":\"https:\/\/www.aflyon.org\/es\/\"},{\"@type\":\"ListItem\",\"position\":2,\"name\":\"Boutique\",\"item\":\"https:\/\/www.aflyon.org\/boutique\/\"},{\"@type\":\"ListItem\",\"position\":3,\"name\":\"Pasaporte niveles B\/C oral\"}]},{\"@type\":\"WebSite\",\"@id\":\"https:\/\/www.aflyon.org\/es\/#website\",\"url\":\"https:\/\/www.aflyon.org\/es\/\",\"name\":\"Alliance Fran\u00e7aise de Lyon\",\"description\":\"\",\"potentialAction\":[{\"@type\":\"SearchAction\",\"target\":{\"@type\":\"EntryPoint\",\"urlTemplate\":\"https:\/\/www.aflyon.org\/es\/?s={search_term_string}\"},\"query-input\":{\"@type\":\"PropertyValueSpecification\",\"valueRequired\":true,\"valueName\":\"search_term_string\"}}],\"inLanguage\":\"es-ES\"}]}<\/script>\n<!-- \/ Yoast SEO plugin. -->","yoast_head_json":{"title":"Pasaporte niveles B\/C oral - Alliance Fran\u00e7aise de Lyon","description":"Desarrolle su confianza al hablar con el taller Passeport Oral de la Alliance Fran\u00e7aise de Lyon. Ideal para los niveles B1 a C1, \u00a1practique franc\u00e9s de forma intensiva!","robots":{"index":"index","follow":"follow","max-snippet":"max-snippet:-1","max-image-preview":"max-image-preview:large","max-video-preview":"max-video-preview:-1"},"canonical":"https:\/\/www.aflyon.org\/es\/produit\/pasaporte-niveles-b-c-oral\/","og_locale":"es_ES","og_type":"article","og_title":"Pasaporte niveles B\/C oral - Alliance Fran\u00e7aise de Lyon","og_description":"Desarrolle su confianza al hablar con el taller Passeport Oral de la Alliance Fran\u00e7aise de Lyon. Ideal para los niveles B1 a C1, \u00a1practique franc\u00e9s de forma intensiva!","og_url":"https:\/\/www.aflyon.org\/es\/produit\/pasaporte-niveles-b-c-oral\/","og_site_name":"Alliance Fran\u00e7aise de Lyon","article_modified_time":"2026-02-13T10:18:20+00:00","og_image":[{"width":1200,"height":800,"url":"https:\/\/www.aflyon.org\/app\/uploads\/2026\/01\/atelier_passeport_bc_oral_aflyon.jpg","type":"image\/jpeg"}],"twitter_card":"summary_large_image","twitter_misc":{"Est. reading time":"4 minutes"},"schema":{"@context":"https:\/\/schema.org","@graph":[{"@type":"WebPage","@id":"https:\/\/www.aflyon.org\/es\/produit\/pasaporte-niveles-b-c-oral\/","url":"https:\/\/www.aflyon.org\/es\/produit\/pasaporte-niveles-b-c-oral\/","name":"Pasaporte niveles B\/C oral - Alliance Fran\u00e7aise de Lyon","isPartOf":{"@id":"https:\/\/www.aflyon.org\/es\/#website"},"primaryImageOfPage":{"@id":"https:\/\/www.aflyon.org\/es\/produit\/pasaporte-niveles-b-c-oral\/#primaryimage"},"image":{"@id":"https:\/\/www.aflyon.org\/es\/produit\/pasaporte-niveles-b-c-oral\/#primaryimage"},"thumbnailUrl":"https:\/\/www.aflyon.org\/app\/uploads\/2026\/01\/atelier_passeport_bc_oral_aflyon.jpg","datePublished":"2026-01-12T16:15:38+00:00","dateModified":"2026-02-13T10:18:20+00:00","description":"Desarrolle su confianza al hablar con el taller Passeport Oral de la Alliance Fran\u00e7aise de Lyon. Ideal para los niveles B1 a C1, \u00a1practique franc\u00e9s de forma intensiva!","breadcrumb":{"@id":"https:\/\/www.aflyon.org\/es\/produit\/pasaporte-niveles-b-c-oral\/#breadcrumb"},"inLanguage":"es-ES","potentialAction":[{"@type":"ReadAction","target":["https:\/\/www.aflyon.org\/es\/produit\/pasaporte-niveles-b-c-oral\/"]}]},{"@type":"ImageObject","inLanguage":"es-ES","@id":"https:\/\/www.aflyon.org\/es\/produit\/pasaporte-niveles-b-c-oral\/#primaryimage","url":"https:\/\/www.aflyon.org\/app\/uploads\/2026\/01\/atelier_passeport_bc_oral_aflyon.jpg","contentUrl":"https:\/\/www.aflyon.org\/app\/uploads\/2026\/01\/atelier_passeport_bc_oral_aflyon.jpg","width":1200,"height":800},{"@type":"BreadcrumbList","@id":"https:\/\/www.aflyon.org\/es\/produit\/pasaporte-niveles-b-c-oral\/#breadcrumb","itemListElement":[{"@type":"ListItem","position":1,"name":"Inicio","item":"https:\/\/www.aflyon.org\/es\/"},{"@type":"ListItem","position":2,"name":"Boutique","item":"https:\/\/www.aflyon.org\/boutique\/"},{"@type":"ListItem","position":3,"name":"Pasaporte niveles B\/C oral"}]},{"@type":"WebSite","@id":"https:\/\/www.aflyon.org\/es\/#website","url":"https:\/\/www.aflyon.org\/es\/","name":"Alliance Fran\u00e7aise de Lyon","description":"","potentialAction":[{"@type":"SearchAction","target":{"@type":"EntryPoint","urlTemplate":"https:\/\/www.aflyon.org\/es\/?s={search_term_string}"},"query-input":{"@type":"PropertyValueSpecification","valueRequired":true,"valueName":"search_term_string"}}],"inLanguage":"es-ES"}]}},"_links":{"self":[{"href":"https:\/\/www.aflyon.org\/es\/wp-json\/wp\/v2\/product\/3488","targetHints":{"allow":["GET"]}}],"collection":[{"href":"https:\/\/www.aflyon.org\/es\/wp-json\/wp\/v2\/product"}],"about":[{"href":"https:\/\/www.aflyon.org\/es\/wp-json\/wp\/v2\/types\/product"}],"wp:featuredmedia":[{"embeddable":true,"href":"https:\/\/www.aflyon.org\/es\/wp-json\/wp\/v2\/media\/3486"}],"wp:attachment":[{"href":"https:\/\/www.aflyon.org\/es\/wp-json\/wp\/v2\/media?parent=3488"}],"wp:term":[{"taxonomy":"product_brand","embeddable":true,"href":"https:\/\/www.aflyon.org\/es\/wp-json\/wp\/v2\/product_brand?post=3488"},{"taxonomy":"product_cat","embeddable":true,"href":"https:\/\/www.aflyon.org\/es\/wp-json\/wp\/v2\/product_cat?post=3488"},{"taxonomy":"product_tag","embeddable":true,"href":"https:\/\/www.aflyon.org\/es\/wp-json\/wp\/v2\/product_tag?post=3488"}],"curies":[{"name":"wp","href":"https:\/\/api.w.org\/{rel}","templated":true}]}}