{"id":3477,"date":"2026-01-12T16:34:42","date_gmt":"2026-01-12T15:34:42","guid":{"rendered":"https:\/\/www.aflyon.org\/produit\/cursos-en-linea-1-mes\/"},"modified":"2026-02-13T10:10:52","modified_gmt":"2026-02-13T09:10:52","slug":"cursos-en-linea-1-mes","status":"publish","type":"product","link":"https:\/\/www.aflyon.org\/es\/produit\/cursos-en-linea-1-mes\/","title":{"rendered":"Cursos en l\u00ednea &#8211; 1 mes"},"content":{"rendered":"<p>El curso de un mes Fran\u00e7ais 360 en la Alliance Fran\u00e7aise de Lyon es la soluci\u00f3n ideal para aprender franc\u00e9s a tu propio ritmo, combinando la vida profesional y el aprendizaje del idioma. <strong> <\/strong><\/p>\n<p>Este curso de franc\u00e9s est\u00e1 dirigido a empleados, estudiantes internacionales o profesionales que deseen aprender franc\u00e9s de manera r\u00e1pida y eficaz a distancia, siguiendo un ritmo adaptado a su trabajo o estudios. Permite adquirir progresivamente las competencias ling\u00fc\u00edsticas \u00fatiles para la vida cotidiana en Francia. <\/p>\n<p>Durante <strong>20 horas<\/strong> de clase, vive una experiencia de aprendizaje completa desde tu hogar, acompa\u00f1ado por un equipo de profesores <strong>cualificados<\/strong> y <strong>con experiencia<\/strong> <strong>en FLE<\/strong> (franc\u00e9s como lengua extranjera).<\/p>\n","protected":false},"excerpt":{"rendered":"<p>Apprenez le fran\u00e7ais en ligne<\/p>\n","protected":false},"featured_media":3476,"template":"","meta":{"_acf_changed":false},"product_brand":[],"product_cat":[201,202,203,204,205,215,206,211],"product_tag":[],"class_list":{"0":"post-3477","1":"product","2":"type-product","3":"status-publish","4":"has-post-thumbnail","6":"product_cat-frances-nivel-a1","7":"product_cat-frances-nivel-a2","8":"product_cat-frances-nivel-b1","9":"product_cat-frances-nivel-b2","10":"product_cat-frances-nivel-c1","11":"product_cat-niveau-a1","12":"product_cat-cursos","13":"product_cat-curso-en-linea","15":"first","16":"instock","17":"sold-individually","18":"shipping-taxable","19":"purchasable","20":"product-type-variable"},"acf":[],"yoast_head":"<!-- This site is optimized with the Yoast SEO plugin v26.7 - https:\/\/yoast.com\/wordpress\/plugins\/seo\/ -->\n<title>Cursos en l\u00ednea - 1 mes - Alliance Fran\u00e7aise de Lyon<\/title>\n<meta name=\"description\" content=\"Descubre nuestro curso de franc\u00e9s en l\u00ednea. \u00a1Aprende de manera eficaz mientras combinas trabajo y estudios con 20 horas de formaci\u00f3n a distancia!\" \/>\n<meta name=\"robots\" content=\"index, follow, max-snippet:-1, max-image-preview:large, max-video-preview:-1\" \/>\n<link rel=\"canonical\" href=\"https:\/\/www.aflyon.org\/es\/produit\/cursos-en-linea-1-mes\/\" \/>\n<meta property=\"og:locale\" content=\"es_ES\" \/>\n<meta property=\"og:type\" content=\"article\" \/>\n<meta property=\"og:title\" content=\"Cursos en l\u00ednea - 1 mes - Alliance Fran\u00e7aise de Lyon\" \/>\n<meta property=\"og:description\" content=\"Descubre nuestro curso de franc\u00e9s en l\u00ednea. \u00a1Aprende de manera eficaz mientras combinas trabajo y estudios con 20 horas de formaci\u00f3n a distancia!\" \/>\n<meta property=\"og:url\" content=\"https:\/\/www.aflyon.org\/es\/produit\/cursos-en-linea-1-mes\/\" \/>\n<meta property=\"og:site_name\" content=\"Alliance Fran\u00e7aise de Lyon\" \/>\n<meta property=\"article:modified_time\" content=\"2026-02-13T09:10:52+00:00\" \/>\n<meta property=\"og:image\" content=\"https:\/\/www.aflyon.org\/app\/uploads\/2026\/01\/Cours-en-ligne-produit.png\" \/>\n\t<meta property=\"og:image:width\" content=\"2153\" \/>\n\t<meta property=\"og:image:height\" content=\"1313\" \/>\n\t<meta property=\"og:image:type\" content=\"image\/png\" \/>\n<meta name=\"twitter:card\" content=\"summary_large_image\" \/>\n<meta name=\"twitter:label1\" content=\"Est. reading time\" \/>\n\t<meta name=\"twitter:data1\" content=\"5 minutes\" \/>\n<script type=\"application\/ld+json\" class=\"yoast-schema-graph\">{\"@context\":\"https:\/\/schema.org\",\"@graph\":[{\"@type\":\"WebPage\",\"@id\":\"https:\/\/www.aflyon.org\/es\/produit\/cursos-en-linea-1-mes\/\",\"url\":\"https:\/\/www.aflyon.org\/es\/produit\/cursos-en-linea-1-mes\/\",\"name\":\"Cursos en l\u00ednea - 1 mes - Alliance Fran\u00e7aise de Lyon\",\"isPartOf\":{\"@id\":\"https:\/\/www.aflyon.org\/es\/#website\"},\"primaryImageOfPage\":{\"@id\":\"https:\/\/www.aflyon.org\/es\/produit\/cursos-en-linea-1-mes\/#primaryimage\"},\"image\":{\"@id\":\"https:\/\/www.aflyon.org\/es\/produit\/cursos-en-linea-1-mes\/#primaryimage\"},\"thumbnailUrl\":\"https:\/\/www.aflyon.org\/app\/uploads\/2026\/01\/Cours-en-ligne-produit.png\",\"datePublished\":\"2026-01-12T15:34:42+00:00\",\"dateModified\":\"2026-02-13T09:10:52+00:00\",\"description\":\"Descubre nuestro curso de franc\u00e9s en l\u00ednea. \u00a1Aprende de manera eficaz mientras combinas trabajo y estudios con 20 horas de formaci\u00f3n a distancia!\",\"breadcrumb\":{\"@id\":\"https:\/\/www.aflyon.org\/es\/produit\/cursos-en-linea-1-mes\/#breadcrumb\"},\"inLanguage\":\"es-ES\",\"potentialAction\":[{\"@type\":\"ReadAction\",\"target\":[\"https:\/\/www.aflyon.org\/es\/produit\/cursos-en-linea-1-mes\/\"]}]},{\"@type\":\"ImageObject\",\"inLanguage\":\"es-ES\",\"@id\":\"https:\/\/www.aflyon.org\/es\/produit\/cursos-en-linea-1-mes\/#primaryimage\",\"url\":\"https:\/\/www.aflyon.org\/app\/uploads\/2026\/01\/Cours-en-ligne-produit.png\",\"contentUrl\":\"https:\/\/www.aflyon.org\/app\/uploads\/2026\/01\/Cours-en-ligne-produit.png\",\"width\":2153,\"height\":1313},{\"@type\":\"BreadcrumbList\",\"@id\":\"https:\/\/www.aflyon.org\/es\/produit\/cursos-en-linea-1-mes\/#breadcrumb\",\"itemListElement\":[{\"@type\":\"ListItem\",\"position\":1,\"name\":\"Inicio\",\"item\":\"https:\/\/www.aflyon.org\/es\/\"},{\"@type\":\"ListItem\",\"position\":2,\"name\":\"Boutique\",\"item\":\"https:\/\/www.aflyon.org\/boutique\/\"},{\"@type\":\"ListItem\",\"position\":3,\"name\":\"Cursos en l\u00ednea &#8211; 1 mes\"}]},{\"@type\":\"WebSite\",\"@id\":\"https:\/\/www.aflyon.org\/es\/#website\",\"url\":\"https:\/\/www.aflyon.org\/es\/\",\"name\":\"Alliance Fran\u00e7aise de Lyon\",\"description\":\"\",\"potentialAction\":[{\"@type\":\"SearchAction\",\"target\":{\"@type\":\"EntryPoint\",\"urlTemplate\":\"https:\/\/www.aflyon.org\/es\/?s={search_term_string}\"},\"query-input\":{\"@type\":\"PropertyValueSpecification\",\"valueRequired\":true,\"valueName\":\"search_term_string\"}}],\"inLanguage\":\"es-ES\"}]}<\/script>\n<!-- \/ Yoast SEO plugin. -->","yoast_head_json":{"title":"Cursos en l\u00ednea - 1 mes - Alliance Fran\u00e7aise de Lyon","description":"Descubre nuestro curso de franc\u00e9s en l\u00ednea. \u00a1Aprende de manera eficaz mientras combinas trabajo y estudios con 20 horas de formaci\u00f3n a distancia!","robots":{"index":"index","follow":"follow","max-snippet":"max-snippet:-1","max-image-preview":"max-image-preview:large","max-video-preview":"max-video-preview:-1"},"canonical":"https:\/\/www.aflyon.org\/es\/produit\/cursos-en-linea-1-mes\/","og_locale":"es_ES","og_type":"article","og_title":"Cursos en l\u00ednea - 1 mes - Alliance Fran\u00e7aise de Lyon","og_description":"Descubre nuestro curso de franc\u00e9s en l\u00ednea. \u00a1Aprende de manera eficaz mientras combinas trabajo y estudios con 20 horas de formaci\u00f3n a distancia!","og_url":"https:\/\/www.aflyon.org\/es\/produit\/cursos-en-linea-1-mes\/","og_site_name":"Alliance Fran\u00e7aise de Lyon","article_modified_time":"2026-02-13T09:10:52+00:00","og_image":[{"width":2153,"height":1313,"url":"https:\/\/www.aflyon.org\/app\/uploads\/2026\/01\/Cours-en-ligne-produit.png","type":"image\/png"}],"twitter_card":"summary_large_image","twitter_misc":{"Est. reading time":"5 minutes"},"schema":{"@context":"https:\/\/schema.org","@graph":[{"@type":"WebPage","@id":"https:\/\/www.aflyon.org\/es\/produit\/cursos-en-linea-1-mes\/","url":"https:\/\/www.aflyon.org\/es\/produit\/cursos-en-linea-1-mes\/","name":"Cursos en l\u00ednea - 1 mes - Alliance Fran\u00e7aise de Lyon","isPartOf":{"@id":"https:\/\/www.aflyon.org\/es\/#website"},"primaryImageOfPage":{"@id":"https:\/\/www.aflyon.org\/es\/produit\/cursos-en-linea-1-mes\/#primaryimage"},"image":{"@id":"https:\/\/www.aflyon.org\/es\/produit\/cursos-en-linea-1-mes\/#primaryimage"},"thumbnailUrl":"https:\/\/www.aflyon.org\/app\/uploads\/2026\/01\/Cours-en-ligne-produit.png","datePublished":"2026-01-12T15:34:42+00:00","dateModified":"2026-02-13T09:10:52+00:00","description":"Descubre nuestro curso de franc\u00e9s en l\u00ednea. \u00a1Aprende de manera eficaz mientras combinas trabajo y estudios con 20 horas de formaci\u00f3n a distancia!","breadcrumb":{"@id":"https:\/\/www.aflyon.org\/es\/produit\/cursos-en-linea-1-mes\/#breadcrumb"},"inLanguage":"es-ES","potentialAction":[{"@type":"ReadAction","target":["https:\/\/www.aflyon.org\/es\/produit\/cursos-en-linea-1-mes\/"]}]},{"@type":"ImageObject","inLanguage":"es-ES","@id":"https:\/\/www.aflyon.org\/es\/produit\/cursos-en-linea-1-mes\/#primaryimage","url":"https:\/\/www.aflyon.org\/app\/uploads\/2026\/01\/Cours-en-ligne-produit.png","contentUrl":"https:\/\/www.aflyon.org\/app\/uploads\/2026\/01\/Cours-en-ligne-produit.png","width":2153,"height":1313},{"@type":"BreadcrumbList","@id":"https:\/\/www.aflyon.org\/es\/produit\/cursos-en-linea-1-mes\/#breadcrumb","itemListElement":[{"@type":"ListItem","position":1,"name":"Inicio","item":"https:\/\/www.aflyon.org\/es\/"},{"@type":"ListItem","position":2,"name":"Boutique","item":"https:\/\/www.aflyon.org\/boutique\/"},{"@type":"ListItem","position":3,"name":"Cursos en l\u00ednea &#8211; 1 mes"}]},{"@type":"WebSite","@id":"https:\/\/www.aflyon.org\/es\/#website","url":"https:\/\/www.aflyon.org\/es\/","name":"Alliance Fran\u00e7aise de Lyon","description":"","potentialAction":[{"@type":"SearchAction","target":{"@type":"EntryPoint","urlTemplate":"https:\/\/www.aflyon.org\/es\/?s={search_term_string}"},"query-input":{"@type":"PropertyValueSpecification","valueRequired":true,"valueName":"search_term_string"}}],"inLanguage":"es-ES"}]}},"_links":{"self":[{"href":"https:\/\/www.aflyon.org\/es\/wp-json\/wp\/v2\/product\/3477","targetHints":{"allow":["GET"]}}],"collection":[{"href":"https:\/\/www.aflyon.org\/es\/wp-json\/wp\/v2\/product"}],"about":[{"href":"https:\/\/www.aflyon.org\/es\/wp-json\/wp\/v2\/types\/product"}],"wp:featuredmedia":[{"embeddable":true,"href":"https:\/\/www.aflyon.org\/es\/wp-json\/wp\/v2\/media\/3476"}],"wp:attachment":[{"href":"https:\/\/www.aflyon.org\/es\/wp-json\/wp\/v2\/media?parent=3477"}],"wp:term":[{"taxonomy":"product_brand","embeddable":true,"href":"https:\/\/www.aflyon.org\/es\/wp-json\/wp\/v2\/product_brand?post=3477"},{"taxonomy":"product_cat","embeddable":true,"href":"https:\/\/www.aflyon.org\/es\/wp-json\/wp\/v2\/product_cat?post=3477"},{"taxonomy":"product_tag","embeddable":true,"href":"https:\/\/www.aflyon.org\/es\/wp-json\/wp\/v2\/product_tag?post=3477"}],"curies":[{"name":"wp","href":"https:\/\/api.w.org\/{rel}","templated":true}]}}