{"id":3462,"date":"2026-01-09T16:41:47","date_gmt":"2026-01-09T15:41:47","guid":{"rendered":"https:\/\/www.aflyon.org\/produit\/curso-extensivo-3-meses\/"},"modified":"2026-03-31T12:55:58","modified_gmt":"2026-03-31T10:55:58","slug":"curso-extensivo-3-meses","status":"publish","type":"product","link":"https:\/\/www.aflyon.org\/es\/produit\/curso-extensivo-3-meses\/","title":{"rendered":"Curso extensivo &#8211; oferta 3 meses"},"content":{"rendered":"<p>El <strong>curso extensivo de tres meses<\/strong> en la Alliance Fran\u00e7aise de Lyon es la soluci\u00f3n ideal para <strong>descubrir el franc\u00e9s<\/strong> a tu ritmo por <strong>la tarde<\/strong>, conciliando la vida profesional y el aprendizaje del idioma.<\/p>\n<p>Este curso de franc\u00e9s est\u00e1 dirigido a empleados, estudiantes internacionales o profesionales que deseen aprender franc\u00e9s de manera r\u00e1pida y eficaz, siguiendo un ritmo adaptado a su actividad laboral o estudios. Permite adquirir de manera progresiva las competencias ling\u00fc\u00edsticas \u00fatiles para la vida cotidiana en Francia.<\/p>\n<p>Durante 16 horas de clase presencial, complementadas con 4 horas de contenidos en autonom\u00eda en nuestra plataforma Apolearn, viva un aprendizaje estructurado y flexible, acompa\u00f1ado por un equipo de profesores titulados y con experiencia en FLE.<\/p>\n","protected":false},"excerpt":{"rendered":"<p>\u00a1Aprenda franc\u00e9s por las tardes a su ritmo!<\/p>\n","protected":false},"featured_media":3408,"template":"","meta":{"_acf_changed":false},"product_brand":[],"product_cat":[201,202,203,204,205,215,206,209,214],"product_tag":[],"class_list":{"0":"post-3462","1":"product","2":"type-product","3":"status-publish","4":"has-post-thumbnail","6":"product_cat-frances-nivel-a1","7":"product_cat-frances-nivel-a2","8":"product_cat-frances-nivel-b1","9":"product_cat-frances-nivel-b2","10":"product_cat-frances-nivel-c1","11":"product_cat-niveau-a1","12":"product_cat-cursos","13":"product_cat-curso-de-frances-extensivo-1-mes","14":"product_cat-cursos-presenciales-de-frances","16":"first","17":"instock","18":"sold-individually","19":"shipping-taxable","20":"purchasable","21":"product-type-variable"},"acf":[],"yoast_head":"<!-- This site is optimized with the Yoast SEO plugin v26.7 - https:\/\/yoast.com\/wordpress\/plugins\/seo\/ -->\n<title>Curso extensivo - oferta 3 meses - Alliance Fran\u00e7aise de Lyon<\/title>\n<meta name=\"description\" content=\"\u00a1Aprende franc\u00e9s en 3 meses en la Alliance Fran\u00e7aise de Lyon! Clases nocturnas flexibles para empleados y estudiantes, combinando pr\u00e1ctica y autonom\u00eda.\" \/>\n<meta name=\"robots\" content=\"index, follow, max-snippet:-1, max-image-preview:large, max-video-preview:-1\" \/>\n<link rel=\"canonical\" href=\"https:\/\/www.aflyon.org\/es\/produit\/curso-extensivo-3-meses\/\" \/>\n<meta property=\"og:locale\" content=\"es_ES\" \/>\n<meta property=\"og:type\" content=\"article\" \/>\n<meta property=\"og:title\" content=\"Curso extensivo - oferta 3 meses - Alliance Fran\u00e7aise de Lyon\" \/>\n<meta property=\"og:description\" content=\"\u00a1Aprende franc\u00e9s en 3 meses en la Alliance Fran\u00e7aise de Lyon! Clases nocturnas flexibles para empleados y estudiantes, combinando pr\u00e1ctica y autonom\u00eda.\" \/>\n<meta property=\"og:url\" content=\"https:\/\/www.aflyon.org\/es\/produit\/curso-extensivo-3-meses\/\" \/>\n<meta property=\"og:site_name\" content=\"Alliance Fran\u00e7aise de Lyon\" \/>\n<meta property=\"article:modified_time\" content=\"2026-03-31T10:55:58+00:00\" \/>\n<meta property=\"og:image\" content=\"https:\/\/www.aflyon.org\/app\/uploads\/2025\/12\/cours_extensif_1_aflyon.jpg\" \/>\n\t<meta property=\"og:image:width\" content=\"1200\" \/>\n\t<meta property=\"og:image:height\" content=\"800\" \/>\n\t<meta property=\"og:image:type\" content=\"image\/jpeg\" \/>\n<meta name=\"twitter:card\" content=\"summary_large_image\" \/>\n<meta name=\"twitter:label1\" content=\"Est. reading time\" \/>\n\t<meta name=\"twitter:data1\" content=\"5 minutes\" \/>\n<script type=\"application\/ld+json\" class=\"yoast-schema-graph\">{\"@context\":\"https:\/\/schema.org\",\"@graph\":[{\"@type\":\"WebPage\",\"@id\":\"https:\/\/www.aflyon.org\/es\/produit\/curso-extensivo-3-meses\/\",\"url\":\"https:\/\/www.aflyon.org\/es\/produit\/curso-extensivo-3-meses\/\",\"name\":\"Curso extensivo - oferta 3 meses - Alliance Fran\u00e7aise de Lyon\",\"isPartOf\":{\"@id\":\"https:\/\/www.aflyon.org\/es\/#website\"},\"primaryImageOfPage\":{\"@id\":\"https:\/\/www.aflyon.org\/es\/produit\/curso-extensivo-3-meses\/#primaryimage\"},\"image\":{\"@id\":\"https:\/\/www.aflyon.org\/es\/produit\/curso-extensivo-3-meses\/#primaryimage\"},\"thumbnailUrl\":\"https:\/\/www.aflyon.org\/app\/uploads\/2025\/12\/cours_extensif_1_aflyon.jpg\",\"datePublished\":\"2026-01-09T15:41:47+00:00\",\"dateModified\":\"2026-03-31T10:55:58+00:00\",\"description\":\"\u00a1Aprende franc\u00e9s en 3 meses en la Alliance Fran\u00e7aise de Lyon! Clases nocturnas flexibles para empleados y estudiantes, combinando pr\u00e1ctica y autonom\u00eda.\",\"breadcrumb\":{\"@id\":\"https:\/\/www.aflyon.org\/es\/produit\/curso-extensivo-3-meses\/#breadcrumb\"},\"inLanguage\":\"es-ES\",\"potentialAction\":[{\"@type\":\"ReadAction\",\"target\":[\"https:\/\/www.aflyon.org\/es\/produit\/curso-extensivo-3-meses\/\"]}]},{\"@type\":\"ImageObject\",\"inLanguage\":\"es-ES\",\"@id\":\"https:\/\/www.aflyon.org\/es\/produit\/curso-extensivo-3-meses\/#primaryimage\",\"url\":\"https:\/\/www.aflyon.org\/app\/uploads\/2025\/12\/cours_extensif_1_aflyon.jpg\",\"contentUrl\":\"https:\/\/www.aflyon.org\/app\/uploads\/2025\/12\/cours_extensif_1_aflyon.jpg\",\"width\":1200,\"height\":800},{\"@type\":\"BreadcrumbList\",\"@id\":\"https:\/\/www.aflyon.org\/es\/produit\/curso-extensivo-3-meses\/#breadcrumb\",\"itemListElement\":[{\"@type\":\"ListItem\",\"position\":1,\"name\":\"Inicio\",\"item\":\"https:\/\/www.aflyon.org\/es\/\"},{\"@type\":\"ListItem\",\"position\":2,\"name\":\"Boutique\",\"item\":\"https:\/\/www.aflyon.org\/boutique\/\"},{\"@type\":\"ListItem\",\"position\":3,\"name\":\"Curso extensivo &#8211; oferta 3 meses\"}]},{\"@type\":\"WebSite\",\"@id\":\"https:\/\/www.aflyon.org\/es\/#website\",\"url\":\"https:\/\/www.aflyon.org\/es\/\",\"name\":\"Alliance Fran\u00e7aise de Lyon\",\"description\":\"\",\"potentialAction\":[{\"@type\":\"SearchAction\",\"target\":{\"@type\":\"EntryPoint\",\"urlTemplate\":\"https:\/\/www.aflyon.org\/es\/?s={search_term_string}\"},\"query-input\":{\"@type\":\"PropertyValueSpecification\",\"valueRequired\":true,\"valueName\":\"search_term_string\"}}],\"inLanguage\":\"es-ES\"}]}<\/script>\n<!-- \/ Yoast SEO plugin. -->","yoast_head_json":{"title":"Curso extensivo - oferta 3 meses - Alliance Fran\u00e7aise de Lyon","description":"\u00a1Aprende franc\u00e9s en 3 meses en la Alliance Fran\u00e7aise de Lyon! Clases nocturnas flexibles para empleados y estudiantes, combinando pr\u00e1ctica y autonom\u00eda.","robots":{"index":"index","follow":"follow","max-snippet":"max-snippet:-1","max-image-preview":"max-image-preview:large","max-video-preview":"max-video-preview:-1"},"canonical":"https:\/\/www.aflyon.org\/es\/produit\/curso-extensivo-3-meses\/","og_locale":"es_ES","og_type":"article","og_title":"Curso extensivo - oferta 3 meses - Alliance Fran\u00e7aise de Lyon","og_description":"\u00a1Aprende franc\u00e9s en 3 meses en la Alliance Fran\u00e7aise de Lyon! Clases nocturnas flexibles para empleados y estudiantes, combinando pr\u00e1ctica y autonom\u00eda.","og_url":"https:\/\/www.aflyon.org\/es\/produit\/curso-extensivo-3-meses\/","og_site_name":"Alliance Fran\u00e7aise de Lyon","article_modified_time":"2026-03-31T10:55:58+00:00","og_image":[{"width":1200,"height":800,"url":"https:\/\/www.aflyon.org\/app\/uploads\/2025\/12\/cours_extensif_1_aflyon.jpg","type":"image\/jpeg"}],"twitter_card":"summary_large_image","twitter_misc":{"Est. reading time":"5 minutes"},"schema":{"@context":"https:\/\/schema.org","@graph":[{"@type":"WebPage","@id":"https:\/\/www.aflyon.org\/es\/produit\/curso-extensivo-3-meses\/","url":"https:\/\/www.aflyon.org\/es\/produit\/curso-extensivo-3-meses\/","name":"Curso extensivo - oferta 3 meses - Alliance Fran\u00e7aise de Lyon","isPartOf":{"@id":"https:\/\/www.aflyon.org\/es\/#website"},"primaryImageOfPage":{"@id":"https:\/\/www.aflyon.org\/es\/produit\/curso-extensivo-3-meses\/#primaryimage"},"image":{"@id":"https:\/\/www.aflyon.org\/es\/produit\/curso-extensivo-3-meses\/#primaryimage"},"thumbnailUrl":"https:\/\/www.aflyon.org\/app\/uploads\/2025\/12\/cours_extensif_1_aflyon.jpg","datePublished":"2026-01-09T15:41:47+00:00","dateModified":"2026-03-31T10:55:58+00:00","description":"\u00a1Aprende franc\u00e9s en 3 meses en la Alliance Fran\u00e7aise de Lyon! Clases nocturnas flexibles para empleados y estudiantes, combinando pr\u00e1ctica y autonom\u00eda.","breadcrumb":{"@id":"https:\/\/www.aflyon.org\/es\/produit\/curso-extensivo-3-meses\/#breadcrumb"},"inLanguage":"es-ES","potentialAction":[{"@type":"ReadAction","target":["https:\/\/www.aflyon.org\/es\/produit\/curso-extensivo-3-meses\/"]}]},{"@type":"ImageObject","inLanguage":"es-ES","@id":"https:\/\/www.aflyon.org\/es\/produit\/curso-extensivo-3-meses\/#primaryimage","url":"https:\/\/www.aflyon.org\/app\/uploads\/2025\/12\/cours_extensif_1_aflyon.jpg","contentUrl":"https:\/\/www.aflyon.org\/app\/uploads\/2025\/12\/cours_extensif_1_aflyon.jpg","width":1200,"height":800},{"@type":"BreadcrumbList","@id":"https:\/\/www.aflyon.org\/es\/produit\/curso-extensivo-3-meses\/#breadcrumb","itemListElement":[{"@type":"ListItem","position":1,"name":"Inicio","item":"https:\/\/www.aflyon.org\/es\/"},{"@type":"ListItem","position":2,"name":"Boutique","item":"https:\/\/www.aflyon.org\/boutique\/"},{"@type":"ListItem","position":3,"name":"Curso extensivo &#8211; oferta 3 meses"}]},{"@type":"WebSite","@id":"https:\/\/www.aflyon.org\/es\/#website","url":"https:\/\/www.aflyon.org\/es\/","name":"Alliance Fran\u00e7aise de Lyon","description":"","potentialAction":[{"@type":"SearchAction","target":{"@type":"EntryPoint","urlTemplate":"https:\/\/www.aflyon.org\/es\/?s={search_term_string}"},"query-input":{"@type":"PropertyValueSpecification","valueRequired":true,"valueName":"search_term_string"}}],"inLanguage":"es-ES"}]}},"_links":{"self":[{"href":"https:\/\/www.aflyon.org\/es\/wp-json\/wp\/v2\/product\/3462","targetHints":{"allow":["GET"]}}],"collection":[{"href":"https:\/\/www.aflyon.org\/es\/wp-json\/wp\/v2\/product"}],"about":[{"href":"https:\/\/www.aflyon.org\/es\/wp-json\/wp\/v2\/types\/product"}],"wp:featuredmedia":[{"embeddable":true,"href":"https:\/\/www.aflyon.org\/es\/wp-json\/wp\/v2\/media\/3408"}],"wp:attachment":[{"href":"https:\/\/www.aflyon.org\/es\/wp-json\/wp\/v2\/media?parent=3462"}],"wp:term":[{"taxonomy":"product_brand","embeddable":true,"href":"https:\/\/www.aflyon.org\/es\/wp-json\/wp\/v2\/product_brand?post=3462"},{"taxonomy":"product_cat","embeddable":true,"href":"https:\/\/www.aflyon.org\/es\/wp-json\/wp\/v2\/product_cat?post=3462"},{"taxonomy":"product_tag","embeddable":true,"href":"https:\/\/www.aflyon.org\/es\/wp-json\/wp\/v2\/product_tag?post=3462"}],"curies":[{"name":"wp","href":"https:\/\/api.w.org\/{rel}","templated":true}]}}