{"id":3452,"date":"2026-01-09T15:23:38","date_gmt":"2026-01-09T14:23:38","guid":{"rendered":"https:\/\/www.aflyon.org\/produit\/curso-en-inmersion-11-meses\/"},"modified":"2026-04-10T16:28:13","modified_gmt":"2026-04-10T14:28:13","slug":"curso-en-inmersion-11-meses","status":"publish","type":"product","link":"https:\/\/www.aflyon.org\/es\/produit\/curso-en-inmersion-11-meses\/","title":{"rendered":"Curso en inmersi\u00f3n &#8211; oferta 11 meses"},"content":{"rendered":"<p>El <strong>curso en inmersi\u00f3n de once meses<\/strong> en la Alliance Fran\u00e7aise de Lyon garantiza un <strong>aprendizaje estructurado<\/strong> y <strong>progresivo<\/strong> del <strong>franc\u00e9s<\/strong>, con un seguimiento pedag\u00f3gico personalizado adaptado a cada estudiante.<\/p>\n<p>Este curso de franc\u00e9s est\u00e1 dirigido a estudiantes, expatriados, empleados o visitantes que deseen aprender franc\u00e9s de manera r\u00e1pida y eficaz, mientras descubren la cultura lionesa y franc\u00f3fona. Garantiza una progresi\u00f3n r\u00e1pida para una adquisici\u00f3n profunda de la lengua francesa.<\/p>\n<p>Durante 80 horas de clase, viva una aut\u00e9ntica estancia ling\u00fc\u00edstica en Francia, en el coraz\u00f3n de una ciudad cultural e internacional, acompa\u00f1ado por un equipo de profesores franceses titulados y con experiencia en FLE (franc\u00e9s como lengua extranjera).<\/p>\n","protected":false},"excerpt":{"rendered":"<p>Descubra el franc\u00e9s mediante una inmersi\u00f3n total<\/p>\n","protected":false},"featured_media":3411,"template":"","meta":{"_acf_changed":false},"product_brand":[],"product_cat":[510,201,202,203,204,205,206,216,214],"product_tag":[],"class_list":{"0":"post-3452","1":"product","2":"type-product","3":"status-publish","4":"has-post-thumbnail","6":"product_cat-cursos-de-frances-matutinos","7":"product_cat-frances-nivel-a1","8":"product_cat-frances-nivel-a2","9":"product_cat-frances-nivel-b1","10":"product_cat-frances-nivel-b2","11":"product_cat-frances-nivel-c1","12":"product_cat-cursos","13":"product_cat-aprender-frances","14":"product_cat-cursos-presenciales-de-frances","16":"first","17":"instock","18":"sold-individually","19":"shipping-taxable","20":"purchasable","21":"product-type-variable"},"acf":[],"yoast_head":"<!-- This site is optimized with the Yoast SEO plugin v26.7 - https:\/\/yoast.com\/wordpress\/plugins\/seo\/ -->\n<title>Curso en inmersi\u00f3n - oferta 11 meses - Alliance Fran\u00e7aise de Lyon<\/title>\n<meta name=\"description\" content=\"\u00a1Descubra el franc\u00e9s en inmersi\u00f3n en la Alliance Fran\u00e7aise de Lyon! \u00a111 meses de curso para avanzar r\u00e1pidamente mientras explora la cultura francesa!\" \/>\n<meta name=\"robots\" content=\"index, follow, max-snippet:-1, max-image-preview:large, max-video-preview:-1\" \/>\n<link rel=\"canonical\" href=\"https:\/\/www.aflyon.org\/es\/produit\/curso-en-inmersion-11-meses\/\" \/>\n<meta property=\"og:locale\" content=\"es_ES\" \/>\n<meta property=\"og:type\" content=\"article\" \/>\n<meta property=\"og:title\" content=\"Curso en inmersi\u00f3n - oferta 11 meses - Alliance Fran\u00e7aise de Lyon\" \/>\n<meta property=\"og:description\" content=\"\u00a1Descubra el franc\u00e9s en inmersi\u00f3n en la Alliance Fran\u00e7aise de Lyon! \u00a111 meses de curso para avanzar r\u00e1pidamente mientras explora la cultura francesa!\" \/>\n<meta property=\"og:url\" content=\"https:\/\/www.aflyon.org\/es\/produit\/curso-en-inmersion-11-meses\/\" \/>\n<meta property=\"og:site_name\" content=\"Alliance Fran\u00e7aise de Lyon\" \/>\n<meta property=\"article:modified_time\" content=\"2026-04-10T14:28:13+00:00\" \/>\n<meta property=\"og:image\" content=\"https:\/\/www.aflyon.org\/app\/uploads\/2025\/12\/cours_immersif_3.jpg\" \/>\n\t<meta property=\"og:image:width\" content=\"1200\" \/>\n\t<meta property=\"og:image:height\" content=\"800\" \/>\n\t<meta property=\"og:image:type\" content=\"image\/jpeg\" \/>\n<meta name=\"twitter:card\" content=\"summary_large_image\" \/>\n<meta name=\"twitter:label1\" content=\"Est. reading time\" \/>\n\t<meta name=\"twitter:data1\" content=\"5 minutes\" \/>\n<script type=\"application\/ld+json\" class=\"yoast-schema-graph\">{\"@context\":\"https:\/\/schema.org\",\"@graph\":[{\"@type\":\"WebPage\",\"@id\":\"https:\/\/www.aflyon.org\/es\/produit\/curso-en-inmersion-11-meses\/\",\"url\":\"https:\/\/www.aflyon.org\/es\/produit\/curso-en-inmersion-11-meses\/\",\"name\":\"Curso en inmersi\u00f3n - oferta 11 meses - Alliance Fran\u00e7aise de Lyon\",\"isPartOf\":{\"@id\":\"https:\/\/www.aflyon.org\/es\/#website\"},\"primaryImageOfPage\":{\"@id\":\"https:\/\/www.aflyon.org\/es\/produit\/curso-en-inmersion-11-meses\/#primaryimage\"},\"image\":{\"@id\":\"https:\/\/www.aflyon.org\/es\/produit\/curso-en-inmersion-11-meses\/#primaryimage\"},\"thumbnailUrl\":\"https:\/\/www.aflyon.org\/app\/uploads\/2025\/12\/cours_immersif_3.jpg\",\"datePublished\":\"2026-01-09T14:23:38+00:00\",\"dateModified\":\"2026-04-10T14:28:13+00:00\",\"description\":\"\u00a1Descubra el franc\u00e9s en inmersi\u00f3n en la Alliance Fran\u00e7aise de Lyon! \u00a111 meses de curso para avanzar r\u00e1pidamente mientras explora la cultura francesa!\",\"breadcrumb\":{\"@id\":\"https:\/\/www.aflyon.org\/es\/produit\/curso-en-inmersion-11-meses\/#breadcrumb\"},\"inLanguage\":\"es-ES\",\"potentialAction\":[{\"@type\":\"ReadAction\",\"target\":[\"https:\/\/www.aflyon.org\/es\/produit\/curso-en-inmersion-11-meses\/\"]}]},{\"@type\":\"ImageObject\",\"inLanguage\":\"es-ES\",\"@id\":\"https:\/\/www.aflyon.org\/es\/produit\/curso-en-inmersion-11-meses\/#primaryimage\",\"url\":\"https:\/\/www.aflyon.org\/app\/uploads\/2025\/12\/cours_immersif_3.jpg\",\"contentUrl\":\"https:\/\/www.aflyon.org\/app\/uploads\/2025\/12\/cours_immersif_3.jpg\",\"width\":1200,\"height\":800},{\"@type\":\"BreadcrumbList\",\"@id\":\"https:\/\/www.aflyon.org\/es\/produit\/curso-en-inmersion-11-meses\/#breadcrumb\",\"itemListElement\":[{\"@type\":\"ListItem\",\"position\":1,\"name\":\"Inicio\",\"item\":\"https:\/\/www.aflyon.org\/es\/\"},{\"@type\":\"ListItem\",\"position\":2,\"name\":\"Boutique\",\"item\":\"https:\/\/www.aflyon.org\/boutique\/\"},{\"@type\":\"ListItem\",\"position\":3,\"name\":\"Curso en inmersi\u00f3n &#8211; oferta 11 meses\"}]},{\"@type\":\"WebSite\",\"@id\":\"https:\/\/www.aflyon.org\/es\/#website\",\"url\":\"https:\/\/www.aflyon.org\/es\/\",\"name\":\"Alliance Fran\u00e7aise de Lyon\",\"description\":\"\",\"potentialAction\":[{\"@type\":\"SearchAction\",\"target\":{\"@type\":\"EntryPoint\",\"urlTemplate\":\"https:\/\/www.aflyon.org\/es\/?s={search_term_string}\"},\"query-input\":{\"@type\":\"PropertyValueSpecification\",\"valueRequired\":true,\"valueName\":\"search_term_string\"}}],\"inLanguage\":\"es-ES\"}]}<\/script>\n<!-- \/ Yoast SEO plugin. -->","yoast_head_json":{"title":"Curso en inmersi\u00f3n - oferta 11 meses - Alliance Fran\u00e7aise de Lyon","description":"\u00a1Descubra el franc\u00e9s en inmersi\u00f3n en la Alliance Fran\u00e7aise de Lyon! \u00a111 meses de curso para avanzar r\u00e1pidamente mientras explora la cultura francesa!","robots":{"index":"index","follow":"follow","max-snippet":"max-snippet:-1","max-image-preview":"max-image-preview:large","max-video-preview":"max-video-preview:-1"},"canonical":"https:\/\/www.aflyon.org\/es\/produit\/curso-en-inmersion-11-meses\/","og_locale":"es_ES","og_type":"article","og_title":"Curso en inmersi\u00f3n - oferta 11 meses - Alliance Fran\u00e7aise de Lyon","og_description":"\u00a1Descubra el franc\u00e9s en inmersi\u00f3n en la Alliance Fran\u00e7aise de Lyon! \u00a111 meses de curso para avanzar r\u00e1pidamente mientras explora la cultura francesa!","og_url":"https:\/\/www.aflyon.org\/es\/produit\/curso-en-inmersion-11-meses\/","og_site_name":"Alliance Fran\u00e7aise de Lyon","article_modified_time":"2026-04-10T14:28:13+00:00","og_image":[{"width":1200,"height":800,"url":"https:\/\/www.aflyon.org\/app\/uploads\/2025\/12\/cours_immersif_3.jpg","type":"image\/jpeg"}],"twitter_card":"summary_large_image","twitter_misc":{"Est. reading time":"5 minutes"},"schema":{"@context":"https:\/\/schema.org","@graph":[{"@type":"WebPage","@id":"https:\/\/www.aflyon.org\/es\/produit\/curso-en-inmersion-11-meses\/","url":"https:\/\/www.aflyon.org\/es\/produit\/curso-en-inmersion-11-meses\/","name":"Curso en inmersi\u00f3n - oferta 11 meses - Alliance Fran\u00e7aise de Lyon","isPartOf":{"@id":"https:\/\/www.aflyon.org\/es\/#website"},"primaryImageOfPage":{"@id":"https:\/\/www.aflyon.org\/es\/produit\/curso-en-inmersion-11-meses\/#primaryimage"},"image":{"@id":"https:\/\/www.aflyon.org\/es\/produit\/curso-en-inmersion-11-meses\/#primaryimage"},"thumbnailUrl":"https:\/\/www.aflyon.org\/app\/uploads\/2025\/12\/cours_immersif_3.jpg","datePublished":"2026-01-09T14:23:38+00:00","dateModified":"2026-04-10T14:28:13+00:00","description":"\u00a1Descubra el franc\u00e9s en inmersi\u00f3n en la Alliance Fran\u00e7aise de Lyon! \u00a111 meses de curso para avanzar r\u00e1pidamente mientras explora la cultura francesa!","breadcrumb":{"@id":"https:\/\/www.aflyon.org\/es\/produit\/curso-en-inmersion-11-meses\/#breadcrumb"},"inLanguage":"es-ES","potentialAction":[{"@type":"ReadAction","target":["https:\/\/www.aflyon.org\/es\/produit\/curso-en-inmersion-11-meses\/"]}]},{"@type":"ImageObject","inLanguage":"es-ES","@id":"https:\/\/www.aflyon.org\/es\/produit\/curso-en-inmersion-11-meses\/#primaryimage","url":"https:\/\/www.aflyon.org\/app\/uploads\/2025\/12\/cours_immersif_3.jpg","contentUrl":"https:\/\/www.aflyon.org\/app\/uploads\/2025\/12\/cours_immersif_3.jpg","width":1200,"height":800},{"@type":"BreadcrumbList","@id":"https:\/\/www.aflyon.org\/es\/produit\/curso-en-inmersion-11-meses\/#breadcrumb","itemListElement":[{"@type":"ListItem","position":1,"name":"Inicio","item":"https:\/\/www.aflyon.org\/es\/"},{"@type":"ListItem","position":2,"name":"Boutique","item":"https:\/\/www.aflyon.org\/boutique\/"},{"@type":"ListItem","position":3,"name":"Curso en inmersi\u00f3n &#8211; oferta 11 meses"}]},{"@type":"WebSite","@id":"https:\/\/www.aflyon.org\/es\/#website","url":"https:\/\/www.aflyon.org\/es\/","name":"Alliance Fran\u00e7aise de Lyon","description":"","potentialAction":[{"@type":"SearchAction","target":{"@type":"EntryPoint","urlTemplate":"https:\/\/www.aflyon.org\/es\/?s={search_term_string}"},"query-input":{"@type":"PropertyValueSpecification","valueRequired":true,"valueName":"search_term_string"}}],"inLanguage":"es-ES"}]}},"_links":{"self":[{"href":"https:\/\/www.aflyon.org\/es\/wp-json\/wp\/v2\/product\/3452","targetHints":{"allow":["GET"]}}],"collection":[{"href":"https:\/\/www.aflyon.org\/es\/wp-json\/wp\/v2\/product"}],"about":[{"href":"https:\/\/www.aflyon.org\/es\/wp-json\/wp\/v2\/types\/product"}],"wp:featuredmedia":[{"embeddable":true,"href":"https:\/\/www.aflyon.org\/es\/wp-json\/wp\/v2\/media\/3411"}],"wp:attachment":[{"href":"https:\/\/www.aflyon.org\/es\/wp-json\/wp\/v2\/media?parent=3452"}],"wp:term":[{"taxonomy":"product_brand","embeddable":true,"href":"https:\/\/www.aflyon.org\/es\/wp-json\/wp\/v2\/product_brand?post=3452"},{"taxonomy":"product_cat","embeddable":true,"href":"https:\/\/www.aflyon.org\/es\/wp-json\/wp\/v2\/product_cat?post=3452"},{"taxonomy":"product_tag","embeddable":true,"href":"https:\/\/www.aflyon.org\/es\/wp-json\/wp\/v2\/product_tag?post=3452"}],"curies":[{"name":"wp","href":"https:\/\/api.w.org\/{rel}","templated":true}]}}