{"id":60559,"date":"2026-03-19T16:50:28","date_gmt":"2026-03-19T15:50:28","guid":{"rendered":"https:\/\/www.aflyon.org\/?page_id=60559"},"modified":"2026-03-19T17:55:17","modified_gmt":"2026-03-19T16:55:17","slug":"contacto","status":"publish","type":"page","link":"https:\/\/www.aflyon.org\/es\/contacto\/","title":{"rendered":"Contacto"},"content":{"rendered":"<div class=\"classic-introduction\">\n    <div class=\"left-block\">\n        <div class=\"inside-block\">\n            <div class=\"breadcrumbs\">\n                <div id=\"breadcrumbs\" class=\"main-breadcrumbs\"><span><span><a href=\"https:\/\/www.aflyon.org\/es\/\">Inicio<\/a><\/span><\/span><\/div>\n            <\/div>\n            <h1>Cont\u00e1ctenos <\/h1>\n        <\/div>\n\n    <\/div>\n        <div class=\"right-block image-container\">\n        <img decoding=\"async\" src=\"https:\/\/www.aflyon.org\/app\/uploads\/2026\/03\/facade-AF-Lyon.jpg\" alt=\"\">\n    <\/div>\n    <\/div>\n\n\n<div style=\"height:67px\" aria-hidden=\"true\" class=\"wp-block-spacer\"><\/div>\n\n\n\n<div class=\"wp-block-columns is-layout-flex wp-container-core-columns-is-layout-9d6595d7 wp-block-columns-is-layout-flex\">\n<div class=\"wp-block-column is-layout-flow wp-block-column-is-layout-flow\"><div class=\"contact-form\">\n    <div class=\"content global-width\">\n        <h2>Cont\u00e1ctenos <\/h2>\n        <p class=\"text-content\">\u00a1Hablemos de su proyecto! Rellene el siguiente formulario o p\u00f3ngase en contacto con nosotros directamente; le responderemos lo antes posible.<\/p>\n        \n<div class=\"wpcf7 no-js\" id=\"wpcf7-f4846-o1\" lang=\"es-ES\" dir=\"ltr\" data-wpcf7-id=\"4846\">\n<div class=\"screen-reader-response\"><p role=\"status\" aria-live=\"polite\" aria-atomic=\"true\"><\/p> <ul><\/ul><\/div>\n<form action=\"\/es\/wp-json\/wp\/v2\/pages\/60559#wpcf7-f4846-o1\" method=\"post\" class=\"wpcf7-form init\" aria-label=\"Contact form\" novalidate=\"novalidate\" data-status=\"init\">\n<fieldset class=\"hidden-fields-container\"><input type=\"hidden\" name=\"_wpcf7\" value=\"4846\" \/><input type=\"hidden\" name=\"_wpcf7_version\" value=\"6.1.4\" \/><input type=\"hidden\" name=\"_wpcf7_locale\" value=\"es_ES\" \/><input type=\"hidden\" name=\"_wpcf7_unit_tag\" value=\"wpcf7-f4846-o1\" \/><input type=\"hidden\" name=\"_wpcf7_container_post\" value=\"0\" \/><input type=\"hidden\" name=\"_wpcf7_posted_data_hash\" value=\"\" \/><input type=\"hidden\" name=\"_wpcf7_recaptcha_response\" value=\"\" \/>\n<\/fieldset>\n<div class=\"form-input-row\">\n\t<div>\n\t\t<p><span class=\"wpcf7-form-control-wrap\" data-name=\"your-lastname\"><input size=\"40\" maxlength=\"400\" class=\"wpcf7-form-control wpcf7-text wpcf7-validates-as-required\" aria-required=\"true\" aria-invalid=\"false\" placeholder=\"Apellido*\" value=\"\" type=\"text\" name=\"your-lastname\" \/><\/span>\n\t\t<\/p>\n\t<\/div>\n\t<div>\n\t\t<p><span class=\"wpcf7-form-control-wrap\" data-name=\"your-firstname\"><input size=\"40\" maxlength=\"400\" class=\"wpcf7-form-control wpcf7-text wpcf7-validates-as-required\" aria-required=\"true\" aria-invalid=\"false\" placeholder=\"Nombre*\" value=\"\" type=\"text\" name=\"your-firstname\" \/><\/span>\n\t\t<\/p>\n\t<\/div>\n<\/div>\n<div class=\"form-input-row\">\n\t<div>\n\t\t<p><span class=\"wpcf7-form-control-wrap\" data-name=\"your-email\"><input size=\"40\" maxlength=\"400\" class=\"wpcf7-form-control wpcf7-email wpcf7-validates-as-required wpcf7-text wpcf7-validates-as-email\" aria-required=\"true\" aria-invalid=\"false\" placeholder=\"Correo electronico*\" value=\"\" type=\"email\" name=\"your-email\" \/><\/span>\n\t\t<\/p>\n\t<\/div>\n\t<div>\n\t\t<p><span class=\"wpcf7-form-control-wrap\" data-name=\"your-phone\"><input size=\"40\" maxlength=\"400\" class=\"wpcf7-form-control wpcf7-tel wpcf7-text wpcf7-validates-as-tel\" aria-invalid=\"false\" placeholder=\"Tel\u00e9fono\" value=\"\" type=\"tel\" name=\"your-phone\" \/><\/span>\n\t\t<\/p>\n\t<\/div>\n<\/div>\n<div class=\"form-input\">\n\t<p><span class=\"wpcf7-form-control-wrap\" data-name=\"your-subject\"><input size=\"40\" maxlength=\"400\" class=\"wpcf7-form-control wpcf7-text\" aria-invalid=\"false\" placeholder=\"Sujeto\" value=\"\" type=\"text\" name=\"your-subject\" \/><\/span>\n\t<\/p>\n<\/div>\n<div class=\"form-input\">\n\t<p><span class=\"wpcf7-form-control-wrap\" data-name=\"your-message\"><textarea cols=\"40\" rows=\"10\" maxlength=\"2000\" class=\"wpcf7-form-control wpcf7-textarea wpcf7-validates-as-required\" aria-required=\"true\" aria-invalid=\"false\" placeholder=\"Mensaje*\" name=\"your-message\"><\/textarea><\/span>\n\t<\/p>\n<\/div>\n<div class=\"acceptance\">\n\t<p><span class=\"wpcf7-form-control-wrap\" data-name=\"your-acceptance\"><span class=\"wpcf7-form-control wpcf7-acceptance\"><span class=\"wpcf7-list-item\"><label><input type=\"checkbox\" name=\"your-acceptance\" value=\"1\" aria-invalid=\"false\" \/><span class=\"wpcf7-list-item-label\">Acepto los t\u00e9rminos y condiciones (ver pol\u00edtica de privacidad) y acepto recibir comunicaciones de la Alianza Francesa por SMS y correo electr\u00f3nico.*<\/span><\/label><\/span><\/span><\/span>\n\t<\/p>\n<\/div>\n<div class=\"button-container\">\n\t<p><input class=\"wpcf7-form-control wpcf7-submit has-spinner\" type=\"submit\" value=\"Enviar\" \/>\n\t<\/p>\n<\/div><div class=\"wpcf7-response-output\" aria-hidden=\"true\"><\/div>\n<\/form>\n<\/div>\n\n    <\/div>\n<\/div>\n\n\n<div style=\"height:56px\" aria-hidden=\"true\" class=\"wp-block-spacer\"><\/div>\n<\/div>\n<\/div>\n\n\n<div class=\"text-media\">\n    <div class=\"content global-width image-left\">\n        <div class=\"text-container\">\n            <h2 class=\"text-media-title\">Venir a la Alliance Fran\u00e7aise de Lyon<\/h2>\n            <div class=\"text-rich\"><h3 data-start=\"1917\" data-end=\"1944\">Direcci\u00f3n y contacto<\/h3>\n<ul>\n<li data-start=\"1947\" data-end=\"1995\"><strong data-start=\"1947\" data-end=\"1995\">11, rue Pierre Bourdan &#8211; 69003 Lyon &#8211; Francia<\/strong><\/li>\n<li data-start=\"1998\" data-end=\"2034\"><strong data-start=\"1998\" data-end=\"2034\">Tel\u00e9fono : +33 (0)4 78 95 24 72<\/strong><\/li>\n<li data-start=\"2037\" data-end=\"2064\"><strong data-start=\"2037\" data-end=\"2064\">Correo electr\u00f3nico: <a href=\"mailto:info@aflyon.org\">info@aflyon.org<\/a><\/strong><\/li>\n<\/ul>\n<\/div>\n                            <div class=\"buttons\">\n                                            <div class=\"button-container\">\n                            <a href=\"https:\/\/maps.app.goo.gl\/3esaqSfhiMDY5YEL9\" target=\"\" class=\"global-button\">\n                                <span>C\u00f3mo llegar<\/span>\n                                <div class=\"icon-block\">\n                                    <img decoding=\"async\" src=\"https:\/\/www.aflyon.org\/app\/themes\/afl\/assets\/images\/red-arrow.png\" alt=\"C\u00f3mo llegar\">\n                                <\/div>\n                            <\/a>\n                        <\/div>\n                                                        <\/div>\n                    <\/div>\n        <div class=\"media-container\">\n                                            <img decoding=\"async\" src=\"https:\/\/www.aflyon.org\/app\/uploads\/2026\/03\/Capture-decran-2026-03-19-165743-2.png\" alt=\"Google Maps Alliance Fran\u00e7aise de Lyon\" class=\"main-image\">\n                    <\/div>\n    <\/div>\n<\/div>\n\n\n<div style=\"height:32px\" aria-hidden=\"true\" class=\"wp-block-spacer\"><\/div>\n\n\n\n<div class=\"wp-block-group is-layout-constrained wp-block-group-is-layout-constrained\">\n<div class=\"wp-block-group is-layout-constrained wp-block-group-is-layout-constrained\">\n<h2 class=\"wp-block-heading has-text-align-center\">Horarios de apertura <\/h2>\n<\/div>\n<\/div>\n\n\n\n<div style=\"height:15px\" aria-hidden=\"true\" class=\"wp-block-spacer\"><\/div>\n\n\n\n<div class=\"wp-block-group is-vertical is-content-justification-center is-layout-flex wp-container-core-group-is-layout-4b2eccd6 wp-block-group-is-layout-flex\">\n<h3 class=\"wp-block-heading has-text-align-center\">Recepci\u00f3n y oficina de inscripciones<\/h3>\n\n\n\n<ul class=\"wp-block-list\">\n<li><strong><strong>Lunes a viernes: 8:30 \u2013 16:30<\/strong><\/strong><\/li>\n\n\n\n<li><strong>Lunes a viernes: 14:00 \u2013 17:00<\/strong><\/li>\n<\/ul>\n<\/div>\n\n\n\n<div class=\"wp-block-group is-vertical is-content-justification-center is-layout-flex wp-container-core-group-is-layout-4b2eccd6 wp-block-group-is-layout-flex\">\n<div style=\"height:0px\" aria-hidden=\"true\" class=\"wp-block-spacer wp-container-content-42c95ffb\"><\/div>\n\n\n\n<h3 class=\"wp-block-heading has-text-align-center\">Servicio pedag\u00f3gico<\/h3>\n\n\n\n<ul class=\"wp-block-list\">\n<li><strong><strong>Lunes a viernes: 8:30 \u2013 13:00<\/strong><\/strong><\/li>\n\n\n\n<li><strong>Lunes a viernes: 14:00 \u2013 17:00<\/strong><\/li>\n<\/ul>\n<\/div>\n\n\n\n<div style=\"height:30px\" aria-hidden=\"true\" class=\"wp-block-spacer\"><\/div>\n","protected":false},"excerpt":{"rendered":"<p>Horarios de apertura Recepci\u00f3n y oficina de inscripciones Servicio pedag\u00f3gico<\/p>\n","protected":false},"author":2,"featured_media":0,"parent":0,"menu_order":0,"comment_status":"closed","ping_status":"closed","template":"","meta":{"_acf_changed":false,"footnotes":""},"class_list":["post-60559","page","type-page","status-publish","hentry"],"acf":[],"yoast_head":"<!-- This site is optimized with the Yoast SEO plugin v26.7 - https:\/\/yoast.com\/wordpress\/plugins\/seo\/ -->\n<title>Contacto - Alliance Fran\u00e7aise de Lyon<\/title>\n<meta name=\"description\" content=\"Commencez votre\u00a1Comienza tu aventura en la Alianza Francesa de Lyon consultando nuestros consejos pr\u00e1cticos para una inscripci\u00f3n y una integraci\u00f3n sin estr\u00e9s!\" \/>\n<meta name=\"robots\" content=\"index, follow, max-snippet:-1, max-image-preview:large, max-video-preview:-1\" \/>\n<link rel=\"canonical\" href=\"https:\/\/www.aflyon.org\/es\/contacto\/\" \/>\n<meta property=\"og:locale\" content=\"es_ES\" \/>\n<meta property=\"og:type\" content=\"article\" \/>\n<meta property=\"og:title\" content=\"Contacto - Alliance Fran\u00e7aise de Lyon\" \/>\n<meta property=\"og:description\" content=\"Commencez votre\u00a1Comienza tu aventura en la Alianza Francesa de Lyon consultando nuestros consejos pr\u00e1cticos para una inscripci\u00f3n y una integraci\u00f3n sin estr\u00e9s!\" \/>\n<meta property=\"og:url\" content=\"https:\/\/www.aflyon.org\/es\/contacto\/\" \/>\n<meta property=\"og:site_name\" content=\"Alliance Fran\u00e7aise de Lyon\" \/>\n<meta property=\"article:modified_time\" content=\"2026-03-19T16:55:17+00:00\" \/>\n<meta name=\"twitter:card\" content=\"summary_large_image\" \/>\n<meta name=\"twitter:label1\" content=\"Est. reading time\" \/>\n\t<meta name=\"twitter:data1\" content=\"1 minute\" \/>\n<script type=\"application\/ld+json\" class=\"yoast-schema-graph\">{\"@context\":\"https:\/\/schema.org\",\"@graph\":[{\"@type\":\"WebPage\",\"@id\":\"https:\/\/www.aflyon.org\/es\/contacto\/\",\"url\":\"https:\/\/www.aflyon.org\/es\/contacto\/\",\"name\":\"Contacto - Alliance Fran\u00e7aise de Lyon\",\"isPartOf\":{\"@id\":\"https:\/\/www.aflyon.org\/es\/#website\"},\"datePublished\":\"2026-03-19T15:50:28+00:00\",\"dateModified\":\"2026-03-19T16:55:17+00:00\",\"description\":\"Commencez votre\u00a1Comienza tu aventura en la Alianza Francesa de Lyon consultando nuestros consejos pr\u00e1cticos para una inscripci\u00f3n y una integraci\u00f3n sin estr\u00e9s!\",\"breadcrumb\":{\"@id\":\"https:\/\/www.aflyon.org\/es\/contacto\/#breadcrumb\"},\"inLanguage\":\"es-ES\",\"potentialAction\":[{\"@type\":\"ReadAction\",\"target\":[\"https:\/\/www.aflyon.org\/es\/contacto\/\"]}]},{\"@type\":\"BreadcrumbList\",\"@id\":\"https:\/\/www.aflyon.org\/es\/contacto\/#breadcrumb\",\"itemListElement\":[{\"@type\":\"ListItem\",\"position\":1,\"name\":\"Inicio\",\"item\":\"https:\/\/www.aflyon.org\/es\/\"},{\"@type\":\"ListItem\",\"position\":2,\"name\":\"Contacto\"}]},{\"@type\":\"WebSite\",\"@id\":\"https:\/\/www.aflyon.org\/es\/#website\",\"url\":\"https:\/\/www.aflyon.org\/es\/\",\"name\":\"Alliance Fran\u00e7aise de Lyon\",\"description\":\"\",\"potentialAction\":[{\"@type\":\"SearchAction\",\"target\":{\"@type\":\"EntryPoint\",\"urlTemplate\":\"https:\/\/www.aflyon.org\/es\/?s={search_term_string}\"},\"query-input\":{\"@type\":\"PropertyValueSpecification\",\"valueRequired\":true,\"valueName\":\"search_term_string\"}}],\"inLanguage\":\"es-ES\"}]}<\/script>\n<!-- \/ Yoast SEO plugin. -->","yoast_head_json":{"title":"Contacto - Alliance Fran\u00e7aise de Lyon","description":"Commencez votre\u00a1Comienza tu aventura en la Alianza Francesa de Lyon consultando nuestros consejos pr\u00e1cticos para una inscripci\u00f3n y una integraci\u00f3n sin estr\u00e9s!","robots":{"index":"index","follow":"follow","max-snippet":"max-snippet:-1","max-image-preview":"max-image-preview:large","max-video-preview":"max-video-preview:-1"},"canonical":"https:\/\/www.aflyon.org\/es\/contacto\/","og_locale":"es_ES","og_type":"article","og_title":"Contacto - Alliance Fran\u00e7aise de Lyon","og_description":"Commencez votre\u00a1Comienza tu aventura en la Alianza Francesa de Lyon consultando nuestros consejos pr\u00e1cticos para una inscripci\u00f3n y una integraci\u00f3n sin estr\u00e9s!","og_url":"https:\/\/www.aflyon.org\/es\/contacto\/","og_site_name":"Alliance Fran\u00e7aise de Lyon","article_modified_time":"2026-03-19T16:55:17+00:00","twitter_card":"summary_large_image","twitter_misc":{"Est. reading time":"1 minute"},"schema":{"@context":"https:\/\/schema.org","@graph":[{"@type":"WebPage","@id":"https:\/\/www.aflyon.org\/es\/contacto\/","url":"https:\/\/www.aflyon.org\/es\/contacto\/","name":"Contacto - Alliance Fran\u00e7aise de Lyon","isPartOf":{"@id":"https:\/\/www.aflyon.org\/es\/#website"},"datePublished":"2026-03-19T15:50:28+00:00","dateModified":"2026-03-19T16:55:17+00:00","description":"Commencez votre\u00a1Comienza tu aventura en la Alianza Francesa de Lyon consultando nuestros consejos pr\u00e1cticos para una inscripci\u00f3n y una integraci\u00f3n sin estr\u00e9s!","breadcrumb":{"@id":"https:\/\/www.aflyon.org\/es\/contacto\/#breadcrumb"},"inLanguage":"es-ES","potentialAction":[{"@type":"ReadAction","target":["https:\/\/www.aflyon.org\/es\/contacto\/"]}]},{"@type":"BreadcrumbList","@id":"https:\/\/www.aflyon.org\/es\/contacto\/#breadcrumb","itemListElement":[{"@type":"ListItem","position":1,"name":"Inicio","item":"https:\/\/www.aflyon.org\/es\/"},{"@type":"ListItem","position":2,"name":"Contacto"}]},{"@type":"WebSite","@id":"https:\/\/www.aflyon.org\/es\/#website","url":"https:\/\/www.aflyon.org\/es\/","name":"Alliance Fran\u00e7aise de Lyon","description":"","potentialAction":[{"@type":"SearchAction","target":{"@type":"EntryPoint","urlTemplate":"https:\/\/www.aflyon.org\/es\/?s={search_term_string}"},"query-input":{"@type":"PropertyValueSpecification","valueRequired":true,"valueName":"search_term_string"}}],"inLanguage":"es-ES"}]}},"_links":{"self":[{"href":"https:\/\/www.aflyon.org\/es\/wp-json\/wp\/v2\/pages\/60559","targetHints":{"allow":["GET"]}}],"collection":[{"href":"https:\/\/www.aflyon.org\/es\/wp-json\/wp\/v2\/pages"}],"about":[{"href":"https:\/\/www.aflyon.org\/es\/wp-json\/wp\/v2\/types\/page"}],"author":[{"embeddable":true,"href":"https:\/\/www.aflyon.org\/es\/wp-json\/wp\/v2\/users\/2"}],"replies":[{"embeddable":true,"href":"https:\/\/www.aflyon.org\/es\/wp-json\/wp\/v2\/comments?post=60559"}],"version-history":[{"count":4,"href":"https:\/\/www.aflyon.org\/es\/wp-json\/wp\/v2\/pages\/60559\/revisions"}],"predecessor-version":[{"id":60605,"href":"https:\/\/www.aflyon.org\/es\/wp-json\/wp\/v2\/pages\/60559\/revisions\/60605"}],"wp:attachment":[{"href":"https:\/\/www.aflyon.org\/es\/wp-json\/wp\/v2\/media?parent=60559"}],"curies":[{"name":"wp","href":"https:\/\/api.w.org\/{rel}","templated":true}]}}