{"id":4414,"date":"2025-09-19T12:21:35","date_gmt":"2025-09-19T10:21:35","guid":{"rendered":"https:\/\/www.aflyon.org\/aviso-legal-y-privacidad\/"},"modified":"2026-02-25T18:17:20","modified_gmt":"2026-02-25T17:17:20","slug":"aviso-legal-y-privacidad","status":"publish","type":"page","link":"https:\/\/www.aflyon.org\/es\/aviso-legal-y-privacidad\/","title":{"rendered":"Aviso legal y privacidad"},"content":{"rendered":"\n<h5 class=\"wp-block-heading\">La Alliance Fran\u00e7aise de Lyon es una asociaci\u00f3n regida por la ley de 1901 y un establecimiento privado de ense\u00f1anza superior. Est\u00e1 situada en el 11, rue Pierre Bourdan, 69003, Lyon, Francia. <\/h5>\n\n<div style=\"height:31px\" aria-hidden=\"true\" class=\"wp-block-spacer\"><\/div>\n\n<h4 class=\"wp-block-heading\">INFORMACI\u00d3N GENERAL SOBRE EL SITIO<\/h4>\n\n<p>Al acceder o utilizar este sitio web gestionado por la Alliance Fran\u00e7aise de Lyon, usted acepta los t\u00e9rminos de las pol\u00edticas de privacidad en l\u00ednea presentadas a continuaci\u00f3n. Si no est\u00e1 de acuerdo con estos t\u00e9rminos, le rogamos que deje de utilizar o acceder a este sitio. <\/p>\n\n<p>Editor:<br\/>Alliance Fran\u00e7aise de Lyon<br\/>11, rue Pierre Bourdan<br\/>69003 Lyon<\/p>\n\n<p>Director de la publicaci\u00f3n: Nicolas de la CRUZ<\/p>\n\n<p>Alojamiento: <a href=\"https:\/\/www.les-vikings.fr\/\">Les Vikings<\/a> \u2013 153 Route des Vourles \u2013 69230 Saint-Genis-Laval<\/p>\n\n<h4 class=\"wp-block-heading\">PROTECCI\u00d3N DE DATOS PERSONALES<br\/><br\/><\/h4>\n\n<p>Los datos personales que usted nos proporcione se tratan internamente y no se divulgan a terceros. Puede optar, por ejemplo, por una inscripci\u00f3n por correspondencia si considera que no debe proporcionar informaci\u00f3n personal en l\u00ednea. En caso contrario, al hacerlo, acepta que la Alliance Fran\u00e7aise de Lyon pueda necesitar dicha informaci\u00f3n y registrarla para el tratamiento de su expediente.<br\/>  <\/p>\n\n<h4 class=\"wp-block-heading\">ACTUALIZACI\u00d3N DE SU INFORMACI\u00d3N PERSONAL<br\/><\/h4>\n\n<p>Usted tiene derecho a acceder y modificar su informaci\u00f3n personal y sus preferencias de privacidad. Para ello, env\u00ede una carta a la siguiente direcci\u00f3n:<br\/> <\/p>\n\n<p>Alliance Fran\u00e7aise de Lyon<br\/>11, rue Pierre Bourdan<br\/>69003 Lyon, Francia<br\/>o a <a href=\"mailto:info@aflyon.org\">info@aflyon.org<\/a> <\/p>\n\n<h4 class=\"wp-block-heading\">CONDICIONES DE USO<br\/><\/h4>\n\n<p>Este sitio utiliza Google Analytics, un servicio de an\u00e1lisis web proporcionado por Google Inc. (\u201cGoogle\u201d). Google Analytics utiliza cookies, que son archivos de texto almacenados en su ordenador para ayudar al sitio web a analizar el uso que hacen los usuarios del mismo. Los datos generados por las cookies sobre su utilizaci\u00f3n del sitio (incluida su direcci\u00f3n IP) ser\u00e1n transmitidos y almacenados por Google en servidores situados en Estados Unidos.<br\/><br\/><br\/>Google utilizar\u00e1 esta informaci\u00f3n con el fin de evaluar su uso del sitio, elaborar informes sobre la actividad del sitio para su editor y prestar otros servicios relacionados con la actividad del sitio y el uso de Internet. Google podr\u00e1 transmitir dichos datos a terceros en caso de obligaci\u00f3n legal o cuando dichos terceros traten estos datos por cuenta de Google, incluido, en particular, el editor de este sitio. Google no asociar\u00e1 su direcci\u00f3n IP con ning\u00fan otro dato del que disponga.<br\/><br\/><br\/>Puede desactivar el uso de cookies seleccionando la configuraci\u00f3n apropiada de su navegador. Sin embargo, dicha desactivaci\u00f3n podr\u00eda impedir el uso de ciertas funcionalidades de este sitio. Al utilizar este sitio web, usted consiente expresamente el tratamiento de sus datos personales por Google en las condiciones y para los fines descritos anteriormente.         <\/p>\n\n<p><br\/>Este sitio utiliza el Pixel Meta, una herramienta proporcionada por Meta Platforms, Inc. (\u201cMeta\u201d), que permite medir la eficacia de nuestras campa\u00f1as publicitarias y optimizar su difusi\u00f3n. El p\u00edxel recopila cierta informaci\u00f3n relativa a su navegaci\u00f3n en nuestro sitio (p\u00e1ginas visitadas, acciones realizadas, clics en botones, etc.) con el fin de ayudarnos a comprender mejor el uso del sitio y mejorar nuestros servicios. Ning\u00fan dato personal directamente identificable se utiliza sin su consentimiento.<br\/><br\/><br\/>Puede gestionar sus preferencias relativas a las cookies y al seguimiento publicitario mediante la configuraci\u00f3n de su navegador o las herramientas ofrecidas por Meta.    <\/p>\n\n<p><\/p>\n\n<h4 class=\"wp-block-heading\">USO DE \u00abCOOKIES\u00bb<br\/><\/h4>\n\n<p>Cuando visite el sitio web de la Alliance Fran\u00e7aise de Lyon, podr\u00e1 explorarlo de forma an\u00f3nima y acceder a informaci\u00f3n sin revelar su identidad. Permanecer\u00e1 an\u00f3nimo salvo que usted mismo haya proporcionado informaci\u00f3n personal a la Alliance Fran\u00e7aise de Lyon.<br\/> <\/p>\n\n<p>Nota: La Alliance Fran\u00e7aise de Lyon no se hace responsable de los contenidos presentados ni de las pol\u00edticas de privacidad aplicadas en sitios web distintos del suyo y a los que su sitio pudiera estar vinculado.<br\/><\/p>\n","protected":false},"excerpt":{"rendered":"<p>La Alliance Fran\u00e7aise de Lyon es una asociaci\u00f3n regida por la ley de 1901 y un establecimiento privado de ense\u00f1anza superior. Est\u00e1 situada en el 11, rue Pierre Bourdan, 69003, Lyon, Francia. INFORMACI\u00d3N GENERAL SOBRE EL SITIO Al acceder o utilizar este sitio web gestionado por la Alliance Fran\u00e7aise de Lyon, usted acepta los t\u00e9rminos [&hellip;]<\/p>\n","protected":false},"author":1,"featured_media":0,"parent":0,"menu_order":0,"comment_status":"closed","ping_status":"closed","template":"","meta":{"_acf_changed":false,"footnotes":""},"class_list":["post-4414","page","type-page","status-publish","hentry"],"acf":[],"yoast_head":"<!-- This site is optimized with the Yoast SEO plugin v26.7 - https:\/\/yoast.com\/wordpress\/plugins\/seo\/ -->\n<title>Aviso legal y privacidad - Alliance Fran\u00e7aise de Lyon<\/title>\n<meta name=\"description\" content=\"Aviso legal y privacidad de la Alliance Fran\u00e7aise de Lyon\" \/>\n<meta name=\"robots\" content=\"index, follow, max-snippet:-1, max-image-preview:large, max-video-preview:-1\" \/>\n<link rel=\"canonical\" href=\"https:\/\/www.aflyon.org\/es\/aviso-legal-y-privacidad\/\" \/>\n<meta property=\"og:locale\" content=\"es_ES\" \/>\n<meta property=\"og:type\" content=\"article\" \/>\n<meta property=\"og:title\" content=\"Aviso legal y privacidad - Alliance Fran\u00e7aise de Lyon\" \/>\n<meta property=\"og:description\" content=\"Aviso legal y privacidad de la Alliance Fran\u00e7aise de Lyon\" \/>\n<meta property=\"og:url\" content=\"https:\/\/www.aflyon.org\/es\/aviso-legal-y-privacidad\/\" \/>\n<meta property=\"og:site_name\" content=\"Alliance Fran\u00e7aise de Lyon\" \/>\n<meta property=\"article:modified_time\" content=\"2026-02-25T17:17:20+00:00\" \/>\n<meta name=\"twitter:card\" content=\"summary_large_image\" \/>\n<meta name=\"twitter:label1\" content=\"Est. reading time\" \/>\n\t<meta name=\"twitter:data1\" content=\"3 minutes\" \/>\n<script type=\"application\/ld+json\" class=\"yoast-schema-graph\">{\"@context\":\"https:\/\/schema.org\",\"@graph\":[{\"@type\":\"WebPage\",\"@id\":\"https:\/\/www.aflyon.org\/es\/aviso-legal-y-privacidad\/\",\"url\":\"https:\/\/www.aflyon.org\/es\/aviso-legal-y-privacidad\/\",\"name\":\"Aviso legal y privacidad - Alliance Fran\u00e7aise de Lyon\",\"isPartOf\":{\"@id\":\"https:\/\/www.aflyon.org\/es\/#website\"},\"datePublished\":\"2025-09-19T10:21:35+00:00\",\"dateModified\":\"2026-02-25T17:17:20+00:00\",\"description\":\"Aviso legal y privacidad de la Alliance Fran\u00e7aise de Lyon\",\"breadcrumb\":{\"@id\":\"https:\/\/www.aflyon.org\/es\/aviso-legal-y-privacidad\/#breadcrumb\"},\"inLanguage\":\"es-ES\",\"potentialAction\":[{\"@type\":\"ReadAction\",\"target\":[\"https:\/\/www.aflyon.org\/es\/aviso-legal-y-privacidad\/\"]}]},{\"@type\":\"BreadcrumbList\",\"@id\":\"https:\/\/www.aflyon.org\/es\/aviso-legal-y-privacidad\/#breadcrumb\",\"itemListElement\":[{\"@type\":\"ListItem\",\"position\":1,\"name\":\"Inicio\",\"item\":\"https:\/\/www.aflyon.org\/es\/\"},{\"@type\":\"ListItem\",\"position\":2,\"name\":\"Aviso legal y privacidad\"}]},{\"@type\":\"WebSite\",\"@id\":\"https:\/\/www.aflyon.org\/es\/#website\",\"url\":\"https:\/\/www.aflyon.org\/es\/\",\"name\":\"Alliance Fran\u00e7aise de Lyon\",\"description\":\"\",\"potentialAction\":[{\"@type\":\"SearchAction\",\"target\":{\"@type\":\"EntryPoint\",\"urlTemplate\":\"https:\/\/www.aflyon.org\/es\/?s={search_term_string}\"},\"query-input\":{\"@type\":\"PropertyValueSpecification\",\"valueRequired\":true,\"valueName\":\"search_term_string\"}}],\"inLanguage\":\"es-ES\"}]}<\/script>\n<!-- \/ Yoast SEO plugin. -->","yoast_head_json":{"title":"Aviso legal y privacidad - Alliance Fran\u00e7aise de Lyon","description":"Aviso legal y privacidad de la Alliance Fran\u00e7aise de Lyon","robots":{"index":"index","follow":"follow","max-snippet":"max-snippet:-1","max-image-preview":"max-image-preview:large","max-video-preview":"max-video-preview:-1"},"canonical":"https:\/\/www.aflyon.org\/es\/aviso-legal-y-privacidad\/","og_locale":"es_ES","og_type":"article","og_title":"Aviso legal y privacidad - Alliance Fran\u00e7aise de Lyon","og_description":"Aviso legal y privacidad de la Alliance Fran\u00e7aise de Lyon","og_url":"https:\/\/www.aflyon.org\/es\/aviso-legal-y-privacidad\/","og_site_name":"Alliance Fran\u00e7aise de Lyon","article_modified_time":"2026-02-25T17:17:20+00:00","twitter_card":"summary_large_image","twitter_misc":{"Est. reading time":"3 minutes"},"schema":{"@context":"https:\/\/schema.org","@graph":[{"@type":"WebPage","@id":"https:\/\/www.aflyon.org\/es\/aviso-legal-y-privacidad\/","url":"https:\/\/www.aflyon.org\/es\/aviso-legal-y-privacidad\/","name":"Aviso legal y privacidad - Alliance Fran\u00e7aise de Lyon","isPartOf":{"@id":"https:\/\/www.aflyon.org\/es\/#website"},"datePublished":"2025-09-19T10:21:35+00:00","dateModified":"2026-02-25T17:17:20+00:00","description":"Aviso legal y privacidad de la Alliance Fran\u00e7aise de Lyon","breadcrumb":{"@id":"https:\/\/www.aflyon.org\/es\/aviso-legal-y-privacidad\/#breadcrumb"},"inLanguage":"es-ES","potentialAction":[{"@type":"ReadAction","target":["https:\/\/www.aflyon.org\/es\/aviso-legal-y-privacidad\/"]}]},{"@type":"BreadcrumbList","@id":"https:\/\/www.aflyon.org\/es\/aviso-legal-y-privacidad\/#breadcrumb","itemListElement":[{"@type":"ListItem","position":1,"name":"Inicio","item":"https:\/\/www.aflyon.org\/es\/"},{"@type":"ListItem","position":2,"name":"Aviso legal y privacidad"}]},{"@type":"WebSite","@id":"https:\/\/www.aflyon.org\/es\/#website","url":"https:\/\/www.aflyon.org\/es\/","name":"Alliance Fran\u00e7aise de Lyon","description":"","potentialAction":[{"@type":"SearchAction","target":{"@type":"EntryPoint","urlTemplate":"https:\/\/www.aflyon.org\/es\/?s={search_term_string}"},"query-input":{"@type":"PropertyValueSpecification","valueRequired":true,"valueName":"search_term_string"}}],"inLanguage":"es-ES"}]}},"_links":{"self":[{"href":"https:\/\/www.aflyon.org\/es\/wp-json\/wp\/v2\/pages\/4414","targetHints":{"allow":["GET"]}}],"collection":[{"href":"https:\/\/www.aflyon.org\/es\/wp-json\/wp\/v2\/pages"}],"about":[{"href":"https:\/\/www.aflyon.org\/es\/wp-json\/wp\/v2\/types\/page"}],"author":[{"embeddable":true,"href":"https:\/\/www.aflyon.org\/es\/wp-json\/wp\/v2\/users\/1"}],"replies":[{"embeddable":true,"href":"https:\/\/www.aflyon.org\/es\/wp-json\/wp\/v2\/comments?post=4414"}],"version-history":[{"count":1,"href":"https:\/\/www.aflyon.org\/es\/wp-json\/wp\/v2\/pages\/4414\/revisions"}],"predecessor-version":[{"id":4415,"href":"https:\/\/www.aflyon.org\/es\/wp-json\/wp\/v2\/pages\/4414\/revisions\/4415"}],"wp:attachment":[{"href":"https:\/\/www.aflyon.org\/es\/wp-json\/wp\/v2\/media?parent=4414"}],"curies":[{"name":"wp","href":"https:\/\/api.w.org\/{rel}","templated":true}]}}