{"id":3820,"date":"2026-01-21T16:34:47","date_gmt":"2026-01-21T15:34:47","guid":{"rendered":"https:\/\/www.aflyon.org\/trouver-un-logement\/residence-hoteliere\/"},"modified":"2026-02-18T15:05:52","modified_gmt":"2026-02-18T14:05:52","slug":"residence-hoteliere","status":"publish","type":"page","link":"https:\/\/www.aflyon.org\/es\/encontrar-alojamiento\/residence-hoteliere\/","title":{"rendered":"Residencia hotelera"},"content":{"rendered":"<div class=\"classic-introduction\">\n    <div class=\"left-block\">\n        <div class=\"inside-block\">\n            <div class=\"breadcrumbs\">\n                <div id=\"breadcrumbs\" class=\"main-breadcrumbs\"><span><span><a href=\"https:\/\/www.aflyon.org\/es\/\">Inicio<\/a><\/span><\/span><\/div>\n            <\/div>\n            <h1>Se loger en r\u00e9sidence h\u00f4teli\u00e8re<\/h1>\n        <\/div>\n\n    <\/div>\n        <div class=\"right-block image-container\">\n        <img decoding=\"async\" src=\"https:\/\/www.aflyon.org\/app\/uploads\/2026\/01\/170-t2-chambre2-e1769009673273.webp\" alt=\"\">\n    <\/div>\n    <\/div>\n<div style=\"height:80px\" aria-hidden=\"true\" class=\"wp-block-spacer\"><\/div>\n\n<div class=\"wp-block-columns is-layout-flex wp-container-core-columns-is-layout-9d6595d7 wp-block-columns-is-layout-flex\">\n<div class=\"wp-block-column is-layout-flow wp-block-column-is-layout-flow\">\n<div style=\"height:22px\" aria-hidden=\"true\" class=\"wp-block-spacer\"><\/div>\n\n\n\n<p>\u00bfDesea un alojamiento c\u00f3modo e independiente durante su estancia en Lyon? La Alianza Francesa de Lyon le propone una residencia hotelera, ideal para quienes buscan autonom\u00eda, confort y proximidad al centro de la ciudad. <\/p>\n\n\n\n<h3 class=\"wp-block-heading\"><strong>Ventajas del alojamiento en residencia hotelera<\/strong><\/h3>\n\n\n\n<p>Elegir una residencia hotelera ofrece varias ventajas:<\/p>\n\n\n\n<ul class=\"wp-block-list\">\n<li><strong>Autonom\u00eda total<\/strong>: usted es completamente independiente en su alojamiento y puede organizar su vida diaria a su ritmo<\/li>\n\n\n\n<li><strong>Proximidad al centro<\/strong>: la residencia hotelera est\u00e1 estrat\u00e9gicamente ubicada, cerca del transporte p\u00fablico y del centro, facilitando el acceso a la Alianza Francesa de Lyon<\/li>\n\n\n\n<li><strong>Alojamiento amueblado y equipado<\/strong>: dispone de un alojamiento individual completamente equipado para una estancia c\u00f3moda y pr\u00e1ctica<\/li>\n<\/ul>\n\n\n\n<div class=\"wp-block-buttons is-layout-flex wp-block-buttons-is-layout-flex\"><\/div>\n<\/div>\n<\/div>\n\n<div style=\"height:80px\" aria-hidden=\"true\" class=\"wp-block-spacer\"><\/div>\n<div class=\"text-media\">\n    <div class=\"content global-width\">\n        <div class=\"text-container\">\n            <h2 class=\"text-media-title\">Equipamiento disponible en su estudio<\/h2>\n            <div class=\"text-rich\"><p>El estudio en residencia hotelera est\u00e1 completamente equipado para garantizar su comodidad durante la estancia:<\/p>\n<ul>\n<li><strong>Habitaci\u00f3n privada<\/strong> con cama doble, escritorio, armario, etc.<\/li>\n<li><strong>Kitchenette<\/strong> con microondas, placas el\u00e9ctricas, frigor\u00edfico, etc.<\/li>\n<li><strong>Ba\u00f1o <\/strong>con ba\u00f1era, WC, lavabo, etc.<\/li>\n<li><strong>Acceso wifi<\/strong> ilimitado<\/li>\n<li><strong>Ropa de hogar<\/strong> incluida<\/li>\n<li><strong>Vajilla<\/strong> a tu disposici\u00f3n<\/li>\n<li><strong>Limpieza semanal <\/strong>para un confort \u00f3ptimo<\/li>\n<\/ul>\n<p><strong>Tarifas desde 1.450 \u20ac al mes<\/strong><\/p>\n<\/div>\n                    <\/div>\n        <div class=\"media-container\">\n                                            <img decoding=\"async\" src=\"https:\/\/www.aflyon.org\/app\/uploads\/2026\/01\/gestetud_victor_hugo.png\" alt=\"gestetud_victor_hugo\" class=\"main-image\">\n                    <\/div>\n    <\/div>\n<\/div>\n<div style=\"height:80px\" aria-hidden=\"true\" class=\"wp-block-spacer\"><\/div>\n<div class=\"rose-window\">\n    <img decoding=\"async\" src=\"https:\/\/www.aflyon.org\/app\/themes\/afl\/assets\/images\/rosace.svg\" alt=\"Rosace d\u00e9corative\" class=\"rose-window-image\">\n<\/div><div class=\"text-media\">\n    <div class=\"content global-width image-left\">\n        <div class=\"text-container\">\n            <h2 class=\"text-media-title\">Servicios adicionales<\/h2>\n            <div class=\"text-rich\"><p>Varios servicios opcionales est\u00e1n disponibles para hacer su estancia a\u00fan m\u00e1s agradable*:<\/p>\n<ul>\n<li><strong>Habitaci\u00f3n con aire acondicionado <\/strong><\/li>\n<li><strong>Desayuno<\/strong>: disponible con reserva previa<\/li>\n<li><strong>Parking<\/strong>: servicio de pago<\/li>\n<li><strong>Lavander\u00eda<\/strong>: lavander\u00eda autom\u00e1tica adicional* <br \/>(*seg\u00fan disponibilidad)<\/li>\n<\/ul>\n<\/div>\n                    <\/div>\n        <div class=\"media-container\">\n                                            <img decoding=\"async\" src=\"https:\/\/www.aflyon.org\/app\/uploads\/2026\/01\/Photo-logement-6.png\" alt=\"Photo logement 6\" class=\"main-image\">\n                    <\/div>\n    <\/div>\n<\/div>\n<div style=\"height:80px\" aria-hidden=\"true\" class=\"wp-block-spacer\"><\/div>\n\n<div class=\"wp-block-columns is-layout-flex wp-container-core-columns-is-layout-9d6595d7 wp-block-columns-is-layout-flex\">\n<div class=\"wp-block-column is-layout-flow wp-block-column-is-layout-flow\">\n<h3 class=\"wp-block-heading has-text-align-center\"><strong><strong>Condiciones de la familia de acogida<\/strong><\/strong><\/h3>\n\n\n\n<div style=\"height:15px\" aria-hidden=\"true\" class=\"wp-block-spacer\"><\/div>\n\n\n\n<p class=\"has-text-align-center\"><strong>Duraci\u00f3n de la reserva<\/strong>: el alojamiento en residencia hotelera se reserva para el per\u00edodo de sus estudios, desde el inicio hasta el final de los cursos<\/p>\n\n\n\n<p class=\"has-text-align-center\"><strong>Reserva mensual<\/strong>: este tipo de alojamiento est\u00e1 disponible \u00fanicamente para cursos de m\u00ednimo 1 mes, sujeto a disponibilidad<\/p>\n\n\n\n<p class=\"has-text-align-center\">Garant\u00eda financiera: a su llegada, la residencia hotelera solicitar\u00e1 un dep\u00f3sito de 300 \u20ac<\/p>\n\n\n\n<p class=\"has-text-align-center\"><\/p>\n\n\n\n<div class=\"wp-block-buttons is-content-justification-center is-layout-flex wp-container-core-buttons-is-layout-16018d1d wp-block-buttons-is-layout-flex\"><\/div>\n<\/div>\n\n\n\n<div class=\"wp-block-column is-layout-flow wp-block-column-is-layout-flow\">\n<h3 class=\"wp-block-heading has-text-align-center\"><strong><strong>\u00bfC\u00f3mo alojarse en Lyon como estudiante extranjero?<\/strong><\/strong><\/h3>\n\n\n\n<div style=\"height:15px\" aria-hidden=\"true\" class=\"wp-block-spacer\"><\/div>\n\n\n\n<p class=\"has-text-align-center\">La Alliance Fran\u00e7aise de Lyon ofrece varias opciones de alojamiento especialmente adaptadas a las necesidades de los estudiantes extranjeros. Entre estas opciones, el alojamiento en residencia hotelera es especialmente recomendable para quienes buscan un alojamiento independiente, c\u00f3modo y bien situado cerca del transporte p\u00fablico. <\/p>\n\n\n\n<p class=\"has-text-align-center\">Al elegir nuestro servicio, se beneficia de asesoramiento personalizado para encontrar el alojamiento que le conviene, <strong>ahorrando tiempo<\/strong> y <strong>evitando tr\u00e1mites administrativos complejos<\/strong>.<\/p>\n\n\n\n<p class=\"has-text-align-center\"><\/p>\n\n\n\n<div class=\"wp-block-buttons is-content-justification-center is-layout-flex wp-container-core-buttons-is-layout-16018d1d wp-block-buttons-is-layout-flex\"><\/div>\n<\/div>\n<\/div>\n\n<div style=\"height:50px\" aria-hidden=\"true\" class=\"wp-block-spacer\"><\/div>\n\n<div style=\"height:80px\" aria-hidden=\"true\" class=\"wp-block-spacer\"><\/div>\n    <div class=\"faq image-left\">\n        <div class=\"content global-width\">\n            <div class=\"image-container\">\n                                <img decoding=\"async\" src=\"https:\/\/www.aflyon.org\/app\/uploads\/2026\/01\/place_jacobins_lyon_aflyon-e1769418625710.png\" alt=\"place_jacobins_lyon_aflyon\">\n            <\/div>\n            <div class=\"content-container\">\n                <h2>Preguntas frecuentes<\/h2>\n                \n                                <script type=\"application\/ld+json\">\n                    {\n                    \"@context\": \"https:\/\/schema.org\",\n                    \"@type\": \"FAQPage\",\n                    \"mainEntity\": [\n                                                {\n                            \"@type\": \"Question\",\n                            \"name\": \"\u00bfPuedo cambiar de alojamiento a lo largo de mi estancia en Lyon?\",\n                            \"acceptedAnswer\": {\n                            \"@type\": \"Answer\",\n                            \"text\":\"La asistencia de alojamiento incluye una <strong>\u00fanica<\/strong> b\u00fasqueda de alojamiento.\"\n                            }\n                        },                                                {\n                            \"@type\": \"Question\",\n                            \"name\": \"\u00bfA qui\u00e9n debo pagar el alquiler?\",\n                            \"acceptedAnswer\": {\n                            \"@type\": \"Answer\",\n                            \"text\":\"<p>Para una inscripci\u00f3n de uno o dos meses, deber\u00e1 pagar el alquiler a la Alianza Francesa de Lyon. Si su estancia ser\u00e1 superior a tres meses, deber\u00e1 pagar el alquiler directamente a su proveedor de alojamiento. <\/p><p><\/p>\"\n                            }\n                        },                                                {\n                            \"@type\": \"Question\",\n                            \"name\": \"\u00bfCu\u00e1nto cuesta el servicio de ayuda en la b\u00fasqueda de alojamiento?\",\n                            \"acceptedAnswer\": {\n                            \"@type\": \"Answer\",\n                            \"text\":\"La tasa de b\u00fasqueda de alojamiento es 70\u20ac por una primera solicitud y 35\u20ac por una prolongaci\u00f3n.\"\n                            }\n                        },                                                {\n                            \"@type\": \"Question\",\n                            \"name\": \"\u00bfOfrec\u00e9is alojamiento?\",\n                            \"acceptedAnswer\": {\n                            \"@type\": \"Answer\",\n                            \"text\":\"<p>S\u00ed, ofrecemos varias opciones: familias de acogida, residencias de estudiantes u hoteles.<\/p>\"\n                            }\n                        }                                            ]\n                    }\n                <\/script>\n\n                <div id=\"vue-faq-list\" data-theme-url=\"https:\/\/www.aflyon.org\/app\/themes\/afl\" data-read-more=\"M\u00e1s informaci\u00f3n\"><\/div>\n                <script id=\"faq-list-data\" type=\"application\/json\">\n                                                                                                                                                                                                [{\"question\":{\"post_title\":\"\\u00bfPuedo cambiar de alojamiento a lo largo de mi estancia en Lyon?\",\"post_content\":\"La asistencia de alojamiento incluye una <strong>\\u00fanica<\\\/strong> b\\u00fasqueda de alojamiento.\",\"link\":\"https:\\\/\\\/www.aflyon.org\\\/es\\\/faq\\\/puedo-cambiar-de-alojamiento-a-lo-largo-de-mi-estancia-en-lyon\\\/\"}},{\"question\":{\"post_title\":\"\\u00bfA qui\\u00e9n debo pagar el alquiler?\",\"post_content\":\"<p>Para una inscripci\\u00f3n de uno o dos meses, deber\\u00e1 pagar el alquiler a la Alianza Francesa de Lyon. Si su estancia ser\\u00e1 superior a tres meses, deber\\u00e1 pagar el alquiler directamente a su proveedor de alojamiento. <\\\/p>\\n<!-- wp:paragraph -->\\n<p><\\\/p>\\n<!-- \\\/wp:paragraph -->\",\"link\":\"https:\\\/\\\/www.aflyon.org\\\/es\\\/faq\\\/a-quien-debo-pagar-el-alquiler\\\/\"}},{\"question\":{\"post_title\":\"\\u00bfCu\\u00e1nto cuesta el servicio de ayuda en la b\\u00fasqueda de alojamiento?\",\"post_content\":\"La tasa de b\\u00fasqueda de alojamiento es 70\\u20ac por una primera solicitud y 35\\u20ac por una prolongaci\\u00f3n.\",\"link\":\"https:\\\/\\\/www.aflyon.org\\\/es\\\/faq\\\/cuanto-cuesta-el-servicio-de-ayuda-en-la-busqueda-de-alojamiento\\\/\"}},{\"question\":{\"post_title\":\"\\u00bfOfrec\\u00e9is alojamiento?\",\"post_content\":\"<!-- wp:paragraph {\\\"translatedWithWPMLTM\\\":\\\"1\\\"} -->\\n<p>S\\u00ed, ofrecemos varias opciones: familias de acogida, residencias de estudiantes u hoteles.<\\\/p>\\n<!-- \\\/wp:paragraph -->\",\"link\":\"https:\\\/\\\/www.aflyon.org\\\/es\\\/faq\\\/ofreceis-alojamiento\\\/\"}}]\n                <\/script>\n            <\/div>\n        <\/div>\n    <\/div>\n<div class=\"rose-window right-window\">\n    <img decoding=\"async\" src=\"https:\/\/www.aflyon.org\/app\/themes\/afl\/assets\/images\/rosace.svg\" alt=\"Rosace d\u00e9corative\" class=\"rose-window-image\">\n<\/div>\n<div style=\"height:80px\" aria-hidden=\"true\" class=\"wp-block-spacer\"><\/div>\n\n<div class=\"wp-block-group is-nowrap is-layout-flex wp-container-core-group-is-layout-ad2f72ca wp-block-group-is-layout-flex\">\n<div style=\"height:80px;width:0px\" aria-hidden=\"true\" class=\"wp-block-spacer wp-container-content-f96796aa\"><\/div>\n<\/div>\n\n<div style=\"height:80px\" aria-hidden=\"true\" class=\"wp-block-spacer\"><\/div>\n<div class=\"contact-form\">\n    <div class=\"content global-width\">\n        <h2>Nous contacter<\/h2>\n        <p class=\"text-content\">Que vous ayez des questions sur nos cours, nos examens, ou que vous souhaitiez en savoir plus sur la vie \u00e0 Lyon, notre \u00e9quipe est l\u00e0 pour vous accompagner.<\/p>\n        \n<div class=\"wpcf7 no-js\" id=\"wpcf7-f4846-o1\" lang=\"es-ES\" dir=\"ltr\" data-wpcf7-id=\"4846\">\n<div class=\"screen-reader-response\"><p role=\"status\" aria-live=\"polite\" aria-atomic=\"true\"><\/p> <ul><\/ul><\/div>\n<form action=\"\/es\/wp-json\/wp\/v2\/pages\/3820#wpcf7-f4846-o1\" method=\"post\" class=\"wpcf7-form init\" aria-label=\"Contact form\" novalidate=\"novalidate\" data-status=\"init\">\n<fieldset class=\"hidden-fields-container\"><input type=\"hidden\" name=\"_wpcf7\" value=\"4846\" \/><input type=\"hidden\" name=\"_wpcf7_version\" value=\"6.1.4\" \/><input type=\"hidden\" name=\"_wpcf7_locale\" value=\"es_ES\" \/><input type=\"hidden\" name=\"_wpcf7_unit_tag\" value=\"wpcf7-f4846-o1\" \/><input type=\"hidden\" name=\"_wpcf7_container_post\" value=\"0\" \/><input type=\"hidden\" name=\"_wpcf7_posted_data_hash\" value=\"\" \/><input type=\"hidden\" name=\"_wpcf7_recaptcha_response\" value=\"\" \/>\n<\/fieldset>\n<div class=\"form-input-row\">\n\t<div>\n\t\t<p><span class=\"wpcf7-form-control-wrap\" data-name=\"your-lastname\"><input size=\"40\" maxlength=\"400\" class=\"wpcf7-form-control wpcf7-text wpcf7-validates-as-required\" aria-required=\"true\" aria-invalid=\"false\" placeholder=\"Apellido*\" value=\"\" type=\"text\" name=\"your-lastname\" \/><\/span>\n\t\t<\/p>\n\t<\/div>\n\t<div>\n\t\t<p><span class=\"wpcf7-form-control-wrap\" data-name=\"your-firstname\"><input size=\"40\" maxlength=\"400\" class=\"wpcf7-form-control wpcf7-text wpcf7-validates-as-required\" aria-required=\"true\" aria-invalid=\"false\" placeholder=\"Nombre*\" value=\"\" type=\"text\" name=\"your-firstname\" \/><\/span>\n\t\t<\/p>\n\t<\/div>\n<\/div>\n<div class=\"form-input-row\">\n\t<div>\n\t\t<p><span class=\"wpcf7-form-control-wrap\" data-name=\"your-email\"><input size=\"40\" maxlength=\"400\" class=\"wpcf7-form-control wpcf7-email wpcf7-validates-as-required wpcf7-text wpcf7-validates-as-email\" aria-required=\"true\" aria-invalid=\"false\" placeholder=\"Correo electronico*\" value=\"\" type=\"email\" name=\"your-email\" \/><\/span>\n\t\t<\/p>\n\t<\/div>\n\t<div>\n\t\t<p><span class=\"wpcf7-form-control-wrap\" data-name=\"your-phone\"><input size=\"40\" maxlength=\"400\" class=\"wpcf7-form-control wpcf7-tel wpcf7-text wpcf7-validates-as-tel\" aria-invalid=\"false\" placeholder=\"Tel\u00e9fono\" value=\"\" type=\"tel\" name=\"your-phone\" \/><\/span>\n\t\t<\/p>\n\t<\/div>\n<\/div>\n<div class=\"form-input\">\n\t<p><span class=\"wpcf7-form-control-wrap\" data-name=\"your-subject\"><input size=\"40\" maxlength=\"400\" class=\"wpcf7-form-control wpcf7-text\" aria-invalid=\"false\" placeholder=\"Sujeto\" value=\"\" type=\"text\" name=\"your-subject\" \/><\/span>\n\t<\/p>\n<\/div>\n<div class=\"form-input\">\n\t<p><span class=\"wpcf7-form-control-wrap\" data-name=\"your-message\"><textarea cols=\"40\" rows=\"10\" maxlength=\"2000\" class=\"wpcf7-form-control wpcf7-textarea wpcf7-validates-as-required\" aria-required=\"true\" aria-invalid=\"false\" placeholder=\"Mensaje*\" name=\"your-message\"><\/textarea><\/span>\n\t<\/p>\n<\/div>\n<div class=\"acceptance\">\n\t<p><span class=\"wpcf7-form-control-wrap\" data-name=\"your-acceptance\"><span class=\"wpcf7-form-control wpcf7-acceptance\"><span class=\"wpcf7-list-item\"><label><input type=\"checkbox\" name=\"your-acceptance\" value=\"1\" aria-invalid=\"false\" \/><span class=\"wpcf7-list-item-label\">Acepto los t\u00e9rminos y condiciones (ver pol\u00edtica de privacidad) y acepto recibir comunicaciones de la Alianza Francesa por SMS y correo electr\u00f3nico.*<\/span><\/label><\/span><\/span><\/span>\n\t<\/p>\n<\/div>\n<div class=\"button-container\">\n\t<p><input class=\"wpcf7-form-control wpcf7-submit has-spinner\" type=\"submit\" value=\"Enviar\" \/>\n\t<\/p>\n<\/div><div class=\"wpcf7-response-output\" aria-hidden=\"true\"><\/div>\n<\/form>\n<\/div>\n\n    <\/div>\n<\/div>\n<div style=\"height:80px\" aria-hidden=\"true\" class=\"wp-block-spacer\"><\/div>\n\n<div style=\"height:70px\" aria-hidden=\"true\" class=\"wp-block-spacer\"><\/div>\n","protected":false},"excerpt":{"rendered":"<p>\u00bfDesea un alojamiento c\u00f3modo e independiente durante su estancia en Lyon? La Alianza Francesa de Lyon le propone una residencia hotelera, ideal para quienes buscan autonom\u00eda, confort y proximidad al centro de la ciudad. Ventajas del alojamiento en residencia hotelera Elegir una residencia hotelera ofrece varias ventajas: Condiciones de la familia de acogida Duraci\u00f3n de [&hellip;]<\/p>\n","protected":false},"author":2,"featured_media":0,"parent":3798,"menu_order":0,"comment_status":"closed","ping_status":"closed","template":"","meta":{"_acf_changed":false,"footnotes":""},"class_list":["post-3820","page","type-page","status-publish","hentry"],"acf":[],"yoast_head":"<!-- This site is optimized with the Yoast SEO plugin v26.7 - https:\/\/yoast.com\/wordpress\/plugins\/seo\/ -->\n<title>Residencia hotelera - Alliance Fran\u00e7aise de Lyon<\/title>\n<meta name=\"description\" content=\"Descubra un alojamiento c\u00f3modo e independiente en Lyon con la Alliance Fran\u00e7aise. \u00a1Disfrute de autonom\u00eda y cercan\u00eda al centro de la ciudad!\" \/>\n<meta name=\"robots\" content=\"index, follow, max-snippet:-1, max-image-preview:large, max-video-preview:-1\" \/>\n<link rel=\"canonical\" href=\"https:\/\/www.aflyon.org\/es\/encontrar-alojamiento\/residence-hoteliere\/\" \/>\n<meta property=\"og:locale\" content=\"es_ES\" \/>\n<meta property=\"og:type\" content=\"article\" \/>\n<meta property=\"og:title\" content=\"Residencia hotelera - Alliance Fran\u00e7aise de Lyon\" \/>\n<meta property=\"og:description\" content=\"Descubra un alojamiento c\u00f3modo e independiente en Lyon con la Alliance Fran\u00e7aise. \u00a1Disfrute de autonom\u00eda y cercan\u00eda al centro de la ciudad!\" \/>\n<meta property=\"og:url\" content=\"https:\/\/www.aflyon.org\/es\/encontrar-alojamiento\/residence-hoteliere\/\" \/>\n<meta property=\"og:site_name\" content=\"Alliance Fran\u00e7aise de Lyon\" \/>\n<meta property=\"article:modified_time\" content=\"2026-02-18T14:05:52+00:00\" \/>\n<meta name=\"twitter:card\" content=\"summary_large_image\" \/>\n<meta name=\"twitter:label1\" content=\"Est. reading time\" \/>\n\t<meta name=\"twitter:data1\" content=\"1 minute\" \/>\n<script type=\"application\/ld+json\" class=\"yoast-schema-graph\">{\"@context\":\"https:\/\/schema.org\",\"@graph\":[{\"@type\":\"WebPage\",\"@id\":\"https:\/\/www.aflyon.org\/es\/encontrar-alojamiento\/residence-hoteliere\/\",\"url\":\"https:\/\/www.aflyon.org\/es\/encontrar-alojamiento\/residence-hoteliere\/\",\"name\":\"Residencia hotelera - Alliance Fran\u00e7aise de Lyon\",\"isPartOf\":{\"@id\":\"https:\/\/www.aflyon.org\/es\/#website\"},\"datePublished\":\"2026-01-21T15:34:47+00:00\",\"dateModified\":\"2026-02-18T14:05:52+00:00\",\"description\":\"Descubra un alojamiento c\u00f3modo e independiente en Lyon con la Alliance Fran\u00e7aise. \u00a1Disfrute de autonom\u00eda y cercan\u00eda al centro de la ciudad!\",\"breadcrumb\":{\"@id\":\"https:\/\/www.aflyon.org\/es\/encontrar-alojamiento\/residence-hoteliere\/#breadcrumb\"},\"inLanguage\":\"es-ES\",\"potentialAction\":[{\"@type\":\"ReadAction\",\"target\":[\"https:\/\/www.aflyon.org\/es\/encontrar-alojamiento\/residence-hoteliere\/\"]}]},{\"@type\":\"BreadcrumbList\",\"@id\":\"https:\/\/www.aflyon.org\/es\/encontrar-alojamiento\/residence-hoteliere\/#breadcrumb\",\"itemListElement\":[{\"@type\":\"ListItem\",\"position\":1,\"name\":\"Inicio\",\"item\":\"https:\/\/www.aflyon.org\/es\/\"},{\"@type\":\"ListItem\",\"position\":2,\"name\":\"Encontrar alojamiento\",\"item\":\"https:\/\/www.aflyon.org\/es\/encontrar-alojamiento\/\"},{\"@type\":\"ListItem\",\"position\":3,\"name\":\"Residencia hotelera\"}]},{\"@type\":\"WebSite\",\"@id\":\"https:\/\/www.aflyon.org\/es\/#website\",\"url\":\"https:\/\/www.aflyon.org\/es\/\",\"name\":\"Alliance Fran\u00e7aise de Lyon\",\"description\":\"\",\"potentialAction\":[{\"@type\":\"SearchAction\",\"target\":{\"@type\":\"EntryPoint\",\"urlTemplate\":\"https:\/\/www.aflyon.org\/es\/?s={search_term_string}\"},\"query-input\":{\"@type\":\"PropertyValueSpecification\",\"valueRequired\":true,\"valueName\":\"search_term_string\"}}],\"inLanguage\":\"es-ES\"}]}<\/script>\n<!-- \/ Yoast SEO plugin. -->","yoast_head_json":{"title":"Residencia hotelera - Alliance Fran\u00e7aise de Lyon","description":"Descubra un alojamiento c\u00f3modo e independiente en Lyon con la Alliance Fran\u00e7aise. \u00a1Disfrute de autonom\u00eda y cercan\u00eda al centro de la ciudad!","robots":{"index":"index","follow":"follow","max-snippet":"max-snippet:-1","max-image-preview":"max-image-preview:large","max-video-preview":"max-video-preview:-1"},"canonical":"https:\/\/www.aflyon.org\/es\/encontrar-alojamiento\/residence-hoteliere\/","og_locale":"es_ES","og_type":"article","og_title":"Residencia hotelera - Alliance Fran\u00e7aise de Lyon","og_description":"Descubra un alojamiento c\u00f3modo e independiente en Lyon con la Alliance Fran\u00e7aise. \u00a1Disfrute de autonom\u00eda y cercan\u00eda al centro de la ciudad!","og_url":"https:\/\/www.aflyon.org\/es\/encontrar-alojamiento\/residence-hoteliere\/","og_site_name":"Alliance Fran\u00e7aise de Lyon","article_modified_time":"2026-02-18T14:05:52+00:00","twitter_card":"summary_large_image","twitter_misc":{"Est. reading time":"1 minute"},"schema":{"@context":"https:\/\/schema.org","@graph":[{"@type":"WebPage","@id":"https:\/\/www.aflyon.org\/es\/encontrar-alojamiento\/residence-hoteliere\/","url":"https:\/\/www.aflyon.org\/es\/encontrar-alojamiento\/residence-hoteliere\/","name":"Residencia hotelera - Alliance Fran\u00e7aise de Lyon","isPartOf":{"@id":"https:\/\/www.aflyon.org\/es\/#website"},"datePublished":"2026-01-21T15:34:47+00:00","dateModified":"2026-02-18T14:05:52+00:00","description":"Descubra un alojamiento c\u00f3modo e independiente en Lyon con la Alliance Fran\u00e7aise. \u00a1Disfrute de autonom\u00eda y cercan\u00eda al centro de la ciudad!","breadcrumb":{"@id":"https:\/\/www.aflyon.org\/es\/encontrar-alojamiento\/residence-hoteliere\/#breadcrumb"},"inLanguage":"es-ES","potentialAction":[{"@type":"ReadAction","target":["https:\/\/www.aflyon.org\/es\/encontrar-alojamiento\/residence-hoteliere\/"]}]},{"@type":"BreadcrumbList","@id":"https:\/\/www.aflyon.org\/es\/encontrar-alojamiento\/residence-hoteliere\/#breadcrumb","itemListElement":[{"@type":"ListItem","position":1,"name":"Inicio","item":"https:\/\/www.aflyon.org\/es\/"},{"@type":"ListItem","position":2,"name":"Encontrar alojamiento","item":"https:\/\/www.aflyon.org\/es\/encontrar-alojamiento\/"},{"@type":"ListItem","position":3,"name":"Residencia hotelera"}]},{"@type":"WebSite","@id":"https:\/\/www.aflyon.org\/es\/#website","url":"https:\/\/www.aflyon.org\/es\/","name":"Alliance Fran\u00e7aise de Lyon","description":"","potentialAction":[{"@type":"SearchAction","target":{"@type":"EntryPoint","urlTemplate":"https:\/\/www.aflyon.org\/es\/?s={search_term_string}"},"query-input":{"@type":"PropertyValueSpecification","valueRequired":true,"valueName":"search_term_string"}}],"inLanguage":"es-ES"}]}},"_links":{"self":[{"href":"https:\/\/www.aflyon.org\/es\/wp-json\/wp\/v2\/pages\/3820","targetHints":{"allow":["GET"]}}],"collection":[{"href":"https:\/\/www.aflyon.org\/es\/wp-json\/wp\/v2\/pages"}],"about":[{"href":"https:\/\/www.aflyon.org\/es\/wp-json\/wp\/v2\/types\/page"}],"author":[{"embeddable":true,"href":"https:\/\/www.aflyon.org\/es\/wp-json\/wp\/v2\/users\/2"}],"replies":[{"embeddable":true,"href":"https:\/\/www.aflyon.org\/es\/wp-json\/wp\/v2\/comments?post=3820"}],"version-history":[{"count":5,"href":"https:\/\/www.aflyon.org\/es\/wp-json\/wp\/v2\/pages\/3820\/revisions"}],"predecessor-version":[{"id":3830,"href":"https:\/\/www.aflyon.org\/es\/wp-json\/wp\/v2\/pages\/3820\/revisions\/3830"}],"up":[{"embeddable":true,"href":"https:\/\/www.aflyon.org\/es\/wp-json\/wp\/v2\/pages\/3798"}],"wp:attachment":[{"href":"https:\/\/www.aflyon.org\/es\/wp-json\/wp\/v2\/media?parent=3820"}],"curies":[{"name":"wp","href":"https:\/\/api.w.org\/{rel}","templated":true}]}}