{"id":3811,"date":"2026-01-21T16:16:13","date_gmt":"2026-01-21T15:16:13","guid":{"rendered":"https:\/\/www.aflyon.org\/trouver-un-logement\/familia-de-acojida\/"},"modified":"2026-02-18T14:51:36","modified_gmt":"2026-02-18T13:51:36","slug":"familia-de-acojida","status":"publish","type":"page","link":"https:\/\/www.aflyon.org\/es\/encontrar-alojamiento\/familia-de-acojida\/","title":{"rendered":"Familia de acojida"},"content":{"rendered":"<div class=\"classic-introduction\">\n    <div class=\"left-block\">\n        <div class=\"inside-block\">\n            <div class=\"breadcrumbs\">\n                <div id=\"breadcrumbs\" class=\"main-breadcrumbs\"><span><span><a href=\"https:\/\/www.aflyon.org\/es\/\">Inicio<\/a><\/span><\/span><\/div>\n            <\/div>\n            <h1>Se loger en famille d\u2019accueil<\/h1>\n        <\/div>\n\n    <\/div>\n        <div class=\"right-block image-container\">\n        <img decoding=\"async\" src=\"https:\/\/www.aflyon.org\/app\/uploads\/2026\/01\/chambre_etudiante_aflyon1-e1769008202544.png\" alt=\"\">\n    <\/div>\n    <\/div>\n<div style=\"height:80px\" aria-hidden=\"true\" class=\"wp-block-spacer\"><\/div>\n\n<div class=\"wp-block-columns is-layout-flex wp-container-core-columns-is-layout-9d6595d7 wp-block-columns-is-layout-flex\">\n<div class=\"wp-block-column is-layout-flow wp-block-column-is-layout-flow\">\n<div style=\"height:22px\" aria-hidden=\"true\" class=\"wp-block-spacer\"><\/div>\n\n\n\n<p>\u00bfDesea aprender franc\u00e9s y descubrir Lyon mientras vive en un <strong>entorno c\u00e1lido<\/strong> y familiar? La Alliance Fran\u00e7aise de Lyon le pone en contacto con familias lyonnaises para una <strong>experiencia<\/strong> <strong>aut\u00e9ntica<\/strong>, ideal para mejorar su franc\u00e9s en la vida cotidiana. <\/p>\n\n\n\n<h3 class=\"wp-block-heading\">Ventajas del alojamiento en familia de acogida<\/h3>\n\n\n\n<p>Elegir una familia de acogida ofrece numerosas ventajas para los estudiantes extranjeros:<\/p>\n\n\n\n<ul class=\"wp-block-list\">\n<li><strong>Acogida c\u00e1lida y amigable<\/strong>: disfrute de una experiencia de inmersi\u00f3n compartiendo la vida de una familia lyonnaise. Descubrir\u00e1 la cultura local e integrar\u00e1 f\u00e1cilmente la vida en Lyon. <\/li>\n\n\n\n<li><strong>Pr\u00e1ctica del franc\u00e9s<\/strong>: al vivir con una familia, practicar\u00e1 el franc\u00e9s oral de manera natural, mejorando su comprensi\u00f3n y expresi\u00f3n oral.<\/li>\n\n\n\n<li><strong>Descubrimiento de la gastronom\u00eda<\/strong>: comparta comidas tradicionales y descubra las especialidades lyonnaises en un ambiente relajado.<\/li>\n\n\n\n<li><strong>Proximidad a la Alliance Fran\u00e7aise<\/strong>: las familias de acogida suelen estar cerca de nuestro centro, lo que permite asistir f\u00e1cilmente a las clases de franc\u00e9s y explorar Lyon.<\/li>\n<\/ul>\n\n\n\n<div class=\"wp-block-buttons is-layout-flex wp-block-buttons-is-layout-flex\"><\/div>\n<\/div>\n<\/div>\n\n<div style=\"height:80px\" aria-hidden=\"true\" class=\"wp-block-spacer\"><\/div>\n<div class=\"text-media\">\n    <div class=\"content global-width\">\n        <div class=\"text-container\">\n            <h2 class=\"text-media-title\">Habitaciones ofrecidas en familia de acogida<\/h2>\n            <div class=\"text-rich\"><p>Cada familia de acogida ofrece una habitaci\u00f3n individual en su casa, con los siguientes elementos (lista no exhaustiva, consulte las fichas t\u00e9cnicas adjuntas):<\/p>\n<ul>\n<li>Conexi\u00f3n a Internet para estudios y ocio<\/li>\n<li>Acceso a la cocina para preparar comidas<\/li>\n<li>Ba\u00f1o privado o compartido<\/li>\n<li>Acceso a lavadora<\/li>\n<li>Aparcamiento para bicicletas<\/li>\n<li>Biblioteca<\/li>\n<li>Jard\u00edn<\/li>\n<li>Otras utilidades<\/li>\n<\/ul>\n<p>Las familias de acogida son cuidadosamente seleccionadas para garantizar una experiencia de inmersi\u00f3n completa y de calidad.<\/p>\n<\/div>\n                    <\/div>\n        <div class=\"media-container\">\n                                            <img decoding=\"async\" src=\"https:\/\/www.aflyon.org\/app\/uploads\/2026\/01\/chambre_famille_accueil2_aflyon.jpg\" alt=\"chambre_famille_accueil2_aflyon\" class=\"main-image\">\n                    <\/div>\n    <\/div>\n<\/div>\n<div style=\"height:80px\" aria-hidden=\"true\" class=\"wp-block-spacer\"><\/div>\n<div class=\"rose-window\">\n    <img decoding=\"async\" src=\"https:\/\/www.aflyon.org\/app\/themes\/afl\/assets\/images\/rosace.svg\" alt=\"Rosace d\u00e9corative\" class=\"rose-window-image\">\n<\/div><div class=\"text-media\">\n    <div class=\"content global-width image-left\">\n        <div class=\"text-container\">\n            <h2 class=\"text-media-title\">F\u00f3rmulas ofrecidas<\/h2>\n            <div class=\"text-rich\"><p>Ofrecemos dos f\u00f3rmulas de alojamiento, adaptables seg\u00fan las <strong>familias de acogida<\/strong>:<\/p>\n<h4><strong>F\u00f3rmula Bed and Breakfast<\/strong><\/h4>\n<ul>\n<li><strong>Habitaci\u00f3n + Desayuno<\/strong><\/li>\n<li>Sin comidas los fines de semana<\/li>\n<li>Desde <strong>650 \u20ac\/mes<\/strong><\/li>\n<\/ul>\n<h4><strong>F\u00f3rmula Media Pensi\u00f3n<\/strong><\/h4>\n<ul>\n<li><strong>Habitaci\u00f3n + Desayuno + Cena<\/strong><\/li>\n<li>Sin comidas los fines de semana<\/li>\n<li>Desde <strong>800 \u20ac\/mes<\/strong><\/li>\n<\/ul>\n<p>Estas f\u00f3rmulas incluyen alojamiento y comidas (excepto fines de semana) y permiten disfrutar de una experiencia a la vez acogedora y pr\u00e1ctica para progresar r\u00e1pidamente en franc\u00e9s.<\/p>\n<\/div>\n                    <\/div>\n        <div class=\"media-container\">\n                                            <img decoding=\"async\" src=\"https:\/\/www.aflyon.org\/app\/uploads\/2026\/01\/Chambre-famille-accueil-service-aide-logement-aflyon-scaled.jpg.webp\" alt=\"Chambre-famille-accueil-service-aide-logement-aflyon-scaled.jpg\" class=\"main-image\">\n                    <\/div>\n    <\/div>\n<\/div>\n<div style=\"height:80px\" aria-hidden=\"true\" class=\"wp-block-spacer\"><\/div>\n\n<div class=\"wp-block-columns is-layout-flex wp-container-core-columns-is-layout-9d6595d7 wp-block-columns-is-layout-flex\">\n<div class=\"wp-block-column is-layout-flow wp-block-column-is-layout-flow\">\n<h3 class=\"wp-block-heading has-text-align-center\"><strong><strong>Condiciones de la familia de acogida<\/strong><\/strong><\/h3>\n\n\n\n<div style=\"height:15px\" aria-hidden=\"true\" class=\"wp-block-spacer\"><\/div>\n\n\n\n<p class=\"has-text-align-center\">El <strong>alojamiento en familia de acogida<\/strong> se reserva durante toda la duraci\u00f3n de sus <strong>estudios<\/strong> en la Alianza Francesa de Lyon, es decir, desde el inicio hasta el final de los cursos.<\/p>\n\n\n\n<p><strong>Reserva mensual<\/strong>: las habitaciones en familia de acogida est\u00e1n disponibles \u00fanicamente para <strong>cursos de 1 mes m\u00ednimo<\/strong> y sujetos a disponibilidad.<\/p>\n\n\n\n<p class=\"has-text-align-center\"><strong>Importante<\/strong>: la reserva se confirmar\u00e1 \u00fanicamente tras el pago de sus <strong>cursos<\/strong> y con un m\u00ednimo de <strong>60 d\u00edas antes del inicio de las clases<\/strong>. Le pondremos en contacto con una familia seg\u00fan disponibilidad. <\/p>\n\n\n\n<div class=\"wp-block-buttons is-content-justification-center is-layout-flex wp-container-core-buttons-is-layout-16018d1d wp-block-buttons-is-layout-flex\"><\/div>\n<\/div>\n\n\n\n<div class=\"wp-block-column is-layout-flow wp-block-column-is-layout-flow\">\n<h3 class=\"wp-block-heading has-text-align-center\"><strong><strong>\u00bfC\u00f3mo alojarse en Lyon como estudiante extranjero?<\/strong><\/strong><\/h3>\n\n\n\n<div style=\"height:15px\" aria-hidden=\"true\" class=\"wp-block-spacer\"><\/div>\n\n\n\n<p class=\"has-text-align-center\">La Alliance Fran\u00e7aise de Lyon ofrece varias opciones de alojamiento adaptadas a las necesidades de los estudiantes extranjeros. Entre estas, el alojamiento en familia de acogida es ideal para quienes buscan <strong>inmersi\u00f3n completa<\/strong>, <strong>pr\u00e1ctica real del franc\u00e9s<\/strong> y una <strong>experiencia humana enriquecedora<\/strong>. <\/p>\n\n\n\n<p class=\"has-text-align-center\">Al elegir nuestro servicio, se beneficia de asesoramiento personalizado para encontrar el alojamiento que le conviene, <strong>ahorrando tiempo<\/strong> y <strong>evitando tr\u00e1mites administrativos complejos<\/strong>.<\/p>\n\n\n\n<p class=\"has-text-align-center\"><\/p>\n\n\n\n<div class=\"wp-block-buttons is-content-justification-center is-layout-flex wp-container-core-buttons-is-layout-16018d1d wp-block-buttons-is-layout-flex\"><\/div>\n<\/div>\n<\/div>\n\n<div style=\"height:50px\" aria-hidden=\"true\" class=\"wp-block-spacer\"><\/div>\n\n<div style=\"height:80px\" aria-hidden=\"true\" class=\"wp-block-spacer\"><\/div>\n    <div class=\"faq image-left\">\n        <div class=\"content global-width\">\n            <div class=\"image-container\">\n                                <img decoding=\"async\" src=\"https:\/\/www.aflyon.org\/app\/uploads\/2026\/01\/place_jacobins_lyon_aflyon-e1769418625710.png\" alt=\"place_jacobins_lyon_aflyon\">\n            <\/div>\n            <div class=\"content-container\">\n                <h2>Preguntas frecuentes<\/h2>\n                \n                                <script type=\"application\/ld+json\">\n                    {\n                    \"@context\": \"https:\/\/schema.org\",\n                    \"@type\": \"FAQPage\",\n                    \"mainEntity\": [\n                                                {\n                            \"@type\": \"Question\",\n                            \"name\": \"\u00bfPuedo cambiar de alojamiento a lo largo de mi estancia en Lyon?\",\n                            \"acceptedAnswer\": {\n                            \"@type\": \"Answer\",\n                            \"text\":\"La asistencia de alojamiento incluye una <strong>\u00fanica<\/strong> b\u00fasqueda de alojamiento.\"\n                            }\n                        },                                                {\n                            \"@type\": \"Question\",\n                            \"name\": \"\u00bfA qui\u00e9n debo pagar el alquiler?\",\n                            \"acceptedAnswer\": {\n                            \"@type\": \"Answer\",\n                            \"text\":\"<p>Para una inscripci\u00f3n de uno o dos meses, deber\u00e1 pagar el alquiler a la Alianza Francesa de Lyon. Si su estancia ser\u00e1 superior a tres meses, deber\u00e1 pagar el alquiler directamente a su proveedor de alojamiento. <\/p><p><\/p>\"\n                            }\n                        },                                                {\n                            \"@type\": \"Question\",\n                            \"name\": \"\u00bfCu\u00e1nto cuesta el servicio de ayuda en la b\u00fasqueda de alojamiento?\",\n                            \"acceptedAnswer\": {\n                            \"@type\": \"Answer\",\n                            \"text\":\"La tasa de b\u00fasqueda de alojamiento es 70\u20ac por una primera solicitud y 35\u20ac por una prolongaci\u00f3n.\"\n                            }\n                        },                                                {\n                            \"@type\": \"Question\",\n                            \"name\": \"Voy a venir a Lyon con mi familia, \u00bfpuede la escuela encontrar alojamiento para toda la familia?\",\n                            \"acceptedAnswer\": {\n                            \"@type\": \"Answer\",\n                            \"text\":\"El alojamiento est\u00e1 \u00fanicamente reservado a estudiantes de la Alliance Fran\u00e7aise durante la duraci\u00f3n de su curso.\"\n                            }\n                        }                                            ]\n                    }\n                <\/script>\n\n                <div id=\"vue-faq-list\" data-theme-url=\"https:\/\/www.aflyon.org\/app\/themes\/afl\" data-read-more=\"M\u00e1s informaci\u00f3n\"><\/div>\n                <script id=\"faq-list-data\" type=\"application\/json\">\n                                                                                                                                                                                                [{\"question\":{\"post_title\":\"\\u00bfPuedo cambiar de alojamiento a lo largo de mi estancia en Lyon?\",\"post_content\":\"La asistencia de alojamiento incluye una <strong>\\u00fanica<\\\/strong> b\\u00fasqueda de alojamiento.\",\"link\":\"https:\\\/\\\/www.aflyon.org\\\/es\\\/faq\\\/puedo-cambiar-de-alojamiento-a-lo-largo-de-mi-estancia-en-lyon\\\/\"}},{\"question\":{\"post_title\":\"\\u00bfA qui\\u00e9n debo pagar el alquiler?\",\"post_content\":\"<p>Para una inscripci\\u00f3n de uno o dos meses, deber\\u00e1 pagar el alquiler a la Alianza Francesa de Lyon. Si su estancia ser\\u00e1 superior a tres meses, deber\\u00e1 pagar el alquiler directamente a su proveedor de alojamiento. <\\\/p>\\n<!-- wp:paragraph -->\\n<p><\\\/p>\\n<!-- \\\/wp:paragraph -->\",\"link\":\"https:\\\/\\\/www.aflyon.org\\\/es\\\/faq\\\/a-quien-debo-pagar-el-alquiler\\\/\"}},{\"question\":{\"post_title\":\"\\u00bfCu\\u00e1nto cuesta el servicio de ayuda en la b\\u00fasqueda de alojamiento?\",\"post_content\":\"La tasa de b\\u00fasqueda de alojamiento es 70\\u20ac por una primera solicitud y 35\\u20ac por una prolongaci\\u00f3n.\",\"link\":\"https:\\\/\\\/www.aflyon.org\\\/es\\\/faq\\\/cuanto-cuesta-el-servicio-de-ayuda-en-la-busqueda-de-alojamiento\\\/\"}},{\"question\":{\"post_title\":\"Voy a venir a Lyon con mi familia, \\u00bfpuede la escuela encontrar alojamiento para toda la familia?\",\"post_content\":\"El alojamiento est\\u00e1 \\u00fanicamente reservado a estudiantes de la Alliance Fran\\u00e7aise durante la duraci\\u00f3n de su curso.\",\"link\":\"https:\\\/\\\/www.aflyon.org\\\/es\\\/faq\\\/voy-a-venir-a-lyon-con-mi-familia-puede-escuela-encontrar-alojamiento-para-toda-familia\\\/\"}}]\n                <\/script>\n            <\/div>\n        <\/div>\n    <\/div>\n<div class=\"rose-window right-window\">\n    <img decoding=\"async\" src=\"https:\/\/www.aflyon.org\/app\/themes\/afl\/assets\/images\/rosace.svg\" alt=\"Rosace d\u00e9corative\" class=\"rose-window-image\">\n<\/div>\n<div style=\"height:80px\" aria-hidden=\"true\" class=\"wp-block-spacer\"><\/div>\n\n<div class=\"wp-block-group is-nowrap is-layout-flex wp-container-core-group-is-layout-ad2f72ca wp-block-group-is-layout-flex\">\n<div style=\"height:80px;width:0px\" aria-hidden=\"true\" class=\"wp-block-spacer wp-container-content-f96796aa\"><\/div>\n<\/div>\n\n<div style=\"height:80px\" aria-hidden=\"true\" class=\"wp-block-spacer\"><\/div>\n<div class=\"contact-form\">\n    <div class=\"content global-width\">\n        <h2>Nous contacter<\/h2>\n        <p class=\"text-content\">Que vous ayez des questions sur nos cours, nos examens, ou que vous souhaitiez en savoir plus sur la vie \u00e0 Lyon, notre \u00e9quipe est l\u00e0 pour vous accompagner.<\/p>\n        \n<div class=\"wpcf7 no-js\" id=\"wpcf7-f4846-o1\" lang=\"es-ES\" dir=\"ltr\" data-wpcf7-id=\"4846\">\n<div class=\"screen-reader-response\"><p role=\"status\" aria-live=\"polite\" aria-atomic=\"true\"><\/p> <ul><\/ul><\/div>\n<form action=\"\/es\/wp-json\/wp\/v2\/pages\/3811#wpcf7-f4846-o1\" method=\"post\" class=\"wpcf7-form init\" aria-label=\"Contact form\" novalidate=\"novalidate\" data-status=\"init\">\n<fieldset class=\"hidden-fields-container\"><input type=\"hidden\" name=\"_wpcf7\" value=\"4846\" \/><input type=\"hidden\" name=\"_wpcf7_version\" value=\"6.1.4\" \/><input type=\"hidden\" name=\"_wpcf7_locale\" value=\"es_ES\" \/><input type=\"hidden\" name=\"_wpcf7_unit_tag\" value=\"wpcf7-f4846-o1\" \/><input type=\"hidden\" name=\"_wpcf7_container_post\" value=\"0\" \/><input type=\"hidden\" name=\"_wpcf7_posted_data_hash\" value=\"\" \/><input type=\"hidden\" name=\"_wpcf7_recaptcha_response\" value=\"\" \/>\n<\/fieldset>\n<div class=\"form-input-row\">\n\t<div>\n\t\t<p><span class=\"wpcf7-form-control-wrap\" data-name=\"your-lastname\"><input size=\"40\" maxlength=\"400\" class=\"wpcf7-form-control wpcf7-text wpcf7-validates-as-required\" aria-required=\"true\" aria-invalid=\"false\" placeholder=\"Apellido*\" value=\"\" type=\"text\" name=\"your-lastname\" \/><\/span>\n\t\t<\/p>\n\t<\/div>\n\t<div>\n\t\t<p><span class=\"wpcf7-form-control-wrap\" data-name=\"your-firstname\"><input size=\"40\" maxlength=\"400\" class=\"wpcf7-form-control wpcf7-text wpcf7-validates-as-required\" aria-required=\"true\" aria-invalid=\"false\" placeholder=\"Nombre*\" value=\"\" type=\"text\" name=\"your-firstname\" \/><\/span>\n\t\t<\/p>\n\t<\/div>\n<\/div>\n<div class=\"form-input-row\">\n\t<div>\n\t\t<p><span class=\"wpcf7-form-control-wrap\" data-name=\"your-email\"><input size=\"40\" maxlength=\"400\" class=\"wpcf7-form-control wpcf7-email wpcf7-validates-as-required wpcf7-text wpcf7-validates-as-email\" aria-required=\"true\" aria-invalid=\"false\" placeholder=\"Correo electronico*\" value=\"\" type=\"email\" name=\"your-email\" \/><\/span>\n\t\t<\/p>\n\t<\/div>\n\t<div>\n\t\t<p><span class=\"wpcf7-form-control-wrap\" data-name=\"your-phone\"><input size=\"40\" maxlength=\"400\" class=\"wpcf7-form-control wpcf7-tel wpcf7-text wpcf7-validates-as-tel\" aria-invalid=\"false\" placeholder=\"Tel\u00e9fono\" value=\"\" type=\"tel\" name=\"your-phone\" \/><\/span>\n\t\t<\/p>\n\t<\/div>\n<\/div>\n<div class=\"form-input\">\n\t<p><span class=\"wpcf7-form-control-wrap\" data-name=\"your-subject\"><input size=\"40\" maxlength=\"400\" class=\"wpcf7-form-control wpcf7-text\" aria-invalid=\"false\" placeholder=\"Sujeto\" value=\"\" type=\"text\" name=\"your-subject\" \/><\/span>\n\t<\/p>\n<\/div>\n<div class=\"form-input\">\n\t<p><span class=\"wpcf7-form-control-wrap\" data-name=\"your-message\"><textarea cols=\"40\" rows=\"10\" maxlength=\"2000\" class=\"wpcf7-form-control wpcf7-textarea wpcf7-validates-as-required\" aria-required=\"true\" aria-invalid=\"false\" placeholder=\"Mensaje*\" name=\"your-message\"><\/textarea><\/span>\n\t<\/p>\n<\/div>\n<div class=\"acceptance\">\n\t<p><span class=\"wpcf7-form-control-wrap\" data-name=\"your-acceptance\"><span class=\"wpcf7-form-control wpcf7-acceptance\"><span class=\"wpcf7-list-item\"><label><input type=\"checkbox\" name=\"your-acceptance\" value=\"1\" aria-invalid=\"false\" \/><span class=\"wpcf7-list-item-label\">Acepto los t\u00e9rminos y condiciones (ver pol\u00edtica de privacidad) y acepto recibir comunicaciones de la Alianza Francesa por SMS y correo electr\u00f3nico.*<\/span><\/label><\/span><\/span><\/span>\n\t<\/p>\n<\/div>\n<div class=\"button-container\">\n\t<p><input class=\"wpcf7-form-control wpcf7-submit has-spinner\" type=\"submit\" value=\"Enviar\" \/>\n\t<\/p>\n<\/div><div class=\"wpcf7-response-output\" aria-hidden=\"true\"><\/div>\n<\/form>\n<\/div>\n\n    <\/div>\n<\/div>\n<div style=\"height:80px\" aria-hidden=\"true\" class=\"wp-block-spacer\"><\/div>\n\n<div style=\"height:70px\" aria-hidden=\"true\" class=\"wp-block-spacer\"><\/div>\n","protected":false},"excerpt":{"rendered":"<p>\u00bfDesea aprender franc\u00e9s y descubrir Lyon mientras vive en un entorno c\u00e1lido y familiar? La Alliance Fran\u00e7aise de Lyon le pone en contacto con familias lyonnaises para una experiencia aut\u00e9ntica, ideal para mejorar su franc\u00e9s en la vida cotidiana. Ventajas del alojamiento en familia de acogida Elegir una familia de acogida ofrece numerosas ventajas para [&hellip;]<\/p>\n","protected":false},"author":2,"featured_media":0,"parent":3798,"menu_order":0,"comment_status":"closed","ping_status":"closed","template":"","meta":{"_acf_changed":false,"footnotes":""},"class_list":["post-3811","page","type-page","status-publish","hentry"],"acf":[],"yoast_head":"<!-- This site is optimized with the Yoast SEO plugin v26.7 - https:\/\/yoast.com\/wordpress\/plugins\/seo\/ -->\n<title>Familia de acojida - Alliance Fran\u00e7aise de Lyon<\/title>\n<meta name=\"description\" content=\"Viva una experiencia \u00fanica en Lyon eligiendo una familia de acogida: practique franc\u00e9s, descubra la gastronom\u00eda y familiar\u00edcese f\u00e1cilmente con la cultura local.\" \/>\n<meta name=\"robots\" content=\"index, follow, max-snippet:-1, max-image-preview:large, max-video-preview:-1\" \/>\n<link rel=\"canonical\" href=\"https:\/\/www.aflyon.org\/es\/encontrar-alojamiento\/familia-de-acojida\/\" \/>\n<meta property=\"og:locale\" content=\"es_ES\" \/>\n<meta property=\"og:type\" content=\"article\" \/>\n<meta property=\"og:title\" content=\"Familia de acojida - Alliance Fran\u00e7aise de Lyon\" \/>\n<meta property=\"og:description\" content=\"Viva una experiencia \u00fanica en Lyon eligiendo una familia de acogida: practique franc\u00e9s, descubra la gastronom\u00eda y familiar\u00edcese f\u00e1cilmente con la cultura local.\" \/>\n<meta property=\"og:url\" content=\"https:\/\/www.aflyon.org\/es\/encontrar-alojamiento\/familia-de-acojida\/\" \/>\n<meta property=\"og:site_name\" content=\"Alliance Fran\u00e7aise de Lyon\" \/>\n<meta property=\"article:modified_time\" content=\"2026-02-18T13:51:36+00:00\" \/>\n<meta name=\"twitter:card\" content=\"summary_large_image\" \/>\n<meta name=\"twitter:label1\" content=\"Est. reading time\" \/>\n\t<meta name=\"twitter:data1\" content=\"2 minutes\" \/>\n<script type=\"application\/ld+json\" class=\"yoast-schema-graph\">{\"@context\":\"https:\/\/schema.org\",\"@graph\":[{\"@type\":\"WebPage\",\"@id\":\"https:\/\/www.aflyon.org\/es\/encontrar-alojamiento\/familia-de-acojida\/\",\"url\":\"https:\/\/www.aflyon.org\/es\/encontrar-alojamiento\/familia-de-acojida\/\",\"name\":\"Familia de acojida - Alliance Fran\u00e7aise de Lyon\",\"isPartOf\":{\"@id\":\"https:\/\/www.aflyon.org\/es\/#website\"},\"datePublished\":\"2026-01-21T15:16:13+00:00\",\"dateModified\":\"2026-02-18T13:51:36+00:00\",\"description\":\"Viva una experiencia \u00fanica en Lyon eligiendo una familia de acogida: practique franc\u00e9s, descubra la gastronom\u00eda y familiar\u00edcese f\u00e1cilmente con la cultura local.\",\"breadcrumb\":{\"@id\":\"https:\/\/www.aflyon.org\/es\/encontrar-alojamiento\/familia-de-acojida\/#breadcrumb\"},\"inLanguage\":\"es-ES\",\"potentialAction\":[{\"@type\":\"ReadAction\",\"target\":[\"https:\/\/www.aflyon.org\/es\/encontrar-alojamiento\/familia-de-acojida\/\"]}]},{\"@type\":\"BreadcrumbList\",\"@id\":\"https:\/\/www.aflyon.org\/es\/encontrar-alojamiento\/familia-de-acojida\/#breadcrumb\",\"itemListElement\":[{\"@type\":\"ListItem\",\"position\":1,\"name\":\"Inicio\",\"item\":\"https:\/\/www.aflyon.org\/es\/\"},{\"@type\":\"ListItem\",\"position\":2,\"name\":\"Encontrar alojamiento\",\"item\":\"https:\/\/www.aflyon.org\/es\/encontrar-alojamiento\/\"},{\"@type\":\"ListItem\",\"position\":3,\"name\":\"Familia de acojida\"}]},{\"@type\":\"WebSite\",\"@id\":\"https:\/\/www.aflyon.org\/es\/#website\",\"url\":\"https:\/\/www.aflyon.org\/es\/\",\"name\":\"Alliance Fran\u00e7aise de Lyon\",\"description\":\"\",\"potentialAction\":[{\"@type\":\"SearchAction\",\"target\":{\"@type\":\"EntryPoint\",\"urlTemplate\":\"https:\/\/www.aflyon.org\/es\/?s={search_term_string}\"},\"query-input\":{\"@type\":\"PropertyValueSpecification\",\"valueRequired\":true,\"valueName\":\"search_term_string\"}}],\"inLanguage\":\"es-ES\"}]}<\/script>\n<!-- \/ Yoast SEO plugin. -->","yoast_head_json":{"title":"Familia de acojida - Alliance Fran\u00e7aise de Lyon","description":"Viva una experiencia \u00fanica en Lyon eligiendo una familia de acogida: practique franc\u00e9s, descubra la gastronom\u00eda y familiar\u00edcese f\u00e1cilmente con la cultura local.","robots":{"index":"index","follow":"follow","max-snippet":"max-snippet:-1","max-image-preview":"max-image-preview:large","max-video-preview":"max-video-preview:-1"},"canonical":"https:\/\/www.aflyon.org\/es\/encontrar-alojamiento\/familia-de-acojida\/","og_locale":"es_ES","og_type":"article","og_title":"Familia de acojida - Alliance Fran\u00e7aise de Lyon","og_description":"Viva una experiencia \u00fanica en Lyon eligiendo una familia de acogida: practique franc\u00e9s, descubra la gastronom\u00eda y familiar\u00edcese f\u00e1cilmente con la cultura local.","og_url":"https:\/\/www.aflyon.org\/es\/encontrar-alojamiento\/familia-de-acojida\/","og_site_name":"Alliance Fran\u00e7aise de Lyon","article_modified_time":"2026-02-18T13:51:36+00:00","twitter_card":"summary_large_image","twitter_misc":{"Est. reading time":"2 minutes"},"schema":{"@context":"https:\/\/schema.org","@graph":[{"@type":"WebPage","@id":"https:\/\/www.aflyon.org\/es\/encontrar-alojamiento\/familia-de-acojida\/","url":"https:\/\/www.aflyon.org\/es\/encontrar-alojamiento\/familia-de-acojida\/","name":"Familia de acojida - Alliance Fran\u00e7aise de Lyon","isPartOf":{"@id":"https:\/\/www.aflyon.org\/es\/#website"},"datePublished":"2026-01-21T15:16:13+00:00","dateModified":"2026-02-18T13:51:36+00:00","description":"Viva una experiencia \u00fanica en Lyon eligiendo una familia de acogida: practique franc\u00e9s, descubra la gastronom\u00eda y familiar\u00edcese f\u00e1cilmente con la cultura local.","breadcrumb":{"@id":"https:\/\/www.aflyon.org\/es\/encontrar-alojamiento\/familia-de-acojida\/#breadcrumb"},"inLanguage":"es-ES","potentialAction":[{"@type":"ReadAction","target":["https:\/\/www.aflyon.org\/es\/encontrar-alojamiento\/familia-de-acojida\/"]}]},{"@type":"BreadcrumbList","@id":"https:\/\/www.aflyon.org\/es\/encontrar-alojamiento\/familia-de-acojida\/#breadcrumb","itemListElement":[{"@type":"ListItem","position":1,"name":"Inicio","item":"https:\/\/www.aflyon.org\/es\/"},{"@type":"ListItem","position":2,"name":"Encontrar alojamiento","item":"https:\/\/www.aflyon.org\/es\/encontrar-alojamiento\/"},{"@type":"ListItem","position":3,"name":"Familia de acojida"}]},{"@type":"WebSite","@id":"https:\/\/www.aflyon.org\/es\/#website","url":"https:\/\/www.aflyon.org\/es\/","name":"Alliance Fran\u00e7aise de Lyon","description":"","potentialAction":[{"@type":"SearchAction","target":{"@type":"EntryPoint","urlTemplate":"https:\/\/www.aflyon.org\/es\/?s={search_term_string}"},"query-input":{"@type":"PropertyValueSpecification","valueRequired":true,"valueName":"search_term_string"}}],"inLanguage":"es-ES"}]}},"_links":{"self":[{"href":"https:\/\/www.aflyon.org\/es\/wp-json\/wp\/v2\/pages\/3811","targetHints":{"allow":["GET"]}}],"collection":[{"href":"https:\/\/www.aflyon.org\/es\/wp-json\/wp\/v2\/pages"}],"about":[{"href":"https:\/\/www.aflyon.org\/es\/wp-json\/wp\/v2\/types\/page"}],"author":[{"embeddable":true,"href":"https:\/\/www.aflyon.org\/es\/wp-json\/wp\/v2\/users\/2"}],"replies":[{"embeddable":true,"href":"https:\/\/www.aflyon.org\/es\/wp-json\/wp\/v2\/comments?post=3811"}],"version-history":[{"count":3,"href":"https:\/\/www.aflyon.org\/es\/wp-json\/wp\/v2\/pages\/3811\/revisions"}],"predecessor-version":[{"id":3819,"href":"https:\/\/www.aflyon.org\/es\/wp-json\/wp\/v2\/pages\/3811\/revisions\/3819"}],"up":[{"embeddable":true,"href":"https:\/\/www.aflyon.org\/es\/wp-json\/wp\/v2\/pages\/3798"}],"wp:attachment":[{"href":"https:\/\/www.aflyon.org\/es\/wp-json\/wp\/v2\/media?parent=3811"}],"curies":[{"name":"wp","href":"https:\/\/api.w.org\/{rel}","templated":true}]}}