{"id":3762,"date":"2026-01-23T15:49:42","date_gmt":"2026-01-23T14:49:42","guid":{"rendered":"https:\/\/www.aflyon.org\/espacio-cultural\/"},"modified":"2026-04-14T16:28:06","modified_gmt":"2026-04-14T14:28:06","slug":"espacio-cultural","status":"publish","type":"page","link":"https:\/\/www.aflyon.org\/es\/espacio-cultural\/","title":{"rendered":"Espacio cultural"},"content":{"rendered":"<div class=\"classic-introduction\">\n    <div class=\"left-block\">\n        <div class=\"inside-block\">\n            <div class=\"breadcrumbs\">\n                <div id=\"breadcrumbs\" class=\"main-breadcrumbs\"><span><span><a href=\"https:\/\/www.aflyon.org\/es\/\">Inicio<\/a><\/span><\/span><\/div>\n            <\/div>\n            <h1>Espacio cultural Alliance Fran\u00e7aise de Lyon<\/h1>\n        <\/div>\n\n    <\/div>\n        <div class=\"right-block image-container\">\n        <img decoding=\"async\" src=\"https:\/\/www.aflyon.org\/app\/uploads\/2026\/01\/public_evenement_culturel_aflyon.png\" alt=\"\">\n    <\/div>\n    <\/div>\n\n\n<div style=\"height:37px\" aria-hidden=\"true\" class=\"wp-block-spacer\"><\/div>\n\n\n\n<div class=\"wp-block-buttons is-content-justification-center is-layout-flex wp-container-core-buttons-is-layout-16018d1d wp-block-buttons-is-layout-flex\">\n<div class=\"wp-block-button\"><a class=\"wp-block-button__link wp-element-button\" href=\"https:\/\/www.aflyon.org\/app\/uploads\/2026\/04\/programme_culturel_afl_avrl_jui.pdf\">Nuestro programa cultural<\/a><\/div>\n<\/div>\n\n\n\n<div style=\"height:30px\" aria-hidden=\"true\" class=\"wp-block-spacer\"><\/div>\n\n\n\n<div class=\"wp-block-columns is-layout-flex wp-container-core-columns-is-layout-9d6595d7 wp-block-columns-is-layout-flex\">\n<div class=\"wp-block-column is-layout-flow wp-block-column-is-layout-flow\">\n<p>La Alliance Fran\u00e7aise de Lyon es un verdadero punto de encuentro, descubrimiento e intercambio, abierto a todos, donde la curiosidad y el di\u00e1logo est\u00e1n en el coraz\u00f3n de la experiencia. <br><br>Situada en el centro de la vida cultural lionesa, pone en valor la riqueza de las culturas franc\u00f3fonas a trav\u00e9s de una programaci\u00f3n cultural exigente, contempor\u00e1nea y accesible. Propone eventos art\u00edsticos y literarios, talleres y conferencias, fomentando as\u00ed el intercambio, la creatividad y la apertura al mundo. <\/p>\n\n\n\n<div style=\"height:44px\" aria-hidden=\"true\" class=\"wp-block-spacer\"><\/div>\n<\/div>\n<\/div>\n\n\n\n<div style=\"height:0px\" aria-hidden=\"true\" class=\"wp-block-spacer\"><\/div>\n\n\n<div class=\"text-media\">\n    <div class=\"content global-width\">\n        <div class=\"text-container\">\n            <h2 class=\"text-media-title\">Una programaci\u00f3n cultural abierta y comprometida<\/h2>\n            <div class=\"text-rich\"><p>El proyecto cultural de la Alianza Francesa de Lyon se articula en torno a dos ejes complementarios:<\/p>\n<ul>\n<li data-start=\"1482\" data-end=\"1676\">Una <strong data-start=\"1482\" data-end=\"1549\">mediaci\u00f3n cultural integrada<\/strong> en el aprendizaje del franc\u00e9s, destinada a los estudiantes, con el fin de reforzar la pr\u00e1ctica del idioma a trav\u00e9s de la experiencia art\u00edstica y cultural.<\/li>\n<li data-start=\"1679\" data-end=\"1818\">Una <strong data-start=\"1679\" data-end=\"1735\">programaci\u00f3n cultural abierta al p\u00fablico en general<\/strong>, cuyo objetivo es promover la diversidad y la vitalidad de las culturas franc\u00f3fonas en Lyon.<\/li>\n<\/ul>\n<p data-start=\"1820\" data-end=\"2057\">Tout au long de l\u2019ann\u00e9e, notre espace accueille des <strong data-start=\"1877\" data-end=\"1908\">\u00e9v\u00e9nements culturels \u00e0 Lyon<\/strong> en partenariat avec de nombreux acteurs locaux, nationaux et internationaux : artistes, institutions culturelles, festivals et r\u00e9seaux francophones.<\/p>\n<\/div>\n                    <\/div>\n        <div class=\"media-container\">\n                                            <img decoding=\"async\" src=\"https:\/\/www.aflyon.org\/app\/uploads\/2026\/01\/basile_bure_villa_gillet.jpg\" alt=\"basile_bure_villa_gillet\" class=\"main-image\">\n                    <\/div>\n    <\/div>\n<\/div>\n\n\n<div style=\"height:80px\" aria-hidden=\"true\" class=\"wp-block-spacer\"><\/div>\n\n\n<div class=\"rose-window\">\n    <img decoding=\"async\" src=\"https:\/\/www.aflyon.org\/app\/themes\/afl\/assets\/images\/rosace.svg\" alt=\"Rosace d\u00e9corative\" class=\"rose-window-image\">\n<\/div>\n\n<div class=\"text-media\">\n    <div class=\"content global-width image-left\">\n        <div class=\"text-container\">\n            <h2 class=\"text-media-title\">Rumbo a la programaci\u00f3n: una pol\u00edtica de impulso cultural consolidada<\/h2>\n            <div class=\"text-rich\"><p>La Alianza Francesa de Lyon contin\u00faa y refuerza su pol\u00edtica de impulso cultural proponiendo una programaci\u00f3n original, transdisciplinaria e innovadora. Esta din\u00e1mica pone en valor tanto a artistas consolidados como a talentos emergentes, favoreciendo asimismo las formas h\u00edbridas y los formatos participativos. <\/p>\n<p>La programaci\u00f3n destaca:<\/p>\n<ul>\n<li data-start=\"2514\" data-end=\"2543\"><strong>M\u00fasica <\/strong>y <strong>danza<\/strong><\/li>\n<li data-start=\"2546\" data-end=\"2585\"><strong>Teatro<\/strong> y <strong>artes inmersivas<\/strong><\/li>\n<li data-start=\"2588\" data-end=\"2622\">Literatura y <strong>cine<\/strong><\/li>\n<li data-start=\"2625\" data-end=\"2662\"><strong>Artes gr\u00e1ficas<\/strong> y <strong>visuales<\/strong><\/li>\n<li data-start=\"2665\" data-end=\"2722\"><strong>Encuentros ciudadanos<\/strong> y <strong>debates de ideas<\/strong><\/li>\n<\/ul>\n<p>Para seguir nuestra programaci\u00f3n cultural, suscr\u00edbase a nuestro bolet\u00edn informativo y reciba nuestras novedades en primicia.<\/p>\n<\/div>\n                            <div class=\"buttons\">\n                                            <div class=\"button-container\">\n                            <a href=\"#\" target=\"\" class=\"global-button\">\n                                <span>Je m&#8217;inscrits sur l\u2019infolettre <\/span>\n                                <div class=\"icon-block\">\n                                    <img decoding=\"async\" src=\"https:\/\/www.aflyon.org\/app\/themes\/afl\/assets\/images\/red-arrow.png\" alt=\"Je m'inscrits sur l\u2019infolettre \">\n                                <\/div>\n                            <\/a>\n                        <\/div>\n                                                        <\/div>\n                    <\/div>\n        <div class=\"media-container\">\n                                            <img decoding=\"async\" src=\"https:\/\/www.aflyon.org\/app\/uploads\/2026\/01\/traboules_demoiselles_patrimoine_1_aflyon.jpg\" alt=\"traboules_demoiselles_patrimoine_1_aflyon\" class=\"main-image\">\n                    <\/div>\n    <\/div>\n<\/div>\n\n\n<div style=\"height:80px\" aria-hidden=\"true\" class=\"wp-block-spacer\"><\/div>\n\n\n\n<!--more-->\n\n\n\n<div class=\"wp-block-columns is-layout-flex wp-container-core-columns-is-layout-9d6595d7 wp-block-columns-is-layout-flex\">\n<div class=\"wp-block-column is-vertically-aligned-center is-layout-flow wp-block-column-is-layout-flow\">\n<h2 class=\"wp-block-heading has-text-align-center\"><strong>Una programaci\u00f3n construida colectivamente y arraigada en la vida lionesa<\/strong><\/h2>\n\n\n\n<div style=\"height:22px\" aria-hidden=\"true\" class=\"wp-block-spacer\"><\/div>\n\n\n\n<p class=\"has-text-align-center\">La programaci\u00f3n cultural de la <strong>Alliance Fran\u00e7aise de Lyon<\/strong> se elabora cada a\u00f1o por una <strong>comisi\u00f3n cultural dedicada<\/strong>, compuesta por miembros del equipo y personas colaboradoras. Esta comisi\u00f3n dise\u00f1a una programaci\u00f3n coherente y din\u00e1mica, procurando integrar cada evento en un calendario cultural en sinton\u00eda con los momentos clave de la vida lionesa. <\/p>\n\n\n\n<h3 class=\"wp-block-heading has-text-align-center\">Proponer un evento en la Alianza Francesa de Lyon<\/h3>\n\n\n\n<p class=\"has-text-align-center\">\u00bfEs usted artista, entidad cultural, instituci\u00f3n o promotor de proyectos y desea proponer un evento cultural en la Alianza Francesa de Lyon?<br>La comisi\u00f3n cultural estudia las propuestas durante todo el a\u00f1o.<\/p>\n\n\n\n<p class=\"has-text-align-center\">Para cualquier sugerencia, le agradecemos que nos contacte por correo electr\u00f3nico en la siguiente direcci\u00f3n:<br><strong>info@aflyon.org<\/strong><\/p>\n<\/div>\n<\/div>\n\n\n\n<div style=\"height:80px\" aria-hidden=\"true\" class=\"wp-block-spacer\"><\/div>\n\n\n    <div class=\"faq image-left\">\n        <div class=\"content global-width\">\n            <div class=\"image-container\">\n                                <img decoding=\"async\" src=\"https:\/\/www.aflyon.org\/app\/uploads\/2026\/01\/place_jacobins_lyon_aflyon-e1769418625710.png\" alt=\"place_jacobins_lyon_aflyon\">\n            <\/div>\n            <div class=\"content-container\">\n                <h2>Preguntas frecuentes<\/h2>\n                \n                                <script type=\"application\/ld+json\">\n                    {\n                    \"@context\": \"https:\/\/schema.org\",\n                    \"@type\": \"FAQPage\",\n                    \"mainEntity\": [\n                                                {\n                            \"@type\": \"Question\",\n                            \"name\": \"\u00bfCu\u00e1les son la actividades culturales fuera del horario de los cursos?\",\n                            \"acceptedAnswer\": {\n                            \"@type\": \"Answer\",\n                            \"text\":\"Cada mes ofrecemos una variada programaci\u00f3n cultural y tur\u00edstica (cineclub, conciertos, salidas, excursiones, etc.).\"\n                            }\n                        },                                                {\n                            \"@type\": \"Question\",\n                            \"name\": \"\u00bfHay actividades culturales?\",\n                            \"acceptedAnswer\": {\n                            \"@type\": \"Answer\",\n                            \"text\":\"<p>S\u00ed: visitas, talleres, cineclub y salidas culturales para practicar franc\u00e9s.<\/p>\"\n                            }\n                        },                                                {\n                            \"@type\": \"Question\",\n                            \"name\": \"\u00bfPor qu\u00e9 elegir Lyon para aprender franc\u00e9s?\",\n                            \"acceptedAnswer\": {\n                            \"@type\": \"Answer\",\n                            \"text\":\"<p>La oferta cultural de Lyon es rica en animaci\u00f3n, y el coste de la vida es abordable en comparaci\u00f3n con otras ciudades francesas.<\/p>\"\n                            }\n                        },                                                {\n                            \"@type\": \"Question\",\n                            \"name\": \"\u00bfPor qu\u00e9 aprender franc\u00e9s?<br>\",\n                            \"acceptedAnswer\": {\n                            \"@type\": \"Answer\",\n                            \"text\":\"<p>El franc\u00e9s es una <strong>lengua internacional<\/strong>, \u00fatil para los estudios, el trabajo, la cultura y la movilidad en Francia y en el extranjero.<\/p>\"\n                            }\n                        }                                            ]\n                    }\n                <\/script>\n\n                <div id=\"vue-faq-list\" data-theme-url=\"https:\/\/www.aflyon.org\/app\/themes\/afl\" data-read-more=\"M\u00e1s informaci\u00f3n\"><\/div>\n                <script id=\"faq-list-data\" type=\"application\/json\">\n                                                                                                                                                                                                [{\"question\":{\"post_title\":\"\\u00bfCu\\u00e1les son la actividades culturales fuera del horario de los cursos?\",\"post_content\":\"Cada mes ofrecemos una variada programaci\\u00f3n cultural y tur\\u00edstica (<a href=\\\"http:\\\/\\\/www.aflyon.org\\\/actualites\\\/cine-club-1\\\/\\\">cineclub<\\\/a>, conciertos, salidas, excursiones, etc.).\",\"link\":\"https:\\\/\\\/www.aflyon.org\\\/es\\\/faq\\\/cuales-son-la-actividades-culturales-fuera-del-horario-de-los-cursos\\\/\"}},{\"question\":{\"post_title\":\"\\u00bfHay actividades culturales?\",\"post_content\":\"<!-- wp:paragraph {\\\"translatedWithWPMLTM\\\":\\\"1\\\"} -->\\n<p>S\\u00ed: visitas, talleres, cineclub y salidas culturales para practicar franc\\u00e9s.<\\\/p>\\n<!-- \\\/wp:paragraph -->\",\"link\":\"https:\\\/\\\/www.aflyon.org\\\/es\\\/faq\\\/hay-actividades-culturales\\\/\"}},{\"question\":{\"post_title\":\"\\u00bfPor qu\\u00e9 elegir Lyon para aprender franc\\u00e9s?\",\"post_content\":\"<!-- wp:paragraph {\\\"translatedWithWPMLTM\\\":\\\"1\\\"} -->\\n<p>La oferta cultural de Lyon es rica en animaci\\u00f3n, y el coste de la vida es abordable en comparaci\\u00f3n con otras ciudades francesas.<\\\/p>\\n<!-- \\\/wp:paragraph -->\",\"link\":\"https:\\\/\\\/www.aflyon.org\\\/es\\\/faq\\\/por-que-elegir-lyon-para-aprender-frances\\\/\"}},{\"question\":{\"post_title\":\"\\u00bfPor qu\\u00e9 aprender franc\\u00e9s?<br>\",\"post_content\":\"<!-- wp:paragraph {\\\"translatedWithWPMLTM\\\":\\\"1\\\"} -->\\n<p>El franc\\u00e9s es una <strong>lengua internacional<\\\/strong>, \\u00fatil para los estudios, el trabajo, la cultura y la movilidad en Francia y en el extranjero.<\\\/p>\\n<!-- \\\/wp:paragraph -->\",\"link\":\"https:\\\/\\\/www.aflyon.org\\\/es\\\/faq\\\/por-que-aprender-frances\\\/\"}}]\n                <\/script>\n            <\/div>\n        <\/div>\n    <\/div>\n\n\n<div class=\"rose-window right-window\">\n    <img decoding=\"async\" src=\"https:\/\/www.aflyon.org\/app\/themes\/afl\/assets\/images\/rosace.svg\" alt=\"Rosace d\u00e9corative\" class=\"rose-window-image\">\n<\/div>\n\n\n<div style=\"height:80px\" aria-hidden=\"true\" class=\"wp-block-spacer\"><\/div>\n\n\n\n<div class=\"wp-block-group is-nowrap is-layout-flex wp-container-core-group-is-layout-ad2f72ca wp-block-group-is-layout-flex\">\n<div style=\"height:80px;width:0px\" aria-hidden=\"true\" class=\"wp-block-spacer wp-container-content-f96796aa\"><\/div>\n<\/div>\n\n\n<div class=\"contact-form\">\n    <div class=\"content global-width\">\n        <h2>Nous contacter<\/h2>\n        <p class=\"text-content\">Que vous ayez des questions sur nos cours, nos examens, ou que vous souhaitiez en savoir plus sur la vie \u00e0 Lyon, notre \u00e9quipe est l\u00e0 pour vous accompagner.<\/p>\n        \n<div class=\"wpcf7 no-js\" id=\"wpcf7-f4846-o1\" lang=\"es-ES\" dir=\"ltr\" data-wpcf7-id=\"4846\">\n<div class=\"screen-reader-response\"><p role=\"status\" aria-live=\"polite\" aria-atomic=\"true\"><\/p> <ul><\/ul><\/div>\n<form action=\"\/es\/wp-json\/wp\/v2\/pages\/3762#wpcf7-f4846-o1\" method=\"post\" class=\"wpcf7-form init\" aria-label=\"Contact form\" novalidate=\"novalidate\" data-status=\"init\">\n<fieldset class=\"hidden-fields-container\"><input type=\"hidden\" name=\"_wpcf7\" value=\"4846\" \/><input type=\"hidden\" name=\"_wpcf7_version\" value=\"6.1.4\" \/><input type=\"hidden\" name=\"_wpcf7_locale\" value=\"es_ES\" \/><input type=\"hidden\" name=\"_wpcf7_unit_tag\" value=\"wpcf7-f4846-o1\" \/><input type=\"hidden\" name=\"_wpcf7_container_post\" value=\"0\" \/><input type=\"hidden\" name=\"_wpcf7_posted_data_hash\" value=\"\" \/><input type=\"hidden\" name=\"_wpcf7_recaptcha_response\" value=\"\" \/>\n<\/fieldset>\n<div class=\"form-input-row\">\n\t<div>\n\t\t<p><span class=\"wpcf7-form-control-wrap\" data-name=\"your-lastname\"><input size=\"40\" maxlength=\"400\" class=\"wpcf7-form-control wpcf7-text wpcf7-validates-as-required\" aria-required=\"true\" aria-invalid=\"false\" placeholder=\"Apellido*\" value=\"\" type=\"text\" name=\"your-lastname\" \/><\/span>\n\t\t<\/p>\n\t<\/div>\n\t<div>\n\t\t<p><span class=\"wpcf7-form-control-wrap\" data-name=\"your-firstname\"><input size=\"40\" maxlength=\"400\" class=\"wpcf7-form-control wpcf7-text wpcf7-validates-as-required\" aria-required=\"true\" aria-invalid=\"false\" placeholder=\"Nombre*\" value=\"\" type=\"text\" name=\"your-firstname\" \/><\/span>\n\t\t<\/p>\n\t<\/div>\n<\/div>\n<div class=\"form-input-row\">\n\t<div>\n\t\t<p><span class=\"wpcf7-form-control-wrap\" data-name=\"your-email\"><input size=\"40\" maxlength=\"400\" class=\"wpcf7-form-control wpcf7-email wpcf7-validates-as-required wpcf7-text wpcf7-validates-as-email\" aria-required=\"true\" aria-invalid=\"false\" placeholder=\"Correo electronico*\" value=\"\" type=\"email\" name=\"your-email\" \/><\/span>\n\t\t<\/p>\n\t<\/div>\n\t<div>\n\t\t<p><span class=\"wpcf7-form-control-wrap\" data-name=\"your-phone\"><input size=\"40\" maxlength=\"400\" class=\"wpcf7-form-control wpcf7-tel wpcf7-text wpcf7-validates-as-tel\" aria-invalid=\"false\" placeholder=\"Tel\u00e9fono\" value=\"\" type=\"tel\" name=\"your-phone\" \/><\/span>\n\t\t<\/p>\n\t<\/div>\n<\/div>\n<div class=\"form-input\">\n\t<p><span class=\"wpcf7-form-control-wrap\" data-name=\"your-subject\"><input size=\"40\" maxlength=\"400\" class=\"wpcf7-form-control wpcf7-text\" aria-invalid=\"false\" placeholder=\"Sujeto\" value=\"\" type=\"text\" name=\"your-subject\" \/><\/span>\n\t<\/p>\n<\/div>\n<div class=\"form-input\">\n\t<p><span class=\"wpcf7-form-control-wrap\" data-name=\"your-message\"><textarea cols=\"40\" rows=\"10\" maxlength=\"2000\" class=\"wpcf7-form-control wpcf7-textarea wpcf7-validates-as-required\" aria-required=\"true\" aria-invalid=\"false\" placeholder=\"Mensaje*\" name=\"your-message\"><\/textarea><\/span>\n\t<\/p>\n<\/div>\n<div class=\"acceptance\">\n\t<p><span class=\"wpcf7-form-control-wrap\" data-name=\"your-acceptance\"><span class=\"wpcf7-form-control wpcf7-acceptance\"><span class=\"wpcf7-list-item\"><label><input type=\"checkbox\" name=\"your-acceptance\" value=\"1\" aria-invalid=\"false\" \/><span class=\"wpcf7-list-item-label\">Acepto los t\u00e9rminos y condiciones (ver pol\u00edtica de privacidad) y acepto recibir comunicaciones de la Alianza Francesa por SMS y correo electr\u00f3nico.*<\/span><\/label><\/span><\/span><\/span>\n\t<\/p>\n<\/div>\n<div class=\"button-container\">\n\t<p><input class=\"wpcf7-form-control wpcf7-submit has-spinner\" type=\"submit\" value=\"Enviar\" \/>\n\t<\/p>\n<\/div><div class=\"wpcf7-response-output\" aria-hidden=\"true\"><\/div>\n<\/form>\n<\/div>\n\n    <\/div>\n<\/div>\n\n\n<div style=\"height:80px\" aria-hidden=\"true\" class=\"wp-block-spacer\"><\/div>\n\n\n\n<div style=\"height:70px\" aria-hidden=\"true\" class=\"wp-block-spacer\"><\/div>\n","protected":false},"excerpt":{"rendered":"<p>La Alliance Fran\u00e7aise de Lyon es un verdadero punto de encuentro, descubrimiento e intercambio, abierto a todos, donde la curiosidad y el di\u00e1logo est\u00e1n en el coraz\u00f3n de la experiencia. Situada en el centro de la vida cultural lionesa, pone en valor la riqueza de las culturas franc\u00f3fonas a trav\u00e9s de una programaci\u00f3n cultural exigente, [&hellip;]<\/p>\n","protected":false},"author":2,"featured_media":0,"parent":0,"menu_order":0,"comment_status":"closed","ping_status":"closed","template":"","meta":{"_acf_changed":false,"footnotes":""},"class_list":["post-3762","page","type-page","status-publish","hentry"],"acf":[],"yoast_head":"<!-- This site is optimized with the Yoast SEO plugin v26.7 - https:\/\/yoast.com\/wordpress\/plugins\/seo\/ -->\n<title>Espacio cultural - Alliance Fran\u00e7aise de Lyon<\/title>\n<meta name=\"description\" content=\"Descubra la Alliance Fran\u00e7aise de Lyon, un espacio de intercambios culturales donde la curiosidad y el di\u00e1logo florecen a trav\u00e9s de eventos art\u00edsticos y literarios.\" \/>\n<meta name=\"robots\" content=\"index, follow, max-snippet:-1, max-image-preview:large, max-video-preview:-1\" \/>\n<link rel=\"canonical\" href=\"https:\/\/www.aflyon.org\/es\/espacio-cultural\/\" \/>\n<meta property=\"og:locale\" content=\"es_ES\" \/>\n<meta property=\"og:type\" content=\"article\" \/>\n<meta property=\"og:title\" content=\"Espacio cultural - Alliance Fran\u00e7aise de Lyon\" \/>\n<meta property=\"og:description\" content=\"Descubra la Alliance Fran\u00e7aise de Lyon, un espacio de intercambios culturales donde la curiosidad y el di\u00e1logo florecen a trav\u00e9s de eventos art\u00edsticos y literarios.\" \/>\n<meta property=\"og:url\" content=\"https:\/\/www.aflyon.org\/es\/espacio-cultural\/\" \/>\n<meta property=\"og:site_name\" content=\"Alliance Fran\u00e7aise de Lyon\" \/>\n<meta property=\"article:modified_time\" content=\"2026-04-14T14:28:06+00:00\" \/>\n<meta name=\"twitter:card\" content=\"summary_large_image\" \/>\n<meta name=\"twitter:label1\" content=\"Est. reading time\" \/>\n\t<meta name=\"twitter:data1\" content=\"2 minutes\" \/>\n<script type=\"application\/ld+json\" class=\"yoast-schema-graph\">{\"@context\":\"https:\/\/schema.org\",\"@graph\":[{\"@type\":\"WebPage\",\"@id\":\"https:\/\/www.aflyon.org\/es\/espacio-cultural\/\",\"url\":\"https:\/\/www.aflyon.org\/es\/espacio-cultural\/\",\"name\":\"Espacio cultural - Alliance Fran\u00e7aise de Lyon\",\"isPartOf\":{\"@id\":\"https:\/\/www.aflyon.org\/es\/#website\"},\"datePublished\":\"2026-01-23T14:49:42+00:00\",\"dateModified\":\"2026-04-14T14:28:06+00:00\",\"description\":\"Descubra la Alliance Fran\u00e7aise de Lyon, un espacio de intercambios culturales donde la curiosidad y el di\u00e1logo florecen a trav\u00e9s de eventos art\u00edsticos y literarios.\",\"breadcrumb\":{\"@id\":\"https:\/\/www.aflyon.org\/es\/espacio-cultural\/#breadcrumb\"},\"inLanguage\":\"es-ES\",\"potentialAction\":[{\"@type\":\"ReadAction\",\"target\":[\"https:\/\/www.aflyon.org\/es\/espacio-cultural\/\"]}]},{\"@type\":\"BreadcrumbList\",\"@id\":\"https:\/\/www.aflyon.org\/es\/espacio-cultural\/#breadcrumb\",\"itemListElement\":[{\"@type\":\"ListItem\",\"position\":1,\"name\":\"Inicio\",\"item\":\"https:\/\/www.aflyon.org\/es\/\"},{\"@type\":\"ListItem\",\"position\":2,\"name\":\"Espacio cultural\"}]},{\"@type\":\"WebSite\",\"@id\":\"https:\/\/www.aflyon.org\/es\/#website\",\"url\":\"https:\/\/www.aflyon.org\/es\/\",\"name\":\"Alliance Fran\u00e7aise de Lyon\",\"description\":\"\",\"potentialAction\":[{\"@type\":\"SearchAction\",\"target\":{\"@type\":\"EntryPoint\",\"urlTemplate\":\"https:\/\/www.aflyon.org\/es\/?s={search_term_string}\"},\"query-input\":{\"@type\":\"PropertyValueSpecification\",\"valueRequired\":true,\"valueName\":\"search_term_string\"}}],\"inLanguage\":\"es-ES\"}]}<\/script>\n<!-- \/ Yoast SEO plugin. -->","yoast_head_json":{"title":"Espacio cultural - Alliance Fran\u00e7aise de Lyon","description":"Descubra la Alliance Fran\u00e7aise de Lyon, un espacio de intercambios culturales donde la curiosidad y el di\u00e1logo florecen a trav\u00e9s de eventos art\u00edsticos y literarios.","robots":{"index":"index","follow":"follow","max-snippet":"max-snippet:-1","max-image-preview":"max-image-preview:large","max-video-preview":"max-video-preview:-1"},"canonical":"https:\/\/www.aflyon.org\/es\/espacio-cultural\/","og_locale":"es_ES","og_type":"article","og_title":"Espacio cultural - Alliance Fran\u00e7aise de Lyon","og_description":"Descubra la Alliance Fran\u00e7aise de Lyon, un espacio de intercambios culturales donde la curiosidad y el di\u00e1logo florecen a trav\u00e9s de eventos art\u00edsticos y literarios.","og_url":"https:\/\/www.aflyon.org\/es\/espacio-cultural\/","og_site_name":"Alliance Fran\u00e7aise de Lyon","article_modified_time":"2026-04-14T14:28:06+00:00","twitter_card":"summary_large_image","twitter_misc":{"Est. reading time":"2 minutes"},"schema":{"@context":"https:\/\/schema.org","@graph":[{"@type":"WebPage","@id":"https:\/\/www.aflyon.org\/es\/espacio-cultural\/","url":"https:\/\/www.aflyon.org\/es\/espacio-cultural\/","name":"Espacio cultural - Alliance Fran\u00e7aise de Lyon","isPartOf":{"@id":"https:\/\/www.aflyon.org\/es\/#website"},"datePublished":"2026-01-23T14:49:42+00:00","dateModified":"2026-04-14T14:28:06+00:00","description":"Descubra la Alliance Fran\u00e7aise de Lyon, un espacio de intercambios culturales donde la curiosidad y el di\u00e1logo florecen a trav\u00e9s de eventos art\u00edsticos y literarios.","breadcrumb":{"@id":"https:\/\/www.aflyon.org\/es\/espacio-cultural\/#breadcrumb"},"inLanguage":"es-ES","potentialAction":[{"@type":"ReadAction","target":["https:\/\/www.aflyon.org\/es\/espacio-cultural\/"]}]},{"@type":"BreadcrumbList","@id":"https:\/\/www.aflyon.org\/es\/espacio-cultural\/#breadcrumb","itemListElement":[{"@type":"ListItem","position":1,"name":"Inicio","item":"https:\/\/www.aflyon.org\/es\/"},{"@type":"ListItem","position":2,"name":"Espacio cultural"}]},{"@type":"WebSite","@id":"https:\/\/www.aflyon.org\/es\/#website","url":"https:\/\/www.aflyon.org\/es\/","name":"Alliance Fran\u00e7aise de Lyon","description":"","potentialAction":[{"@type":"SearchAction","target":{"@type":"EntryPoint","urlTemplate":"https:\/\/www.aflyon.org\/es\/?s={search_term_string}"},"query-input":{"@type":"PropertyValueSpecification","valueRequired":true,"valueName":"search_term_string"}}],"inLanguage":"es-ES"}]}},"_links":{"self":[{"href":"https:\/\/www.aflyon.org\/es\/wp-json\/wp\/v2\/pages\/3762","targetHints":{"allow":["GET"]}}],"collection":[{"href":"https:\/\/www.aflyon.org\/es\/wp-json\/wp\/v2\/pages"}],"about":[{"href":"https:\/\/www.aflyon.org\/es\/wp-json\/wp\/v2\/types\/page"}],"author":[{"embeddable":true,"href":"https:\/\/www.aflyon.org\/es\/wp-json\/wp\/v2\/users\/2"}],"replies":[{"embeddable":true,"href":"https:\/\/www.aflyon.org\/es\/wp-json\/wp\/v2\/comments?post=3762"}],"version-history":[{"count":4,"href":"https:\/\/www.aflyon.org\/es\/wp-json\/wp\/v2\/pages\/3762\/revisions"}],"predecessor-version":[{"id":64044,"href":"https:\/\/www.aflyon.org\/es\/wp-json\/wp\/v2\/pages\/3762\/revisions\/64044"}],"wp:attachment":[{"href":"https:\/\/www.aflyon.org\/es\/wp-json\/wp\/v2\/media?parent=3762"}],"curies":[{"name":"wp","href":"https:\/\/api.w.org\/{rel}","templated":true}]}}