{"id":82763,"date":"2026-05-13T18:17:19","date_gmt":"2026-05-13T16:17:19","guid":{"rendered":"https:\/\/www.aflyon.org\/?post_type=product&#038;p=82763"},"modified":"2026-05-13T19:40:37","modified_gmt":"2026-05-13T17:40:37","slug":"the-paris-lyon-escape","status":"publish","type":"product","link":"https:\/\/www.aflyon.org\/en\/produit\/the-paris-lyon-escape\/","title":{"rendered":"The Paris\u2013Lyon Escape"},"content":{"rendered":"<p data-start=\"652\" data-end=\"978\">Discover a unique language immersion between Paris and Lyon, combining French learning with authentic cultural experiences. From Montmartre to the Ch\u00e2teau de Versailles, from wine and cheese workshops to the Lyonnais flavors crafted by Maison Bocuse, experience the language at the heart of French heritage, gastronomy, and art de vivre. A program designed to help you progress naturally in spoken French through real-life and varied situations, between the vibrant energy of Paris and the warm, convivial elegance of Lyon.<\/p>\n<p><strong>Homestay accommodation<\/strong><\/p>\n<p>Dual-city program offered by the <a href=\"https:\/\/www.aflyon.org\/en\/\">Alliance Fran\u00e7aAise de Lyon<\/a> and the &#8216;<a href=\"https:\/\/www.alliancefr.org\/\">Alliance Fran\u00e7aise de Paris<\/a><\/p>\n<p data-start=\"980\" data-end=\"1208\"><strong>From August 17th to August 28th 2026.<\/strong><\/p>\n","protected":false},"excerpt":{"rendered":"<p>Discover a unique language immersion between Paris and Lyon<\/p>\n","protected":false},"featured_media":82777,"template":"","meta":{"_acf_changed":false},"product_brand":[],"product_cat":[509,183,139,576],"product_tag":[],"class_list":{"0":"post-82763","1":"product","2":"type-product","3":"status-publish","4":"has-post-thumbnail","6":"product_cat-morning-french-courses","7":"product_cat-our-fle-training-courses-for-teachers","8":"product_cat-courses","9":"product_cat-the-paris-lyon-escape","11":"first","12":"instock","13":"sold-individually","14":"shipping-taxable","15":"purchasable","16":"product-type-variable"},"acf":[],"yoast_head":"<!-- This site is optimized with the Yoast SEO plugin v26.9 - https:\/\/yoast.com\/product\/yoast-seo-wordpress\/ -->\n<title>The Paris\u2013Lyon Escape: a dual stay in France<\/title>\n<meta name=\"description\" content=\"Experience an unforgettable language journey between Paris and Lyon, combining French classes with immersion in French culture, from Montmartre to gastronomy.\" \/>\n<meta name=\"robots\" content=\"index, follow, max-snippet:-1, max-image-preview:large, max-video-preview:-1\" \/>\n<link rel=\"canonical\" href=\"https:\/\/www.aflyon.org\/en\/produit\/the-paris-lyon-escape\/\" \/>\n<meta property=\"og:locale\" content=\"en_US\" \/>\n<meta property=\"og:type\" content=\"article\" \/>\n<meta property=\"og:title\" content=\"The Paris\u2013Lyon Escape: a dual stay in France\" \/>\n<meta property=\"og:description\" content=\"Experience an unforgettable language journey between Paris and Lyon, combining French classes with immersion in French culture, from Montmartre to gastronomy.\" \/>\n<meta property=\"og:url\" content=\"https:\/\/www.aflyon.org\/en\/produit\/the-paris-lyon-escape\/\" \/>\n<meta property=\"og:site_name\" content=\"Alliance Fran\u00e7aise de Lyon\" \/>\n<meta property=\"article:modified_time\" content=\"2026-05-13T17:40:37+00:00\" \/>\n<meta property=\"og:image\" content=\"https:\/\/www.aflyon.org\/app\/uploads\/2026\/05\/Destinations-signature-1-1024x576.png\" \/>\n\t<meta property=\"og:image:width\" content=\"1024\" \/>\n\t<meta property=\"og:image:height\" content=\"576\" \/>\n\t<meta property=\"og:image:type\" content=\"image\/png\" \/>\n<meta name=\"twitter:card\" content=\"summary_large_image\" \/>\n<meta name=\"twitter:label1\" content=\"Est. reading time\" \/>\n\t<meta name=\"twitter:data1\" content=\"4 minutes\" \/>\n<script type=\"application\/ld+json\" class=\"yoast-schema-graph\">{\"@context\":\"https:\/\/schema.org\",\"@graph\":[{\"@type\":\"WebPage\",\"@id\":\"https:\/\/www.aflyon.org\/en\/produit\/the-paris-lyon-escape\/\",\"url\":\"https:\/\/www.aflyon.org\/en\/produit\/the-paris-lyon-escape\/\",\"name\":\"The Paris\u2013Lyon Escape: a dual stay in France\",\"isPartOf\":{\"@id\":\"https:\/\/www.aflyon.org\/en\/#website\"},\"primaryImageOfPage\":{\"@id\":\"https:\/\/www.aflyon.org\/en\/produit\/the-paris-lyon-escape\/#primaryimage\"},\"image\":{\"@id\":\"https:\/\/www.aflyon.org\/en\/produit\/the-paris-lyon-escape\/#primaryimage\"},\"thumbnailUrl\":\"https:\/\/www.aflyon.org\/app\/uploads\/2026\/05\/Destinations-signature-1.png\",\"datePublished\":\"2026-05-13T16:17:19+00:00\",\"dateModified\":\"2026-05-13T17:40:37+00:00\",\"description\":\"Experience an unforgettable language journey between Paris and Lyon, combining French classes with immersion in French culture, from Montmartre to gastronomy.\",\"breadcrumb\":{\"@id\":\"https:\/\/www.aflyon.org\/en\/produit\/the-paris-lyon-escape\/#breadcrumb\"},\"inLanguage\":\"en-US\",\"potentialAction\":[{\"@type\":\"ReadAction\",\"target\":[\"https:\/\/www.aflyon.org\/en\/produit\/the-paris-lyon-escape\/\"]}]},{\"@type\":\"ImageObject\",\"inLanguage\":\"en-US\",\"@id\":\"https:\/\/www.aflyon.org\/en\/produit\/the-paris-lyon-escape\/#primaryimage\",\"url\":\"https:\/\/www.aflyon.org\/app\/uploads\/2026\/05\/Destinations-signature-1.png\",\"contentUrl\":\"https:\/\/www.aflyon.org\/app\/uploads\/2026\/05\/Destinations-signature-1.png\",\"width\":1920,\"height\":1080,\"caption\":\"L'\u00e9chapp\u00e9e Paris-Lyon - double s\u00e9jour en France\"},{\"@type\":\"BreadcrumbList\",\"@id\":\"https:\/\/www.aflyon.org\/en\/produit\/the-paris-lyon-escape\/#breadcrumb\",\"itemListElement\":[{\"@type\":\"ListItem\",\"position\":1,\"name\":\"Home\",\"item\":\"https:\/\/www.aflyon.org\/en\/\"},{\"@type\":\"ListItem\",\"position\":2,\"name\":\"Boutique\",\"item\":\"https:\/\/www.aflyon.org\/boutique\/\"},{\"@type\":\"ListItem\",\"position\":3,\"name\":\"The Paris\u2013Lyon Escape\"}]},{\"@type\":\"WebSite\",\"@id\":\"https:\/\/www.aflyon.org\/en\/#website\",\"url\":\"https:\/\/www.aflyon.org\/en\/\",\"name\":\"Alliance Fran\u00e7aise de Lyon\",\"description\":\"\",\"publisher\":{\"@id\":\"https:\/\/www.aflyon.org\/en\/#organization\"},\"potentialAction\":[{\"@type\":\"SearchAction\",\"target\":{\"@type\":\"EntryPoint\",\"urlTemplate\":\"https:\/\/www.aflyon.org\/en\/?s={search_term_string}\"},\"query-input\":{\"@type\":\"PropertyValueSpecification\",\"valueRequired\":true,\"valueName\":\"search_term_string\"}}],\"inLanguage\":\"en-US\"},{\"@type\":\"Organization\",\"@id\":\"https:\/\/www.aflyon.org\/en\/#organization\",\"name\":\"Alliance Fran\u00e7aise de Lyon\",\"url\":\"https:\/\/www.aflyon.org\/en\/\",\"logo\":{\"@type\":\"ImageObject\",\"inLanguage\":\"en-US\",\"@id\":\"https:\/\/www.aflyon.org\/en\/#\/schema\/logo\/image\/\",\"url\":\"https:\/\/www.aflyon.org\/app\/uploads\/2026\/01\/cropped-image001.png\",\"contentUrl\":\"https:\/\/www.aflyon.org\/app\/uploads\/2026\/01\/cropped-image001.png\",\"width\":759,\"height\":513,\"caption\":\"Alliance Fran\u00e7aise de Lyon\"},\"image\":{\"@id\":\"https:\/\/www.aflyon.org\/en\/#\/schema\/logo\/image\/\"}}]}<\/script>\n<!-- \/ Yoast SEO plugin. -->","yoast_head_json":{"title":"The Paris\u2013Lyon Escape: a dual stay in France","description":"Experience an unforgettable language journey between Paris and Lyon, combining French classes with immersion in French culture, from Montmartre to gastronomy.","robots":{"index":"index","follow":"follow","max-snippet":"max-snippet:-1","max-image-preview":"max-image-preview:large","max-video-preview":"max-video-preview:-1"},"canonical":"https:\/\/www.aflyon.org\/en\/produit\/the-paris-lyon-escape\/","og_locale":"en_US","og_type":"article","og_title":"The Paris\u2013Lyon Escape: a dual stay in France","og_description":"Experience an unforgettable language journey between Paris and Lyon, combining French classes with immersion in French culture, from Montmartre to gastronomy.","og_url":"https:\/\/www.aflyon.org\/en\/produit\/the-paris-lyon-escape\/","og_site_name":"Alliance Fran\u00e7aise de Lyon","article_modified_time":"2026-05-13T17:40:37+00:00","og_image":[{"width":1024,"height":576,"url":"https:\/\/www.aflyon.org\/app\/uploads\/2026\/05\/Destinations-signature-1-1024x576.png","type":"image\/png"}],"twitter_card":"summary_large_image","twitter_misc":{"Est. reading time":"4 minutes"},"schema":{"@context":"https:\/\/schema.org","@graph":[{"@type":"WebPage","@id":"https:\/\/www.aflyon.org\/en\/produit\/the-paris-lyon-escape\/","url":"https:\/\/www.aflyon.org\/en\/produit\/the-paris-lyon-escape\/","name":"The Paris\u2013Lyon Escape: a dual stay in France","isPartOf":{"@id":"https:\/\/www.aflyon.org\/en\/#website"},"primaryImageOfPage":{"@id":"https:\/\/www.aflyon.org\/en\/produit\/the-paris-lyon-escape\/#primaryimage"},"image":{"@id":"https:\/\/www.aflyon.org\/en\/produit\/the-paris-lyon-escape\/#primaryimage"},"thumbnailUrl":"https:\/\/www.aflyon.org\/app\/uploads\/2026\/05\/Destinations-signature-1.png","datePublished":"2026-05-13T16:17:19+00:00","dateModified":"2026-05-13T17:40:37+00:00","description":"Experience an unforgettable language journey between Paris and Lyon, combining French classes with immersion in French culture, from Montmartre to gastronomy.","breadcrumb":{"@id":"https:\/\/www.aflyon.org\/en\/produit\/the-paris-lyon-escape\/#breadcrumb"},"inLanguage":"en-US","potentialAction":[{"@type":"ReadAction","target":["https:\/\/www.aflyon.org\/en\/produit\/the-paris-lyon-escape\/"]}]},{"@type":"ImageObject","inLanguage":"en-US","@id":"https:\/\/www.aflyon.org\/en\/produit\/the-paris-lyon-escape\/#primaryimage","url":"https:\/\/www.aflyon.org\/app\/uploads\/2026\/05\/Destinations-signature-1.png","contentUrl":"https:\/\/www.aflyon.org\/app\/uploads\/2026\/05\/Destinations-signature-1.png","width":1920,"height":1080,"caption":"L'\u00e9chapp\u00e9e Paris-Lyon - double s\u00e9jour en France"},{"@type":"BreadcrumbList","@id":"https:\/\/www.aflyon.org\/en\/produit\/the-paris-lyon-escape\/#breadcrumb","itemListElement":[{"@type":"ListItem","position":1,"name":"Home","item":"https:\/\/www.aflyon.org\/en\/"},{"@type":"ListItem","position":2,"name":"Boutique","item":"https:\/\/www.aflyon.org\/boutique\/"},{"@type":"ListItem","position":3,"name":"The Paris\u2013Lyon Escape"}]},{"@type":"WebSite","@id":"https:\/\/www.aflyon.org\/en\/#website","url":"https:\/\/www.aflyon.org\/en\/","name":"Alliance Fran\u00e7aise de Lyon","description":"","publisher":{"@id":"https:\/\/www.aflyon.org\/en\/#organization"},"potentialAction":[{"@type":"SearchAction","target":{"@type":"EntryPoint","urlTemplate":"https:\/\/www.aflyon.org\/en\/?s={search_term_string}"},"query-input":{"@type":"PropertyValueSpecification","valueRequired":true,"valueName":"search_term_string"}}],"inLanguage":"en-US"},{"@type":"Organization","@id":"https:\/\/www.aflyon.org\/en\/#organization","name":"Alliance Fran\u00e7aise de Lyon","url":"https:\/\/www.aflyon.org\/en\/","logo":{"@type":"ImageObject","inLanguage":"en-US","@id":"https:\/\/www.aflyon.org\/en\/#\/schema\/logo\/image\/","url":"https:\/\/www.aflyon.org\/app\/uploads\/2026\/01\/cropped-image001.png","contentUrl":"https:\/\/www.aflyon.org\/app\/uploads\/2026\/01\/cropped-image001.png","width":759,"height":513,"caption":"Alliance Fran\u00e7aise de Lyon"},"image":{"@id":"https:\/\/www.aflyon.org\/en\/#\/schema\/logo\/image\/"}}]}},"_links":{"self":[{"href":"https:\/\/www.aflyon.org\/en\/wp-json\/wp\/v2\/product\/82763","targetHints":{"allow":["GET"]}}],"collection":[{"href":"https:\/\/www.aflyon.org\/en\/wp-json\/wp\/v2\/product"}],"about":[{"href":"https:\/\/www.aflyon.org\/en\/wp-json\/wp\/v2\/types\/product"}],"wp:featuredmedia":[{"embeddable":true,"href":"https:\/\/www.aflyon.org\/en\/wp-json\/wp\/v2\/media\/82777"}],"wp:attachment":[{"href":"https:\/\/www.aflyon.org\/en\/wp-json\/wp\/v2\/media?parent=82763"}],"wp:term":[{"taxonomy":"product_brand","embeddable":true,"href":"https:\/\/www.aflyon.org\/en\/wp-json\/wp\/v2\/product_brand?post=82763"},{"taxonomy":"product_cat","embeddable":true,"href":"https:\/\/www.aflyon.org\/en\/wp-json\/wp\/v2\/product_cat?post=82763"},{"taxonomy":"product_tag","embeddable":true,"href":"https:\/\/www.aflyon.org\/en\/wp-json\/wp\/v2\/product_tag?post=82763"}],"curies":[{"name":"wp","href":"https:\/\/api.w.org\/{rel}","templated":true}]}}