{"id":3634,"date":"2025-12-04T11:25:56","date_gmt":"2025-12-04T10:25:56","guid":{"rendered":"https:\/\/www.aflyon.org\/produit\/tcf-irn-paper\/"},"modified":"2025-12-04T11:25:56","modified_gmt":"2025-12-04T10:25:56","slug":"tcf-irn-paper","status":"publish","type":"product","link":"https:\/\/www.aflyon.org\/en\/produit\/tcf-irn-paper\/","title":{"rendered":"TCF IRN paper"},"content":{"rendered":"<p>The<strong> Test de Connaissance du Fran\u00e7ais pour l\u2019Int\u00e9gration, la R\u00e9sidence et la Nationalit\u00e9 (TCF IRN)<\/strong> is an official test administered by<strong> France \u00c9ducation International.<\/strong> It assesses the <strong>language skills<\/strong> necessary to live, work, and integrate in France. <\/p>\n<p>The <strong>TCF IRN <\/strong>allows you to <strong>certify your level of French<\/strong> in the following contexts:<\/p>\n<ul>\n<li>of the <strong>citizenship process<\/strong> (OFII),<\/li>\n<li>an <strong>application for a residence permit,<\/strong><\/li>\n<li>d\u2019une <strong>demande de nationalit\u00e9 fran\u00e7aise<\/strong>.<\/li>\n<\/ul>\n<p>Ce test est <strong>valable 2 ans<\/strong> et reconnu par le <strong>Minist\u00e8re Fran\u00e7ais de l\u2019Int\u00e9rieur<\/strong>.<\/p>\n<table style=\"height: 200px;\" width=\"521\" cellspacing=\"0\" cellpadding=\"7\">\n<tbody>\n<tr valign=\"top\">\n<td width=\"226\" height=\"2\">\n<p align=\"center\"><b>Objective<\/b><\/p>\n<\/td>\n<td width=\"210\">\n<p align=\"center\"><b>Required level<\/b><\/p>\n<\/td>\n<\/tr>\n<tr>\n<td width=\"226\" height=\"2\">\n<p align=\"center\">OFII citizenship course<\/p>\n<\/td>\n<td width=\"210\">\n<p align=\"center\">A1<\/p>\n<\/td>\n<\/tr>\n<tr>\n<td width=\"226\" height=\"2\">\n<p align=\"center\">Resident card<\/p>\n<\/td>\n<td width=\"210\">\n<p align=\"center\">B1<\/p>\n<\/td>\n<\/tr>\n<tr>\n<td width=\"226\" height=\"2\">\n<p align=\"center\">French nationality<\/p>\n<\/td>\n<td width=\"210\">\n<p align=\"center\">B2<\/p>\n<\/td>\n<\/tr>\n<\/tbody>\n<\/table>\n<p>&nbsp;<\/p>\n<p>Prerequisite: minimum interval of 30 days between two TCF sessions.<\/p>\n","protected":false},"excerpt":{"rendered":"<p>The Test de Connaissance du Fran\u00e7ais pour l\u2019Int\u00e9gration, la R\u00e9sidence et la Nationalit\u00e9 (TCF IRN) is an official test administered by France \u00c9ducation International. It assesses the language skills necessary to live, work, and integrate in France. The TCF IRN allows you to certify your level of French in the following contexts: of the citizenship [&hellip;]<\/p>\n","protected":false},"featured_media":382,"template":"","meta":{"_acf_changed":false},"product_brand":[],"product_cat":[20],"product_tag":[],"class_list":{"0":"post-3634","1":"product","2":"type-product","3":"status-publish","4":"has-post-thumbnail","6":"product_cat-non-categorise","8":"first","9":"instock","10":"sold-individually","11":"shipping-taxable","12":"purchasable","13":"product-type-variable"},"acf":[],"yoast_head":"<!-- This site is optimized with the Yoast SEO plugin v26.7 - https:\/\/yoast.com\/wordpress\/plugins\/seo\/ -->\n<title>TCF IRN paper - Alliance Fran\u00e7aise de Lyon<\/title>\n<meta name=\"robots\" content=\"index, follow, max-snippet:-1, max-image-preview:large, max-video-preview:-1\" \/>\n<link rel=\"canonical\" href=\"https:\/\/www.aflyon.org\/en\/produit\/tcf-irn-paper\/\" \/>\n<meta property=\"og:locale\" content=\"en_US\" \/>\n<meta property=\"og:type\" content=\"article\" \/>\n<meta property=\"og:title\" content=\"TCF IRN paper - Alliance Fran\u00e7aise de Lyon\" \/>\n<meta property=\"og:description\" content=\"The Test de Connaissance du Fran\u00e7ais pour l\u2019Int\u00e9gration, la R\u00e9sidence et la Nationalit\u00e9 (TCF IRN) is an official test administered by France \u00c9ducation International. It assesses the language skills necessary to live, work, and integrate in France. The TCF IRN allows you to certify your level of French in the following contexts: of the citizenship [&hellip;]\" \/>\n<meta property=\"og:url\" content=\"https:\/\/www.aflyon.org\/en\/produit\/tcf-irn-paper\/\" \/>\n<meta property=\"og:site_name\" content=\"Alliance Fran\u00e7aise de Lyon\" \/>\n<meta property=\"og:image\" content=\"https:\/\/www.aflyon.org\/app\/uploads\/2025\/12\/AdobeStock_369624502-1200x400@2x.jpg\" \/>\n\t<meta property=\"og:image:width\" content=\"1304\" \/>\n\t<meta property=\"og:image:height\" content=\"1112\" \/>\n\t<meta property=\"og:image:type\" content=\"image\/jpeg\" \/>\n<meta name=\"twitter:card\" content=\"summary_large_image\" \/>\n<meta name=\"twitter:label1\" content=\"Est. reading time\" \/>\n\t<meta name=\"twitter:data1\" content=\"1 minute\" \/>\n<script type=\"application\/ld+json\" class=\"yoast-schema-graph\">{\"@context\":\"https:\/\/schema.org\",\"@graph\":[{\"@type\":\"WebPage\",\"@id\":\"https:\/\/www.aflyon.org\/en\/produit\/tcf-irn-paper\/\",\"url\":\"https:\/\/www.aflyon.org\/en\/produit\/tcf-irn-paper\/\",\"name\":\"TCF IRN paper - Alliance Fran\u00e7aise de Lyon\",\"isPartOf\":{\"@id\":\"https:\/\/www.aflyon.org\/en\/#website\"},\"primaryImageOfPage\":{\"@id\":\"https:\/\/www.aflyon.org\/en\/produit\/tcf-irn-paper\/#primaryimage\"},\"image\":{\"@id\":\"https:\/\/www.aflyon.org\/en\/produit\/tcf-irn-paper\/#primaryimage\"},\"thumbnailUrl\":\"https:\/\/www.aflyon.org\/app\/uploads\/2025\/12\/AdobeStock_369624502-1200x400@2x.jpg\",\"datePublished\":\"2025-12-04T10:25:56+00:00\",\"breadcrumb\":{\"@id\":\"https:\/\/www.aflyon.org\/en\/produit\/tcf-irn-paper\/#breadcrumb\"},\"inLanguage\":\"en-US\",\"potentialAction\":[{\"@type\":\"ReadAction\",\"target\":[\"https:\/\/www.aflyon.org\/en\/produit\/tcf-irn-paper\/\"]}]},{\"@type\":\"ImageObject\",\"inLanguage\":\"en-US\",\"@id\":\"https:\/\/www.aflyon.org\/en\/produit\/tcf-irn-paper\/#primaryimage\",\"url\":\"https:\/\/www.aflyon.org\/app\/uploads\/2025\/12\/AdobeStock_369624502-1200x400@2x.jpg\",\"contentUrl\":\"https:\/\/www.aflyon.org\/app\/uploads\/2025\/12\/AdobeStock_369624502-1200x400@2x.jpg\",\"width\":1304,\"height\":1112},{\"@type\":\"BreadcrumbList\",\"@id\":\"https:\/\/www.aflyon.org\/en\/produit\/tcf-irn-paper\/#breadcrumb\",\"itemListElement\":[{\"@type\":\"ListItem\",\"position\":1,\"name\":\"Home\",\"item\":\"https:\/\/www.aflyon.org\/en\/\"},{\"@type\":\"ListItem\",\"position\":2,\"name\":\"Boutique\",\"item\":\"https:\/\/www.aflyon.org\/boutique\/\"},{\"@type\":\"ListItem\",\"position\":3,\"name\":\"TCF IRN paper\"}]},{\"@type\":\"WebSite\",\"@id\":\"https:\/\/www.aflyon.org\/en\/#website\",\"url\":\"https:\/\/www.aflyon.org\/en\/\",\"name\":\"Alliance Fran\u00e7aise de Lyon\",\"description\":\"\",\"potentialAction\":[{\"@type\":\"SearchAction\",\"target\":{\"@type\":\"EntryPoint\",\"urlTemplate\":\"https:\/\/www.aflyon.org\/en\/?s={search_term_string}\"},\"query-input\":{\"@type\":\"PropertyValueSpecification\",\"valueRequired\":true,\"valueName\":\"search_term_string\"}}],\"inLanguage\":\"en-US\"}]}<\/script>\n<!-- \/ Yoast SEO plugin. -->","yoast_head_json":{"title":"TCF IRN paper - Alliance Fran\u00e7aise de Lyon","robots":{"index":"index","follow":"follow","max-snippet":"max-snippet:-1","max-image-preview":"max-image-preview:large","max-video-preview":"max-video-preview:-1"},"canonical":"https:\/\/www.aflyon.org\/en\/produit\/tcf-irn-paper\/","og_locale":"en_US","og_type":"article","og_title":"TCF IRN paper - Alliance Fran\u00e7aise de Lyon","og_description":"The Test de Connaissance du Fran\u00e7ais pour l\u2019Int\u00e9gration, la R\u00e9sidence et la Nationalit\u00e9 (TCF IRN) is an official test administered by France \u00c9ducation International. It assesses the language skills necessary to live, work, and integrate in France. The TCF IRN allows you to certify your level of French in the following contexts: of the citizenship [&hellip;]","og_url":"https:\/\/www.aflyon.org\/en\/produit\/tcf-irn-paper\/","og_site_name":"Alliance Fran\u00e7aise de Lyon","og_image":[{"width":1304,"height":1112,"url":"https:\/\/www.aflyon.org\/app\/uploads\/2025\/12\/AdobeStock_369624502-1200x400@2x.jpg","type":"image\/jpeg"}],"twitter_card":"summary_large_image","twitter_misc":{"Est. reading time":"1 minute"},"schema":{"@context":"https:\/\/schema.org","@graph":[{"@type":"WebPage","@id":"https:\/\/www.aflyon.org\/en\/produit\/tcf-irn-paper\/","url":"https:\/\/www.aflyon.org\/en\/produit\/tcf-irn-paper\/","name":"TCF IRN paper - Alliance Fran\u00e7aise de Lyon","isPartOf":{"@id":"https:\/\/www.aflyon.org\/en\/#website"},"primaryImageOfPage":{"@id":"https:\/\/www.aflyon.org\/en\/produit\/tcf-irn-paper\/#primaryimage"},"image":{"@id":"https:\/\/www.aflyon.org\/en\/produit\/tcf-irn-paper\/#primaryimage"},"thumbnailUrl":"https:\/\/www.aflyon.org\/app\/uploads\/2025\/12\/AdobeStock_369624502-1200x400@2x.jpg","datePublished":"2025-12-04T10:25:56+00:00","breadcrumb":{"@id":"https:\/\/www.aflyon.org\/en\/produit\/tcf-irn-paper\/#breadcrumb"},"inLanguage":"en-US","potentialAction":[{"@type":"ReadAction","target":["https:\/\/www.aflyon.org\/en\/produit\/tcf-irn-paper\/"]}]},{"@type":"ImageObject","inLanguage":"en-US","@id":"https:\/\/www.aflyon.org\/en\/produit\/tcf-irn-paper\/#primaryimage","url":"https:\/\/www.aflyon.org\/app\/uploads\/2025\/12\/AdobeStock_369624502-1200x400@2x.jpg","contentUrl":"https:\/\/www.aflyon.org\/app\/uploads\/2025\/12\/AdobeStock_369624502-1200x400@2x.jpg","width":1304,"height":1112},{"@type":"BreadcrumbList","@id":"https:\/\/www.aflyon.org\/en\/produit\/tcf-irn-paper\/#breadcrumb","itemListElement":[{"@type":"ListItem","position":1,"name":"Home","item":"https:\/\/www.aflyon.org\/en\/"},{"@type":"ListItem","position":2,"name":"Boutique","item":"https:\/\/www.aflyon.org\/boutique\/"},{"@type":"ListItem","position":3,"name":"TCF IRN paper"}]},{"@type":"WebSite","@id":"https:\/\/www.aflyon.org\/en\/#website","url":"https:\/\/www.aflyon.org\/en\/","name":"Alliance Fran\u00e7aise de Lyon","description":"","potentialAction":[{"@type":"SearchAction","target":{"@type":"EntryPoint","urlTemplate":"https:\/\/www.aflyon.org\/en\/?s={search_term_string}"},"query-input":{"@type":"PropertyValueSpecification","valueRequired":true,"valueName":"search_term_string"}}],"inLanguage":"en-US"}]}},"_links":{"self":[{"href":"https:\/\/www.aflyon.org\/en\/wp-json\/wp\/v2\/product\/3634","targetHints":{"allow":["GET"]}}],"collection":[{"href":"https:\/\/www.aflyon.org\/en\/wp-json\/wp\/v2\/product"}],"about":[{"href":"https:\/\/www.aflyon.org\/en\/wp-json\/wp\/v2\/types\/product"}],"wp:featuredmedia":[{"embeddable":true,"href":"https:\/\/www.aflyon.org\/en\/wp-json\/wp\/v2\/media\/382"}],"wp:attachment":[{"href":"https:\/\/www.aflyon.org\/en\/wp-json\/wp\/v2\/media?parent=3634"}],"wp:term":[{"taxonomy":"product_brand","embeddable":true,"href":"https:\/\/www.aflyon.org\/en\/wp-json\/wp\/v2\/product_brand?post=3634"},{"taxonomy":"product_cat","embeddable":true,"href":"https:\/\/www.aflyon.org\/en\/wp-json\/wp\/v2\/product_cat?post=3634"},{"taxonomy":"product_tag","embeddable":true,"href":"https:\/\/www.aflyon.org\/en\/wp-json\/wp\/v2\/product_tag?post=3634"}],"curies":[{"name":"wp","href":"https:\/\/api.w.org\/{rel}","templated":true}]}}