{"id":2417,"date":"2026-01-16T13:02:48","date_gmt":"2026-01-16T12:02:48","guid":{"rendered":"https:\/\/www.aflyon.org\/?post_type=product&#038;p=2417"},"modified":"2026-04-07T08:33:34","modified_gmt":"2026-04-07T06:33:34","slug":"delf-a1-exam-copie-copie-copie-copie-copie-copie-copie-copie-copie","status":"publish","type":"product","link":"https:\/\/www.aflyon.org\/en\/produit\/delf-a1-exam-copie-copie-copie-copie-copie-copie-copie-copie-copie\/","title":{"rendered":"DAEFLE exam &#8211; \u00c9voluer dans son milieu professionnel"},"content":{"rendered":"<p>The <strong>DAEFLE <\/strong>(Dipl\u00f4me d\u2019Aptitude \u00e0 l\u2019Enseignement du Fran\u00e7ais Langue \u00c9trang\u00e8re)\u00a0is a professional certification offered by the <strong>Alliance Fran\u00e7aise<\/strong> in Paris and the <strong>CNED<\/strong>.<\/p>\n<p>The \u201c<strong>\u00c9voluer dans son milieu professionnel<\/strong>\u201d test assesses the candidate&#8217;s ability to <strong>adapt and progress in their professional environment<\/strong>, while putting the skills learned in the DAEFLE program into practice.<\/p>\n<p>This exam is intended for individuals who have met the prerequisites for the DAEFLE training program:<\/p>\n<ul>\n<li>Have passed the <strong>DAEFLE training entrance exam<\/strong><\/li>\n<li>Have <strong>completed the CNED training course<\/strong> and obtained at least <strong>20 points out of 55<\/strong> in the <strong>continuous assessment.<\/strong><\/li>\n<\/ul>\n","protected":false},"excerpt":{"rendered":"<p>Enroll in DAEFLE &#8211; Advance in your professional field<\/p>\n","protected":false},"featured_media":3355,"template":"","meta":{"_acf_changed":false},"product_brand":[],"product_cat":[131,157],"product_tag":[],"class_list":{"0":"post-2417","1":"product","2":"type-product","3":"status-publish","4":"has-post-thumbnail","6":"product_cat-exam","7":"product_cat-daefle-exam","9":"first","10":"instock","11":"sold-individually","12":"shipping-taxable","13":"purchasable","14":"product-type-variable"},"acf":[],"yoast_head":"<!-- This site is optimized with the Yoast SEO plugin v26.7 - https:\/\/yoast.com\/wordpress\/plugins\/seo\/ -->\n<title>DAEFLE exam - \u00c9voluer dans son milieu professionnel - Alliance Fran\u00e7aise de Lyon<\/title>\n<meta name=\"description\" content=\"Prepare for the DAEFLE with the \u201cEvolving in your professional environment\u201d test. Test your skills and adapt to your work environment.\" \/>\n<meta name=\"robots\" content=\"index, follow, max-snippet:-1, max-image-preview:large, max-video-preview:-1\" \/>\n<link rel=\"canonical\" href=\"https:\/\/www.aflyon.org\/en\/produit\/delf-a1-exam-copie-copie-copie-copie-copie-copie-copie-copie-copie\/\" \/>\n<meta property=\"og:locale\" content=\"en_US\" \/>\n<meta property=\"og:type\" content=\"article\" \/>\n<meta property=\"og:title\" content=\"DAEFLE exam - \u00c9voluer dans son milieu professionnel - Alliance Fran\u00e7aise de Lyon\" \/>\n<meta property=\"og:description\" content=\"Prepare for the DAEFLE with the \u201cEvolving in your professional environment\u201d test. Test your skills and adapt to your work environment.\" \/>\n<meta property=\"og:url\" content=\"https:\/\/www.aflyon.org\/en\/produit\/delf-a1-exam-copie-copie-copie-copie-copie-copie-copie-copie-copie\/\" \/>\n<meta property=\"og:site_name\" content=\"Alliance Fran\u00e7aise de Lyon\" \/>\n<meta property=\"article:modified_time\" content=\"2026-04-07T06:33:34+00:00\" \/>\n<meta property=\"og:image\" content=\"https:\/\/www.aflyon.org\/app\/uploads\/2026\/01\/daefle_1.png\" \/>\n\t<meta property=\"og:image:width\" content=\"515\" \/>\n\t<meta property=\"og:image:height\" content=\"466\" \/>\n\t<meta property=\"og:image:type\" content=\"image\/png\" \/>\n<meta name=\"twitter:card\" content=\"summary_large_image\" \/>\n<meta name=\"twitter:label1\" content=\"Est. reading time\" \/>\n\t<meta name=\"twitter:data1\" content=\"3 minutes\" \/>\n<script type=\"application\/ld+json\" class=\"yoast-schema-graph\">{\"@context\":\"https:\/\/schema.org\",\"@graph\":[{\"@type\":\"WebPage\",\"@id\":\"https:\/\/www.aflyon.org\/en\/produit\/delf-a1-exam-copie-copie-copie-copie-copie-copie-copie-copie-copie\/\",\"url\":\"https:\/\/www.aflyon.org\/en\/produit\/delf-a1-exam-copie-copie-copie-copie-copie-copie-copie-copie-copie\/\",\"name\":\"DAEFLE exam - \u00c9voluer dans son milieu professionnel - Alliance Fran\u00e7aise de Lyon\",\"isPartOf\":{\"@id\":\"https:\/\/www.aflyon.org\/en\/#website\"},\"primaryImageOfPage\":{\"@id\":\"https:\/\/www.aflyon.org\/en\/produit\/delf-a1-exam-copie-copie-copie-copie-copie-copie-copie-copie-copie\/#primaryimage\"},\"image\":{\"@id\":\"https:\/\/www.aflyon.org\/en\/produit\/delf-a1-exam-copie-copie-copie-copie-copie-copie-copie-copie-copie\/#primaryimage\"},\"thumbnailUrl\":\"https:\/\/www.aflyon.org\/app\/uploads\/2026\/01\/daefle_1.png\",\"datePublished\":\"2026-01-16T12:02:48+00:00\",\"dateModified\":\"2026-04-07T06:33:34+00:00\",\"description\":\"Prepare for the DAEFLE with the \u201cEvolving in your professional environment\u201d test. Test your skills and adapt to your work environment.\",\"breadcrumb\":{\"@id\":\"https:\/\/www.aflyon.org\/en\/produit\/delf-a1-exam-copie-copie-copie-copie-copie-copie-copie-copie-copie\/#breadcrumb\"},\"inLanguage\":\"en-US\",\"potentialAction\":[{\"@type\":\"ReadAction\",\"target\":[\"https:\/\/www.aflyon.org\/en\/produit\/delf-a1-exam-copie-copie-copie-copie-copie-copie-copie-copie-copie\/\"]}]},{\"@type\":\"ImageObject\",\"inLanguage\":\"en-US\",\"@id\":\"https:\/\/www.aflyon.org\/en\/produit\/delf-a1-exam-copie-copie-copie-copie-copie-copie-copie-copie-copie\/#primaryimage\",\"url\":\"https:\/\/www.aflyon.org\/app\/uploads\/2026\/01\/daefle_1.png\",\"contentUrl\":\"https:\/\/www.aflyon.org\/app\/uploads\/2026\/01\/daefle_1.png\",\"width\":515,\"height\":466},{\"@type\":\"BreadcrumbList\",\"@id\":\"https:\/\/www.aflyon.org\/en\/produit\/delf-a1-exam-copie-copie-copie-copie-copie-copie-copie-copie-copie\/#breadcrumb\",\"itemListElement\":[{\"@type\":\"ListItem\",\"position\":1,\"name\":\"Home\",\"item\":\"https:\/\/www.aflyon.org\/en\/\"},{\"@type\":\"ListItem\",\"position\":2,\"name\":\"Boutique\",\"item\":\"https:\/\/www.aflyon.org\/boutique\/\"},{\"@type\":\"ListItem\",\"position\":3,\"name\":\"DAEFLE exam &#8211; \u00c9voluer dans son milieu professionnel\"}]},{\"@type\":\"WebSite\",\"@id\":\"https:\/\/www.aflyon.org\/en\/#website\",\"url\":\"https:\/\/www.aflyon.org\/en\/\",\"name\":\"Alliance Fran\u00e7aise de Lyon\",\"description\":\"\",\"potentialAction\":[{\"@type\":\"SearchAction\",\"target\":{\"@type\":\"EntryPoint\",\"urlTemplate\":\"https:\/\/www.aflyon.org\/en\/?s={search_term_string}\"},\"query-input\":{\"@type\":\"PropertyValueSpecification\",\"valueRequired\":true,\"valueName\":\"search_term_string\"}}],\"inLanguage\":\"en-US\"}]}<\/script>\n<!-- \/ Yoast SEO plugin. -->","yoast_head_json":{"title":"DAEFLE exam - \u00c9voluer dans son milieu professionnel - Alliance Fran\u00e7aise de Lyon","description":"Prepare for the DAEFLE with the \u201cEvolving in your professional environment\u201d test. Test your skills and adapt to your work environment.","robots":{"index":"index","follow":"follow","max-snippet":"max-snippet:-1","max-image-preview":"max-image-preview:large","max-video-preview":"max-video-preview:-1"},"canonical":"https:\/\/www.aflyon.org\/en\/produit\/delf-a1-exam-copie-copie-copie-copie-copie-copie-copie-copie-copie\/","og_locale":"en_US","og_type":"article","og_title":"DAEFLE exam - \u00c9voluer dans son milieu professionnel - Alliance Fran\u00e7aise de Lyon","og_description":"Prepare for the DAEFLE with the \u201cEvolving in your professional environment\u201d test. Test your skills and adapt to your work environment.","og_url":"https:\/\/www.aflyon.org\/en\/produit\/delf-a1-exam-copie-copie-copie-copie-copie-copie-copie-copie-copie\/","og_site_name":"Alliance Fran\u00e7aise de Lyon","article_modified_time":"2026-04-07T06:33:34+00:00","og_image":[{"width":515,"height":466,"url":"https:\/\/www.aflyon.org\/app\/uploads\/2026\/01\/daefle_1.png","type":"image\/png"}],"twitter_card":"summary_large_image","twitter_misc":{"Est. reading time":"3 minutes"},"schema":{"@context":"https:\/\/schema.org","@graph":[{"@type":"WebPage","@id":"https:\/\/www.aflyon.org\/en\/produit\/delf-a1-exam-copie-copie-copie-copie-copie-copie-copie-copie-copie\/","url":"https:\/\/www.aflyon.org\/en\/produit\/delf-a1-exam-copie-copie-copie-copie-copie-copie-copie-copie-copie\/","name":"DAEFLE exam - \u00c9voluer dans son milieu professionnel - Alliance Fran\u00e7aise de Lyon","isPartOf":{"@id":"https:\/\/www.aflyon.org\/en\/#website"},"primaryImageOfPage":{"@id":"https:\/\/www.aflyon.org\/en\/produit\/delf-a1-exam-copie-copie-copie-copie-copie-copie-copie-copie-copie\/#primaryimage"},"image":{"@id":"https:\/\/www.aflyon.org\/en\/produit\/delf-a1-exam-copie-copie-copie-copie-copie-copie-copie-copie-copie\/#primaryimage"},"thumbnailUrl":"https:\/\/www.aflyon.org\/app\/uploads\/2026\/01\/daefle_1.png","datePublished":"2026-01-16T12:02:48+00:00","dateModified":"2026-04-07T06:33:34+00:00","description":"Prepare for the DAEFLE with the \u201cEvolving in your professional environment\u201d test. Test your skills and adapt to your work environment.","breadcrumb":{"@id":"https:\/\/www.aflyon.org\/en\/produit\/delf-a1-exam-copie-copie-copie-copie-copie-copie-copie-copie-copie\/#breadcrumb"},"inLanguage":"en-US","potentialAction":[{"@type":"ReadAction","target":["https:\/\/www.aflyon.org\/en\/produit\/delf-a1-exam-copie-copie-copie-copie-copie-copie-copie-copie-copie\/"]}]},{"@type":"ImageObject","inLanguage":"en-US","@id":"https:\/\/www.aflyon.org\/en\/produit\/delf-a1-exam-copie-copie-copie-copie-copie-copie-copie-copie-copie\/#primaryimage","url":"https:\/\/www.aflyon.org\/app\/uploads\/2026\/01\/daefle_1.png","contentUrl":"https:\/\/www.aflyon.org\/app\/uploads\/2026\/01\/daefle_1.png","width":515,"height":466},{"@type":"BreadcrumbList","@id":"https:\/\/www.aflyon.org\/en\/produit\/delf-a1-exam-copie-copie-copie-copie-copie-copie-copie-copie-copie\/#breadcrumb","itemListElement":[{"@type":"ListItem","position":1,"name":"Home","item":"https:\/\/www.aflyon.org\/en\/"},{"@type":"ListItem","position":2,"name":"Boutique","item":"https:\/\/www.aflyon.org\/boutique\/"},{"@type":"ListItem","position":3,"name":"DAEFLE exam &#8211; \u00c9voluer dans son milieu professionnel"}]},{"@type":"WebSite","@id":"https:\/\/www.aflyon.org\/en\/#website","url":"https:\/\/www.aflyon.org\/en\/","name":"Alliance Fran\u00e7aise de Lyon","description":"","potentialAction":[{"@type":"SearchAction","target":{"@type":"EntryPoint","urlTemplate":"https:\/\/www.aflyon.org\/en\/?s={search_term_string}"},"query-input":{"@type":"PropertyValueSpecification","valueRequired":true,"valueName":"search_term_string"}}],"inLanguage":"en-US"}]}},"_links":{"self":[{"href":"https:\/\/www.aflyon.org\/en\/wp-json\/wp\/v2\/product\/2417","targetHints":{"allow":["GET"]}}],"collection":[{"href":"https:\/\/www.aflyon.org\/en\/wp-json\/wp\/v2\/product"}],"about":[{"href":"https:\/\/www.aflyon.org\/en\/wp-json\/wp\/v2\/types\/product"}],"wp:featuredmedia":[{"embeddable":true,"href":"https:\/\/www.aflyon.org\/en\/wp-json\/wp\/v2\/media\/3355"}],"wp:attachment":[{"href":"https:\/\/www.aflyon.org\/en\/wp-json\/wp\/v2\/media?parent=2417"}],"wp:term":[{"taxonomy":"product_brand","embeddable":true,"href":"https:\/\/www.aflyon.org\/en\/wp-json\/wp\/v2\/product_brand?post=2417"},{"taxonomy":"product_cat","embeddable":true,"href":"https:\/\/www.aflyon.org\/en\/wp-json\/wp\/v2\/product_cat?post=2417"},{"taxonomy":"product_tag","embeddable":true,"href":"https:\/\/www.aflyon.org\/en\/wp-json\/wp\/v2\/product_tag?post=2417"}],"curies":[{"name":"wp","href":"https:\/\/api.w.org\/{rel}","templated":true}]}}