{"id":2372,"date":"2026-01-16T12:01:03","date_gmt":"2026-01-16T11:01:03","guid":{"rendered":"https:\/\/www.aflyon.org\/?post_type=product&#038;p=2372"},"modified":"2026-03-25T10:45:21","modified_gmt":"2026-03-25T09:45:21","slug":"delf-a1-exam-copie-copie-copie-copie-copie-copie","status":"publish","type":"product","link":"https:\/\/www.aflyon.org\/en\/produit\/delf-a1-exam-copie-copie-copie-copie-copie-copie\/","title":{"rendered":"TCF TP Exam &#8211; Tout Public"},"content":{"rendered":"<p>The <strong>TCF Tout Public (TCF TP)<\/strong> is an <strong>official test from France \u00c9ducation International<\/strong>.<br \/>\nIt allows you to assess and <strong>certify your level of French<\/strong> for <strong>academic, professional,<\/strong> or <strong>personal<\/strong> reasons.<\/p>\n<p>The <strong>TCF Tout Public<\/strong> is intended for anyone <strong>over the age of 16<\/strong>, regardless of their initial level of French.<\/p>\n<p>This test is valid for <strong>two years<\/strong> and is recognized by many French and international institutions.<\/p>\n<p>The <strong>TCF Tout Public<\/strong> is conducted on computers at the <strong>Alliance Fran\u00e7aise in Lyon<\/strong>, in rooms that are equipped and comply with official standards.<\/p>\n<p><strong>Prerequisite<\/strong>: minimum interval of <strong>20 days <\/strong>between two TCF sessions<\/p>\n","protected":false},"excerpt":{"rendered":"<p>Register for the TCF for all ages<\/p>\n","protected":false},"featured_media":59359,"template":"","meta":{"_acf_changed":false},"product_brand":[],"product_cat":[131,160],"product_tag":[],"class_list":{"0":"post-2372","1":"product","2":"type-product","3":"status-publish","4":"has-post-thumbnail","6":"product_cat-exam","7":"product_cat-tcf-exam","9":"first","10":"instock","11":"sold-individually","12":"shipping-taxable","13":"purchasable","14":"product-type-variable"},"acf":[],"yoast_head":"<!-- This site is optimized with the Yoast SEO plugin v26.7 - https:\/\/yoast.com\/wordpress\/plugins\/seo\/ -->\n<title>TCF TP Exam - Tout Public - Alliance Fran\u00e7aise de Lyon<\/title>\n<meta name=\"description\" content=\"\u00c9valuez votre niveau de fran\u00e7ais avec le TCF tout public, un test reconnu par de nombreuses institutions. Inscrivez-vous \u00e0 l&#039;Alliance Fran\u00e7aise de Lyon !\" \/>\n<meta name=\"robots\" content=\"index, follow, max-snippet:-1, max-image-preview:large, max-video-preview:-1\" \/>\n<link rel=\"canonical\" href=\"https:\/\/www.aflyon.org\/en\/produit\/delf-a1-exam-copie-copie-copie-copie-copie-copie\/\" \/>\n<meta property=\"og:locale\" content=\"en_US\" \/>\n<meta property=\"og:type\" content=\"article\" \/>\n<meta property=\"og:title\" content=\"TCF TP Exam - Tout Public - Alliance Fran\u00e7aise de Lyon\" \/>\n<meta property=\"og:description\" content=\"\u00c9valuez votre niveau de fran\u00e7ais avec le TCF tout public, un test reconnu par de nombreuses institutions. Inscrivez-vous \u00e0 l&#039;Alliance Fran\u00e7aise de Lyon !\" \/>\n<meta property=\"og:url\" content=\"https:\/\/www.aflyon.org\/en\/produit\/delf-a1-exam-copie-copie-copie-copie-copie-copie\/\" \/>\n<meta property=\"og:site_name\" content=\"Alliance Fran\u00e7aise de Lyon\" \/>\n<meta property=\"article:modified_time\" content=\"2026-03-25T09:45:21+00:00\" \/>\n<meta property=\"og:image\" content=\"https:\/\/www.aflyon.org\/app\/uploads\/2026\/01\/tcf_tout_public_2-1-1.png\" \/>\n\t<meta property=\"og:image:width\" content=\"515\" \/>\n\t<meta property=\"og:image:height\" content=\"466\" \/>\n\t<meta property=\"og:image:type\" content=\"image\/png\" \/>\n<meta name=\"twitter:card\" content=\"summary_large_image\" \/>\n<meta name=\"twitter:label1\" content=\"Est. reading time\" \/>\n\t<meta name=\"twitter:data1\" content=\"3 minutes\" \/>\n<script type=\"application\/ld+json\" class=\"yoast-schema-graph\">{\"@context\":\"https:\/\/schema.org\",\"@graph\":[{\"@type\":\"WebPage\",\"@id\":\"https:\/\/www.aflyon.org\/en\/produit\/delf-a1-exam-copie-copie-copie-copie-copie-copie\/\",\"url\":\"https:\/\/www.aflyon.org\/en\/produit\/delf-a1-exam-copie-copie-copie-copie-copie-copie\/\",\"name\":\"TCF TP Exam - Tout Public - Alliance Fran\u00e7aise de Lyon\",\"isPartOf\":{\"@id\":\"https:\/\/www.aflyon.org\/en\/#website\"},\"primaryImageOfPage\":{\"@id\":\"https:\/\/www.aflyon.org\/en\/produit\/delf-a1-exam-copie-copie-copie-copie-copie-copie\/#primaryimage\"},\"image\":{\"@id\":\"https:\/\/www.aflyon.org\/en\/produit\/delf-a1-exam-copie-copie-copie-copie-copie-copie\/#primaryimage\"},\"thumbnailUrl\":\"https:\/\/www.aflyon.org\/app\/uploads\/2026\/01\/tcf_tout_public_2-1-1.png\",\"datePublished\":\"2026-01-16T11:01:03+00:00\",\"dateModified\":\"2026-03-25T09:45:21+00:00\",\"description\":\"\u00c9valuez votre niveau de fran\u00e7ais avec le TCF tout public, un test reconnu par de nombreuses institutions. Inscrivez-vous \u00e0 l'Alliance Fran\u00e7aise de Lyon !\",\"breadcrumb\":{\"@id\":\"https:\/\/www.aflyon.org\/en\/produit\/delf-a1-exam-copie-copie-copie-copie-copie-copie\/#breadcrumb\"},\"inLanguage\":\"en-US\",\"potentialAction\":[{\"@type\":\"ReadAction\",\"target\":[\"https:\/\/www.aflyon.org\/en\/produit\/delf-a1-exam-copie-copie-copie-copie-copie-copie\/\"]}]},{\"@type\":\"ImageObject\",\"inLanguage\":\"en-US\",\"@id\":\"https:\/\/www.aflyon.org\/en\/produit\/delf-a1-exam-copie-copie-copie-copie-copie-copie\/#primaryimage\",\"url\":\"https:\/\/www.aflyon.org\/app\/uploads\/2026\/01\/tcf_tout_public_2-1-1.png\",\"contentUrl\":\"https:\/\/www.aflyon.org\/app\/uploads\/2026\/01\/tcf_tout_public_2-1-1.png\",\"width\":515,\"height\":466},{\"@type\":\"BreadcrumbList\",\"@id\":\"https:\/\/www.aflyon.org\/en\/produit\/delf-a1-exam-copie-copie-copie-copie-copie-copie\/#breadcrumb\",\"itemListElement\":[{\"@type\":\"ListItem\",\"position\":1,\"name\":\"Home\",\"item\":\"https:\/\/www.aflyon.org\/en\/\"},{\"@type\":\"ListItem\",\"position\":2,\"name\":\"Boutique\",\"item\":\"https:\/\/www.aflyon.org\/boutique\/\"},{\"@type\":\"ListItem\",\"position\":3,\"name\":\"TCF TP Exam &#8211; Tout Public\"}]},{\"@type\":\"WebSite\",\"@id\":\"https:\/\/www.aflyon.org\/en\/#website\",\"url\":\"https:\/\/www.aflyon.org\/en\/\",\"name\":\"Alliance Fran\u00e7aise de Lyon\",\"description\":\"\",\"potentialAction\":[{\"@type\":\"SearchAction\",\"target\":{\"@type\":\"EntryPoint\",\"urlTemplate\":\"https:\/\/www.aflyon.org\/en\/?s={search_term_string}\"},\"query-input\":{\"@type\":\"PropertyValueSpecification\",\"valueRequired\":true,\"valueName\":\"search_term_string\"}}],\"inLanguage\":\"en-US\"}]}<\/script>\n<!-- \/ Yoast SEO plugin. -->","yoast_head_json":{"title":"TCF TP Exam - Tout Public - Alliance Fran\u00e7aise de Lyon","description":"\u00c9valuez votre niveau de fran\u00e7ais avec le TCF tout public, un test reconnu par de nombreuses institutions. Inscrivez-vous \u00e0 l'Alliance Fran\u00e7aise de Lyon !","robots":{"index":"index","follow":"follow","max-snippet":"max-snippet:-1","max-image-preview":"max-image-preview:large","max-video-preview":"max-video-preview:-1"},"canonical":"https:\/\/www.aflyon.org\/en\/produit\/delf-a1-exam-copie-copie-copie-copie-copie-copie\/","og_locale":"en_US","og_type":"article","og_title":"TCF TP Exam - Tout Public - Alliance Fran\u00e7aise de Lyon","og_description":"\u00c9valuez votre niveau de fran\u00e7ais avec le TCF tout public, un test reconnu par de nombreuses institutions. Inscrivez-vous \u00e0 l'Alliance Fran\u00e7aise de Lyon !","og_url":"https:\/\/www.aflyon.org\/en\/produit\/delf-a1-exam-copie-copie-copie-copie-copie-copie\/","og_site_name":"Alliance Fran\u00e7aise de Lyon","article_modified_time":"2026-03-25T09:45:21+00:00","og_image":[{"width":515,"height":466,"url":"https:\/\/www.aflyon.org\/app\/uploads\/2026\/01\/tcf_tout_public_2-1-1.png","type":"image\/png"}],"twitter_card":"summary_large_image","twitter_misc":{"Est. reading time":"3 minutes"},"schema":{"@context":"https:\/\/schema.org","@graph":[{"@type":"WebPage","@id":"https:\/\/www.aflyon.org\/en\/produit\/delf-a1-exam-copie-copie-copie-copie-copie-copie\/","url":"https:\/\/www.aflyon.org\/en\/produit\/delf-a1-exam-copie-copie-copie-copie-copie-copie\/","name":"TCF TP Exam - Tout Public - Alliance Fran\u00e7aise de Lyon","isPartOf":{"@id":"https:\/\/www.aflyon.org\/en\/#website"},"primaryImageOfPage":{"@id":"https:\/\/www.aflyon.org\/en\/produit\/delf-a1-exam-copie-copie-copie-copie-copie-copie\/#primaryimage"},"image":{"@id":"https:\/\/www.aflyon.org\/en\/produit\/delf-a1-exam-copie-copie-copie-copie-copie-copie\/#primaryimage"},"thumbnailUrl":"https:\/\/www.aflyon.org\/app\/uploads\/2026\/01\/tcf_tout_public_2-1-1.png","datePublished":"2026-01-16T11:01:03+00:00","dateModified":"2026-03-25T09:45:21+00:00","description":"\u00c9valuez votre niveau de fran\u00e7ais avec le TCF tout public, un test reconnu par de nombreuses institutions. Inscrivez-vous \u00e0 l'Alliance Fran\u00e7aise de Lyon !","breadcrumb":{"@id":"https:\/\/www.aflyon.org\/en\/produit\/delf-a1-exam-copie-copie-copie-copie-copie-copie\/#breadcrumb"},"inLanguage":"en-US","potentialAction":[{"@type":"ReadAction","target":["https:\/\/www.aflyon.org\/en\/produit\/delf-a1-exam-copie-copie-copie-copie-copie-copie\/"]}]},{"@type":"ImageObject","inLanguage":"en-US","@id":"https:\/\/www.aflyon.org\/en\/produit\/delf-a1-exam-copie-copie-copie-copie-copie-copie\/#primaryimage","url":"https:\/\/www.aflyon.org\/app\/uploads\/2026\/01\/tcf_tout_public_2-1-1.png","contentUrl":"https:\/\/www.aflyon.org\/app\/uploads\/2026\/01\/tcf_tout_public_2-1-1.png","width":515,"height":466},{"@type":"BreadcrumbList","@id":"https:\/\/www.aflyon.org\/en\/produit\/delf-a1-exam-copie-copie-copie-copie-copie-copie\/#breadcrumb","itemListElement":[{"@type":"ListItem","position":1,"name":"Home","item":"https:\/\/www.aflyon.org\/en\/"},{"@type":"ListItem","position":2,"name":"Boutique","item":"https:\/\/www.aflyon.org\/boutique\/"},{"@type":"ListItem","position":3,"name":"TCF TP Exam &#8211; Tout Public"}]},{"@type":"WebSite","@id":"https:\/\/www.aflyon.org\/en\/#website","url":"https:\/\/www.aflyon.org\/en\/","name":"Alliance Fran\u00e7aise de Lyon","description":"","potentialAction":[{"@type":"SearchAction","target":{"@type":"EntryPoint","urlTemplate":"https:\/\/www.aflyon.org\/en\/?s={search_term_string}"},"query-input":{"@type":"PropertyValueSpecification","valueRequired":true,"valueName":"search_term_string"}}],"inLanguage":"en-US"}]}},"_links":{"self":[{"href":"https:\/\/www.aflyon.org\/en\/wp-json\/wp\/v2\/product\/2372","targetHints":{"allow":["GET"]}}],"collection":[{"href":"https:\/\/www.aflyon.org\/en\/wp-json\/wp\/v2\/product"}],"about":[{"href":"https:\/\/www.aflyon.org\/en\/wp-json\/wp\/v2\/types\/product"}],"wp:featuredmedia":[{"embeddable":true,"href":"https:\/\/www.aflyon.org\/en\/wp-json\/wp\/v2\/media\/59359"}],"wp:attachment":[{"href":"https:\/\/www.aflyon.org\/en\/wp-json\/wp\/v2\/media?parent=2372"}],"wp:term":[{"taxonomy":"product_brand","embeddable":true,"href":"https:\/\/www.aflyon.org\/en\/wp-json\/wp\/v2\/product_brand?post=2372"},{"taxonomy":"product_cat","embeddable":true,"href":"https:\/\/www.aflyon.org\/en\/wp-json\/wp\/v2\/product_cat?post=2372"},{"taxonomy":"product_tag","embeddable":true,"href":"https:\/\/www.aflyon.org\/en\/wp-json\/wp\/v2\/product_tag?post=2372"}],"curies":[{"name":"wp","href":"https:\/\/api.w.org\/{rel}","templated":true}]}}