{"id":3994,"date":"2026-02-20T17:57:10","date_gmt":"2026-02-20T16:57:10","guid":{"rendered":"https:\/\/www.aflyon.org\/?page_id=3994"},"modified":"2026-03-25T13:15:11","modified_gmt":"2026-03-25T12:15:11","slug":"downloadable-documents","status":"publish","type":"page","link":"https:\/\/www.aflyon.org\/en\/downloadable-documents\/","title":{"rendered":"Downloadable Documents"},"content":{"rendered":"<div class=\"classic-introduction\">\n    <div class=\"left-block\">\n        <div class=\"inside-block\">\n            <div class=\"breadcrumbs\">\n                <div id=\"breadcrumbs\" class=\"main-breadcrumbs\"><span><span><a href=\"https:\/\/www.aflyon.org\/en\/\">Home<\/a><\/span><\/span><\/div>\n            <\/div>\n            <h1>Documents to download to help you plan your stay in Lyon<\/h1>\n        <\/div>\n\n    <\/div>\n        <div class=\"right-block image-container\">\n        <img decoding=\"async\" src=\"https:\/\/www.aflyon.org\/app\/uploads\/2026\/02\/Photos-site-1200x800-1.png\" alt=\"\">\n    <\/div>\n    <\/div>\n\n\n<div style=\"height:80px\" aria-hidden=\"true\" class=\"wp-block-spacer\"><\/div>\n\n\n\n<div class=\"wp-block-columns is-layout-flex wp-container-core-columns-is-layout-9d6595d7 wp-block-columns-is-layout-flex\">\n<div class=\"wp-block-column is-layout-flow wp-block-column-is-layout-flow\">\n<p>To facilitate your journey and support you in your administrative steps, we provide several essential documents. <br><br>These resources will help you better understand our training programs, your rights and obligations, as well as the services available to students. Download them and prepare your stay at the Alliance fran\u00e7aise de Lyon with complete peace of mind. <\/p>\n<\/div>\n<\/div>\n\n\n\n<div style=\"height:80px\" aria-hidden=\"true\" class=\"wp-block-spacer\"><\/div>\n\n\n<div class=\"text-media\">\n    <div class=\"content global-width\">\n        <div class=\"text-container\">\n            <h2 class=\"text-media-title\">Presentation Brochure of the Training Center<\/h2>\n            <div class=\"text-rich\"><p data-start=\"690\" data-end=\"782\">Our brochure offers a comprehensive overview of our center and our educational offer:<\/p>\n<ul data-start=\"784\" data-end=\"1155\">\n<li data-start=\"784\" data-end=\"899\">\n<p data-start=\"786\" data-end=\"899\"><strong data-start=\"786\" data-end=\"806\">Courses and exams<\/strong>: discover our French programs for all levels, from beginner to advanced.<\/p>\n<\/li>\n<li data-start=\"900\" data-end=\"995\">\n<p data-start=\"902\" data-end=\"995\"><strong data-start=\"902\" data-end=\"929\">Accommodation and stays<\/strong>: practical information to help you stay comfortably in Lyon.<\/p>\n<\/li>\n<li data-start=\"996\" data-end=\"1155\">\n<p data-start=\"998\" data-end=\"1155\"><strong data-start=\"998\" data-end=\"1036\">Academic calendar and learning pathway<\/strong>: plan your progress and estimate the number of sessions needed to reach your French language goals.<\/p>\n<\/li>\n<\/ul>\n<p data-start=\"1157\" data-end=\"1245\">This document is essential for choosing the training program best suited to your needs.<\/p>\n<\/div>\n                            <div class=\"buttons\">\n                                            <div class=\"button-container\">\n                            <a href=\"https:\/\/www.aflyon.org\/app\/uploads\/2026\/03\/Brochure_AF_Lyon_english_2026.pdf\" target=\"\" class=\"global-button\">\n                                <span>T\u00e9l\u00e9charger<\/span>\n                                <div class=\"icon-block\">\n                                    <img decoding=\"async\" src=\"https:\/\/www.aflyon.org\/app\/themes\/afl\/assets\/images\/red-arrow.png\" alt=\"T\u00e9l\u00e9charger\">\n                                <\/div>\n                            <\/a>\n                        <\/div>\n                                                        <\/div>\n                    <\/div>\n        <div class=\"media-container\">\n                                            <img decoding=\"async\" src=\"https:\/\/www.aflyon.org\/app\/uploads\/2026\/02\/Photos-site-1200x800-1-1.png\" alt=\"mockup brochure AF Lyon 2026\" class=\"main-image\">\n                    <\/div>\n    <\/div>\n<\/div>\n\n\n<div style=\"height:80px\" aria-hidden=\"true\" class=\"wp-block-spacer\"><\/div>\n\n\n<div class=\"rose-window\">\n    <img decoding=\"async\" src=\"https:\/\/www.aflyon.org\/app\/themes\/afl\/assets\/images\/rosace.svg\" alt=\"Rosace d\u00e9corative\" class=\"rose-window-image\">\n<\/div>\n\n<div class=\"text-media\">\n    <div class=\"content global-width image-left\">\n        <div class=\"text-container\">\n            <h2 class=\"text-media-title\">Student Guide<\/h2>\n            <div class=\"text-rich\"><p data-start=\"1313\" data-end=\"1416\">To support your student life in Lyon, our guide contains all the practical information you need:<\/p>\n<ul data-start=\"1418\" data-end=\"1682\">\n<li data-start=\"1418\" data-end=\"1526\">\n<p data-start=\"1420\" data-end=\"1526\"><strong data-start=\"1420\" data-end=\"1456\">Alliance Fran\u00e7aise services<\/strong>: access to the library, cultural workshops, and academic support.<\/p>\n<\/li>\n<li data-start=\"1527\" data-end=\"1682\">\n<p data-start=\"1529\" data-end=\"1682\"><strong data-start=\"1529\" data-end=\"1578\">Services related to your institution in France<\/strong>: student card, health insurance, banking, dining options, medical services, and administrative procedures with public services.<\/p>\n<\/li>\n<\/ul>\n<p data-start=\"1684\" data-end=\"1811\">This guide will help you organize your stay easily and make the most of your learning experience in France.<\/p>\n<\/div>\n                            <div class=\"buttons\">\n                                            <div class=\"button-container\">\n                            <a href=\"https:\/\/www.aflyon.org\/app\/uploads\/2026\/02\/Guide-Pratique-etudiant-AF-Lyon-FR.pdf\" target=\"\" class=\"global-button\">\n                                <span>T\u00e9l\u00e9charger<\/span>\n                                <div class=\"icon-block\">\n                                    <img decoding=\"async\" src=\"https:\/\/www.aflyon.org\/app\/themes\/afl\/assets\/images\/red-arrow.png\" alt=\"T\u00e9l\u00e9charger\">\n                                <\/div>\n                            <\/a>\n                        <\/div>\n                                                        <\/div>\n                    <\/div>\n        <div class=\"media-container\">\n                                            <img decoding=\"async\" src=\"https:\/\/www.aflyon.org\/app\/uploads\/2025\/12\/banniere_site_cours_professeurs_fle_article.png\" alt=\"banniere_site_cours_professeurs_fle_article.png\" class=\"main-image\">\n                    <\/div>\n    <\/div>\n<\/div>\n\n\n<div style=\"height:80px\" aria-hidden=\"true\" class=\"wp-block-spacer\"><\/div>\n\n\n\n<!--more-->\n\n\n\n<div class=\"wp-block-columns is-layout-flex wp-container-core-columns-is-layout-9d6595d7 wp-block-columns-is-layout-flex\">\n<div class=\"wp-block-column is-vertically-aligned-center is-layout-flow wp-block-column-is-layout-flow\">\n<h2 class=\"wp-block-heading has-text-align-center\"><strong>General Terms and Conditions of Sale<\/strong><\/h2>\n\n\n\n<div style=\"height:22px\" aria-hidden=\"true\" class=\"wp-block-spacer\"><\/div>\n\n\n\n<p class=\"has-text-align-center\">Before registering for our courses, it is important to read our general terms and conditions of sale. You will find all the information related to registration, payments, cancellations, and refunds. <\/p>\n\n\n\n<div class=\"wp-block-buttons is-content-justification-center is-layout-flex wp-container-core-buttons-is-layout-16018d1d wp-block-buttons-is-layout-flex\">\n<div class=\"wp-block-button\"><a class=\"wp-block-button__link has-text-align-center wp-element-button\" href=\"https:\/\/www.aflyon.org\/app\/uploads\/2026\/03\/CGV_Individus_AFL_2025-en-GB.pdf\">Download<\/a><\/div>\n<\/div>\n<\/div>\n<\/div>\n\n\n\n<div style=\"height:25px\" aria-hidden=\"true\" class=\"wp-block-spacer\"><\/div>\n\n\n\n<h2 class=\"wp-block-heading has-text-align-center\">Learning Agreement<\/h2>\n\n\n\n<div style=\"height:25px\" aria-hidden=\"true\" class=\"wp-block-spacer\"><\/div>\n\n\n\n<p class=\"has-text-align-center\">Each registration for our programs implies acceptance of the learning agreement. This document formalizes your commitment and details your rights and obligations throughout your academic pathway. <\/p>\n\n\n\n<div class=\"wp-block-buttons is-content-justification-center is-layout-flex wp-container-core-buttons-is-layout-16018d1d wp-block-buttons-is-layout-flex\">\n<div class=\"wp-block-button\"><a class=\"wp-block-button__link wp-element-button\" href=\"https:\/\/www.aflyon.org\/app\/uploads\/2026\/03\/Contrat_Apprentissage_AFL_2026-en-GB.pdf\">Download<\/a><\/div>\n<\/div>\n\n\n\n<div style=\"height:100px\" aria-hidden=\"true\" class=\"wp-block-spacer\"><\/div>\n\n\n    <div class=\"faq image-left\">\n        <div class=\"content global-width\">\n            <div class=\"image-container\">\n                                <img decoding=\"async\" src=\"https:\/\/www.aflyon.org\/app\/uploads\/2026\/01\/place_jacobins_lyon_aflyon-e1769418625710.png\" alt=\"place_jacobins_lyon_aflyon\">\n            <\/div>\n            <div class=\"content-container\">\n                <h2>Frequently asked questions<\/h2>\n                \n                                <script type=\"application\/ld+json\">\n                    {\n                    \"@context\": \"https:\/\/schema.org\",\n                    \"@type\": \"FAQPage\",\n                    \"mainEntity\": [\n                                                {\n                            \"@type\": \"Question\",\n                            \"name\": \"What are the cultural activities after class?\",\n                            \"acceptedAnswer\": {\n                            \"@type\": \"Answer\",\n                            \"text\":\"Every month, we offer a varied cultural and tourist program (film club, concerts, outings, excursions), etc.\"\n                            }\n                        },                                                {\n                            \"@type\": \"Question\",\n                            \"name\": \"Are there any cultural activities?\",\n                            \"acceptedAnswer\": {\n                            \"@type\": \"Answer\",\n                            \"text\":\"<p>Yes: tours, workshops, film club, and cultural outings to practice French.<\/p>\"\n                            }\n                        },                                                {\n                            \"@type\": \"Question\",\n                            \"name\": \"Why choose Lyon to learn French?\",\n                            \"acceptedAnswer\": {\n                            \"@type\": \"Answer\",\n                            \"text\":\"<p>Lyon offre une sc\u00e8ne culturelle riche et le co\u00fbt de la vie y est abordable par rapport \u00e0 d'autres villes fran\u00e7aises.<\/p>\"\n                            }\n                        },                                                {\n                            \"@type\": \"Question\",\n                            \"name\": \"Why learn French?\",\n                            \"acceptedAnswer\": {\n                            \"@type\": \"Answer\",\n                            \"text\":\"<p>French is an <strong>international language<\/strong>, useful for studies, work, culture, and mobility in France and abroad.<\/p>\"\n                            }\n                        }                                            ]\n                    }\n                <\/script>\n\n                <div id=\"vue-faq-list\" data-theme-url=\"https:\/\/www.aflyon.org\/app\/themes\/afl\" data-read-more=\"Learn more\"><\/div>\n                <script id=\"faq-list-data\" type=\"application\/json\">\n                                                                                                                                                                                                [{\"question\":{\"post_title\":\"What are the cultural activities after class?\",\"post_content\":\"Every month, we offer a varied cultural and tourist program (<a href=\\\"http:\\\/\\\/www.aflyon.org\\\/actualites\\\/cine-club-1\\\/\\\">film club<\\\/a>, concerts, outings, excursions), etc.\",\"link\":\"https:\\\/\\\/www.aflyon.org\\\/en\\\/faq\\\/what-are-the-cultural-activities-outside-the-course\\\/\"}},{\"question\":{\"post_title\":\"Are there any cultural activities?\",\"post_content\":\"<!-- wp:paragraph {\\\"translatedWithWPMLTM\\\":\\\"1\\\"} -->\\n<p>Yes: tours, workshops, film club, and cultural outings to practice French.<\\\/p>\\n<!-- \\\/wp:paragraph -->\",\"link\":\"https:\\\/\\\/www.aflyon.org\\\/en\\\/faq\\\/are-there-any-cultural-activities\\\/\"}},{\"question\":{\"post_title\":\"Why choose Lyon to learn French?\",\"post_content\":\"<!-- wp:paragraph {\\\"translatedWithWPMLTM\\\":\\\"1\\\"} -->\\n<p>Lyon offre une sc\\u00e8ne culturelle riche et le co\\u00fbt de la vie y est abordable par rapport \\u00e0 d'autres villes fran\\u00e7aises.<\\\/p>\\n<!-- \\\/wp:paragraph -->\",\"link\":\"https:\\\/\\\/www.aflyon.org\\\/en\\\/faq\\\/why-choose-lyon-to-learn-french\\\/\"}},{\"question\":{\"post_title\":\"Why learn French?\",\"post_content\":\"<!-- wp:paragraph {\\\"translatedWithWPMLTM\\\":\\\"1\\\"} -->\\n<p>French is an <strong>international language<\\\/strong>, useful for studies, work, culture, and mobility in France and abroad.<\\\/p>\\n<!-- \\\/wp:paragraph -->\",\"link\":\"https:\\\/\\\/www.aflyon.org\\\/en\\\/faq\\\/why-learn-french\\\/\"}}]\n                <\/script>\n            <\/div>\n        <\/div>\n    <\/div>\n\n\n\n<p><\/p>\n\n\n<div class=\"rose-window right-window\">\n    <img decoding=\"async\" src=\"https:\/\/www.aflyon.org\/app\/themes\/afl\/assets\/images\/rosace.svg\" alt=\"Rosace d\u00e9corative\" class=\"rose-window-image\">\n<\/div>\n\n\n<div style=\"height:80px\" aria-hidden=\"true\" class=\"wp-block-spacer\"><\/div>\n\n\n\n<div class=\"wp-block-group is-nowrap is-layout-flex wp-container-core-group-is-layout-ad2f72ca wp-block-group-is-layout-flex\">\n<div style=\"height:80px;width:0px\" aria-hidden=\"true\" class=\"wp-block-spacer wp-container-content-f96796aa\"><\/div>\n<\/div>\n\n\n<div class=\"contact-form\">\n    <div class=\"content global-width\">\n        <h2>Nous contacter<\/h2>\n        <p class=\"text-content\">Que vous ayez des questions sur nos cours, nos examens, ou que vous souhaitiez en savoir plus sur la vie \u00e0 Lyon, notre \u00e9quipe est l\u00e0 pour vous accompagner.<\/p>\n        \n<div class=\"wpcf7 no-js\" id=\"wpcf7-f4843-o1\" lang=\"en-US\" dir=\"ltr\" data-wpcf7-id=\"4843\">\n<div class=\"screen-reader-response\"><p role=\"status\" aria-live=\"polite\" aria-atomic=\"true\"><\/p> <ul><\/ul><\/div>\n<form action=\"\/en\/wp-json\/wp\/v2\/pages\/3994#wpcf7-f4843-o1\" method=\"post\" class=\"wpcf7-form init\" aria-label=\"Contact form\" novalidate=\"novalidate\" data-status=\"init\">\n<fieldset class=\"hidden-fields-container\"><input type=\"hidden\" name=\"_wpcf7\" value=\"4843\" \/><input type=\"hidden\" name=\"_wpcf7_version\" value=\"6.1.4\" \/><input type=\"hidden\" name=\"_wpcf7_locale\" value=\"en_US\" \/><input type=\"hidden\" name=\"_wpcf7_unit_tag\" value=\"wpcf7-f4843-o1\" \/><input type=\"hidden\" name=\"_wpcf7_container_post\" value=\"0\" \/><input type=\"hidden\" name=\"_wpcf7_posted_data_hash\" value=\"\" \/><input type=\"hidden\" name=\"_wpcf7_recaptcha_response\" value=\"\" \/>\n<\/fieldset>\n<div class=\"form-input-row\">\n\t<div>\n\t\t<p><span class=\"wpcf7-form-control-wrap\" data-name=\"your-lastname\"><input size=\"40\" maxlength=\"400\" class=\"wpcf7-form-control wpcf7-text wpcf7-validates-as-required\" aria-required=\"true\" aria-invalid=\"false\" placeholder=\"Lastname*\" value=\"\" type=\"text\" name=\"your-lastname\" \/><\/span>\n\t\t<\/p>\n\t<\/div>\n\t<div>\n\t\t<p><span class=\"wpcf7-form-control-wrap\" data-name=\"your-firstname\"><input size=\"40\" maxlength=\"400\" class=\"wpcf7-form-control wpcf7-text wpcf7-validates-as-required\" aria-required=\"true\" aria-invalid=\"false\" placeholder=\"Firstname*\" value=\"\" type=\"text\" name=\"your-firstname\" \/><\/span>\n\t\t<\/p>\n\t<\/div>\n<\/div>\n<div class=\"form-input-row\">\n\t<div>\n\t\t<p><span class=\"wpcf7-form-control-wrap\" data-name=\"your-email\"><input size=\"40\" maxlength=\"400\" class=\"wpcf7-form-control wpcf7-email wpcf7-validates-as-required wpcf7-text wpcf7-validates-as-email\" aria-required=\"true\" aria-invalid=\"false\" placeholder=\"Email*\" value=\"\" type=\"email\" name=\"your-email\" \/><\/span>\n\t\t<\/p>\n\t<\/div>\n\t<div>\n\t\t<p><span class=\"wpcf7-form-control-wrap\" data-name=\"your-phone\"><input size=\"40\" maxlength=\"400\" class=\"wpcf7-form-control wpcf7-tel wpcf7-text wpcf7-validates-as-tel\" aria-invalid=\"false\" placeholder=\"Phone number\" value=\"\" type=\"tel\" name=\"your-phone\" \/><\/span>\n\t\t<\/p>\n\t<\/div>\n<\/div>\n<div class=\"form-input\">\n\t<p><span class=\"wpcf7-form-control-wrap\" data-name=\"your-subject\"><input size=\"40\" maxlength=\"400\" class=\"wpcf7-form-control wpcf7-text\" aria-invalid=\"false\" placeholder=\"Subject\" value=\"\" type=\"text\" name=\"your-subject\" \/><\/span>\n\t<\/p>\n<\/div>\n<div class=\"form-input\">\n\t<p><span class=\"wpcf7-form-control-wrap\" data-name=\"your-message\"><textarea cols=\"40\" rows=\"10\" maxlength=\"2000\" class=\"wpcf7-form-control wpcf7-textarea wpcf7-validates-as-required\" aria-required=\"true\" aria-invalid=\"false\" placeholder=\"Message*\" name=\"your-message\"><\/textarea><\/span>\n\t<\/p>\n<\/div>\n<div class=\"acceptance\">\n\t<p><span class=\"wpcf7-form-control-wrap\" data-name=\"your-acceptance\"><span class=\"wpcf7-form-control wpcf7-acceptance\"><span class=\"wpcf7-list-item\"><label><input type=\"checkbox\" name=\"your-acceptance\" value=\"1\" aria-invalid=\"false\" \/><span class=\"wpcf7-list-item-label\">I accept the terms and conditions (see privacy policy) and I agree to receive communications from the Alliance Fran\u00e7aise by SMS and email.*<\/span><\/label><\/span><\/span><\/span>\n\t<\/p>\n<\/div>\n<div class=\"button-container\">\n\t<p><input class=\"wpcf7-form-control wpcf7-submit has-spinner\" type=\"submit\" value=\"Send\" \/>\n\t<\/p>\n<\/div><div class=\"wpcf7-response-output\" aria-hidden=\"true\"><\/div>\n<\/form>\n<\/div>\n\n    <\/div>\n<\/div>\n\n\n<div style=\"height:80px\" aria-hidden=\"true\" class=\"wp-block-spacer\"><\/div>\n\n\n\n<div style=\"height:70px\" aria-hidden=\"true\" class=\"wp-block-spacer\"><\/div>\n","protected":false},"excerpt":{"rendered":"<p>To facilitate your journey and support you in your administrative steps, we provide several essential documents. These resources will help you better understand our training programs, your rights and obligations, as well as the services available to students. Download them and prepare your stay at the Alliance fran\u00e7aise de Lyon with complete peace of mind.<\/p>\n","protected":false},"author":2,"featured_media":0,"parent":0,"menu_order":0,"comment_status":"closed","ping_status":"closed","template":"","meta":{"_acf_changed":false,"footnotes":""},"class_list":["post-3994","page","type-page","status-publish","hentry"],"acf":[],"yoast_head":"<!-- This site is optimized with the Yoast SEO plugin v26.7 - https:\/\/yoast.com\/wordpress\/plugins\/seo\/ -->\n<title>Downloadable Documents - Alliance Fran\u00e7aise de Lyon<\/title>\n<meta name=\"description\" content=\"Discover the Alliance Fran\u00e7aise de Lyon, a space for cultural exchange where curiosity and dialogue flourish through artistic and literary events.\" \/>\n<meta name=\"robots\" content=\"index, follow, max-snippet:-1, max-image-preview:large, max-video-preview:-1\" \/>\n<link rel=\"canonical\" href=\"https:\/\/www.aflyon.org\/en\/downloadable-documents\/\" \/>\n<meta property=\"og:locale\" content=\"en_US\" \/>\n<meta property=\"og:type\" content=\"article\" \/>\n<meta property=\"og:title\" content=\"Downloadable Documents - Alliance Fran\u00e7aise de Lyon\" \/>\n<meta property=\"og:description\" content=\"Discover the Alliance Fran\u00e7aise de Lyon, a space for cultural exchange where curiosity and dialogue flourish through artistic and literary events.\" \/>\n<meta property=\"og:url\" content=\"https:\/\/www.aflyon.org\/en\/downloadable-documents\/\" \/>\n<meta property=\"og:site_name\" content=\"Alliance Fran\u00e7aise de Lyon\" \/>\n<meta property=\"article:modified_time\" content=\"2026-03-25T12:15:11+00:00\" \/>\n<meta name=\"twitter:card\" content=\"summary_large_image\" \/>\n<meta name=\"twitter:label1\" content=\"Est. reading time\" \/>\n\t<meta name=\"twitter:data1\" content=\"1 minute\" \/>\n<script type=\"application\/ld+json\" class=\"yoast-schema-graph\">{\"@context\":\"https:\/\/schema.org\",\"@graph\":[{\"@type\":\"WebPage\",\"@id\":\"https:\/\/www.aflyon.org\/en\/downloadable-documents\/\",\"url\":\"https:\/\/www.aflyon.org\/en\/downloadable-documents\/\",\"name\":\"Downloadable Documents - Alliance Fran\u00e7aise de Lyon\",\"isPartOf\":{\"@id\":\"https:\/\/www.aflyon.org\/en\/#website\"},\"datePublished\":\"2026-02-20T16:57:10+00:00\",\"dateModified\":\"2026-03-25T12:15:11+00:00\",\"description\":\"Discover the Alliance Fran\u00e7aise de Lyon, a space for cultural exchange where curiosity and dialogue flourish through artistic and literary events.\",\"breadcrumb\":{\"@id\":\"https:\/\/www.aflyon.org\/en\/downloadable-documents\/#breadcrumb\"},\"inLanguage\":\"en-US\",\"potentialAction\":[{\"@type\":\"ReadAction\",\"target\":[\"https:\/\/www.aflyon.org\/en\/downloadable-documents\/\"]}]},{\"@type\":\"BreadcrumbList\",\"@id\":\"https:\/\/www.aflyon.org\/en\/downloadable-documents\/#breadcrumb\",\"itemListElement\":[{\"@type\":\"ListItem\",\"position\":1,\"name\":\"Home\",\"item\":\"https:\/\/www.aflyon.org\/en\/\"},{\"@type\":\"ListItem\",\"position\":2,\"name\":\"Downloadable Documents\"}]},{\"@type\":\"WebSite\",\"@id\":\"https:\/\/www.aflyon.org\/en\/#website\",\"url\":\"https:\/\/www.aflyon.org\/en\/\",\"name\":\"Alliance Fran\u00e7aise de Lyon\",\"description\":\"\",\"potentialAction\":[{\"@type\":\"SearchAction\",\"target\":{\"@type\":\"EntryPoint\",\"urlTemplate\":\"https:\/\/www.aflyon.org\/en\/?s={search_term_string}\"},\"query-input\":{\"@type\":\"PropertyValueSpecification\",\"valueRequired\":true,\"valueName\":\"search_term_string\"}}],\"inLanguage\":\"en-US\"}]}<\/script>\n<!-- \/ Yoast SEO plugin. -->","yoast_head_json":{"title":"Downloadable Documents - Alliance Fran\u00e7aise de Lyon","description":"Discover the Alliance Fran\u00e7aise de Lyon, a space for cultural exchange where curiosity and dialogue flourish through artistic and literary events.","robots":{"index":"index","follow":"follow","max-snippet":"max-snippet:-1","max-image-preview":"max-image-preview:large","max-video-preview":"max-video-preview:-1"},"canonical":"https:\/\/www.aflyon.org\/en\/downloadable-documents\/","og_locale":"en_US","og_type":"article","og_title":"Downloadable Documents - Alliance Fran\u00e7aise de Lyon","og_description":"Discover the Alliance Fran\u00e7aise de Lyon, a space for cultural exchange where curiosity and dialogue flourish through artistic and literary events.","og_url":"https:\/\/www.aflyon.org\/en\/downloadable-documents\/","og_site_name":"Alliance Fran\u00e7aise de Lyon","article_modified_time":"2026-03-25T12:15:11+00:00","twitter_card":"summary_large_image","twitter_misc":{"Est. reading time":"1 minute"},"schema":{"@context":"https:\/\/schema.org","@graph":[{"@type":"WebPage","@id":"https:\/\/www.aflyon.org\/en\/downloadable-documents\/","url":"https:\/\/www.aflyon.org\/en\/downloadable-documents\/","name":"Downloadable Documents - Alliance Fran\u00e7aise de Lyon","isPartOf":{"@id":"https:\/\/www.aflyon.org\/en\/#website"},"datePublished":"2026-02-20T16:57:10+00:00","dateModified":"2026-03-25T12:15:11+00:00","description":"Discover the Alliance Fran\u00e7aise de Lyon, a space for cultural exchange where curiosity and dialogue flourish through artistic and literary events.","breadcrumb":{"@id":"https:\/\/www.aflyon.org\/en\/downloadable-documents\/#breadcrumb"},"inLanguage":"en-US","potentialAction":[{"@type":"ReadAction","target":["https:\/\/www.aflyon.org\/en\/downloadable-documents\/"]}]},{"@type":"BreadcrumbList","@id":"https:\/\/www.aflyon.org\/en\/downloadable-documents\/#breadcrumb","itemListElement":[{"@type":"ListItem","position":1,"name":"Home","item":"https:\/\/www.aflyon.org\/en\/"},{"@type":"ListItem","position":2,"name":"Downloadable Documents"}]},{"@type":"WebSite","@id":"https:\/\/www.aflyon.org\/en\/#website","url":"https:\/\/www.aflyon.org\/en\/","name":"Alliance Fran\u00e7aise de Lyon","description":"","potentialAction":[{"@type":"SearchAction","target":{"@type":"EntryPoint","urlTemplate":"https:\/\/www.aflyon.org\/en\/?s={search_term_string}"},"query-input":{"@type":"PropertyValueSpecification","valueRequired":true,"valueName":"search_term_string"}}],"inLanguage":"en-US"}]}},"_links":{"self":[{"href":"https:\/\/www.aflyon.org\/en\/wp-json\/wp\/v2\/pages\/3994","targetHints":{"allow":["GET"]}}],"collection":[{"href":"https:\/\/www.aflyon.org\/en\/wp-json\/wp\/v2\/pages"}],"about":[{"href":"https:\/\/www.aflyon.org\/en\/wp-json\/wp\/v2\/types\/page"}],"author":[{"embeddable":true,"href":"https:\/\/www.aflyon.org\/en\/wp-json\/wp\/v2\/users\/2"}],"replies":[{"embeddable":true,"href":"https:\/\/www.aflyon.org\/en\/wp-json\/wp\/v2\/comments?post=3994"}],"version-history":[{"count":7,"href":"https:\/\/www.aflyon.org\/en\/wp-json\/wp\/v2\/pages\/3994\/revisions"}],"predecessor-version":[{"id":61305,"href":"https:\/\/www.aflyon.org\/en\/wp-json\/wp\/v2\/pages\/3994\/revisions\/61305"}],"wp:attachment":[{"href":"https:\/\/www.aflyon.org\/en\/wp-json\/wp\/v2\/media?parent=3994"}],"curies":[{"name":"wp","href":"https:\/\/api.w.org\/{rel}","templated":true}]}}