{"id":3959,"date":"2026-01-21T16:34:47","date_gmt":"2026-01-21T15:34:47","guid":{"rendered":"https:\/\/www.aflyon.org\/find-accommodation\/residence-hoteliere\/"},"modified":"2026-02-19T17:02:44","modified_gmt":"2026-02-19T16:02:44","slug":"residence-hoteliere","status":"publish","type":"page","link":"https:\/\/www.aflyon.org\/en\/find-accommodation\/residence-hoteliere\/","title":{"rendered":"Serviced Residence"},"content":{"rendered":"<div class=\"classic-introduction\">\n    <div class=\"left-block\">\n        <div class=\"inside-block\">\n            <div class=\"breadcrumbs\">\n                <div id=\"breadcrumbs\" class=\"main-breadcrumbs\"><span><span><a href=\"https:\/\/www.aflyon.org\/en\/\">Home<\/a><\/span><\/span><\/div>\n            <\/div>\n            <h1>Se loger en r\u00e9sidence h\u00f4teli\u00e8re<\/h1>\n        <\/div>\n\n    <\/div>\n        <div class=\"right-block image-container\">\n        <img decoding=\"async\" src=\"https:\/\/www.aflyon.org\/app\/uploads\/2026\/01\/170-t2-chambre2-e1769009673273.webp\" alt=\"\">\n    <\/div>\n    <\/div>\n<div style=\"height:80px\" aria-hidden=\"true\" class=\"wp-block-spacer\"><\/div>\n\n<div class=\"wp-block-columns is-layout-flex wp-container-core-columns-is-layout-9d6595d7 wp-block-columns-is-layout-flex\">\n<div class=\"wp-block-column is-layout-flow wp-block-column-is-layout-flow\">\n<div style=\"height:22px\" aria-hidden=\"true\" class=\"wp-block-spacer\"><\/div>\n\n\n\n<p>Do you want comfortable and independent accommodation during your stay in Lyon? The Alliance Fran\u00e7aise de Lyon offers serviced residence accommodation, ideal for students seeking independence, comfort, and proximity to the city center. <\/p>\n\n\n\n<h3 class=\"wp-block-heading\"><strong>Advantages of Serviced Residence Accommodation<\/strong><\/h3>\n\n\n\n<p>Choosing a serviced residence offers several benefits:<\/p>\n\n\n\n<ul class=\"wp-block-list\">\n<li><strong>Full independence<\/strong>: you are completely independent in your accommodation and can organize your daily routine at your own pace<\/li>\n\n\n\n<li><strong>Close to the city center<\/strong>: the residence is ideally located near public transport and the city center, making it easy to reach the Alliance Fran\u00e7aise de Lyon<\/li>\n\n\n\n<li><strong>Furnished and fully equipped accommodation<\/strong>: you benefit from a private, fully equipped studio for a comfortable and practical stay<\/li>\n<\/ul>\n\n\n\n<div class=\"wp-block-buttons is-layout-flex wp-block-buttons-is-layout-flex\"><\/div>\n<\/div>\n<\/div>\n\n<div style=\"height:80px\" aria-hidden=\"true\" class=\"wp-block-spacer\"><\/div>\n<div class=\"text-media\">\n    <div class=\"content global-width\">\n        <div class=\"text-container\">\n            <h2 class=\"text-media-title\">Facilities Available in Your Studio<\/h2>\n            <div class=\"text-rich\"><p>The studio in the serviced residence is fully equipped to ensure your comfort during your stay:<\/p>\n<ul>\n<li>Private room with double bed, desk, closet, etc.<\/li>\n<li><strong>Kitchenette<\/strong> with microwave, electric hotplates, refrigerator, etc.<\/li>\n<li><strong>Bathroom<\/strong> with bathtub, toilet, and sink<\/li>\n<li>Unlimited Wi-Fi access<\/li>\n<li>Household linen provided<\/li>\n<li>Tableware provided<\/li>\n<li><strong>Weekly cleaning<\/strong> service for optimal comfort<\/li>\n<\/ul>\n<p><strong>Starting at \u20ac1,450 per month<\/strong><\/p>\n<\/div>\n                    <\/div>\n        <div class=\"media-container\">\n                                            <img decoding=\"async\" src=\"https:\/\/www.aflyon.org\/app\/uploads\/2026\/01\/gestetud_victor_hugo.png\" alt=\"gestetud_victor_hugo\" class=\"main-image\">\n                    <\/div>\n    <\/div>\n<\/div>\n<div style=\"height:80px\" aria-hidden=\"true\" class=\"wp-block-spacer\"><\/div>\n<div class=\"rose-window\">\n    <img decoding=\"async\" src=\"https:\/\/www.aflyon.org\/app\/themes\/afl\/assets\/images\/rosace.svg\" alt=\"Rosace d\u00e9corative\" class=\"rose-window-image\">\n<\/div><div class=\"text-media\">\n    <div class=\"content global-width image-left\">\n        <div class=\"text-container\">\n            <h2 class=\"text-media-title\">Additional services<\/h2>\n            <div class=\"text-rich\"><p>Several optional services are available to make your stay even more enjoyable*:<\/p>\n<ul>\n<li><strong>Air-conditioned room <\/strong><\/li>\n<li><strong>Breakfast<\/strong> (available upon prior reservation)<\/li>\n<li><strong>Parking<\/strong>: paid service<\/li>\n<li><strong>Laundry<\/strong> facilities (self-service, additional charge)*<br \/>*Subject to availability<\/li>\n<\/ul>\n<\/div>\n                    <\/div>\n        <div class=\"media-container\">\n                                            <img decoding=\"async\" src=\"https:\/\/www.aflyon.org\/app\/uploads\/2026\/01\/Photo-logement-6.png\" alt=\"Photo logement 6\" class=\"main-image\">\n                    <\/div>\n    <\/div>\n<\/div>\n<div style=\"height:80px\" aria-hidden=\"true\" class=\"wp-block-spacer\"><\/div>\n\n<div class=\"wp-block-columns is-layout-flex wp-container-core-columns-is-layout-9d6595d7 wp-block-columns-is-layout-flex\">\n<div class=\"wp-block-column is-layout-flow wp-block-column-is-layout-flow\">\n<h3 class=\"wp-block-heading has-text-align-center\"><strong><strong>Booking conditions<\/strong><\/strong><\/h3>\n\n\n\n<div style=\"height:15px\" aria-hidden=\"true\" class=\"wp-block-spacer\"><\/div>\n\n\n\n<p class=\"has-text-align-center\"><strong>Duration of stay<\/strong>: serviced residence accommodation is reserved for the duration of your studies, from the start of your courses until their completion.<\/p>\n\n\n\n<p class=\"has-text-align-center\"><strong>Monthly booking<\/strong>: this type of accommodation is available only for programs lasting at least one month, subject to availability.<\/p>\n\n\n\n<p class=\"has-text-align-center\"><strong>Security deposit<\/strong>: upon arrival, a <strong>\u20ac300<\/strong> deposit will be required by the serviced residence.<\/p>\n\n\n\n<p class=\"has-text-align-center\"><\/p>\n\n\n\n<div class=\"wp-block-buttons is-content-justification-center is-layout-flex wp-container-core-buttons-is-layout-16018d1d wp-block-buttons-is-layout-flex\"><\/div>\n<\/div>\n\n\n\n<div class=\"wp-block-column is-layout-flow wp-block-column-is-layout-flow\">\n<h3 class=\"wp-block-heading has-text-align-center\"><strong><strong>How Can International Students Find Accommodation in Lyon?<\/strong><\/strong><\/h3>\n\n\n\n<div style=\"height:15px\" aria-hidden=\"true\" class=\"wp-block-spacer\"><\/div>\n\n\n\n<p class=\"has-text-align-center\">The Alliance Fran\u00e7aise de Lyon offers several accommodation options specifically tailored to the needs of international students. Among these, serviced residence accommodation is particularly recommended for students seeking independent, comfortable housing located near public transport. <\/p>\n\n\n\n<p class=\"has-text-align-center\">By choosing our service, you benefit from personalized guidance to find the accommodation that suits you, while <strong>saving time<\/strong> and <strong>avoiding complex administrative procedures<\/strong>.<\/p>\n\n\n\n<p class=\"has-text-align-center\"><\/p>\n\n\n\n<div class=\"wp-block-buttons is-content-justification-center is-layout-flex wp-container-core-buttons-is-layout-16018d1d wp-block-buttons-is-layout-flex\"><\/div>\n<\/div>\n<\/div>\n\n<div style=\"height:50px\" aria-hidden=\"true\" class=\"wp-block-spacer\"><\/div>\n\n<div style=\"height:80px\" aria-hidden=\"true\" class=\"wp-block-spacer\"><\/div>\n    <div class=\"faq image-left\">\n        <div class=\"content global-width\">\n            <div class=\"image-container\">\n                                <img decoding=\"async\" src=\"https:\/\/www.aflyon.org\/app\/uploads\/2026\/01\/place_jacobins_lyon_aflyon-e1769418625710.png\" alt=\"place_jacobins_lyon_aflyon\">\n            <\/div>\n            <div class=\"content-container\">\n                <h2>Frequently asked questions<\/h2>\n                \n                                <script type=\"application\/ld+json\">\n                    {\n                    \"@context\": \"https:\/\/schema.org\",\n                    \"@type\": \"FAQPage\",\n                    \"mainEntity\": [\n                                                {\n                            \"@type\": \"Question\",\n                            \"name\": \"Can I change accommodation during my stay?\",\n                            \"acceptedAnswer\": {\n                            \"@type\": \"Answer\",\n                            \"text\":\"Housing assistance includes a<strong> single<\/strong> search for accommodation.\"\n                            }\n                        },                                                {\n                            \"@type\": \"Question\",\n                            \"name\": \"Who do I pay my rent to?\",\n                            \"acceptedAnswer\": {\n                            \"@type\": \"Answer\",\n                            \"text\":\"<p>For a 1- or 2-month stay, you must pay your rent to the Alliance Fran\u00e7aise de Lyon. If your stay will be longer than 3 months, you will need to pay the rent directly to the host. <\/p><p><\/p>\"\n                            }\n                        },                                                {\n                            \"@type\": \"Question\",\n                            \"name\": \"How much does the accommodation search service cost?\",\n                            \"acceptedAnswer\": {\n                            \"@type\": \"Answer\",\n                            \"text\":\"The accommodation search fee is <strong style=\"color: initial;\">120\u20ac <\/strong>for stays from\u00a0<strong style=\"color: initial;\">1 to 6 months and <\/strong>200\u20ac for stays <strong style=\"color: initial;\">up to 7 months.<\/strong>.\"\n                            }\n                        },                                                {\n                            \"@type\": \"Question\",\n                            \"name\": \"Do you offer accommodation?\",\n                            \"acceptedAnswer\": {\n                            \"@type\": \"Answer\",\n                            \"text\":\"<p>Yes, several options are available: host families, student residences, or hotels.<\/p>\"\n                            }\n                        }                                            ]\n                    }\n                <\/script>\n\n                <div id=\"vue-faq-list\" data-theme-url=\"https:\/\/www.aflyon.org\/app\/themes\/afl\" data-read-more=\"Learn more\"><\/div>\n                <script id=\"faq-list-data\" type=\"application\/json\">\n                                                                                                                                                                                                [{\"question\":{\"post_title\":\"Can I change accommodation during my stay?\",\"post_content\":\"Housing assistance includes a<strong> single<\\\/strong> search for accommodation.\",\"link\":\"https:\\\/\\\/www.aflyon.org\\\/en\\\/faq\\\/can-i-change-of-accommodation-during-my-stay\\\/\"}},{\"question\":{\"post_title\":\"Who do I pay my rent to?\",\"post_content\":\"<p>For a 1- or 2-month stay, you must pay your rent to the Alliance Fran\\u00e7aise de Lyon. If your stay will be longer than 3 months, you will need to pay the rent directly to the host. <\\\/p>\\n<!-- wp:paragraph -->\\n<p><\\\/p>\\n<!-- \\\/wp:paragraph -->\",\"link\":\"https:\\\/\\\/www.aflyon.org\\\/en\\\/faq\\\/who-do-i-pay-my-rent-to\\\/\"}},{\"question\":{\"post_title\":\"How much does the accommodation search service cost?\",\"post_content\":\"The accommodation search fee is <strong style=\\\"color: initial;\\\">120\\u20ac <\\\/strong><span style=\\\"color: initial;\\\">for stays from\\u00a0<\\\/span><strong style=\\\"color: initial;\\\">1 to 6 months and <\\\/strong><span style=\\\"color: initial;\\\">200\\u20ac for stays <\\\/span><strong style=\\\"color: initial;\\\">up to 7 months.<\\\/strong>\\n\\n.\",\"link\":\"https:\\\/\\\/www.aflyon.org\\\/en\\\/faq\\\/how-much-does-it-cost-to-use-your-accommodation-service\\\/\"}},{\"question\":{\"post_title\":\"Do you offer accommodation?\",\"post_content\":\"<!-- wp:paragraph {\\\"translatedWithWPMLTM\\\":\\\"1\\\"} -->\\n<p>Yes, several options are available: host families, student residences, or hotels.<\\\/p>\\n<!-- \\\/wp:paragraph -->\",\"link\":\"https:\\\/\\\/www.aflyon.org\\\/en\\\/faq\\\/do-you-offer-accommodation\\\/\"}}]\n                <\/script>\n            <\/div>\n        <\/div>\n    <\/div>\n<div class=\"rose-window right-window\">\n    <img decoding=\"async\" src=\"https:\/\/www.aflyon.org\/app\/themes\/afl\/assets\/images\/rosace.svg\" alt=\"Rosace d\u00e9corative\" class=\"rose-window-image\">\n<\/div>\n<div style=\"height:80px\" aria-hidden=\"true\" class=\"wp-block-spacer\"><\/div>\n\n<div class=\"wp-block-group is-nowrap is-layout-flex wp-container-core-group-is-layout-ad2f72ca wp-block-group-is-layout-flex\">\n<div style=\"height:80px;width:0px\" aria-hidden=\"true\" class=\"wp-block-spacer wp-container-content-f96796aa\"><\/div>\n<\/div>\n\n<div style=\"height:80px\" aria-hidden=\"true\" class=\"wp-block-spacer\"><\/div>\n<div class=\"contact-form\">\n    <div class=\"content global-width\">\n        <h2>Nous contacter<\/h2>\n        <p class=\"text-content\">Que vous ayez des questions sur nos cours, nos examens, ou que vous souhaitiez en savoir plus sur la vie \u00e0 Lyon, notre \u00e9quipe est l\u00e0 pour vous accompagner.<\/p>\n        \n<div class=\"wpcf7 no-js\" id=\"wpcf7-f4843-o1\" lang=\"en-US\" dir=\"ltr\" data-wpcf7-id=\"4843\">\n<div class=\"screen-reader-response\"><p role=\"status\" aria-live=\"polite\" aria-atomic=\"true\"><\/p> <ul><\/ul><\/div>\n<form action=\"\/en\/wp-json\/wp\/v2\/pages\/3959#wpcf7-f4843-o1\" method=\"post\" class=\"wpcf7-form init\" aria-label=\"Contact form\" novalidate=\"novalidate\" data-status=\"init\">\n<fieldset class=\"hidden-fields-container\"><input type=\"hidden\" name=\"_wpcf7\" value=\"4843\" \/><input type=\"hidden\" name=\"_wpcf7_version\" value=\"6.1.4\" \/><input type=\"hidden\" name=\"_wpcf7_locale\" value=\"en_US\" \/><input type=\"hidden\" name=\"_wpcf7_unit_tag\" value=\"wpcf7-f4843-o1\" \/><input type=\"hidden\" name=\"_wpcf7_container_post\" value=\"0\" \/><input type=\"hidden\" name=\"_wpcf7_posted_data_hash\" value=\"\" \/><input type=\"hidden\" name=\"_wpcf7_recaptcha_response\" value=\"\" \/>\n<\/fieldset>\n<div class=\"form-input-row\">\n\t<div>\n\t\t<p><span class=\"wpcf7-form-control-wrap\" data-name=\"your-lastname\"><input size=\"40\" maxlength=\"400\" class=\"wpcf7-form-control wpcf7-text wpcf7-validates-as-required\" aria-required=\"true\" aria-invalid=\"false\" placeholder=\"Lastname*\" value=\"\" type=\"text\" name=\"your-lastname\" \/><\/span>\n\t\t<\/p>\n\t<\/div>\n\t<div>\n\t\t<p><span class=\"wpcf7-form-control-wrap\" data-name=\"your-firstname\"><input size=\"40\" maxlength=\"400\" class=\"wpcf7-form-control wpcf7-text wpcf7-validates-as-required\" aria-required=\"true\" aria-invalid=\"false\" placeholder=\"Firstname*\" value=\"\" type=\"text\" name=\"your-firstname\" \/><\/span>\n\t\t<\/p>\n\t<\/div>\n<\/div>\n<div class=\"form-input-row\">\n\t<div>\n\t\t<p><span class=\"wpcf7-form-control-wrap\" data-name=\"your-email\"><input size=\"40\" maxlength=\"400\" class=\"wpcf7-form-control wpcf7-email wpcf7-validates-as-required wpcf7-text wpcf7-validates-as-email\" aria-required=\"true\" aria-invalid=\"false\" placeholder=\"Email*\" value=\"\" type=\"email\" name=\"your-email\" \/><\/span>\n\t\t<\/p>\n\t<\/div>\n\t<div>\n\t\t<p><span class=\"wpcf7-form-control-wrap\" data-name=\"your-phone\"><input size=\"40\" maxlength=\"400\" class=\"wpcf7-form-control wpcf7-tel wpcf7-text wpcf7-validates-as-tel\" aria-invalid=\"false\" placeholder=\"Phone number\" value=\"\" type=\"tel\" name=\"your-phone\" \/><\/span>\n\t\t<\/p>\n\t<\/div>\n<\/div>\n<div class=\"form-input\">\n\t<p><span class=\"wpcf7-form-control-wrap\" data-name=\"your-subject\"><input size=\"40\" maxlength=\"400\" class=\"wpcf7-form-control wpcf7-text\" aria-invalid=\"false\" placeholder=\"Subject\" value=\"\" type=\"text\" name=\"your-subject\" \/><\/span>\n\t<\/p>\n<\/div>\n<div class=\"form-input\">\n\t<p><span class=\"wpcf7-form-control-wrap\" data-name=\"your-message\"><textarea cols=\"40\" rows=\"10\" maxlength=\"2000\" class=\"wpcf7-form-control wpcf7-textarea wpcf7-validates-as-required\" aria-required=\"true\" aria-invalid=\"false\" placeholder=\"Message*\" name=\"your-message\"><\/textarea><\/span>\n\t<\/p>\n<\/div>\n<div class=\"acceptance\">\n\t<p><span class=\"wpcf7-form-control-wrap\" data-name=\"your-acceptance\"><span class=\"wpcf7-form-control wpcf7-acceptance\"><span class=\"wpcf7-list-item\"><label><input type=\"checkbox\" name=\"your-acceptance\" value=\"1\" aria-invalid=\"false\" \/><span class=\"wpcf7-list-item-label\">I accept the terms and conditions (see privacy policy) and I agree to receive communications from the Alliance Fran\u00e7aise by SMS and email.*<\/span><\/label><\/span><\/span><\/span>\n\t<\/p>\n<\/div>\n<div class=\"button-container\">\n\t<p><input class=\"wpcf7-form-control wpcf7-submit has-spinner\" type=\"submit\" value=\"Send\" \/>\n\t<\/p>\n<\/div><div class=\"wpcf7-response-output\" aria-hidden=\"true\"><\/div>\n<\/form>\n<\/div>\n\n    <\/div>\n<\/div>\n<div style=\"height:80px\" aria-hidden=\"true\" class=\"wp-block-spacer\"><\/div>\n\n<div style=\"height:70px\" aria-hidden=\"true\" class=\"wp-block-spacer\"><\/div>\n","protected":false},"excerpt":{"rendered":"<p>Do you want comfortable and independent accommodation during your stay in Lyon? The Alliance Fran\u00e7aise de Lyon offers serviced residence accommodation, ideal for students seeking independence, comfort, and proximity to the city center. Advantages of Serviced Residence Accommodation Choosing a serviced residence offers several benefits: Booking conditions Duration of stay: serviced residence accommodation is reserved [&hellip;]<\/p>\n","protected":false},"author":2,"featured_media":0,"parent":3936,"menu_order":0,"comment_status":"closed","ping_status":"closed","template":"","meta":{"_acf_changed":false,"footnotes":""},"class_list":["post-3959","page","type-page","status-publish","hentry"],"acf":[],"yoast_head":"<!-- This site is optimized with the Yoast SEO plugin v26.7 - https:\/\/yoast.com\/wordpress\/plugins\/seo\/ -->\n<title>Serviced Residence - Alliance Fran\u00e7aise de Lyon<\/title>\n<meta name=\"description\" content=\"Discover comfortable and independent accommodation in Lyon with the Alliance Fran\u00e7aise. Enjoy autonomy and proximity to the city center!\" \/>\n<meta name=\"robots\" content=\"index, follow, max-snippet:-1, max-image-preview:large, max-video-preview:-1\" \/>\n<link rel=\"canonical\" href=\"https:\/\/www.aflyon.org\/en\/find-accommodation\/residence-hoteliere\/\" \/>\n<meta property=\"og:locale\" content=\"en_US\" \/>\n<meta property=\"og:type\" content=\"article\" \/>\n<meta property=\"og:title\" content=\"Serviced Residence - Alliance Fran\u00e7aise de Lyon\" \/>\n<meta property=\"og:description\" content=\"Discover comfortable and independent accommodation in Lyon with the Alliance Fran\u00e7aise. Enjoy autonomy and proximity to the city center!\" \/>\n<meta property=\"og:url\" content=\"https:\/\/www.aflyon.org\/en\/find-accommodation\/residence-hoteliere\/\" \/>\n<meta property=\"og:site_name\" content=\"Alliance Fran\u00e7aise de Lyon\" \/>\n<meta property=\"article:modified_time\" content=\"2026-02-19T16:02:44+00:00\" \/>\n<meta name=\"twitter:card\" content=\"summary_large_image\" \/>\n<meta name=\"twitter:label1\" content=\"Est. reading time\" \/>\n\t<meta name=\"twitter:data1\" content=\"1 minute\" \/>\n<script type=\"application\/ld+json\" class=\"yoast-schema-graph\">{\"@context\":\"https:\/\/schema.org\",\"@graph\":[{\"@type\":\"WebPage\",\"@id\":\"https:\/\/www.aflyon.org\/en\/find-accommodation\/residence-hoteliere\/\",\"url\":\"https:\/\/www.aflyon.org\/en\/find-accommodation\/residence-hoteliere\/\",\"name\":\"Serviced Residence - Alliance Fran\u00e7aise de Lyon\",\"isPartOf\":{\"@id\":\"https:\/\/www.aflyon.org\/en\/#website\"},\"datePublished\":\"2026-01-21T15:34:47+00:00\",\"dateModified\":\"2026-02-19T16:02:44+00:00\",\"description\":\"Discover comfortable and independent accommodation in Lyon with the Alliance Fran\u00e7aise. Enjoy autonomy and proximity to the city center!\",\"breadcrumb\":{\"@id\":\"https:\/\/www.aflyon.org\/en\/find-accommodation\/residence-hoteliere\/#breadcrumb\"},\"inLanguage\":\"en-US\",\"potentialAction\":[{\"@type\":\"ReadAction\",\"target\":[\"https:\/\/www.aflyon.org\/en\/find-accommodation\/residence-hoteliere\/\"]}]},{\"@type\":\"BreadcrumbList\",\"@id\":\"https:\/\/www.aflyon.org\/en\/find-accommodation\/residence-hoteliere\/#breadcrumb\",\"itemListElement\":[{\"@type\":\"ListItem\",\"position\":1,\"name\":\"Home\",\"item\":\"https:\/\/www.aflyon.org\/en\/\"},{\"@type\":\"ListItem\",\"position\":2,\"name\":\"Find Accommodation\",\"item\":\"https:\/\/www.aflyon.org\/en\/find-accommodation\/\"},{\"@type\":\"ListItem\",\"position\":3,\"name\":\"Serviced Residence\"}]},{\"@type\":\"WebSite\",\"@id\":\"https:\/\/www.aflyon.org\/en\/#website\",\"url\":\"https:\/\/www.aflyon.org\/en\/\",\"name\":\"Alliance Fran\u00e7aise de Lyon\",\"description\":\"\",\"potentialAction\":[{\"@type\":\"SearchAction\",\"target\":{\"@type\":\"EntryPoint\",\"urlTemplate\":\"https:\/\/www.aflyon.org\/en\/?s={search_term_string}\"},\"query-input\":{\"@type\":\"PropertyValueSpecification\",\"valueRequired\":true,\"valueName\":\"search_term_string\"}}],\"inLanguage\":\"en-US\"}]}<\/script>\n<!-- \/ Yoast SEO plugin. -->","yoast_head_json":{"title":"Serviced Residence - Alliance Fran\u00e7aise de Lyon","description":"Discover comfortable and independent accommodation in Lyon with the Alliance Fran\u00e7aise. Enjoy autonomy and proximity to the city center!","robots":{"index":"index","follow":"follow","max-snippet":"max-snippet:-1","max-image-preview":"max-image-preview:large","max-video-preview":"max-video-preview:-1"},"canonical":"https:\/\/www.aflyon.org\/en\/find-accommodation\/residence-hoteliere\/","og_locale":"en_US","og_type":"article","og_title":"Serviced Residence - Alliance Fran\u00e7aise de Lyon","og_description":"Discover comfortable and independent accommodation in Lyon with the Alliance Fran\u00e7aise. Enjoy autonomy and proximity to the city center!","og_url":"https:\/\/www.aflyon.org\/en\/find-accommodation\/residence-hoteliere\/","og_site_name":"Alliance Fran\u00e7aise de Lyon","article_modified_time":"2026-02-19T16:02:44+00:00","twitter_card":"summary_large_image","twitter_misc":{"Est. reading time":"1 minute"},"schema":{"@context":"https:\/\/schema.org","@graph":[{"@type":"WebPage","@id":"https:\/\/www.aflyon.org\/en\/find-accommodation\/residence-hoteliere\/","url":"https:\/\/www.aflyon.org\/en\/find-accommodation\/residence-hoteliere\/","name":"Serviced Residence - Alliance Fran\u00e7aise de Lyon","isPartOf":{"@id":"https:\/\/www.aflyon.org\/en\/#website"},"datePublished":"2026-01-21T15:34:47+00:00","dateModified":"2026-02-19T16:02:44+00:00","description":"Discover comfortable and independent accommodation in Lyon with the Alliance Fran\u00e7aise. Enjoy autonomy and proximity to the city center!","breadcrumb":{"@id":"https:\/\/www.aflyon.org\/en\/find-accommodation\/residence-hoteliere\/#breadcrumb"},"inLanguage":"en-US","potentialAction":[{"@type":"ReadAction","target":["https:\/\/www.aflyon.org\/en\/find-accommodation\/residence-hoteliere\/"]}]},{"@type":"BreadcrumbList","@id":"https:\/\/www.aflyon.org\/en\/find-accommodation\/residence-hoteliere\/#breadcrumb","itemListElement":[{"@type":"ListItem","position":1,"name":"Home","item":"https:\/\/www.aflyon.org\/en\/"},{"@type":"ListItem","position":2,"name":"Find Accommodation","item":"https:\/\/www.aflyon.org\/en\/find-accommodation\/"},{"@type":"ListItem","position":3,"name":"Serviced Residence"}]},{"@type":"WebSite","@id":"https:\/\/www.aflyon.org\/en\/#website","url":"https:\/\/www.aflyon.org\/en\/","name":"Alliance Fran\u00e7aise de Lyon","description":"","potentialAction":[{"@type":"SearchAction","target":{"@type":"EntryPoint","urlTemplate":"https:\/\/www.aflyon.org\/en\/?s={search_term_string}"},"query-input":{"@type":"PropertyValueSpecification","valueRequired":true,"valueName":"search_term_string"}}],"inLanguage":"en-US"}]}},"_links":{"self":[{"href":"https:\/\/www.aflyon.org\/en\/wp-json\/wp\/v2\/pages\/3959","targetHints":{"allow":["GET"]}}],"collection":[{"href":"https:\/\/www.aflyon.org\/en\/wp-json\/wp\/v2\/pages"}],"about":[{"href":"https:\/\/www.aflyon.org\/en\/wp-json\/wp\/v2\/types\/page"}],"author":[{"embeddable":true,"href":"https:\/\/www.aflyon.org\/en\/wp-json\/wp\/v2\/users\/2"}],"replies":[{"embeddable":true,"href":"https:\/\/www.aflyon.org\/en\/wp-json\/wp\/v2\/comments?post=3959"}],"version-history":[{"count":3,"href":"https:\/\/www.aflyon.org\/en\/wp-json\/wp\/v2\/pages\/3959\/revisions"}],"predecessor-version":[{"id":3967,"href":"https:\/\/www.aflyon.org\/en\/wp-json\/wp\/v2\/pages\/3959\/revisions\/3967"}],"up":[{"embeddable":true,"href":"https:\/\/www.aflyon.org\/en\/wp-json\/wp\/v2\/pages\/3936"}],"wp:attachment":[{"href":"https:\/\/www.aflyon.org\/en\/wp-json\/wp\/v2\/media?parent=3959"}],"curies":[{"name":"wp","href":"https:\/\/api.w.org\/{rel}","templated":true}]}}