{"id":3944,"date":"2026-01-21T15:32:01","date_gmt":"2026-01-21T14:32:01","guid":{"rendered":"https:\/\/www.aflyon.org\/find-accommodation\/crous-university-residences\/"},"modified":"2026-02-19T16:39:50","modified_gmt":"2026-02-19T15:39:50","slug":"crous-university-residences","status":"publish","type":"page","link":"https:\/\/www.aflyon.org\/en\/find-accommodation\/crous-university-residences\/","title":{"rendered":"Crous (University Residences)<br>"},"content":{"rendered":"<div class=\"classic-introduction\">\n    <div class=\"left-block\">\n        <div class=\"inside-block\">\n            <div class=\"breadcrumbs\">\n                <div id=\"breadcrumbs\" class=\"main-breadcrumbs\"><span><span><a href=\"https:\/\/www.aflyon.org\/en\/\">Home<\/a><\/span><\/span><\/div>\n            <\/div>\n            <h1>Se loger en r\u00e9sidence CROUS<\/h1>\n        <\/div>\n\n    <\/div>\n        <div class=\"right-block image-container\">\n        <img decoding=\"async\" src=\"https:\/\/www.aflyon.org\/app\/uploads\/2026\/01\/studio_residence_andre_alix_aflyon.jpg\" alt=\"\">\n    <\/div>\n    <\/div>\n<div style=\"height:80px\" aria-hidden=\"true\" class=\"wp-block-spacer\"><\/div>\n\n<div class=\"wp-block-columns is-layout-flex wp-container-core-columns-is-layout-9d6595d7 wp-block-columns-is-layout-flex\">\n<div class=\"wp-block-column is-layout-flow wp-block-column-is-layout-flow\">\n<div style=\"height:22px\" aria-hidden=\"true\" class=\"wp-block-spacer\"><\/div>\n\n\n\n<p>The Alliance Fran\u00e7aise de Lyon offers you the opportunity to reserve a room in a university residence during your stay. This option is ideal if you want to combine independence, proximity to the school, and affordable pricing <\/p>\n\n\n\n<h3 class=\"wp-block-heading\">Advantages of University Residence Accommodation<\/h3>\n\n\n\n<p>Choosing a university residence offers several benefits:<\/p>\n\n\n\n<p><strong>Affordable rent<\/strong>: rents are eligible for personalized housing assistance (APL), making this option even more accessible<\/p>\n\n\n\n<p><strong>Full independence<\/strong>: you are free to organize your daily routine at your own pace<\/p>\n\n\n\n<p><strong>Close to the Alliance Fran\u00e7aise<\/strong>: residences are located less than 20 minutes by public transport from our school in Lyon<\/p>\n\n\n\n<div class=\"wp-block-buttons is-layout-flex wp-block-buttons-is-layout-flex\"><\/div>\n\n\n\n<p><\/p>\n<\/div>\n<\/div>\n\n<div style=\"height:80px\" aria-hidden=\"true\" class=\"wp-block-spacer\"><\/div>\n<div class=\"text-media\">\n    <div class=\"content global-width\">\n        <div class=\"text-container\">\n            <h2 class=\"text-media-title\">Rooms in University Residences<\/h2>\n            <div class=\"text-rich\"><p>The rooms offered in university residences are fully equipped to meet students\u2019 needs:<\/p>\n<ul>\n<li><strong>Single room<\/strong> with Internet connection<\/li>\n<li><strong>Bed<\/strong> and <strong>desk<\/strong><\/li>\n<li><strong>Private or shared bathroom<\/strong><\/li>\n<li>Fully equipped shared kitchen (microwave, electric stove)<\/li>\n<li><strong>Private toilet<\/strong> and access to a washing machine<\/li>\n<\/ul>\n<p><strong>Prices from \u20ac450\/month<\/strong><\/p>\n<\/div>\n                            <div class=\"buttons\">\n                                            <div class=\"button-container\">\n                            <a href=\"#\" target=\"\" class=\"global-button\">\n                                <span>Concevons ensemble votre projet !<\/span>\n                                <div class=\"icon-block\">\n                                    <img decoding=\"async\" src=\"https:\/\/www.aflyon.org\/app\/themes\/afl\/assets\/images\/red-arrow.png\" alt=\"Concevons ensemble votre projet !\">\n                                <\/div>\n                            <\/a>\n                        <\/div>\n                                                        <\/div>\n                    <\/div>\n        <div class=\"media-container\">\n                                            <img decoding=\"async\" src=\"https:\/\/www.aflyon.org\/app\/uploads\/2026\/01\/chambre_lirondelle_crous_lyon.jpg\" alt=\"chambre_lirondelle_crous_lyon\" class=\"main-image\">\n                    <\/div>\n    <\/div>\n<\/div>\n<div style=\"height:80px\" aria-hidden=\"true\" class=\"wp-block-spacer\"><\/div>\n<div class=\"rose-window\">\n    <img decoding=\"async\" src=\"https:\/\/www.aflyon.org\/app\/themes\/afl\/assets\/images\/rosace.svg\" alt=\"Rosace d\u00e9corative\" class=\"rose-window-image\">\n<\/div><div class=\"text-media\">\n    <div class=\"content global-width image-left\">\n        <div class=\"text-container\">\n            <h2 class=\"text-media-title\">Studios in University Residences<\/h2>\n            <div class=\"text-rich\"><p>For greater independence, you may choose a private studio offering a more intimate and comfortable living environment:<\/p>\n<ul>\n<li><strong>Single room<\/strong> with Internet connection<\/li>\n<li><strong>Bed<\/strong> and <strong>desk<\/strong><\/li>\n<li><strong>Private kitchen<\/strong> with electric hotplates, microwave, and refrigerator<\/li>\n<li><strong>Private bathroom with toilet<\/strong><\/li>\n<\/ul>\n<p><strong>Prices from \u20ac600\/month<\/strong><\/p>\n<\/div>\n                    <\/div>\n        <div class=\"media-container\">\n                                            <img decoding=\"async\" src=\"https:\/\/www.aflyon.org\/app\/uploads\/2026\/01\/CROUS-LYON-2023-\u00a9Thierry-Perre-704.jpg\" alt=\"CROUS LYON 2023-\u00a9Thierry Perre-704\" class=\"main-image\">\n                    <\/div>\n    <\/div>\n<\/div>\n<div style=\"height:80px\" aria-hidden=\"true\" class=\"wp-block-spacer\"><\/div>\n\n<div class=\"wp-block-columns is-layout-flex wp-container-core-columns-is-layout-9d6595d7 wp-block-columns-is-layout-flex\">\n<div class=\"wp-block-column is-layout-flow wp-block-column-is-layout-flow\">\n<h3 class=\"wp-block-heading has-text-align-center\"><strong>Booking conditions<\/strong><\/h3>\n\n\n\n<div style=\"height:15px\" aria-hidden=\"true\" class=\"wp-block-spacer\"><\/div>\n\n\n\n<p class=\"has-text-align-center\"><strong>Duration<\/strong>: Accommodation in university residences is reserved for the duration of your studies, from the start of your courses until their completion.<\/p>\n\n\n\n<p class=\"has-text-align-center\"><strong>Monthly booking<\/strong>: accommodation is available only for <strong>programs of at least one month<\/strong>, subject to availability.<\/p>\n\n\n\n<p class=\"has-text-align-center\"><\/p>\n\n\n\n<p class=\"has-text-align-center\"><\/p>\n\n\n\n<p class=\"has-text-align-center\"><\/p>\n\n\n\n<p class=\"has-text-align-center\"><\/p>\n\n\n\n<div class=\"wp-block-buttons is-content-justification-center is-layout-flex wp-container-core-buttons-is-layout-16018d1d wp-block-buttons-is-layout-flex\"><\/div>\n<\/div>\n\n\n\n<div class=\"wp-block-column is-layout-flow wp-block-column-is-layout-flow\">\n<h3 class=\"wp-block-heading has-text-align-center\"><strong>How to find accommodation in Lyon as an international student?<\/strong><\/h3>\n\n\n\n<div style=\"height:15px\" aria-hidden=\"true\" class=\"wp-block-spacer\"><\/div>\n\n\n\n<p class=\"has-text-align-center\">The Alliance Fran\u00e7aise de Lyon offers several accommodation options tailored to the needs of international students. Among these, <strong>university residence housing<\/strong> is ideal for those looking for <strong>independence<\/strong>, <strong>comfort<\/strong>, and <strong><\/strong> prices. <\/p>\n\n\n\n<p class=\"has-text-align-center\">By choosing our service, you benefit from personalized guidance to find the accommodation that suits you, while <strong>saving time and avoiding complex administrative procedures<\/strong>.<\/p>\n\n\n\n<p class=\"has-text-align-center\">Each stay is <strong>customizable<\/strong>: contact our team to design your <strong>linguistic<\/strong> and <strong>cultural program<\/strong> according to your needs.<\/p>\n\n\n\n<p class=\"has-text-align-center\"><\/p>\n\n\n\n<div class=\"wp-block-buttons is-content-justification-center is-layout-flex wp-container-core-buttons-is-layout-16018d1d wp-block-buttons-is-layout-flex\"><\/div>\n<\/div>\n<\/div>\n\n<div style=\"height:50px\" aria-hidden=\"true\" class=\"wp-block-spacer\"><\/div>\n\n<div style=\"height:80px\" aria-hidden=\"true\" class=\"wp-block-spacer\"><\/div>\n    <div class=\"faq image-left\">\n        <div class=\"content global-width\">\n            <div class=\"image-container\">\n                                <img decoding=\"async\" src=\"https:\/\/www.aflyon.org\/app\/uploads\/2026\/01\/place_jacobins_lyon_aflyon-e1769418625710.png\" alt=\"place_jacobins_lyon_aflyon\">\n            <\/div>\n            <div class=\"content-container\">\n                <h2>Frequently asked questions<\/h2>\n                \n                                <script type=\"application\/ld+json\">\n                    {\n                    \"@context\": \"https:\/\/schema.org\",\n                    \"@type\": \"FAQPage\",\n                    \"mainEntity\": [\n                                                {\n                            \"@type\": \"Question\",\n                            \"name\": \"Can I change accommodation during my stay?\",\n                            \"acceptedAnswer\": {\n                            \"@type\": \"Answer\",\n                            \"text\":\"Housing assistance includes a<strong> single<\/strong> search for accommodation.\"\n                            }\n                        },                                                {\n                            \"@type\": \"Question\",\n                            \"name\": \"What is liability insurance?\",\n                            \"acceptedAnswer\": {\n                            \"@type\": \"Answer\",\n                            \"text\":\"Third-party liability insurance covers damage you may cause to people or property. It's highly recommended, and often included in compulsory \"multi-risk housing\" contracts when you rent an apartment or a room in a residence.\"\n                            }\n                        },                                                {\n                            \"@type\": \"Question\",\n                            \"name\": \"How much does the accommodation search service cost?\",\n                            \"acceptedAnswer\": {\n                            \"@type\": \"Answer\",\n                            \"text\":\"The accommodation search fee is <strong style=\"color: initial;\">120\u20ac <\/strong>for stays from\u00a0<strong style=\"color: initial;\">1 to 6 months and <\/strong>200\u20ac for stays <strong style=\"color: initial;\">up to 7 months.<\/strong>.\"\n                            }\n                        },                                                {\n                            \"@type\": \"Question\",\n                            \"name\": \"Do you offer accommodation?\",\n                            \"acceptedAnswer\": {\n                            \"@type\": \"Answer\",\n                            \"text\":\"<p>Yes, several options are available: host families, student residences, or hotels.<\/p>\"\n                            }\n                        }                                            ]\n                    }\n                <\/script>\n\n                <div id=\"vue-faq-list\" data-theme-url=\"https:\/\/www.aflyon.org\/app\/themes\/afl\" data-read-more=\"Learn more\"><\/div>\n                <script id=\"faq-list-data\" type=\"application\/json\">\n                                                                                                                                                                                                [{\"question\":{\"post_title\":\"Can I change accommodation during my stay?\",\"post_content\":\"Housing assistance includes a<strong> single<\\\/strong> search for accommodation.\",\"link\":\"https:\\\/\\\/www.aflyon.org\\\/en\\\/faq\\\/can-i-change-of-accommodation-during-my-stay\\\/\"}},{\"question\":{\"post_title\":\"What is liability insurance?\",\"post_content\":\"Third-party liability insurance covers damage you may cause to people or property. It's highly recommended, and often included in compulsory \\\"multi-risk housing\\\" contracts when you rent an apartment or a room in a residence.\",\"link\":\"https:\\\/\\\/www.aflyon.org\\\/en\\\/faq\\\/quest-quune-assurance-responsabilite-civile-2\\\/\"}},{\"question\":{\"post_title\":\"How much does the accommodation search service cost?\",\"post_content\":\"The accommodation search fee is <strong style=\\\"color: initial;\\\">120\\u20ac <\\\/strong><span style=\\\"color: initial;\\\">for stays from\\u00a0<\\\/span><strong style=\\\"color: initial;\\\">1 to 6 months and <\\\/strong><span style=\\\"color: initial;\\\">200\\u20ac for stays <\\\/span><strong style=\\\"color: initial;\\\">up to 7 months.<\\\/strong>\\n\\n.\",\"link\":\"https:\\\/\\\/www.aflyon.org\\\/en\\\/faq\\\/how-much-does-it-cost-to-use-your-accommodation-service\\\/\"}},{\"question\":{\"post_title\":\"Do you offer accommodation?\",\"post_content\":\"<!-- wp:paragraph {\\\"translatedWithWPMLTM\\\":\\\"1\\\"} -->\\n<p>Yes, several options are available: host families, student residences, or hotels.<\\\/p>\\n<!-- \\\/wp:paragraph -->\",\"link\":\"https:\\\/\\\/www.aflyon.org\\\/en\\\/faq\\\/do-you-offer-accommodation\\\/\"}}]\n                <\/script>\n            <\/div>\n        <\/div>\n    <\/div>\n<div class=\"rose-window right-window\">\n    <img decoding=\"async\" src=\"https:\/\/www.aflyon.org\/app\/themes\/afl\/assets\/images\/rosace.svg\" alt=\"Rosace d\u00e9corative\" class=\"rose-window-image\">\n<\/div>\n<div style=\"height:80px\" aria-hidden=\"true\" class=\"wp-block-spacer\"><\/div>\n\n<div class=\"wp-block-group is-nowrap is-layout-flex wp-container-core-group-is-layout-ad2f72ca wp-block-group-is-layout-flex\">\n<div style=\"height:80px;width:0px\" aria-hidden=\"true\" class=\"wp-block-spacer wp-container-content-f96796aa\"><\/div>\n<\/div>\n\n<div style=\"height:80px\" aria-hidden=\"true\" class=\"wp-block-spacer\"><\/div>\n<div class=\"contact-form\">\n    <div class=\"content global-width\">\n        <h2>Nous contacter<\/h2>\n        <p class=\"text-content\">Que vous ayez des questions sur nos cours, nos examens, ou que vous souhaitiez en savoir plus sur la vie \u00e0 Lyon, notre \u00e9quipe est l\u00e0 pour vous accompagner.<\/p>\n        \n<div class=\"wpcf7 no-js\" id=\"wpcf7-f4843-o1\" lang=\"en-US\" dir=\"ltr\" data-wpcf7-id=\"4843\">\n<div class=\"screen-reader-response\"><p role=\"status\" aria-live=\"polite\" aria-atomic=\"true\"><\/p> <ul><\/ul><\/div>\n<form action=\"\/en\/wp-json\/wp\/v2\/pages\/3944#wpcf7-f4843-o1\" method=\"post\" class=\"wpcf7-form init\" aria-label=\"Contact form\" novalidate=\"novalidate\" data-status=\"init\">\n<fieldset class=\"hidden-fields-container\"><input type=\"hidden\" name=\"_wpcf7\" value=\"4843\" \/><input type=\"hidden\" name=\"_wpcf7_version\" value=\"6.1.4\" \/><input type=\"hidden\" name=\"_wpcf7_locale\" value=\"en_US\" \/><input type=\"hidden\" name=\"_wpcf7_unit_tag\" value=\"wpcf7-f4843-o1\" \/><input type=\"hidden\" name=\"_wpcf7_container_post\" value=\"0\" \/><input type=\"hidden\" name=\"_wpcf7_posted_data_hash\" value=\"\" \/><input type=\"hidden\" name=\"_wpcf7_recaptcha_response\" value=\"\" \/>\n<\/fieldset>\n<div class=\"form-input-row\">\n\t<div>\n\t\t<p><span class=\"wpcf7-form-control-wrap\" data-name=\"your-lastname\"><input size=\"40\" maxlength=\"400\" class=\"wpcf7-form-control wpcf7-text wpcf7-validates-as-required\" aria-required=\"true\" aria-invalid=\"false\" placeholder=\"Lastname*\" value=\"\" type=\"text\" name=\"your-lastname\" \/><\/span>\n\t\t<\/p>\n\t<\/div>\n\t<div>\n\t\t<p><span class=\"wpcf7-form-control-wrap\" data-name=\"your-firstname\"><input size=\"40\" maxlength=\"400\" class=\"wpcf7-form-control wpcf7-text wpcf7-validates-as-required\" aria-required=\"true\" aria-invalid=\"false\" placeholder=\"Firstname*\" value=\"\" type=\"text\" name=\"your-firstname\" \/><\/span>\n\t\t<\/p>\n\t<\/div>\n<\/div>\n<div class=\"form-input-row\">\n\t<div>\n\t\t<p><span class=\"wpcf7-form-control-wrap\" data-name=\"your-email\"><input size=\"40\" maxlength=\"400\" class=\"wpcf7-form-control wpcf7-email wpcf7-validates-as-required wpcf7-text wpcf7-validates-as-email\" aria-required=\"true\" aria-invalid=\"false\" placeholder=\"Email*\" value=\"\" type=\"email\" name=\"your-email\" \/><\/span>\n\t\t<\/p>\n\t<\/div>\n\t<div>\n\t\t<p><span class=\"wpcf7-form-control-wrap\" data-name=\"your-phone\"><input size=\"40\" maxlength=\"400\" class=\"wpcf7-form-control wpcf7-tel wpcf7-text wpcf7-validates-as-tel\" aria-invalid=\"false\" placeholder=\"Phone number\" value=\"\" type=\"tel\" name=\"your-phone\" \/><\/span>\n\t\t<\/p>\n\t<\/div>\n<\/div>\n<div class=\"form-input\">\n\t<p><span class=\"wpcf7-form-control-wrap\" data-name=\"your-subject\"><input size=\"40\" maxlength=\"400\" class=\"wpcf7-form-control wpcf7-text\" aria-invalid=\"false\" placeholder=\"Subject\" value=\"\" type=\"text\" name=\"your-subject\" \/><\/span>\n\t<\/p>\n<\/div>\n<div class=\"form-input\">\n\t<p><span class=\"wpcf7-form-control-wrap\" data-name=\"your-message\"><textarea cols=\"40\" rows=\"10\" maxlength=\"2000\" class=\"wpcf7-form-control wpcf7-textarea wpcf7-validates-as-required\" aria-required=\"true\" aria-invalid=\"false\" placeholder=\"Message*\" name=\"your-message\"><\/textarea><\/span>\n\t<\/p>\n<\/div>\n<div class=\"acceptance\">\n\t<p><span class=\"wpcf7-form-control-wrap\" data-name=\"your-acceptance\"><span class=\"wpcf7-form-control wpcf7-acceptance\"><span class=\"wpcf7-list-item\"><label><input type=\"checkbox\" name=\"your-acceptance\" value=\"1\" aria-invalid=\"false\" \/><span class=\"wpcf7-list-item-label\">I accept the terms and conditions (see privacy policy) and I agree to receive communications from the Alliance Fran\u00e7aise by SMS and email.*<\/span><\/label><\/span><\/span><\/span>\n\t<\/p>\n<\/div>\n<div class=\"button-container\">\n\t<p><input class=\"wpcf7-form-control wpcf7-submit has-spinner\" type=\"submit\" value=\"Send\" \/>\n\t<\/p>\n<\/div><div class=\"wpcf7-response-output\" aria-hidden=\"true\"><\/div>\n<\/form>\n<\/div>\n\n    <\/div>\n<\/div>\n<div style=\"height:80px\" aria-hidden=\"true\" class=\"wp-block-spacer\"><\/div>\n\n<div style=\"height:70px\" aria-hidden=\"true\" class=\"wp-block-spacer\"><\/div>\n","protected":false},"excerpt":{"rendered":"<p>The Alliance Fran\u00e7aise de Lyon offers you the opportunity to reserve a room in a university residence during your stay. This option is ideal if you want to combine independence, proximity to the school, and affordable pricing Advantages of University Residence Accommodation Choosing a university residence offers several benefits: Affordable rent: rents are eligible for [&hellip;]<\/p>\n","protected":false},"author":2,"featured_media":0,"parent":3936,"menu_order":0,"comment_status":"closed","ping_status":"closed","template":"","meta":{"_acf_changed":false,"footnotes":""},"class_list":["post-3944","page","type-page","status-publish","hentry"],"acf":[],"yoast_head":"<!-- This site is optimized with the Yoast SEO plugin v26.7 - https:\/\/yoast.com\/wordpress\/plugins\/seo\/ -->\n<title>Crous (University Residences) - Alliance Fran\u00e7aise de Lyon<\/title>\n<meta name=\"description\" content=\"Book your university residence room with the Alliance Fran\u00e7aise de Lyon! Enjoy an independent stay close to the school at an affordable price.\" \/>\n<meta name=\"robots\" content=\"index, follow, max-snippet:-1, max-image-preview:large, max-video-preview:-1\" \/>\n<link rel=\"canonical\" href=\"https:\/\/www.aflyon.org\/en\/find-accommodation\/crous-university-residences\/\" \/>\n<meta property=\"og:locale\" content=\"en_US\" \/>\n<meta property=\"og:type\" content=\"article\" \/>\n<meta property=\"og:title\" content=\"Crous (University Residences) - Alliance Fran\u00e7aise de Lyon\" \/>\n<meta property=\"og:description\" content=\"Book your university residence room with the Alliance Fran\u00e7aise de Lyon! Enjoy an independent stay close to the school at an affordable price.\" \/>\n<meta property=\"og:url\" content=\"https:\/\/www.aflyon.org\/en\/find-accommodation\/crous-university-residences\/\" \/>\n<meta property=\"og:site_name\" content=\"Alliance Fran\u00e7aise de Lyon\" \/>\n<meta property=\"article:modified_time\" content=\"2026-02-19T15:39:50+00:00\" \/>\n<meta name=\"twitter:card\" content=\"summary_large_image\" \/>\n<meta name=\"twitter:label1\" content=\"Est. reading time\" \/>\n\t<meta name=\"twitter:data1\" content=\"1 minute\" \/>\n<script type=\"application\/ld+json\" class=\"yoast-schema-graph\">{\"@context\":\"https:\/\/schema.org\",\"@graph\":[{\"@type\":\"WebPage\",\"@id\":\"https:\/\/www.aflyon.org\/en\/find-accommodation\/crous-university-residences\/\",\"url\":\"https:\/\/www.aflyon.org\/en\/find-accommodation\/crous-university-residences\/\",\"name\":\"Crous (University Residences) - Alliance Fran\u00e7aise de Lyon\",\"isPartOf\":{\"@id\":\"https:\/\/www.aflyon.org\/en\/#website\"},\"datePublished\":\"2026-01-21T14:32:01+00:00\",\"dateModified\":\"2026-02-19T15:39:50+00:00\",\"description\":\"Book your university residence room with the Alliance Fran\u00e7aise de Lyon! Enjoy an independent stay close to the school at an affordable price.\",\"breadcrumb\":{\"@id\":\"https:\/\/www.aflyon.org\/en\/find-accommodation\/crous-university-residences\/#breadcrumb\"},\"inLanguage\":\"en-US\",\"potentialAction\":[{\"@type\":\"ReadAction\",\"target\":[\"https:\/\/www.aflyon.org\/en\/find-accommodation\/crous-university-residences\/\"]}]},{\"@type\":\"BreadcrumbList\",\"@id\":\"https:\/\/www.aflyon.org\/en\/find-accommodation\/crous-university-residences\/#breadcrumb\",\"itemListElement\":[{\"@type\":\"ListItem\",\"position\":1,\"name\":\"Home\",\"item\":\"https:\/\/www.aflyon.org\/en\/\"},{\"@type\":\"ListItem\",\"position\":2,\"name\":\"Find Accommodation\",\"item\":\"https:\/\/www.aflyon.org\/en\/find-accommodation\/\"},{\"@type\":\"ListItem\",\"position\":3,\"name\":\"Crous (University Residences)\"}]},{\"@type\":\"WebSite\",\"@id\":\"https:\/\/www.aflyon.org\/en\/#website\",\"url\":\"https:\/\/www.aflyon.org\/en\/\",\"name\":\"Alliance Fran\u00e7aise de Lyon\",\"description\":\"\",\"potentialAction\":[{\"@type\":\"SearchAction\",\"target\":{\"@type\":\"EntryPoint\",\"urlTemplate\":\"https:\/\/www.aflyon.org\/en\/?s={search_term_string}\"},\"query-input\":{\"@type\":\"PropertyValueSpecification\",\"valueRequired\":true,\"valueName\":\"search_term_string\"}}],\"inLanguage\":\"en-US\"}]}<\/script>\n<!-- \/ Yoast SEO plugin. -->","yoast_head_json":{"title":"Crous (University Residences) - Alliance Fran\u00e7aise de Lyon","description":"Book your university residence room with the Alliance Fran\u00e7aise de Lyon! Enjoy an independent stay close to the school at an affordable price.","robots":{"index":"index","follow":"follow","max-snippet":"max-snippet:-1","max-image-preview":"max-image-preview:large","max-video-preview":"max-video-preview:-1"},"canonical":"https:\/\/www.aflyon.org\/en\/find-accommodation\/crous-university-residences\/","og_locale":"en_US","og_type":"article","og_title":"Crous (University Residences) - Alliance Fran\u00e7aise de Lyon","og_description":"Book your university residence room with the Alliance Fran\u00e7aise de Lyon! Enjoy an independent stay close to the school at an affordable price.","og_url":"https:\/\/www.aflyon.org\/en\/find-accommodation\/crous-university-residences\/","og_site_name":"Alliance Fran\u00e7aise de Lyon","article_modified_time":"2026-02-19T15:39:50+00:00","twitter_card":"summary_large_image","twitter_misc":{"Est. reading time":"1 minute"},"schema":{"@context":"https:\/\/schema.org","@graph":[{"@type":"WebPage","@id":"https:\/\/www.aflyon.org\/en\/find-accommodation\/crous-university-residences\/","url":"https:\/\/www.aflyon.org\/en\/find-accommodation\/crous-university-residences\/","name":"Crous (University Residences) - Alliance Fran\u00e7aise de Lyon","isPartOf":{"@id":"https:\/\/www.aflyon.org\/en\/#website"},"datePublished":"2026-01-21T14:32:01+00:00","dateModified":"2026-02-19T15:39:50+00:00","description":"Book your university residence room with the Alliance Fran\u00e7aise de Lyon! Enjoy an independent stay close to the school at an affordable price.","breadcrumb":{"@id":"https:\/\/www.aflyon.org\/en\/find-accommodation\/crous-university-residences\/#breadcrumb"},"inLanguage":"en-US","potentialAction":[{"@type":"ReadAction","target":["https:\/\/www.aflyon.org\/en\/find-accommodation\/crous-university-residences\/"]}]},{"@type":"BreadcrumbList","@id":"https:\/\/www.aflyon.org\/en\/find-accommodation\/crous-university-residences\/#breadcrumb","itemListElement":[{"@type":"ListItem","position":1,"name":"Home","item":"https:\/\/www.aflyon.org\/en\/"},{"@type":"ListItem","position":2,"name":"Find Accommodation","item":"https:\/\/www.aflyon.org\/en\/find-accommodation\/"},{"@type":"ListItem","position":3,"name":"Crous (University Residences)"}]},{"@type":"WebSite","@id":"https:\/\/www.aflyon.org\/en\/#website","url":"https:\/\/www.aflyon.org\/en\/","name":"Alliance Fran\u00e7aise de Lyon","description":"","potentialAction":[{"@type":"SearchAction","target":{"@type":"EntryPoint","urlTemplate":"https:\/\/www.aflyon.org\/en\/?s={search_term_string}"},"query-input":{"@type":"PropertyValueSpecification","valueRequired":true,"valueName":"search_term_string"}}],"inLanguage":"en-US"}]}},"_links":{"self":[{"href":"https:\/\/www.aflyon.org\/en\/wp-json\/wp\/v2\/pages\/3944","targetHints":{"allow":["GET"]}}],"collection":[{"href":"https:\/\/www.aflyon.org\/en\/wp-json\/wp\/v2\/pages"}],"about":[{"href":"https:\/\/www.aflyon.org\/en\/wp-json\/wp\/v2\/types\/page"}],"author":[{"embeddable":true,"href":"https:\/\/www.aflyon.org\/en\/wp-json\/wp\/v2\/users\/2"}],"replies":[{"embeddable":true,"href":"https:\/\/www.aflyon.org\/en\/wp-json\/wp\/v2\/comments?post=3944"}],"version-history":[{"count":3,"href":"https:\/\/www.aflyon.org\/en\/wp-json\/wp\/v2\/pages\/3944\/revisions"}],"predecessor-version":[{"id":3949,"href":"https:\/\/www.aflyon.org\/en\/wp-json\/wp\/v2\/pages\/3944\/revisions\/3949"}],"up":[{"embeddable":true,"href":"https:\/\/www.aflyon.org\/en\/wp-json\/wp\/v2\/pages\/3936"}],"wp:attachment":[{"href":"https:\/\/www.aflyon.org\/en\/wp-json\/wp\/v2\/media?parent=3944"}],"curies":[{"name":"wp","href":"https:\/\/api.w.org\/{rel}","templated":true}]}}