{"id":3851,"date":"2026-01-23T15:49:42","date_gmt":"2026-01-23T14:49:42","guid":{"rendered":"https:\/\/www.aflyon.org\/cultural-space\/"},"modified":"2026-04-14T16:26:48","modified_gmt":"2026-04-14T14:26:48","slug":"cultural-space","status":"publish","type":"page","link":"https:\/\/www.aflyon.org\/en\/cultural-space\/","title":{"rendered":"Cultural Space"},"content":{"rendered":"<div class=\"classic-introduction\">\n    <div class=\"left-block\">\n        <div class=\"inside-block\">\n            <div class=\"breadcrumbs\">\n                <div id=\"breadcrumbs\" class=\"main-breadcrumbs\"><span><span><a href=\"https:\/\/www.aflyon.org\/en\/\">Home<\/a><\/span><\/span><\/div>\n            <\/div>\n            <h1>Cultural space Alliance Fran\u00e7aise de Lyon<\/h1>\n        <\/div>\n\n    <\/div>\n        <div class=\"right-block image-container\">\n        <img decoding=\"async\" src=\"https:\/\/www.aflyon.org\/app\/uploads\/2026\/01\/public_evenement_culturel_aflyon.png\" alt=\"\">\n    <\/div>\n    <\/div>\n\n\n<div style=\"height:42px\" aria-hidden=\"true\" class=\"wp-block-spacer\"><\/div>\n\n\n\n<div class=\"wp-block-buttons is-content-justification-center is-layout-flex wp-container-core-buttons-is-layout-16018d1d wp-block-buttons-is-layout-flex\">\n<div class=\"wp-block-button\"><a class=\"wp-block-button__link wp-element-button\" href=\"https:\/\/www.aflyon.org\/app\/uploads\/2026\/04\/programme_culturel_afl_avrl_jui.pdf\">Our cultural programme<\/a><\/div>\n<\/div>\n\n\n\n<div style=\"height:40px\" aria-hidden=\"true\" class=\"wp-block-spacer\"><\/div>\n\n\n\n<div class=\"wp-block-columns is-layout-flex wp-container-core-columns-is-layout-9d6595d7 wp-block-columns-is-layout-flex\">\n<div class=\"wp-block-column is-layout-flow wp-block-column-is-layout-flow\">\n<p>The Alliance Fran\u00e7aise de Lyon is a true crossroads for meetings, discoveries, and exchanges, open to everyone, where curiosity and dialogue are at the heart of the experience. <br><br>Located at the center of Lyon\u2019s cultural life, it showcases the richness of Francophone cultures through a demanding, contemporary, and accessible <strong>cultural program<\/strong>. It offers artistic and literary events, workshops, and conferences, thereby fostering sharing, creativity, and openness to the world. <\/p>\n<\/div>\n<\/div>\n\n\n\n<div style=\"height:41px\" aria-hidden=\"true\" class=\"wp-block-spacer\"><\/div>\n\n\n<div class=\"text-media\">\n    <div class=\"content global-width\">\n        <div class=\"text-container\">\n            <h2 class=\"text-media-title\">An Open and Engaged Cultural Program<\/h2>\n            <div class=\"text-rich\"><p>The cultural project of the Alliance Fran\u00e7aise de Lyon is structured around two complementary pillars:<\/p>\n<ul>\n<li data-start=\"1482\" data-end=\"1676\"><strong data-start=\"1482\" data-end=\"1549\">Cultural mediation integrated into French language learning<\/strong>, designed for students, in order to strengthen language practice through artistic and cultural experience.<\/li>\n<li data-start=\"1679\" data-end=\"1818\"><strong data-start=\"1679\" data-end=\"1735\">A cultural program open to the general public<\/strong>, aimed at promoting the diversity and vitality of Francophone cultures in Lyon.<\/li>\n<\/ul>\n<p data-start=\"1820\" data-end=\"2057\">Throughout the year, our venue <strong data-start=\"1877\" data-end=\"1908\">hosts cultural events in Lyon<\/strong> in partnership with numerous local, national, and international partners: artists, cultural institutions, festivals, and Francophone networks.<\/p>\n<\/div>\n                    <\/div>\n        <div class=\"media-container\">\n                                            <img decoding=\"async\" src=\"https:\/\/www.aflyon.org\/app\/uploads\/2026\/01\/basile_bure_villa_gillet.jpg\" alt=\"basile_bure_villa_gillet\" class=\"main-image\">\n                    <\/div>\n    <\/div>\n<\/div>\n\n\n<div style=\"height:80px\" aria-hidden=\"true\" class=\"wp-block-spacer\"><\/div>\n\n\n<div class=\"rose-window\">\n    <img decoding=\"async\" src=\"https:\/\/www.aflyon.org\/app\/themes\/afl\/assets\/images\/rosace.svg\" alt=\"Rosace d\u00e9corative\" class=\"rose-window-image\">\n<\/div>\n\n<div class=\"text-media\">\n    <div class=\"content global-width image-left\">\n        <div class=\"text-container\">\n            <h2 class=\"text-media-title\">Focus on Programming: A Strong Commitment to Emerging Culture<\/h2>\n            <div class=\"text-rich\"><p>The Alliance Fran\u00e7aise de Lyon continues and strengthens its <strong data-start=\"2199\" data-end=\"2235\">commitment to emerging culture<\/strong> by offering an original, transdisciplinary, and innovative program. This dynamic highlights both established artists and emerging talents, while encouraging hybrid formats and participatory approaches. <\/p>\n<p>The program features:<\/p>\n<ul>\n<li data-start=\"2514\" data-end=\"2543\"><strong>Music<\/strong> and <strong>dance<\/strong><\/li>\n<li data-start=\"2546\" data-end=\"2585\"><strong>Theatre <\/strong>and <strong>immersive arts<\/strong><\/li>\n<li data-start=\"2588\" data-end=\"2622\"><strong>Literature<\/strong> and cinema<\/li>\n<li data-start=\"2625\" data-end=\"2662\"><strong>Graphic<\/strong> and <strong>visual arts<\/strong><\/li>\n<li data-start=\"2665\" data-end=\"2722\"><strong>Civic discussions<\/strong> and <strong>debates<\/strong><\/li>\n<\/ul>\n<p>To keep up with our cultural program, subscribe to our newsletter and receive updates in advance.<\/p>\n<\/div>\n                            <div class=\"buttons\">\n                                            <div class=\"button-container\">\n                            <a href=\"#\" target=\"\" class=\"global-button\">\n                                <span>Je m&#8217;inscrits sur l\u2019infolettre <\/span>\n                                <div class=\"icon-block\">\n                                    <img decoding=\"async\" src=\"https:\/\/www.aflyon.org\/app\/themes\/afl\/assets\/images\/red-arrow.png\" alt=\"Je m'inscrits sur l\u2019infolettre \">\n                                <\/div>\n                            <\/a>\n                        <\/div>\n                                                        <\/div>\n                    <\/div>\n        <div class=\"media-container\">\n                                            <img decoding=\"async\" src=\"https:\/\/www.aflyon.org\/app\/uploads\/2026\/01\/traboules_demoiselles_patrimoine_1_aflyon.jpg\" alt=\"traboules_demoiselles_patrimoine_1_aflyon\" class=\"main-image\">\n                    <\/div>\n    <\/div>\n<\/div>\n\n\n<div style=\"height:80px\" aria-hidden=\"true\" class=\"wp-block-spacer\"><\/div>\n\n\n\n<!--more-->\n\n\n\n<div class=\"wp-block-columns is-layout-flex wp-container-core-columns-is-layout-9d6595d7 wp-block-columns-is-layout-flex\">\n<div class=\"wp-block-column is-vertically-aligned-center is-layout-flow wp-block-column-is-layout-flow\">\n<h2 class=\"wp-block-heading has-text-align-center\"><strong>A Program Built Collectively and Rooted in Lyon\u2019s Cultural Life<\/strong><\/h2>\n\n\n\n<div style=\"height:22px\" aria-hidden=\"true\" class=\"wp-block-spacer\"><\/div>\n\n\n\n<p class=\"has-text-align-center\">The <strong>cultural program of the Alliance Fran\u00e7aise de Lyon<\/strong> is developed each year by a <strong>dedicated cultural committee<\/strong> made up of team members and external advisors. This committee designs a coherent and dynamic program, ensuring that each event is aligned with the major highlights of Lyon\u2019s cultural calendar. <\/p>\n\n\n\n<h3 class=\"wp-block-heading has-text-align-center\">Propose an Event at the Alliance Fran\u00e7aise de Lyon<\/h3>\n\n\n\n<p class=\"has-text-align-center\">Are you an artist, cultural organization, institution, or project leader wishing to propose a cultural event at the Alliance Fran\u00e7aise de Lyon?<br>The cultural committee reviews proposals throughout the year.<\/p>\n\n\n\n<p class=\"has-text-align-center\">For any suggestions, please contact us by email at:<br><strong>info@aflyon.org<\/strong><\/p>\n<\/div>\n<\/div>\n\n\n\n<div style=\"height:80px\" aria-hidden=\"true\" class=\"wp-block-spacer\"><\/div>\n\n\n    <div class=\"faq image-left\">\n        <div class=\"content global-width\">\n            <div class=\"image-container\">\n                                <img decoding=\"async\" src=\"https:\/\/www.aflyon.org\/app\/uploads\/2026\/01\/place_jacobins_lyon_aflyon-e1769418625710.png\" alt=\"place_jacobins_lyon_aflyon\">\n            <\/div>\n            <div class=\"content-container\">\n                <h2>Frequently asked questions<\/h2>\n                \n                                <script type=\"application\/ld+json\">\n                    {\n                    \"@context\": \"https:\/\/schema.org\",\n                    \"@type\": \"FAQPage\",\n                    \"mainEntity\": [\n                                                {\n                            \"@type\": \"Question\",\n                            \"name\": \"What are the cultural activities after class?\",\n                            \"acceptedAnswer\": {\n                            \"@type\": \"Answer\",\n                            \"text\":\"Every month, we offer a varied cultural and tourist program (film club, concerts, outings, excursions), etc.\"\n                            }\n                        },                                                {\n                            \"@type\": \"Question\",\n                            \"name\": \"Are there any cultural activities?\",\n                            \"acceptedAnswer\": {\n                            \"@type\": \"Answer\",\n                            \"text\":\"<p>Yes: tours, workshops, film club, and cultural outings to practice French.<\/p>\"\n                            }\n                        },                                                {\n                            \"@type\": \"Question\",\n                            \"name\": \"Why choose Lyon to learn French?\",\n                            \"acceptedAnswer\": {\n                            \"@type\": \"Answer\",\n                            \"text\":\"<p>Lyon offre une sc\u00e8ne culturelle riche et le co\u00fbt de la vie y est abordable par rapport \u00e0 d'autres villes fran\u00e7aises.<\/p>\"\n                            }\n                        },                                                {\n                            \"@type\": \"Question\",\n                            \"name\": \"Why learn French?\",\n                            \"acceptedAnswer\": {\n                            \"@type\": \"Answer\",\n                            \"text\":\"<p>French is an <strong>international language<\/strong>, useful for studies, work, culture, and mobility in France and abroad.<\/p>\"\n                            }\n                        }                                            ]\n                    }\n                <\/script>\n\n                <div id=\"vue-faq-list\" data-theme-url=\"https:\/\/www.aflyon.org\/app\/themes\/afl\" data-read-more=\"Learn more\"><\/div>\n                <script id=\"faq-list-data\" type=\"application\/json\">\n                                                                                                                                                                                                [{\"question\":{\"post_title\":\"What are the cultural activities after class?\",\"post_content\":\"Every month, we offer a varied cultural and tourist program (<a href=\\\"http:\\\/\\\/www.aflyon.org\\\/actualites\\\/cine-club-1\\\/\\\">film club<\\\/a>, concerts, outings, excursions), etc.\",\"link\":\"https:\\\/\\\/www.aflyon.org\\\/en\\\/faq\\\/what-are-the-cultural-activities-outside-the-course\\\/\"}},{\"question\":{\"post_title\":\"Are there any cultural activities?\",\"post_content\":\"<!-- wp:paragraph {\\\"translatedWithWPMLTM\\\":\\\"1\\\"} -->\\n<p>Yes: tours, workshops, film club, and cultural outings to practice French.<\\\/p>\\n<!-- \\\/wp:paragraph -->\",\"link\":\"https:\\\/\\\/www.aflyon.org\\\/en\\\/faq\\\/are-there-any-cultural-activities\\\/\"}},{\"question\":{\"post_title\":\"Why choose Lyon to learn French?\",\"post_content\":\"<!-- wp:paragraph {\\\"translatedWithWPMLTM\\\":\\\"1\\\"} -->\\n<p>Lyon offre une sc\\u00e8ne culturelle riche et le co\\u00fbt de la vie y est abordable par rapport \\u00e0 d'autres villes fran\\u00e7aises.<\\\/p>\\n<!-- \\\/wp:paragraph -->\",\"link\":\"https:\\\/\\\/www.aflyon.org\\\/en\\\/faq\\\/why-choose-lyon-to-learn-french\\\/\"}},{\"question\":{\"post_title\":\"Why learn French?\",\"post_content\":\"<!-- wp:paragraph {\\\"translatedWithWPMLTM\\\":\\\"1\\\"} -->\\n<p>French is an <strong>international language<\\\/strong>, useful for studies, work, culture, and mobility in France and abroad.<\\\/p>\\n<!-- \\\/wp:paragraph -->\",\"link\":\"https:\\\/\\\/www.aflyon.org\\\/en\\\/faq\\\/why-learn-french\\\/\"}}]\n                <\/script>\n            <\/div>\n        <\/div>\n    <\/div>\n\n\n<div class=\"rose-window right-window\">\n    <img decoding=\"async\" src=\"https:\/\/www.aflyon.org\/app\/themes\/afl\/assets\/images\/rosace.svg\" alt=\"Rosace d\u00e9corative\" class=\"rose-window-image\">\n<\/div>\n\n\n<div style=\"height:80px\" aria-hidden=\"true\" class=\"wp-block-spacer\"><\/div>\n\n\n\n<div class=\"wp-block-group is-nowrap is-layout-flex wp-container-core-group-is-layout-ad2f72ca wp-block-group-is-layout-flex\">\n<div style=\"height:80px;width:0px\" aria-hidden=\"true\" class=\"wp-block-spacer wp-container-content-f96796aa\"><\/div>\n<\/div>\n\n\n<div class=\"contact-form\">\n    <div class=\"content global-width\">\n        <h2>Nous contacter<\/h2>\n        <p class=\"text-content\">Que vous ayez des questions sur nos cours, nos examens, ou que vous souhaitiez en savoir plus sur la vie \u00e0 Lyon, notre \u00e9quipe est l\u00e0 pour vous accompagner.<\/p>\n        \n<div class=\"wpcf7 no-js\" id=\"wpcf7-f4843-o1\" lang=\"en-US\" dir=\"ltr\" data-wpcf7-id=\"4843\">\n<div class=\"screen-reader-response\"><p role=\"status\" aria-live=\"polite\" aria-atomic=\"true\"><\/p> <ul><\/ul><\/div>\n<form action=\"\/en\/wp-json\/wp\/v2\/pages\/3851#wpcf7-f4843-o1\" method=\"post\" class=\"wpcf7-form init\" aria-label=\"Contact form\" novalidate=\"novalidate\" data-status=\"init\">\n<fieldset class=\"hidden-fields-container\"><input type=\"hidden\" name=\"_wpcf7\" value=\"4843\" \/><input type=\"hidden\" name=\"_wpcf7_version\" value=\"6.1.4\" \/><input type=\"hidden\" name=\"_wpcf7_locale\" value=\"en_US\" \/><input type=\"hidden\" name=\"_wpcf7_unit_tag\" value=\"wpcf7-f4843-o1\" \/><input type=\"hidden\" name=\"_wpcf7_container_post\" value=\"0\" \/><input type=\"hidden\" name=\"_wpcf7_posted_data_hash\" value=\"\" \/><input type=\"hidden\" name=\"_wpcf7_recaptcha_response\" value=\"\" \/>\n<\/fieldset>\n<div class=\"form-input-row\">\n\t<div>\n\t\t<p><span class=\"wpcf7-form-control-wrap\" data-name=\"your-lastname\"><input size=\"40\" maxlength=\"400\" class=\"wpcf7-form-control wpcf7-text wpcf7-validates-as-required\" aria-required=\"true\" aria-invalid=\"false\" placeholder=\"Lastname*\" value=\"\" type=\"text\" name=\"your-lastname\" \/><\/span>\n\t\t<\/p>\n\t<\/div>\n\t<div>\n\t\t<p><span class=\"wpcf7-form-control-wrap\" data-name=\"your-firstname\"><input size=\"40\" maxlength=\"400\" class=\"wpcf7-form-control wpcf7-text wpcf7-validates-as-required\" aria-required=\"true\" aria-invalid=\"false\" placeholder=\"Firstname*\" value=\"\" type=\"text\" name=\"your-firstname\" \/><\/span>\n\t\t<\/p>\n\t<\/div>\n<\/div>\n<div class=\"form-input-row\">\n\t<div>\n\t\t<p><span class=\"wpcf7-form-control-wrap\" data-name=\"your-email\"><input size=\"40\" maxlength=\"400\" class=\"wpcf7-form-control wpcf7-email wpcf7-validates-as-required wpcf7-text wpcf7-validates-as-email\" aria-required=\"true\" aria-invalid=\"false\" placeholder=\"Email*\" value=\"\" type=\"email\" name=\"your-email\" \/><\/span>\n\t\t<\/p>\n\t<\/div>\n\t<div>\n\t\t<p><span class=\"wpcf7-form-control-wrap\" data-name=\"your-phone\"><input size=\"40\" maxlength=\"400\" class=\"wpcf7-form-control wpcf7-tel wpcf7-text wpcf7-validates-as-tel\" aria-invalid=\"false\" placeholder=\"Phone number\" value=\"\" type=\"tel\" name=\"your-phone\" \/><\/span>\n\t\t<\/p>\n\t<\/div>\n<\/div>\n<div class=\"form-input\">\n\t<p><span class=\"wpcf7-form-control-wrap\" data-name=\"your-subject\"><input size=\"40\" maxlength=\"400\" class=\"wpcf7-form-control wpcf7-text\" aria-invalid=\"false\" placeholder=\"Subject\" value=\"\" type=\"text\" name=\"your-subject\" \/><\/span>\n\t<\/p>\n<\/div>\n<div class=\"form-input\">\n\t<p><span class=\"wpcf7-form-control-wrap\" data-name=\"your-message\"><textarea cols=\"40\" rows=\"10\" maxlength=\"2000\" class=\"wpcf7-form-control wpcf7-textarea wpcf7-validates-as-required\" aria-required=\"true\" aria-invalid=\"false\" placeholder=\"Message*\" name=\"your-message\"><\/textarea><\/span>\n\t<\/p>\n<\/div>\n<div class=\"acceptance\">\n\t<p><span class=\"wpcf7-form-control-wrap\" data-name=\"your-acceptance\"><span class=\"wpcf7-form-control wpcf7-acceptance\"><span class=\"wpcf7-list-item\"><label><input type=\"checkbox\" name=\"your-acceptance\" value=\"1\" aria-invalid=\"false\" \/><span class=\"wpcf7-list-item-label\">I accept the terms and conditions (see privacy policy) and I agree to receive communications from the Alliance Fran\u00e7aise by SMS and email.*<\/span><\/label><\/span><\/span><\/span>\n\t<\/p>\n<\/div>\n<div class=\"button-container\">\n\t<p><input class=\"wpcf7-form-control wpcf7-submit has-spinner\" type=\"submit\" value=\"Send\" \/>\n\t<\/p>\n<\/div><div class=\"wpcf7-response-output\" aria-hidden=\"true\"><\/div>\n<\/form>\n<\/div>\n\n    <\/div>\n<\/div>\n\n\n<div style=\"height:80px\" aria-hidden=\"true\" class=\"wp-block-spacer\"><\/div>\n\n\n\n<div style=\"height:70px\" aria-hidden=\"true\" class=\"wp-block-spacer\"><\/div>\n","protected":false},"excerpt":{"rendered":"<p>The Alliance Fran\u00e7aise de Lyon is a true crossroads for meetings, discoveries, and exchanges, open to everyone, where curiosity and dialogue are at the heart of the experience. Located at the center of Lyon\u2019s cultural life, it showcases the richness of Francophone cultures through a demanding, contemporary, and accessible cultural program. It offers artistic and [&hellip;]<\/p>\n","protected":false},"author":2,"featured_media":0,"parent":0,"menu_order":0,"comment_status":"closed","ping_status":"closed","template":"","meta":{"_acf_changed":false,"footnotes":""},"class_list":["post-3851","page","type-page","status-publish","hentry"],"acf":[],"yoast_head":"<!-- This site is optimized with the Yoast SEO plugin v26.7 - https:\/\/yoast.com\/wordpress\/plugins\/seo\/ -->\n<title>Cultural Space - Alliance Fran\u00e7aise de Lyon<\/title>\n<meta name=\"description\" content=\"Discover the Alliance Fran\u00e7aise de Lyon, a space for cultural exchange where curiosity and dialogue flourish through artistic and literary events.\" \/>\n<meta name=\"robots\" content=\"index, follow, max-snippet:-1, max-image-preview:large, max-video-preview:-1\" \/>\n<link rel=\"canonical\" href=\"https:\/\/www.aflyon.org\/en\/cultural-space\/\" \/>\n<meta property=\"og:locale\" content=\"en_US\" \/>\n<meta property=\"og:type\" content=\"article\" \/>\n<meta property=\"og:title\" content=\"Cultural Space - Alliance Fran\u00e7aise de Lyon\" \/>\n<meta property=\"og:description\" content=\"Discover the Alliance Fran\u00e7aise de Lyon, a space for cultural exchange where curiosity and dialogue flourish through artistic and literary events.\" \/>\n<meta property=\"og:url\" content=\"https:\/\/www.aflyon.org\/en\/cultural-space\/\" \/>\n<meta property=\"og:site_name\" content=\"Alliance Fran\u00e7aise de Lyon\" \/>\n<meta property=\"article:modified_time\" content=\"2026-04-14T14:26:48+00:00\" \/>\n<meta name=\"twitter:card\" content=\"summary_large_image\" \/>\n<meta name=\"twitter:label1\" content=\"Est. reading time\" \/>\n\t<meta name=\"twitter:data1\" content=\"2 minutes\" \/>\n<script type=\"application\/ld+json\" class=\"yoast-schema-graph\">{\"@context\":\"https:\/\/schema.org\",\"@graph\":[{\"@type\":\"WebPage\",\"@id\":\"https:\/\/www.aflyon.org\/en\/cultural-space\/\",\"url\":\"https:\/\/www.aflyon.org\/en\/cultural-space\/\",\"name\":\"Cultural Space - Alliance Fran\u00e7aise de Lyon\",\"isPartOf\":{\"@id\":\"https:\/\/www.aflyon.org\/en\/#website\"},\"datePublished\":\"2026-01-23T14:49:42+00:00\",\"dateModified\":\"2026-04-14T14:26:48+00:00\",\"description\":\"Discover the Alliance Fran\u00e7aise de Lyon, a space for cultural exchange where curiosity and dialogue flourish through artistic and literary events.\",\"breadcrumb\":{\"@id\":\"https:\/\/www.aflyon.org\/en\/cultural-space\/#breadcrumb\"},\"inLanguage\":\"en-US\",\"potentialAction\":[{\"@type\":\"ReadAction\",\"target\":[\"https:\/\/www.aflyon.org\/en\/cultural-space\/\"]}]},{\"@type\":\"BreadcrumbList\",\"@id\":\"https:\/\/www.aflyon.org\/en\/cultural-space\/#breadcrumb\",\"itemListElement\":[{\"@type\":\"ListItem\",\"position\":1,\"name\":\"Home\",\"item\":\"https:\/\/www.aflyon.org\/en\/\"},{\"@type\":\"ListItem\",\"position\":2,\"name\":\"Cultural Space\"}]},{\"@type\":\"WebSite\",\"@id\":\"https:\/\/www.aflyon.org\/en\/#website\",\"url\":\"https:\/\/www.aflyon.org\/en\/\",\"name\":\"Alliance Fran\u00e7aise de Lyon\",\"description\":\"\",\"potentialAction\":[{\"@type\":\"SearchAction\",\"target\":{\"@type\":\"EntryPoint\",\"urlTemplate\":\"https:\/\/www.aflyon.org\/en\/?s={search_term_string}\"},\"query-input\":{\"@type\":\"PropertyValueSpecification\",\"valueRequired\":true,\"valueName\":\"search_term_string\"}}],\"inLanguage\":\"en-US\"}]}<\/script>\n<!-- \/ Yoast SEO plugin. -->","yoast_head_json":{"title":"Cultural Space - Alliance Fran\u00e7aise de Lyon","description":"Discover the Alliance Fran\u00e7aise de Lyon, a space for cultural exchange where curiosity and dialogue flourish through artistic and literary events.","robots":{"index":"index","follow":"follow","max-snippet":"max-snippet:-1","max-image-preview":"max-image-preview:large","max-video-preview":"max-video-preview:-1"},"canonical":"https:\/\/www.aflyon.org\/en\/cultural-space\/","og_locale":"en_US","og_type":"article","og_title":"Cultural Space - Alliance Fran\u00e7aise de Lyon","og_description":"Discover the Alliance Fran\u00e7aise de Lyon, a space for cultural exchange where curiosity and dialogue flourish through artistic and literary events.","og_url":"https:\/\/www.aflyon.org\/en\/cultural-space\/","og_site_name":"Alliance Fran\u00e7aise de Lyon","article_modified_time":"2026-04-14T14:26:48+00:00","twitter_card":"summary_large_image","twitter_misc":{"Est. reading time":"2 minutes"},"schema":{"@context":"https:\/\/schema.org","@graph":[{"@type":"WebPage","@id":"https:\/\/www.aflyon.org\/en\/cultural-space\/","url":"https:\/\/www.aflyon.org\/en\/cultural-space\/","name":"Cultural Space - Alliance Fran\u00e7aise de Lyon","isPartOf":{"@id":"https:\/\/www.aflyon.org\/en\/#website"},"datePublished":"2026-01-23T14:49:42+00:00","dateModified":"2026-04-14T14:26:48+00:00","description":"Discover the Alliance Fran\u00e7aise de Lyon, a space for cultural exchange where curiosity and dialogue flourish through artistic and literary events.","breadcrumb":{"@id":"https:\/\/www.aflyon.org\/en\/cultural-space\/#breadcrumb"},"inLanguage":"en-US","potentialAction":[{"@type":"ReadAction","target":["https:\/\/www.aflyon.org\/en\/cultural-space\/"]}]},{"@type":"BreadcrumbList","@id":"https:\/\/www.aflyon.org\/en\/cultural-space\/#breadcrumb","itemListElement":[{"@type":"ListItem","position":1,"name":"Home","item":"https:\/\/www.aflyon.org\/en\/"},{"@type":"ListItem","position":2,"name":"Cultural Space"}]},{"@type":"WebSite","@id":"https:\/\/www.aflyon.org\/en\/#website","url":"https:\/\/www.aflyon.org\/en\/","name":"Alliance Fran\u00e7aise de Lyon","description":"","potentialAction":[{"@type":"SearchAction","target":{"@type":"EntryPoint","urlTemplate":"https:\/\/www.aflyon.org\/en\/?s={search_term_string}"},"query-input":{"@type":"PropertyValueSpecification","valueRequired":true,"valueName":"search_term_string"}}],"inLanguage":"en-US"}]}},"_links":{"self":[{"href":"https:\/\/www.aflyon.org\/en\/wp-json\/wp\/v2\/pages\/3851","targetHints":{"allow":["GET"]}}],"collection":[{"href":"https:\/\/www.aflyon.org\/en\/wp-json\/wp\/v2\/pages"}],"about":[{"href":"https:\/\/www.aflyon.org\/en\/wp-json\/wp\/v2\/types\/page"}],"author":[{"embeddable":true,"href":"https:\/\/www.aflyon.org\/en\/wp-json\/wp\/v2\/users\/2"}],"replies":[{"embeddable":true,"href":"https:\/\/www.aflyon.org\/en\/wp-json\/wp\/v2\/comments?post=3851"}],"version-history":[{"count":4,"href":"https:\/\/www.aflyon.org\/en\/wp-json\/wp\/v2\/pages\/3851\/revisions"}],"predecessor-version":[{"id":64043,"href":"https:\/\/www.aflyon.org\/en\/wp-json\/wp\/v2\/pages\/3851\/revisions\/64043"}],"wp:attachment":[{"href":"https:\/\/www.aflyon.org\/en\/wp-json\/wp\/v2\/media?parent=3851"}],"curies":[{"name":"wp","href":"https:\/\/api.w.org\/{rel}","templated":true}]}}