{"id":3846,"date":"2026-01-21T16:57:26","date_gmt":"2026-01-21T15:57:26","guid":{"rendered":"https:\/\/www.aflyon.org\/become-a-host-family\/"},"modified":"2026-02-18T16:10:45","modified_gmt":"2026-02-18T15:10:45","slug":"become-a-host-family","status":"publish","type":"page","link":"https:\/\/www.aflyon.org\/en\/become-a-host-family\/","title":{"rendered":"Become a Host Family"},"content":{"rendered":"<div class=\"classic-introduction\">\n    <div class=\"left-block\">\n        <div class=\"inside-block\">\n            <div class=\"breadcrumbs\">\n                <div id=\"breadcrumbs\" class=\"main-breadcrumbs\"><span><span><a href=\"https:\/\/www.aflyon.org\/en\/\">Home<\/a><\/span><\/span><\/div>\n            <\/div>\n            <h1>Devenir famille d\u2019accueil \u00e0 Lyon<\/h1>\n        <\/div>\n\n    <\/div>\n        <div class=\"right-block image-container\">\n        <img decoding=\"async\" src=\"https:\/\/www.aflyon.org\/app\/uploads\/2026\/01\/etudiante_cartons_demenagement_aflyon-e1769010755646.jpg\" alt=\"\">\n    <\/div>\n    <\/div>\n<div style=\"height:80px\" aria-hidden=\"true\" class=\"wp-block-spacer\"><\/div>\n\n<div class=\"wp-block-columns is-layout-flex wp-container-core-columns-is-layout-9d6595d7 wp-block-columns-is-layout-flex\">\n<div class=\"wp-block-column is-layout-flow wp-block-column-is-layout-flow\">\n<div style=\"height:22px\" aria-hidden=\"true\" class=\"wp-block-spacer\"><\/div>\n\n\n\n<p><strong>Welcoming an international student into your home<\/strong> is a deeply <strong>human<\/strong> and <strong>cultural experience<\/strong> in the heart of Lyon. The Alliance Fran\u00e7aise de Lyon supports Lyon-based families who wish to engage in quality <strong>homestay hosting<\/strong>.<br\/> <\/p>\n\n\n\n<div class=\"wp-block-buttons is-layout-flex wp-block-buttons-is-layout-flex\">\n<div class=\"wp-block-button\"><a class=\"wp-block-button__link wp-element-button\" href=\"https:\/\/docs.google.com\/forms\/d\/e\/1FAIpQLSepU5EP4JhBqCgyE0eOeNEtX0qibgRiKiPuG-Cj-8-k0i2qxA\/viewform\">I fill out a form to be contacted<\/a><\/div>\n<\/div>\n<\/div>\n<\/div>\n\n<div style=\"height:80px\" aria-hidden=\"true\" class=\"wp-block-spacer\"><\/div>\n<div class=\"text-media\">\n    <div class=\"content global-width\">\n        <div class=\"text-container\">\n            <h2 class=\"text-media-title\">Become a Host Family and Live a Unique Experience<\/h2>\n            <div class=\"text-rich\"><p>Being a <strong>host family<\/strong> in Lyon means providing <strong>temporary<\/strong> <strong>family accommodation<\/strong> to an <strong>international student<\/strong> coming to learn French as a Foreign Language (FLE) at the Alliance Fran\u00e7aise de Lyon.<\/p>\n<p>The students hosted are <strong>adults<\/strong> or <strong>young adults<\/strong> of all <strong>nationalities<\/strong>, enrolled at the Alliance Fran\u00e7aise de Lyon for stays of several months.<\/p>\n<p>The host family provides:<\/p>\n<ul>\n<li>A <strong>private room<\/strong> in a house or apartment<\/li>\n<li>A <strong>safe and welcoming living environment<\/strong><\/li>\n<li>A setting conducive to improving <strong>French language<\/strong> skills<\/li>\n<li><strong>Breakfast and dinner<\/strong>, depending on the chosen arrangement<\/li>\n<\/ul>\n<p>Family hosting promotes <strong>integration<\/strong>, <strong>cultural exchange<\/strong>, <strong>shared daily life<\/strong>, and the discovery of <strong>Lyon\u2019s cultural scene<\/strong>.<\/p>\n<\/div>\n                    <\/div>\n        <div class=\"media-container\">\n                                            <img decoding=\"async\" src=\"https:\/\/www.aflyon.org\/app\/uploads\/2026\/01\/etudiantes_hebergements_aflyon-1.jpg\" alt=\"etudiantes_hebergements_aflyon\" class=\"main-image\">\n                    <\/div>\n    <\/div>\n<\/div>\n<div style=\"height:80px\" aria-hidden=\"true\" class=\"wp-block-spacer\"><\/div>\n<div class=\"rose-window\">\n    <img decoding=\"async\" src=\"https:\/\/www.aflyon.org\/app\/themes\/afl\/assets\/images\/rosace.svg\" alt=\"Rosace d\u00e9corative\" class=\"rose-window-image\">\n<\/div><div class=\"text-media\">\n    <div class=\"content global-width image-left\">\n        <div class=\"text-container\">\n            <h2 class=\"text-media-title\">What are the requirements to host a student?<\/h2>\n            <div class=\"text-rich\"><p>To ensure a quality experience, certain conditions are required:<\/p>\n<ul>\n<li><strong>Own or rent a private property <\/strong>(no social housing)<\/li>\n<li>Have a suitable <strong>private space<\/strong> available<\/li>\n<li>Live <strong>within 45 minutes<\/strong> of the Alliance Fran\u00e7aise de Lyon<\/li>\n<li>Enjoy <strong>human contact and intercultural exchange<\/strong><\/li>\n<li>Want to share <strong>French and Lyonnais culture<\/strong><\/li>\n<li>Be available for moments of <strong>daily life and conversation<\/strong><\/li>\n<\/ul>\n<p>The Alliance Fran\u00e7aise reviews every situation to guarantee a safe and caring environment<\/p>\n<\/div>\n                    <\/div>\n        <div class=\"media-container\">\n                                            <img decoding=\"async\" src=\"https:\/\/www.aflyon.org\/app\/uploads\/2026\/01\/etudiante_demenagement_2_aflyon.png\" alt=\"etudiante_demenagement_2_aflyon\" class=\"main-image\">\n                    <\/div>\n    <\/div>\n<\/div>\n<div style=\"height:80px\" aria-hidden=\"true\" class=\"wp-block-spacer\"><\/div>\n\n<div class=\"wp-block-columns is-layout-flex wp-container-core-columns-is-layout-9d6595d7 wp-block-columns-is-layout-flex\">\n<div class=\"wp-block-column is-layout-flow wp-block-column-is-layout-flow\">\n<h3 class=\"wp-block-heading has-text-align-center\"><strong><strong>Why become a host family? <\/strong><\/strong><\/h3>\n\n\n\n<p class=\"has-text-align-center\">Becoming a host family offers many benefits:<\/p>\n\n\n\n<ul class=\"wp-block-list\">\n<li><strong>Experience a unique human connection<\/strong> with international cultures<\/li>\n\n\n\n<li>Build <strong>lasting relationships<\/strong> with students from around the world<\/li>\n\n\n\n<li>Receive <strong>supplementary paid income<\/strong><\/li>\n\n\n\n<li>Contribute to the promotion of the <strong>French language<\/strong> and <strong>culture<\/strong><\/li>\n\n\n\n<li><strong>Experience cultural travel without leaving<\/strong> Lyon<\/li>\n<\/ul>\n\n\n\n<p class=\"has-text-align-center\">Every hosting <strong>experience is enriching<\/strong>, based on sharing, curiosity, and open-mindedness<\/p>\n<\/div>\n\n\n\n<div class=\"wp-block-column is-layout-flow wp-block-column-is-layout-flow\">\n<h3 class=\"wp-block-heading has-text-align-center\"><strong><strong><strong><strong>How to become a host family in Lyon?<\/strong><\/strong><\/strong><\/strong><\/h3>\n\n\n\n<p class=\"has-text-align-center\">The process is simple and guided by the Alliance Fran\u00e7aise team:<\/p>\n\n\n\n<ol class=\"wp-block-list\">\n<li><a href=\"https:\/\/docs.google.com\/forms\/d\/e\/1FAIpQLSepU5EP4JhBqCgyE0eOeNEtX0qibgRiKiPuG-Cj-8-k0i2qxA\/viewform\"><strong>Fill out the online application form<\/strong><\/a><\/li>\n\n\n\n<li>Be contacted by the housing team<\/li>\n\n\n\n<li>Participate in an evaluation interview<\/li>\n\n\n\n<li>Confirm the hosting setup<\/li>\n<\/ol>\n\n\n\n<p class=\"has-text-align-center\">Each step ensures that the hosting arrangement meets the <strong>expectations of both the family and the student<\/strong>.<\/p>\n\n\n\n<div class=\"wp-block-buttons is-content-justification-center is-layout-flex wp-container-core-buttons-is-layout-16018d1d wp-block-buttons-is-layout-flex\"><\/div>\n<\/div>\n<\/div>\n\n<div style=\"height:50px\" aria-hidden=\"true\" class=\"wp-block-spacer\"><\/div>\n\n<div style=\"height:80px\" aria-hidden=\"true\" class=\"wp-block-spacer\"><\/div>\n    <div class=\"faq image-left\">\n        <div class=\"content global-width\">\n            <div class=\"image-container\">\n                                <img decoding=\"async\" src=\"https:\/\/www.aflyon.org\/app\/uploads\/2026\/01\/place_jacobins_lyon_aflyon-e1769418625710.png\" alt=\"place_jacobins_lyon_aflyon\">\n            <\/div>\n            <div class=\"content-container\">\n                <h2>Frequently asked questions<\/h2>\n                \n                                <script type=\"application\/ld+json\">\n                    {\n                    \"@context\": \"https:\/\/schema.org\",\n                    \"@type\": \"FAQPage\",\n                    \"mainEntity\": [\n                                                {\n                            \"@type\": \"Question\",\n                            \"name\": \"Can I change accommodation during my stay?\",\n                            \"acceptedAnswer\": {\n                            \"@type\": \"Answer\",\n                            \"text\":\"Housing assistance includes a<strong> single<\/strong> search for accommodation.\"\n                            }\n                        },                                                {\n                            \"@type\": \"Question\",\n                            \"name\": \"Who do I pay my rent to?\",\n                            \"acceptedAnswer\": {\n                            \"@type\": \"Answer\",\n                            \"text\":\"<p>For a 1- or 2-month stay, you must pay your rent to the Alliance Fran\u00e7aise de Lyon. If your stay will be longer than 3 months, you will need to pay the rent directly to the host. <\/p><p><\/p>\"\n                            }\n                        },                                                {\n                            \"@type\": \"Question\",\n                            \"name\": \"How much does the accommodation search service cost?\",\n                            \"acceptedAnswer\": {\n                            \"@type\": \"Answer\",\n                            \"text\":\"The accommodation search fee is <strong style=\"color: initial;\">120\u20ac <\/strong>for stays from\u00a0<strong style=\"color: initial;\">1 to 6 months and <\/strong>200\u20ac for stays <strong style=\"color: initial;\">up to 7 months.<\/strong>.\"\n                            }\n                        },                                                {\n                            \"@type\": \"Question\",\n                            \"name\": \"Will I get a refund if I don't get my visa?\",\n                            \"acceptedAnswer\": {\n                            \"@type\": \"Answer\",\n                            \"text\":\"<p style=\"padding-left: 30px;\">Yes, your classes will be reimbursed upon presentation of proof of payment.<\/p><p style=\"padding-left: 30px;\">We deduct the flat fee of 30 euros.<\/p><p style=\"padding-left: 30px;\">Application fees (valid for 12 months) and accommodation assistance fees are non-refundable.<\/p>\"\n                            }\n                        },                                                {\n                            \"@type\": \"Question\",\n                            \"name\": \"I'm coming to Lyon with my family. Can you find us some accommodation?\",\n                            \"acceptedAnswer\": {\n                            \"@type\": \"Answer\",\n                            \"text\":\"Our accommodation is reserved exclusively for Alliance Fran\u00e7aise students for the duration of their course.\"\n                            }\n                        }                                            ]\n                    }\n                <\/script>\n\n                <div id=\"vue-faq-list\" data-theme-url=\"https:\/\/www.aflyon.org\/app\/themes\/afl\" data-read-more=\"Learn more\"><\/div>\n                <script id=\"faq-list-data\" type=\"application\/json\">\n                                                                                                                                                                                                                                    [{\"question\":{\"post_title\":\"Can I change accommodation during my stay?\",\"post_content\":\"Housing assistance includes a<strong> single<\\\/strong> search for accommodation.\",\"link\":\"https:\\\/\\\/www.aflyon.org\\\/en\\\/faq\\\/can-i-change-of-accommodation-during-my-stay\\\/\"}},{\"question\":{\"post_title\":\"Who do I pay my rent to?\",\"post_content\":\"<p>For a 1- or 2-month stay, you must pay your rent to the Alliance Fran\\u00e7aise de Lyon. If your stay will be longer than 3 months, you will need to pay the rent directly to the host. <\\\/p>\\n<!-- wp:paragraph -->\\n<p><\\\/p>\\n<!-- \\\/wp:paragraph -->\",\"link\":\"https:\\\/\\\/www.aflyon.org\\\/en\\\/faq\\\/who-do-i-pay-my-rent-to\\\/\"}},{\"question\":{\"post_title\":\"How much does the accommodation search service cost?\",\"post_content\":\"The accommodation search fee is <strong style=\\\"color: initial;\\\">120\\u20ac <\\\/strong><span style=\\\"color: initial;\\\">for stays from\\u00a0<\\\/span><strong style=\\\"color: initial;\\\">1 to 6 months and <\\\/strong><span style=\\\"color: initial;\\\">200\\u20ac for stays <\\\/span><strong style=\\\"color: initial;\\\">up to 7 months.<\\\/strong>\\n\\n.\",\"link\":\"https:\\\/\\\/www.aflyon.org\\\/en\\\/faq\\\/how-much-does-it-cost-to-use-your-accommodation-service\\\/\"}},{\"question\":{\"post_title\":\"Will I get a refund if I don't get my visa?\",\"post_content\":\"<p style=\\\"padding-left: 30px;\\\">Yes, your classes will be reimbursed upon presentation of proof of payment.<\\\/p>\\n<p style=\\\"padding-left: 30px;\\\">We deduct the flat fee of 30 euros.<\\\/p>\\n<p style=\\\"padding-left: 30px;\\\">Application fees (valid for 12 months) and accommodation assistance fees are non-refundable.<\\\/p>\",\"link\":\"https:\\\/\\\/www.aflyon.org\\\/en\\\/faq\\\/will-i-be-refunded-if-i-do-not-get-my-visa\\\/\"}},{\"question\":{\"post_title\":\"I'm coming to Lyon with my family. Can you find us some accommodation?\",\"post_content\":\"Our accommodation is reserved exclusively for Alliance Fran\\u00e7aise students for the duration of their course.\",\"link\":\"https:\\\/\\\/www.aflyon.org\\\/en\\\/faq\\\/i-am-coming-to-lyon-with-my-family-can-you-find-us-accommodation\\\/\"}}]\n                <\/script>\n            <\/div>\n        <\/div>\n    <\/div>\n<div class=\"rose-window right-window\">\n    <img decoding=\"async\" src=\"https:\/\/www.aflyon.org\/app\/themes\/afl\/assets\/images\/rosace.svg\" alt=\"Rosace d\u00e9corative\" class=\"rose-window-image\">\n<\/div>\n<div style=\"height:80px\" aria-hidden=\"true\" class=\"wp-block-spacer\"><\/div>\n\n<div class=\"wp-block-group is-nowrap is-layout-flex wp-container-core-group-is-layout-ad2f72ca wp-block-group-is-layout-flex\">\n<div style=\"height:80px;width:0px\" aria-hidden=\"true\" class=\"wp-block-spacer wp-container-content-f96796aa\"><\/div>\n<\/div>\n\n<div style=\"height:80px\" aria-hidden=\"true\" class=\"wp-block-spacer\"><\/div>\n<div class=\"contact-form\">\n    <div class=\"content global-width\">\n        <h2>Nous contacter<\/h2>\n        <p class=\"text-content\">Que vous ayez des questions sur nos cours, nos examens, ou que vous souhaitiez en savoir plus sur la vie \u00e0 Lyon, notre \u00e9quipe est l\u00e0 pour vous accompagner.<\/p>\n        \n<div class=\"wpcf7 no-js\" id=\"wpcf7-f4843-o1\" lang=\"en-US\" dir=\"ltr\" data-wpcf7-id=\"4843\">\n<div class=\"screen-reader-response\"><p role=\"status\" aria-live=\"polite\" aria-atomic=\"true\"><\/p> <ul><\/ul><\/div>\n<form action=\"\/en\/wp-json\/wp\/v2\/pages\/3846#wpcf7-f4843-o1\" method=\"post\" class=\"wpcf7-form init\" aria-label=\"Contact form\" novalidate=\"novalidate\" data-status=\"init\">\n<fieldset class=\"hidden-fields-container\"><input type=\"hidden\" name=\"_wpcf7\" value=\"4843\" \/><input type=\"hidden\" name=\"_wpcf7_version\" value=\"6.1.4\" \/><input type=\"hidden\" name=\"_wpcf7_locale\" value=\"en_US\" \/><input type=\"hidden\" name=\"_wpcf7_unit_tag\" value=\"wpcf7-f4843-o1\" \/><input type=\"hidden\" name=\"_wpcf7_container_post\" value=\"0\" \/><input type=\"hidden\" name=\"_wpcf7_posted_data_hash\" value=\"\" \/><input type=\"hidden\" name=\"_wpcf7_recaptcha_response\" value=\"\" \/>\n<\/fieldset>\n<div class=\"form-input-row\">\n\t<div>\n\t\t<p><span class=\"wpcf7-form-control-wrap\" data-name=\"your-lastname\"><input size=\"40\" maxlength=\"400\" class=\"wpcf7-form-control wpcf7-text wpcf7-validates-as-required\" aria-required=\"true\" aria-invalid=\"false\" placeholder=\"Lastname*\" value=\"\" type=\"text\" name=\"your-lastname\" \/><\/span>\n\t\t<\/p>\n\t<\/div>\n\t<div>\n\t\t<p><span class=\"wpcf7-form-control-wrap\" data-name=\"your-firstname\"><input size=\"40\" maxlength=\"400\" class=\"wpcf7-form-control wpcf7-text wpcf7-validates-as-required\" aria-required=\"true\" aria-invalid=\"false\" placeholder=\"Firstname*\" value=\"\" type=\"text\" name=\"your-firstname\" \/><\/span>\n\t\t<\/p>\n\t<\/div>\n<\/div>\n<div class=\"form-input-row\">\n\t<div>\n\t\t<p><span class=\"wpcf7-form-control-wrap\" data-name=\"your-email\"><input size=\"40\" maxlength=\"400\" class=\"wpcf7-form-control wpcf7-email wpcf7-validates-as-required wpcf7-text wpcf7-validates-as-email\" aria-required=\"true\" aria-invalid=\"false\" placeholder=\"Email*\" value=\"\" type=\"email\" name=\"your-email\" \/><\/span>\n\t\t<\/p>\n\t<\/div>\n\t<div>\n\t\t<p><span class=\"wpcf7-form-control-wrap\" data-name=\"your-phone\"><input size=\"40\" maxlength=\"400\" class=\"wpcf7-form-control wpcf7-tel wpcf7-text wpcf7-validates-as-tel\" aria-invalid=\"false\" placeholder=\"Phone number\" value=\"\" type=\"tel\" name=\"your-phone\" \/><\/span>\n\t\t<\/p>\n\t<\/div>\n<\/div>\n<div class=\"form-input\">\n\t<p><span class=\"wpcf7-form-control-wrap\" data-name=\"your-subject\"><input size=\"40\" maxlength=\"400\" class=\"wpcf7-form-control wpcf7-text\" aria-invalid=\"false\" placeholder=\"Subject\" value=\"\" type=\"text\" name=\"your-subject\" \/><\/span>\n\t<\/p>\n<\/div>\n<div class=\"form-input\">\n\t<p><span class=\"wpcf7-form-control-wrap\" data-name=\"your-message\"><textarea cols=\"40\" rows=\"10\" maxlength=\"2000\" class=\"wpcf7-form-control wpcf7-textarea wpcf7-validates-as-required\" aria-required=\"true\" aria-invalid=\"false\" placeholder=\"Message*\" name=\"your-message\"><\/textarea><\/span>\n\t<\/p>\n<\/div>\n<div class=\"acceptance\">\n\t<p><span class=\"wpcf7-form-control-wrap\" data-name=\"your-acceptance\"><span class=\"wpcf7-form-control wpcf7-acceptance\"><span class=\"wpcf7-list-item\"><label><input type=\"checkbox\" name=\"your-acceptance\" value=\"1\" aria-invalid=\"false\" \/><span class=\"wpcf7-list-item-label\">I accept the terms and conditions (see privacy policy) and I agree to receive communications from the Alliance Fran\u00e7aise by SMS and email.*<\/span><\/label><\/span><\/span><\/span>\n\t<\/p>\n<\/div>\n<div class=\"button-container\">\n\t<p><input class=\"wpcf7-form-control wpcf7-submit has-spinner\" type=\"submit\" value=\"Send\" \/>\n\t<\/p>\n<\/div><div class=\"wpcf7-response-output\" aria-hidden=\"true\"><\/div>\n<\/form>\n<\/div>\n\n    <\/div>\n<\/div>\n<div style=\"height:80px\" aria-hidden=\"true\" class=\"wp-block-spacer\"><\/div>\n\n<div style=\"height:70px\" aria-hidden=\"true\" class=\"wp-block-spacer\"><\/div>\n","protected":false},"excerpt":{"rendered":"<p>Welcoming an international student into your home is a deeply human and cultural experience in the heart of Lyon. The Alliance Fran\u00e7aise de Lyon supports Lyon-based families who wish to engage in quality homestay hosting. Why become a host family? Becoming a host family offers many benefits: Every hosting experience is enriching, based on sharing, [&hellip;]<\/p>\n","protected":false},"author":2,"featured_media":0,"parent":0,"menu_order":0,"comment_status":"closed","ping_status":"closed","template":"","meta":{"_acf_changed":false,"footnotes":""},"class_list":["post-3846","page","type-page","status-publish","hentry"],"acf":[],"yoast_head":"<!-- This site is optimized with the Yoast SEO plugin v26.7 - https:\/\/yoast.com\/wordpress\/plugins\/seo\/ -->\n<title>Become a Host Family - Alliance Fran\u00e7aise de Lyon<\/title>\n<meta name=\"description\" content=\"Open your door to an international student and discover a unique human experience in Lyon. The Alliance Fran\u00e7aise will guide you through this wonderful adventure!\" \/>\n<meta name=\"robots\" content=\"index, follow, max-snippet:-1, max-image-preview:large, max-video-preview:-1\" \/>\n<link rel=\"canonical\" href=\"https:\/\/www.aflyon.org\/en\/become-a-host-family\/\" \/>\n<meta property=\"og:locale\" content=\"en_US\" \/>\n<meta property=\"og:type\" content=\"article\" \/>\n<meta property=\"og:title\" content=\"Become a Host Family - Alliance Fran\u00e7aise de Lyon\" \/>\n<meta property=\"og:description\" content=\"Open your door to an international student and discover a unique human experience in Lyon. The Alliance Fran\u00e7aise will guide you through this wonderful adventure!\" \/>\n<meta property=\"og:url\" content=\"https:\/\/www.aflyon.org\/en\/become-a-host-family\/\" \/>\n<meta property=\"og:site_name\" content=\"Alliance Fran\u00e7aise de Lyon\" \/>\n<meta property=\"article:modified_time\" content=\"2026-02-18T15:10:45+00:00\" \/>\n<meta name=\"twitter:card\" content=\"summary_large_image\" \/>\n<meta name=\"twitter:label1\" content=\"Est. reading time\" \/>\n\t<meta name=\"twitter:data1\" content=\"1 minute\" \/>\n<script type=\"application\/ld+json\" class=\"yoast-schema-graph\">{\"@context\":\"https:\/\/schema.org\",\"@graph\":[{\"@type\":\"WebPage\",\"@id\":\"https:\/\/www.aflyon.org\/en\/become-a-host-family\/\",\"url\":\"https:\/\/www.aflyon.org\/en\/become-a-host-family\/\",\"name\":\"Become a Host Family - Alliance Fran\u00e7aise de Lyon\",\"isPartOf\":{\"@id\":\"https:\/\/www.aflyon.org\/en\/#website\"},\"datePublished\":\"2026-01-21T15:57:26+00:00\",\"dateModified\":\"2026-02-18T15:10:45+00:00\",\"description\":\"Open your door to an international student and discover a unique human experience in Lyon. The Alliance Fran\u00e7aise will guide you through this wonderful adventure!\",\"breadcrumb\":{\"@id\":\"https:\/\/www.aflyon.org\/en\/become-a-host-family\/#breadcrumb\"},\"inLanguage\":\"en-US\",\"potentialAction\":[{\"@type\":\"ReadAction\",\"target\":[\"https:\/\/www.aflyon.org\/en\/become-a-host-family\/\"]}]},{\"@type\":\"BreadcrumbList\",\"@id\":\"https:\/\/www.aflyon.org\/en\/become-a-host-family\/#breadcrumb\",\"itemListElement\":[{\"@type\":\"ListItem\",\"position\":1,\"name\":\"Home\",\"item\":\"https:\/\/www.aflyon.org\/en\/\"},{\"@type\":\"ListItem\",\"position\":2,\"name\":\"Become a Host Family\"}]},{\"@type\":\"WebSite\",\"@id\":\"https:\/\/www.aflyon.org\/en\/#website\",\"url\":\"https:\/\/www.aflyon.org\/en\/\",\"name\":\"Alliance Fran\u00e7aise de Lyon\",\"description\":\"\",\"potentialAction\":[{\"@type\":\"SearchAction\",\"target\":{\"@type\":\"EntryPoint\",\"urlTemplate\":\"https:\/\/www.aflyon.org\/en\/?s={search_term_string}\"},\"query-input\":{\"@type\":\"PropertyValueSpecification\",\"valueRequired\":true,\"valueName\":\"search_term_string\"}}],\"inLanguage\":\"en-US\"}]}<\/script>\n<!-- \/ Yoast SEO plugin. -->","yoast_head_json":{"title":"Become a Host Family - Alliance Fran\u00e7aise de Lyon","description":"Open your door to an international student and discover a unique human experience in Lyon. The Alliance Fran\u00e7aise will guide you through this wonderful adventure!","robots":{"index":"index","follow":"follow","max-snippet":"max-snippet:-1","max-image-preview":"max-image-preview:large","max-video-preview":"max-video-preview:-1"},"canonical":"https:\/\/www.aflyon.org\/en\/become-a-host-family\/","og_locale":"en_US","og_type":"article","og_title":"Become a Host Family - Alliance Fran\u00e7aise de Lyon","og_description":"Open your door to an international student and discover a unique human experience in Lyon. The Alliance Fran\u00e7aise will guide you through this wonderful adventure!","og_url":"https:\/\/www.aflyon.org\/en\/become-a-host-family\/","og_site_name":"Alliance Fran\u00e7aise de Lyon","article_modified_time":"2026-02-18T15:10:45+00:00","twitter_card":"summary_large_image","twitter_misc":{"Est. reading time":"1 minute"},"schema":{"@context":"https:\/\/schema.org","@graph":[{"@type":"WebPage","@id":"https:\/\/www.aflyon.org\/en\/become-a-host-family\/","url":"https:\/\/www.aflyon.org\/en\/become-a-host-family\/","name":"Become a Host Family - Alliance Fran\u00e7aise de Lyon","isPartOf":{"@id":"https:\/\/www.aflyon.org\/en\/#website"},"datePublished":"2026-01-21T15:57:26+00:00","dateModified":"2026-02-18T15:10:45+00:00","description":"Open your door to an international student and discover a unique human experience in Lyon. The Alliance Fran\u00e7aise will guide you through this wonderful adventure!","breadcrumb":{"@id":"https:\/\/www.aflyon.org\/en\/become-a-host-family\/#breadcrumb"},"inLanguage":"en-US","potentialAction":[{"@type":"ReadAction","target":["https:\/\/www.aflyon.org\/en\/become-a-host-family\/"]}]},{"@type":"BreadcrumbList","@id":"https:\/\/www.aflyon.org\/en\/become-a-host-family\/#breadcrumb","itemListElement":[{"@type":"ListItem","position":1,"name":"Home","item":"https:\/\/www.aflyon.org\/en\/"},{"@type":"ListItem","position":2,"name":"Become a Host Family"}]},{"@type":"WebSite","@id":"https:\/\/www.aflyon.org\/en\/#website","url":"https:\/\/www.aflyon.org\/en\/","name":"Alliance Fran\u00e7aise de Lyon","description":"","potentialAction":[{"@type":"SearchAction","target":{"@type":"EntryPoint","urlTemplate":"https:\/\/www.aflyon.org\/en\/?s={search_term_string}"},"query-input":{"@type":"PropertyValueSpecification","valueRequired":true,"valueName":"search_term_string"}}],"inLanguage":"en-US"}]}},"_links":{"self":[{"href":"https:\/\/www.aflyon.org\/en\/wp-json\/wp\/v2\/pages\/3846","targetHints":{"allow":["GET"]}}],"collection":[{"href":"https:\/\/www.aflyon.org\/en\/wp-json\/wp\/v2\/pages"}],"about":[{"href":"https:\/\/www.aflyon.org\/en\/wp-json\/wp\/v2\/types\/page"}],"author":[{"embeddable":true,"href":"https:\/\/www.aflyon.org\/en\/wp-json\/wp\/v2\/users\/2"}],"replies":[{"embeddable":true,"href":"https:\/\/www.aflyon.org\/en\/wp-json\/wp\/v2\/comments?post=3846"}],"version-history":[{"count":1,"href":"https:\/\/www.aflyon.org\/en\/wp-json\/wp\/v2\/pages\/3846\/revisions"}],"predecessor-version":[{"id":3850,"href":"https:\/\/www.aflyon.org\/en\/wp-json\/wp\/v2\/pages\/3846\/revisions\/3850"}],"wp:attachment":[{"href":"https:\/\/www.aflyon.org\/en\/wp-json\/wp\/v2\/media?parent=3846"}],"curies":[{"name":"wp","href":"https:\/\/api.w.org\/{rel}","templated":true}]}}